{"id":8447,"date":"2026-03-02T16:38:44","date_gmt":"2026-03-02T15:38:44","guid":{"rendered":"https:\/\/www.valkiriasevents.com\/team-building-harry-potter\/"},"modified":"2026-03-02T16:38:44","modified_gmt":"2026-03-02T15:38:44","slug":"team-building-harry-potter","status":"publish","type":"page","link":"https:\/\/www.valkiriasevents.com\/fr\/team-building-harry-potter\/","title":{"rendered":"Construction d\u2019\u00e9quipe Harry Potter"},"content":{"rendered":"\n<div class=\"wp-block-stackable-heading stk-block-heading stk-block-heading--v2 stk-block stk-50b9fe2\" id=\"strong-team-building-harry-potter-strong\" data-block-id=\"50b9fe2\"><h1 class=\"stk-block-heading__text\"><strong>Construction d\u2019\u00e9quipe Harry Potter<\/strong><\/h1><\/div>\n\n\n\n<p data-block-type=\"core\">Inspir\u00e9 par l\u2019univers de Harry Potter<\/p>\n\n\n\n<div class=\"wp-block-stackable-heading stk-block-heading stk-block-heading--v2 stk-block stk-8f5ad9f\" id=\"strong-concepto-general-strong\" data-block-id=\"8f5ad9f\"><h2 class=\"stk-block-heading__text\"><strong>Concept g\u00e9n\u00e9ral<\/strong><\/h2><\/div>\n\n\n\n<p data-block-type=\"core\">\u00ab Le Monde de Poudlard \u00bb est une exp\u00e9rience immersive de team building o\u00f9 les participants deviennent \u00e9l\u00e8ves d\u2019une \u00e9cole de magie, affrontant diff\u00e9rents tests th\u00e9matiques con\u00e7us pour promouvoir la coop\u00e9ration, la cr\u00e9ativit\u00e9, la strat\u00e9gie et la coh\u00e9sion d\u2019\u00e9quipe.<\/p>\n\n\n\n<p data-block-type=\"core\">Ce n\u2019est pas qu\u2019une activit\u00e9, c\u2019est une mise en sc\u00e8ne compl\u00e8te.<\/p>\n\n\n\n<div class=\"wp-block-stackable-heading stk-block-heading stk-block-heading--v2 stk-block stk-684d19e\" id=\"strong-equipo-artistico-y-direccion-strong\" data-block-id=\"684d19e\"><h3 class=\"stk-block-heading__text\"><strong>\u00c9quipe artistique et direction<\/strong><\/h3><\/div>\n\n\n\n<p data-block-type=\"core\">Nous avons quatre artistes professionnels, sp\u00e9cialis\u00e9s exclusivement dans ce type d\u2019\u00e9v\u00e9nements immersifs.<\/p>\n\n\n\n<p data-block-type=\"core\">Ils travaillent avec une caract\u00e9risation professionnelle et un maquillage et interpr\u00e8tent les enseignants de l\u2019\u00e9cole, maintenant le r\u00f4le tout au long de l\u2019exp\u00e9rience.<\/p>\n\n\n\n<p data-block-type=\"core\">Chaque artiste dirige une \u00e9tape th\u00e9matique, conservant la narration, l\u2019\u00e9nergie et le contr\u00f4le du groupe tout au long de la pi\u00e8ce.<\/p>\n\n\n\n<p data-block-type=\"core\">Leur exp\u00e9rience en dynamique de groupe et en \u00e9v\u00e9nements d\u2019interaction d\u2019entreprise est l\u2019un des facteurs cl\u00e9s qui garantissent le succ\u00e8s de l\u2019exp\u00e9rience.<\/p>\n\n\n\n<div class=\"wp-block-stackable-heading stk-block-heading stk-block-heading--v2 stk-block stk-78b396e\" id=\"strong-coordinacion-y-produccion-strong\" data-block-id=\"78b396e\"><h3 class=\"stk-block-heading__text\"><strong>Coordination et production<\/strong><\/h3><\/div>\n\n\n\n<p data-block-type=\"core\">La coordination g\u00e9n\u00e9rale, l\u2019organisation, la gestion du temps et la supervision mondiale de l\u2019\u00e9v\u00e9nement reviennent \u00e0 moi, assurant la fluidit\u00e9 entre les arr\u00eats, le respect des d\u00e9lais, la gestion des incidents et l\u2019int\u00e9gration du r\u00e9cit mondial.<\/p>\n\n\n\n<p data-block-type=\"core\">Si un cinqui\u00e8me arr\u00eat suppl\u00e9mentaire est incorpor\u00e9, il sera dirig\u00e9 directement depuis la coordination.<\/p>\n\n\n\n<div class=\"wp-block-stackable-heading stk-block-heading stk-block-heading--v2 stk-block stk-75e458d\" id=\"strong-produccion-tecnica-y-ambientacion-strong\" data-block-id=\"75e458d\"><h3 class=\"stk-block-heading__text\"><strong>Production technique et mise en sc\u00e8ne<\/strong><\/h3><\/div>\n\n\n\n<p data-block-type=\"core\">L\u2019exp\u00e9rience est enrichie par des effets de feu contr\u00f4l\u00e9s, des effets lumineux, de la fum\u00e9e de sc\u00e8ne, des d\u00e9corations th\u00e9matiques, des \u00e9l\u00e9ments de costume, des accessoires magiques et une ambiance sonore.<\/p>\n\n\n\n<p data-block-type=\"core\">Tout cela transforme l\u2019espace en un environnement totalement immersif.<\/p>\n\n\n\n<div class=\"wp-block-stackable-heading stk-block-heading stk-block-heading--v2 stk-block stk-34e0add\" id=\"strong-garantia-de-exito-strong\" data-block-id=\"34e0add\"><h3 class=\"stk-block-heading__text\"><strong>Garantie de succ\u00e8s<\/strong><\/h3><\/div>\n\n\n\n<p data-block-type=\"core\">Le succ\u00e8s de l\u2019\u00e9v\u00e9nement repose sur le professionnalisme de l\u2019\u00e9quipe artistique, son exp\u00e9rience en dynamisation des entreprises, le contr\u00f4le technique et de s\u00e9curit\u00e9, un rythme bien structur\u00e9 et la participation active de tous les participants.<\/p>\n\n\n\n<p data-block-type=\"core\">Le r\u00e9sultat est une exp\u00e9rience m\u00e9morable, coh\u00e9rente et visuellement frappante.<\/p>\n\n\n\n<div class=\"wp-block-stackable-heading stk-block-heading stk-block-heading--v2 stk-block stk-43ee5cb\" id=\"strong-parada-adivina-el-hechizo-pictionary-magico-strong\" data-block-id=\"43ee5cb\"><h3 class=\"stk-block-heading__text\"><strong>Arr\u00eat : \u00ab Devine le sort \u00bb &#8211; Pictionary M\u00e1gico<\/strong><\/h3><\/div>\n\n\n\n<ol class=\"wp-block-list\" data-block-type=\"core\">\n<li data-block-type=\"core\">Un membre de l\u2019\u00e9quipe tire une carte.<\/li>\n\n\n\n<li data-block-type=\"core\">Vous avez 60 secondes pour le dessiner sur un tableau blanc.<\/li>\n\n\n\n<li data-block-type=\"core\">L\u2019\u00e9quipe doit deviner le mot exact.<\/li>\n\n\n\n<li data-block-type=\"core\">Faites tourner l\u2019Artiste \u00e0 chaque tour.<\/li>\n<\/ol>\n\n\n\n<div class=\"wp-block-stackable-heading stk-block-heading stk-block-heading--v2 stk-block stk-aa33b46\" id=\"strong-parada-callejon-diagon-mercaderes-magicos-nbsp-strong\" data-block-id=\"aa33b46\"><h3 class=\"stk-block-heading__text\"><strong>Arr\u00eat du Chemin de Traverse \u2013 \u00ab Marchands de Magie \u00bb&nbsp;<\/strong><\/h3><\/div>\n\n\n\n<p data-block-type=\"core\">Chaque \u00e9quipe cr\u00e9e et vend un produit magique innovant.<\/p>\n\n\n\n<ul class=\"wp-block-list\" data-block-type=\"core\">\n<li data-block-type=\"core\">Concevez un objet magique (avec des mat\u00e9riaux de base).<\/li>\n\n\n\n<li data-block-type=\"core\">Donne-lui un nom.<\/li>\n\n\n\n<li data-block-type=\"core\">D\u00e9finissez votre public cible.<\/li>\n\n\n\n<li data-block-type=\"core\">Pr\u00e9parez un pitch de 2 minutes.<\/li>\n<\/ul>\n\n\n\n<p data-block-type=\"core\">Ensuite, les autres \u00e9quipes re\u00e7oivent des \u00ab pi\u00e8ces magiques \u00bb \u00e0 investir.<\/p>\n\n\n\n<div class=\"wp-block-stackable-heading stk-block-heading stk-block-heading--v2 stk-block stk-4a2018f\" id=\"parada-especial-strong-el-conjuro-igneo-strong-nbsp\" data-block-id=\"4a2018f\"><h3 class=\"stk-block-heading__text\">Arr\u00eat sp\u00e9cial : <strong>\u00ab Le Sort de Feu \u00bb<\/strong>&nbsp;<\/h3><\/div>\n\n\n\n<ul class=\"wp-block-list\" data-block-type=\"core\">\n<li data-block-type=\"core\">Chaque participant re\u00e7oit une baguette LED.<\/li>\n\n\n\n<li data-block-type=\"core\">L\u2019\u00e9quipe choisit son sort et r\u00e9p\u00e8te le mouvement synchronis\u00e9.<\/li>\n\n\n\n<li data-block-type=\"core\">Des capes ou des \u00e9l\u00e9ments de costume sont plac\u00e9s pour la mise en sc\u00e8ne.<\/li>\n<\/ul>\n\n\n\n<ul class=\"wp-block-list\" data-block-type=\"core\">\n<li data-block-type=\"core\">Ils sont tous plac\u00e9s en formation devant l\u2019autel ou le plateau m\u00e9tallique.<\/li>\n\n\n\n<li data-block-type=\"core\">Au signal de l\u2019animateur, ils l\u00e8vent leur baguette.<\/li>\n\n\n\n<li data-block-type=\"core\">Ils crient le sort \u00e0 l\u2019unisson.<\/li>\n<\/ul>\n\n\n\n<ul class=\"wp-block-list\" data-block-type=\"core\">\n<li data-block-type=\"core\">L\u2019animateur (avec un gant ignifuge et un plateau m\u00e9tallique) active le papier flash.<\/li>\n\n\n\n<li data-block-type=\"core\">La pouss\u00e9e contr\u00f4l\u00e9e se produit.<\/li>\n\n\n\n<li data-block-type=\"core\">Simultan\u00e9ment, tout le monde allume ses baguettes LED.<\/li>\n\n\n\n<li data-block-type=\"core\">Une photo ou une vid\u00e9o du moment est captur\u00e9e.<\/li>\n<\/ul>\n\n\n\n<div class=\"wp-block-stackable-heading stk-block-heading stk-block-heading--v2 stk-block stk-7f7142a\" id=\"parada-strong-el-laboratorio-de-pociones-prohibidas-strong-nbsp\" data-block-id=\"7f7142a\"><h3 class=\"stk-block-heading__text\">Arr\u00eat : <strong>\u00ab Le Laboratoire de Potions Interdites \u00bb<\/strong>&nbsp;<\/h3><\/div>\n\n\n\n<p data-block-type=\"core\">Formulez une potion qui remplit une fonction sp\u00e9cifique (exemples) :<\/p>\n\n\n\n<ul class=\"wp-block-list\" data-block-type=\"core\">\n<li data-block-type=\"core\">Potion de Clart\u00e9 Mentale<\/li>\n\n\n\n<li data-block-type=\"core\">\u00c9lixir de la coop\u00e9ration<\/li>\n\n\n\n<li data-block-type=\"core\">Filtre d\u2019\u00e9nergie inarr\u00eatable<\/li>\n\n\n\n<li data-block-type=\"core\">S\u00e9rum de cr\u00e9ativit\u00e9<\/li>\n<\/ul>\n\n\n\n<ul class=\"wp-block-list\" data-block-type=\"core\">\n<li data-block-type=\"core\">Un parchemin avec la mission.<\/li>\n\n\n\n<li data-block-type=\"core\">Une recette incompl\u00e8te.<\/li>\n\n\n\n<li data-block-type=\"core\">Une \u00e9nigme qu\u2019ils doivent r\u00e9soudre pour d\u00e9couvrir des proportions ou ingr\u00e9dients cach\u00e9s.<\/li>\n<\/ul>\n\n\n<div class=\"pgc-sgb-cb wp-block-pgcsimplygalleryblock-grid \" data-gallery-id=\"c3b74647\"><div class=\"sgb-preloader\" id=\"pr_c3b74647\">\n\t<div class=\"sgb-square\" style=\"background:#d4d4d4\"><\/div>\n\t<div class=\"sgb-square\" style=\"background:#d4d4d4\"><\/div>\n\t<div class=\"sgb-square\" style=\"background:#d4d4d4\"><\/div>\n\t<div class=\"sgb-square\" style=\"background:#d4d4d4\"><\/div><\/div><div class=\"simply-gallery-amp pgc_sgb_slider \"><noscript><div class=\"sgb-gallery\"><div class=\"sgb-item\"><a href=\"https:\/\/www.valkiriasevents.com\/?attachment_id=8417\" target=\"_blank\"><img decoding=\"async\" alt=\"\" width=\"225\" height=\"300\" loading=\"lazy\" src=\"https:\/\/www.valkiriasevents.com\/wp-content\/uploads\/2026\/03\/personajes-en-exposicion-completa-bruja-goblin-768x1024-1-225x300.jpg\" srcset=\"https:\/\/www.valkiriasevents.com\/wp-content\/uploads\/2026\/03\/personajes-en-exposicion-completa-bruja-goblin-768x1024-1-225x300.jpg 225w,https:\/\/www.valkiriasevents.com\/wp-content\/uploads\/2026\/03\/personajes-en-exposicion-completa-bruja-goblin-768x1024-1.jpg 768w\" sizes=\"auto, 250px\"\/><\/a><\/div><div class=\"sgb-item\"><a href=\"https:\/\/www.valkiriasevents.com\/?attachment_id=8421\" target=\"_blank\"><img decoding=\"async\" alt=\"\" width=\"225\" height=\"300\" loading=\"lazy\" src=\"https:\/\/www.valkiriasevents.com\/wp-content\/uploads\/2026\/03\/personajes-tematicos-plaga-y-goblin-768x1024-1-225x300.jpg\" srcset=\"https:\/\/www.valkiriasevents.com\/wp-content\/uploads\/2026\/03\/personajes-tematicos-plaga-y-goblin-768x1024-1-225x300.jpg 225w,https:\/\/www.valkiriasevents.com\/wp-content\/uploads\/2026\/03\/personajes-tematicos-plaga-y-goblin-768x1024-1.jpg 768w\" sizes=\"auto, 250px\"\/><\/a><\/div><div class=\"sgb-item\"><a href=\"https:\/\/www.valkiriasevents.com\/?attachment_id=8425\" target=\"_blank\"><img decoding=\"async\" alt=\"\" width=\"245\" height=\"300\" loading=\"lazy\" src=\"https:\/\/www.valkiriasevents.com\/wp-content\/uploads\/2026\/03\/personaje-tematico-bruja-245x300.jpg\" srcset=\"https:\/\/www.valkiriasevents.com\/wp-content\/uploads\/2026\/03\/personaje-tematico-bruja-245x300.jpg 245w,https:\/\/www.valkiriasevents.com\/wp-content\/uploads\/2026\/03\/personaje-tematico-bruja.jpg 750w\" sizes=\"auto, 250px\"\/><\/a><\/div><div class=\"sgb-item\"><a href=\"https:\/\/www.valkiriasevents.com\/?attachment_id=8429\" target=\"_blank\"><img decoding=\"async\" alt=\"\" width=\"238\" height=\"300\" loading=\"lazy\" src=\"https:\/\/www.valkiriasevents.com\/wp-content\/uploads\/2026\/03\/personaje-tematico-goblin-verde-238x300.jpg\" srcset=\"https:\/\/www.valkiriasevents.com\/wp-content\/uploads\/2026\/03\/personaje-tematico-goblin-verde-238x300.jpg 238w,https:\/\/www.valkiriasevents.com\/wp-content\/uploads\/2026\/03\/personaje-tematico-goblin-verde.jpg 750w\" sizes=\"auto, 250px\"\/><\/a><\/div><div class=\"sgb-item\"><a href=\"https:\/\/www.valkiriasevents.com\/?attachment_id=8433\" target=\"_blank\"><img decoding=\"async\" alt=\"\" width=\"169\" height=\"300\" loading=\"lazy\" src=\"https:\/\/www.valkiriasevents.com\/wp-content\/uploads\/2026\/03\/WhatsApp-Image-2026-02-19-at-15.56.33-3-576x1024-1-169x300.jpeg\" srcset=\"https:\/\/www.valkiriasevents.com\/wp-content\/uploads\/2026\/03\/WhatsApp-Image-2026-02-19-at-15.56.33-3-576x1024-1-169x300.jpeg 169w,https:\/\/www.valkiriasevents.com\/wp-content\/uploads\/2026\/03\/WhatsApp-Image-2026-02-19-at-15.56.33-3-576x1024-1.jpeg 576w\" sizes=\"auto, 250px\"\/><\/a><\/div><div class=\"sgb-item\"><a href=\"https:\/\/www.valkiriasevents.com\/?attachment_id=8437\" target=\"_blank\"><img decoding=\"async\" alt=\"\" width=\"169\" height=\"300\" loading=\"lazy\" src=\"https:\/\/www.valkiriasevents.com\/wp-content\/uploads\/2026\/03\/WhatsApp-Image-2026-02-19-at-15.56.33-4-577x1024-1-169x300.jpeg\" srcset=\"https:\/\/www.valkiriasevents.com\/wp-content\/uploads\/2026\/03\/WhatsApp-Image-2026-02-19-at-15.56.33-4-577x1024-1-169x300.jpeg 169w,https:\/\/www.valkiriasevents.com\/wp-content\/uploads\/2026\/03\/WhatsApp-Image-2026-02-19-at-15.56.33-4-577x1024-1.jpeg 577w\" sizes=\"auto, 250px\"\/><\/a><\/div><div class=\"sgb-item\"><a href=\"https:\/\/www.valkiriasevents.com\/?attachment_id=8441\" target=\"_blank\"><img decoding=\"async\" alt=\"Personajes Harry potter\" width=\"225\" height=\"300\" loading=\"lazy\" src=\"https:\/\/www.valkiriasevents.com\/wp-content\/uploads\/2026\/03\/WhatsApp-Image-2026-02-19-at-15.56.33-7-769x1024-1-225x300.jpeg\" srcset=\"https:\/\/www.valkiriasevents.com\/wp-content\/uploads\/2026\/03\/WhatsApp-Image-2026-02-19-at-15.56.33-7-769x1024-1-225x300.jpeg 225w,https:\/\/www.valkiriasevents.com\/wp-content\/uploads\/2026\/03\/WhatsApp-Image-2026-02-19-at-15.56.33-7-769x1024-1.jpeg 769w\" sizes=\"auto, 250px\"\/><\/a><\/div><\/div><\/noscript><\/div><script type=\"application\/json\" class=\"sgb-data\">{\"galleryType\":\"pgc_sgb_grid\",\"galleryId\":\"c3b74647\",\"images\":[{\"id\":8417,\"title\":\"personajes-en-exposicion-completa-bruja-goblin-768x1024\",\"url\":\"https:\/\/www.valkiriasevents.com\/wp-content\/uploads\/2026\/03\/personajes-en-exposicion-completa-bruja-goblin-768x1024-1.jpg\",\"link\":\"https:\/\/www.valkiriasevents.com\/?attachment_id=8417\",\"alt\":\"\",\"description\":\"\",\"caption\":\"\",\"mime\":\"image\/jpeg\",\"type\":\"image\",\"width\":768,\"height\":1024,\"sizes\":{\"thumbnail\":{\"height\":150,\"width\":150,\"url\":\"https:\/\/www.valkiriasevents.com\/wp-content\/uploads\/2026\/03\/personajes-en-exposicion-completa-bruja-goblin-768x1024-1-150x150.jpg\",\"orientation\":\"landscape\"},\"medium\":{\"height\":300,\"width\":225,\"url\":\"https:\/\/www.valkiriasevents.com\/wp-content\/uploads\/2026\/03\/personajes-en-exposicion-completa-bruja-goblin-768x1024-1-225x300.jpg\",\"orientation\":\"portrait\"},\"full\":{\"url\":\"https:\/\/www.valkiriasevents.com\/wp-content\/uploads\/2026\/03\/personajes-en-exposicion-completa-bruja-goblin-768x1024-1.jpg\",\"height\":1024,\"width\":768,\"orientation\":\"portrait\"}},\"imageMeta\":{\"aperture\":\"0\",\"credit\":\"\",\"camera\":\"\",\"caption\":\"\",\"created_timestamp\":\"0\",\"copyright\":\"\",\"focal_length\":\"0\",\"iso\":\"0\",\"shutter_speed\":\"0\",\"title\":\"\",\"orientation\":\"0\",\"keywords\":[]},\"meta\":false,\"postlink\":\"https:\/\/www.valkiriasevents.com\/?attachment_id=8417\"},{\"id\":8421,\"title\":\"personajes-tematicos-plaga-y-goblin-768x1024\",\"url\":\"https:\/\/www.valkiriasevents.com\/wp-content\/uploads\/2026\/03\/personajes-tematicos-plaga-y-goblin-768x1024-1.jpg\",\"link\":\"https:\/\/www.valkiriasevents.com\/?attachment_id=8421\",\"alt\":\"\",\"description\":\"\",\"caption\":\"\",\"mime\":\"image\/jpeg\",\"type\":\"image\",\"width\":768,\"height\":1024,\"sizes\":{\"thumbnail\":{\"height\":150,\"width\":150,\"url\":\"https:\/\/www.valkiriasevents.com\/wp-content\/uploads\/2026\/03\/personajes-tematicos-plaga-y-goblin-768x1024-1-150x150.jpg\",\"orientation\":\"landscape\"},\"medium\":{\"height\":300,\"width\":225,\"url\":\"https:\/\/www.valkiriasevents.com\/wp-content\/uploads\/2026\/03\/personajes-tematicos-plaga-y-goblin-768x1024-1-225x300.jpg\",\"orientation\":\"portrait\"},\"full\":{\"url\":\"https:\/\/www.valkiriasevents.com\/wp-content\/uploads\/2026\/03\/personajes-tematicos-plaga-y-goblin-768x1024-1.jpg\",\"height\":1024,\"width\":768,\"orientation\":\"portrait\"}},\"imageMeta\":{\"aperture\":\"0\",\"credit\":\"\",\"camera\":\"\",\"caption\":\"\",\"created_timestamp\":\"0\",\"copyright\":\"\",\"focal_length\":\"0\",\"iso\":\"0\",\"shutter_speed\":\"0\",\"title\":\"\",\"orientation\":\"0\",\"keywords\":[]},\"meta\":false,\"postlink\":\"https:\/\/www.valkiriasevents.com\/?attachment_id=8421\"},{\"id\":8425,\"title\":\"personaje-tematico-bruja\",\"url\":\"https:\/\/www.valkiriasevents.com\/wp-content\/uploads\/2026\/03\/personaje-tematico-bruja.jpg\",\"link\":\"https:\/\/www.valkiriasevents.com\/?attachment_id=8425\",\"alt\":\"\",\"description\":\"\",\"caption\":\"\",\"mime\":\"image\/jpeg\",\"type\":\"image\",\"width\":750,\"height\":920,\"sizes\":{\"thumbnail\":{\"height\":150,\"width\":150,\"url\":\"https:\/\/www.valkiriasevents.com\/wp-content\/uploads\/2026\/03\/personaje-tematico-bruja-150x150.jpg\",\"orientation\":\"landscape\"},\"medium\":{\"height\":300,\"width\":245,\"url\":\"https:\/\/www.valkiriasevents.com\/wp-content\/uploads\/2026\/03\/personaje-tematico-bruja-245x300.jpg\",\"orientation\":\"portrait\"},\"full\":{\"url\":\"https:\/\/www.valkiriasevents.com\/wp-content\/uploads\/2026\/03\/personaje-tematico-bruja.jpg\",\"height\":920,\"width\":750,\"orientation\":\"portrait\"}},\"imageMeta\":{\"aperture\":\"0\",\"credit\":\"\",\"camera\":\"\",\"caption\":\"\",\"created_timestamp\":\"0\",\"copyright\":\"\",\"focal_length\":\"0\",\"iso\":\"0\",\"shutter_speed\":\"0\",\"title\":\"\",\"orientation\":\"1\",\"keywords\":[]},\"meta\":false,\"postlink\":\"https:\/\/www.valkiriasevents.com\/?attachment_id=8425\"},{\"id\":8429,\"title\":\"personaje-tematico-goblin-verde\",\"url\":\"https:\/\/www.valkiriasevents.com\/wp-content\/uploads\/2026\/03\/personaje-tematico-goblin-verde.jpg\",\"link\":\"https:\/\/www.valkiriasevents.com\/?attachment_id=8429\",\"alt\":\"\",\"description\":\"\",\"caption\":\"\",\"mime\":\"image\/jpeg\",\"type\":\"image\",\"width\":750,\"height\":945,\"sizes\":{\"thumbnail\":{\"height\":150,\"width\":150,\"url\":\"https:\/\/www.valkiriasevents.com\/wp-content\/uploads\/2026\/03\/personaje-tematico-goblin-verde-150x150.jpg\",\"orientation\":\"landscape\"},\"medium\":{\"height\":300,\"width\":238,\"url\":\"https:\/\/www.valkiriasevents.com\/wp-content\/uploads\/2026\/03\/personaje-tematico-goblin-verde-238x300.jpg\",\"orientation\":\"portrait\"},\"full\":{\"url\":\"https:\/\/www.valkiriasevents.com\/wp-content\/uploads\/2026\/03\/personaje-tematico-goblin-verde.jpg\",\"height\":945,\"width\":750,\"orientation\":\"portrait\"}},\"imageMeta\":{\"aperture\":\"0\",\"credit\":\"\",\"camera\":\"\",\"caption\":\"\",\"created_timestamp\":\"0\",\"copyright\":\"\",\"focal_length\":\"0\",\"iso\":\"0\",\"shutter_speed\":\"0\",\"title\":\"\",\"orientation\":\"1\",\"keywords\":[]},\"meta\":false,\"postlink\":\"https:\/\/www.valkiriasevents.com\/?attachment_id=8429\"},{\"id\":8433,\"title\":\"WhatsApp-Image-2026-02-19-at-15.56.33-3-576x1024\",\"url\":\"https:\/\/www.valkiriasevents.com\/wp-content\/uploads\/2026\/03\/WhatsApp-Image-2026-02-19-at-15.56.33-3-576x1024-1.jpeg\",\"link\":\"https:\/\/www.valkiriasevents.com\/?attachment_id=8433\",\"alt\":\"\",\"description\":\"\",\"caption\":\"\",\"mime\":\"image\/jpeg\",\"type\":\"image\",\"width\":576,\"height\":1024,\"sizes\":{\"thumbnail\":{\"height\":150,\"width\":150,\"url\":\"https:\/\/www.valkiriasevents.com\/wp-content\/uploads\/2026\/03\/WhatsApp-Image-2026-02-19-at-15.56.33-3-576x1024-1-150x150.jpeg\",\"orientation\":\"landscape\"},\"medium\":{\"height\":300,\"width\":169,\"url\":\"https:\/\/www.valkiriasevents.com\/wp-content\/uploads\/2026\/03\/WhatsApp-Image-2026-02-19-at-15.56.33-3-576x1024-1-169x300.jpeg\",\"orientation\":\"portrait\"},\"full\":{\"url\":\"https:\/\/www.valkiriasevents.com\/wp-content\/uploads\/2026\/03\/WhatsApp-Image-2026-02-19-at-15.56.33-3-576x1024-1.jpeg\",\"height\":1024,\"width\":576,\"orientation\":\"portrait\"}},\"imageMeta\":{\"aperture\":\"0\",\"credit\":\"\",\"camera\":\"\",\"caption\":\"\",\"created_timestamp\":\"0\",\"copyright\":\"\",\"focal_length\":\"0\",\"iso\":\"0\",\"shutter_speed\":\"0\",\"title\":\"\",\"orientation\":\"0\",\"keywords\":[]},\"meta\":false,\"postlink\":\"https:\/\/www.valkiriasevents.com\/?attachment_id=8433\"},{\"id\":8437,\"title\":\"WhatsApp-Image-2026-02-19-at-15.56.33-4-577x1024\",\"url\":\"https:\/\/www.valkiriasevents.com\/wp-content\/uploads\/2026\/03\/WhatsApp-Image-2026-02-19-at-15.56.33-4-577x1024-1.jpeg\",\"link\":\"https:\/\/www.valkiriasevents.com\/?attachment_id=8437\",\"alt\":\"\",\"description\":\"\",\"caption\":\"\",\"mime\":\"image\/jpeg\",\"type\":\"image\",\"width\":577,\"height\":1024,\"sizes\":{\"thumbnail\":{\"height\":150,\"width\":150,\"url\":\"https:\/\/www.valkiriasevents.com\/wp-content\/uploads\/2026\/03\/WhatsApp-Image-2026-02-19-at-15.56.33-4-577x1024-1-150x150.jpeg\",\"orientation\":\"landscape\"},\"medium\":{\"height\":300,\"width\":169,\"url\":\"https:\/\/www.valkiriasevents.com\/wp-content\/uploads\/2026\/03\/WhatsApp-Image-2026-02-19-at-15.56.33-4-577x1024-1-169x300.jpeg\",\"orientation\":\"portrait\"},\"full\":{\"url\":\"https:\/\/www.valkiriasevents.com\/wp-content\/uploads\/2026\/03\/WhatsApp-Image-2026-02-19-at-15.56.33-4-577x1024-1.jpeg\",\"height\":1024,\"width\":577,\"orientation\":\"portrait\"}},\"imageMeta\":{\"aperture\":\"0\",\"credit\":\"\",\"camera\":\"\",\"caption\":\"\",\"created_timestamp\":\"0\",\"copyright\":\"\",\"focal_length\":\"0\",\"iso\":\"0\",\"shutter_speed\":\"0\",\"title\":\"\",\"orientation\":\"0\",\"keywords\":[]},\"meta\":false,\"postlink\":\"https:\/\/www.valkiriasevents.com\/?attachment_id=8437\"},{\"id\":8441,\"title\":\"Personajes Harry potter\",\"url\":\"https:\/\/www.valkiriasevents.com\/wp-content\/uploads\/2026\/03\/WhatsApp-Image-2026-02-19-at-15.56.33-7-769x1024-1.jpeg\",\"link\":\"https:\/\/www.valkiriasevents.com\/?attachment_id=8441\",\"alt\":\"Personajes Harry potter\",\"description\":\"\",\"caption\":\"\",\"mime\":\"image\/jpeg\",\"type\":\"image\",\"width\":769,\"height\":1024,\"sizes\":{\"thumbnail\":{\"height\":150,\"width\":150,\"url\":\"https:\/\/www.valkiriasevents.com\/wp-content\/uploads\/2026\/03\/WhatsApp-Image-2026-02-19-at-15.56.33-7-769x1024-1-150x150.jpeg\",\"orientation\":\"landscape\"},\"medium\":{\"height\":300,\"width\":225,\"url\":\"https:\/\/www.valkiriasevents.com\/wp-content\/uploads\/2026\/03\/WhatsApp-Image-2026-02-19-at-15.56.33-7-769x1024-1-225x300.jpeg\",\"orientation\":\"portrait\"},\"full\":{\"url\":\"https:\/\/www.valkiriasevents.com\/wp-content\/uploads\/2026\/03\/WhatsApp-Image-2026-02-19-at-15.56.33-7-769x1024-1.jpeg\",\"height\":1024,\"width\":769,\"orientation\":\"portrait\"}},\"imageMeta\":{\"aperture\":\"0\",\"credit\":\"\",\"camera\":\"\",\"caption\":\"\",\"created_timestamp\":\"0\",\"copyright\":\"\",\"focal_length\":\"0\",\"iso\":\"0\",\"shutter_speed\":\"0\",\"title\":\"\",\"orientation\":\"0\",\"keywords\":[]},\"meta\":false,\"postlink\":\"https:\/\/www.valkiriasevents.com\/?attachment_id=8441\"}],\"itemsMetaDataCollection\":[]}<\/script><script>(function(){if(window.PGC_SGB && window.PGC_SGB.searcher){window.PGC_SGB.searcher.initBlocks()}})()<\/script><\/div>","protected":false},"excerpt":{"rendered":"<p>Construction d\u2019\u00e9quipe Harry Potter Inspir\u00e9 par l\u2019univers de Harry Potter Concept g\u00e9n\u00e9ral \u00ab Le Monde de Poudlard \u00bb est une exp\u00e9rience immersive de team building o\u00f9 les participants deviennent \u00e9l\u00e8ves d\u2019une \u00e9cole de magie, affrontant diff\u00e9rents tests th\u00e9matiques con\u00e7us pour promouvoir la coop\u00e9ration, la cr\u00e9ativit\u00e9, la strat\u00e9gie et la coh\u00e9sion d\u2019\u00e9quipe. Ce n\u2019est pas qu\u2019une [&hellip;]<\/p>\n","protected":false},"author":5,"featured_media":0,"parent":0,"menu_order":0,"comment_status":"closed","ping_status":"closed","template":"","meta":{"pgc_sgb_lightbox_settings":"","footnotes":""},"class_list":["post-8447","page","type-page","status-publish","hentry"],"blocksy_meta":[],"_links":{"self":[{"href":"https:\/\/www.valkiriasevents.com\/fr\/wp-json\/wp\/v2\/pages\/8447","targetHints":{"allow":["GET"]}}],"collection":[{"href":"https:\/\/www.valkiriasevents.com\/fr\/wp-json\/wp\/v2\/pages"}],"about":[{"href":"https:\/\/www.valkiriasevents.com\/fr\/wp-json\/wp\/v2\/types\/page"}],"author":[{"embeddable":true,"href":"https:\/\/www.valkiriasevents.com\/fr\/wp-json\/wp\/v2\/users\/5"}],"replies":[{"embeddable":true,"href":"https:\/\/www.valkiriasevents.com\/fr\/wp-json\/wp\/v2\/comments?post=8447"}],"version-history":[{"count":0,"href":"https:\/\/www.valkiriasevents.com\/fr\/wp-json\/wp\/v2\/pages\/8447\/revisions"}],"wp:attachment":[{"href":"https:\/\/www.valkiriasevents.com\/fr\/wp-json\/wp\/v2\/media?parent=8447"}],"curies":[{"name":"wp","href":"https:\/\/api.w.org\/{rel}","templated":true}]}}