{"id":8356,"date":"2026-02-13T18:22:35","date_gmt":"2026-02-13T17:22:35","guid":{"rendered":"https:\/\/www.valkiriasevents.com\/hechicera\/"},"modified":"2026-02-13T18:22:35","modified_gmt":"2026-02-13T17:22:35","slug":"hechicera","status":"publish","type":"page","link":"https:\/\/www.valkiriasevents.com\/fr\/hechicera\/","title":{"rendered":"La Sorci\u00e8re des C\u0153urs Rieurs"},"content":{"rendered":"\n<div class=\"wp-block-stackable-hero alignfull stk-block-hero stk-block stk-7bd4fa6 stk-block-background is-style-default stk--has-background-overlay\" data-v=\"2\" data-block-id=\"7bd4fa6\"><style>.stk-7bd4fa6-inner-blocks{justify-content:center !important;}.stk-7bd4fa6 {background-image:url(https:\/\/www.valkiriasevents.com\/wp-content\/uploads\/2026\/02\/DSC3184-1.jpg) !important;background-position:center center !important;border-top-width:0px !important;border-right-width:0px !important;border-bottom-width:0px !important;border-left-width:0px !important;max-width:100% !important;min-width:auto !important;padding-top:0px !important;padding-right:0px !important;padding-bottom:0px !important;padding-left:0px !important;margin-right:auto !important;margin-left:auto !important;left:-0.5px !important;}.stk-7bd4fa6:before{background-color:#000000 !important;opacity:0.5 !important;}.stk-7bd4fa6 .stk-block-hero__content{min-height:500px !important;align-items:center !important;display:flex !important;}.stk-7bd4fa6 > .stk-separator__top .stk-separator__wrapper{height:30px !important;}<\/style><div class=\"stk-block-hero__content stk-content-align stk-7bd4fa6-column alignfull stk-container stk-7bd4fa6-container stk--no-background stk--no-padding\"><div class=\"stk-block-content stk-inner-blocks has-text-align-center stk--column-flex stk-7bd4fa6-inner-blocks\">\n<div class=\"wp-block-stackable-heading stk-block-heading stk-block-heading--v2 stk-block stk-1612002\" id=\"la-hechicera-de-los-corazones-rientes\" data-block-id=\"1612002\"><style>.stk-1612002 .stk-block-heading__text{color:var(--theme-palette-color-7, #FBFCFC) !important;}<\/style><h1 class=\"stk-block-heading__text has-text-color\">La Sorci\u00e8re des C\u0153urs Rieurs<\/h1><\/div>\n<\/div><\/div><\/div>\n\n\n\n<div class=\"wp-block-stackable-heading stk-block-heading stk-block-heading--v2 stk-block stk-2dfbc5a\" id=\"la-hechicera-de-los-corazones-rientes\" data-block-id=\"2dfbc5a\"><h1 class=\"stk-block-heading__text\">La Sorci\u00e8re des C\u0153urs Rieurs<\/h1><\/div>\n\n\n\n<p data-block-type=\"core\">  C\u2019est une magicienne viking m\u00e9di\u00e9vale \u00e0 l\u2019esprit espi\u00e8gle et \u00e0 la langue ac\u00e9r\u00e9e. Ma\u00eetrisez la magie de pr\u00e8s, les cartes marqu\u00e9es par le destin, et l\u2019art de provoquer le rire l\u00e0 o\u00f9 il est le plus difficile de l\u00e2cher prise. <\/p>\n\n\n\n<p data-block-type=\"core\">Ce n\u2019est ni solennel ni silencieux : il est ironique, audacieux et profond\u00e9ment comique. Il utilise la magie comme excuse pour jouer avec le public, briser la glace et pousser chaque situation un peu plus loin, toujours avec un humour \u00e9pic\u00e9 et une complicit\u00e9. <\/p>\n\n\n\n<p data-block-type=\"core\">Entre les cartes qui apparaissent et disparaissent, les objets impossibles et les erreurs qui deviennent des succ\u00e8s, l\u2019Enchanteresse tisse un lien direct avec son entourage. Sa puissance ne r\u00e9side pas seulement dans les mains, mais aussi dans la gr\u00e2ce, la pr\u00e9sence sc\u00e9nique et la capacit\u00e9 de lire le public en temps r\u00e9el. <\/p>\n\n\n\n<p data-block-type=\"core\">Une sorci\u00e8re de clan, de foire et de feu.<br>Une magie vivante, proche, pleine de rires.<\/p>\n\n\n\n<div class=\"wp-block-stackable-heading stk-block-heading stk-block-heading--v2 stk-block stk-ea8a9f6\" id=\"\u2728-descripcion-del-servicio-br-la-hechicera-de-los-corazones-rientes-magia-humor-y-juego-medieval\" data-block-id=\"ea8a9f6\"><h2 class=\"stk-block-heading__text\">\u2728 DESCRIPTION DU SERVICE<br>La Sorci\u00e8re des C\u0153urs Rieurs \u2013 Magie, Humour et Gameplay M\u00e9di\u00e9val<\/h2><\/div>\n\n\n\n<p data-block-type=\"core\">La Sorci\u00e8re des C\u0153urs Rieurs offre une exp\u00e9rience pittoresque de magie et d\u2019humour avec une esth\u00e9tique m\u00e9di\u00e9vale-viking, con\u00e7ue pour un public adulte ou familial selon le contexte.<\/p>\n\n\n\n<p data-block-type=\"core\">Sa proposition combine :<\/p>\n\n\n\n<div class=\"wp-block-stackable-icon-list stk-block-icon-list stk-block stk-b95c1a9\" data-block-id=\"b95c1a9\"><svg style=\"display:none\"><defs><g id=\"stk-icon-list__icon-svg-def-b95c1a9\"><svg xmlns=\"http:\/\/www.w3.org\/2000\/svg\" viewbox=\"0 0 190 190\"><polygon points=\"173.8,28.4 60.4,141.8 15.7,97.2 5.1,107.8 60.4,163 184.4,39 173.8,28.4\"\/><\/svg><\/g><\/defs><\/svg><ul class=\"stk-block-icon-list__ul stk-block-icon-list--column\">\n<li class=\"wp-block-stackable-icon-list-item stk-block-icon-list-item stk-block stk-fbdb3b2\" data-block-id=\"fbdb3b2\"><div class=\"stk-block-icon-list-item__content\"><span class=\"stk--svg-wrapper\"><div class=\"stk--inner-svg\"><svg aria-hidden=\"true\" width=\"32\" height=\"32\"><use xlink:href=\"#stk-icon-list__icon-svg-def-b95c1a9\"\/><\/svg><\/div><\/span><span class=\"stk-block-icon-list-item__text\">Magie visuelle et participative<\/span><\/div><\/li>\n\n\n\n<li class=\"wp-block-stackable-icon-list-item stk-block-icon-list-item stk-block stk-eb77565\" data-block-id=\"eb77565\"><div class=\"stk-block-icon-list-item__content\"><span class=\"stk--svg-wrapper\"><div class=\"stk--inner-svg\"><svg aria-hidden=\"true\" width=\"32\" height=\"32\"><use xlink:href=\"#stk-icon-list__icon-svg-def-b95c1a9\"\/><\/svg><\/div><\/span><span class=\"stk-block-icon-list-item__text\">Jeux de cartes et manipulation<\/span><\/div><\/li>\n\n\n\n<li class=\"wp-block-stackable-icon-list-item stk-block-icon-list-item stk-block stk-3f59da5\" data-block-id=\"3f59da5\"><div class=\"stk-block-icon-list-item__content\"><span class=\"stk--svg-wrapper\"><div class=\"stk--inner-svg\"><svg aria-hidden=\"true\" width=\"32\" height=\"32\"><use xlink:href=\"#stk-icon-list__icon-svg-def-b95c1a9\"\/><\/svg><\/div><\/span><span class=\"stk-block-icon-list-item__text\">Humour direct et \u00e9pic\u00e9<\/span><\/div><\/li>\n\n\n\n<li class=\"wp-block-stackable-icon-list-item stk-block-icon-list-item stk-block stk-ae65cc5\" data-block-id=\"ae65cc5\"><div class=\"stk-block-icon-list-item__content\"><span class=\"stk--svg-wrapper\"><div class=\"stk--inner-svg\"><svg aria-hidden=\"true\" width=\"32\" height=\"32\"><use xlink:href=\"#stk-icon-list__icon-svg-def-b95c1a9\"\/><\/svg><\/div><\/span><span class=\"stk-block-icon-list-item__text\">Improvisation constante avec le public<\/span><\/div><\/li>\n\n\n\n<li class=\"wp-block-stackable-icon-list-item stk-block-icon-list-item stk-block stk-833d0b1\" data-block-id=\"833d0b1\"><div class=\"stk-block-icon-list-item__content\"><span class=\"stk--svg-wrapper\"><div class=\"stk--inner-svg\"><svg aria-hidden=\"true\" width=\"32\" height=\"32\"><use xlink:href=\"#stk-icon-list__icon-svg-def-b95c1a9\"\/><\/svg><\/div><\/span><span class=\"stk-block-icon-list-item__text\">Body Grace et Clown<\/span><\/div><\/li>\n<\/ul><\/div>\n\n\n\n<p data-block-type=\"core\">L\u2019\u00e9mission repose sur la proximit\u00e9, l\u2019interaction et le rythme. Le public ne se contente pas de regarder : il participe, d\u00e9cide, fait des erreurs et rit avec la sorci\u00e8re. Chaque passage est diff\u00e9rent, adapt\u00e9 au lieu, \u00e0 l\u2019\u00e9nergie et aux personnes pr\u00e9sentes.  <\/p>\n\n\n\n<div class=\"wp-block-stackable-heading stk-block-heading stk-block-heading--v2 stk-block stk-c0f761a\" id=\"ideal-para\" data-block-id=\"c0f761a\"><h3 class=\"stk-block-heading__text\">Id\u00e9al pour :<\/h3><\/div>\n\n\n\n<div class=\"wp-block-stackable-icon-list stk-block-icon-list stk-block stk-790acf1\" data-block-id=\"790acf1\"><svg style=\"display:none\"><defs><g id=\"stk-icon-list__icon-svg-def-790acf1\"><svg xmlns=\"http:\/\/www.w3.org\/2000\/svg\" viewbox=\"0 0 190 190\"><polygon points=\"173.8,28.4 60.4,141.8 15.7,97.2 5.1,107.8 60.4,163 184.4,39 173.8,28.4\"\/><\/svg><\/g><\/defs><\/svg><ul class=\"stk-block-icon-list__ul stk-block-icon-list--column\">\n<li class=\"wp-block-stackable-icon-list-item stk-block-icon-list-item stk-block stk-129c653\" data-block-id=\"129c653\"><div class=\"stk-block-icon-list-item__content\"><span class=\"stk--svg-wrapper\"><div class=\"stk--inner-svg\"><svg aria-hidden=\"true\" width=\"32\" height=\"32\"><use xlink:href=\"#stk-icon-list__icon-svg-def-790acf1\"\/><\/svg><\/div><\/span><span class=\"stk-block-icon-list-item__text\">Festivals m\u00e9di\u00e9vaux et vikings<\/span><\/div><\/li>\n\n\n\n<li class=\"wp-block-stackable-icon-list-item stk-block-icon-list-item stk-block stk-b068161\" data-block-id=\"b068161\"><div class=\"stk-block-icon-list-item__content\"><span class=\"stk--svg-wrapper\"><div class=\"stk--inner-svg\"><svg aria-hidden=\"true\" width=\"32\" height=\"32\"><use xlink:href=\"#stk-icon-list__icon-svg-def-790acf1\"\/><\/svg><\/div><\/span><span class=\"stk-block-icon-list-item__text\">Foires historiques r\u00e9interpr\u00e9t\u00e9es<\/span><\/div><\/li>\n\n\n\n<li class=\"wp-block-stackable-icon-list-item stk-block-icon-list-item stk-block stk-deb9e74\" data-block-id=\"deb9e74\"><div class=\"stk-block-icon-list-item__content\"><span class=\"stk--svg-wrapper\"><div class=\"stk--inner-svg\"><svg aria-hidden=\"true\" width=\"32\" height=\"32\"><use xlink:href=\"#stk-icon-list__icon-svg-def-790acf1\"\/><\/svg><\/div><\/span><span class=\"stk-block-icon-list-item__text\">Programmation de rue<\/span><\/div><\/li>\n\n\n\n<li class=\"wp-block-stackable-icon-list-item stk-block-icon-list-item stk-block stk-1520fb1\" data-block-id=\"1520fb1\"><div class=\"stk-block-icon-list-item__content\"><span class=\"stk--svg-wrapper\"><div class=\"stk--inner-svg\"><svg aria-hidden=\"true\" width=\"32\" height=\"32\"><use xlink:href=\"#stk-icon-list__icon-svg-def-790acf1\"\/><\/svg><\/div><\/span><span class=\"stk-block-icon-list-item__text\">\u00c9v\u00e9nements culturels et espaces non conventionnels<\/span><\/div><\/li>\n<\/ul><\/div>\n\n\n\n<p data-block-type=\"core\">Une demande agile, amusante et pleine de caract\u00e8re, o\u00f9 la magie sert \u00e0 provoquer rires, surprises et cr\u00e9er une atmosph\u00e8re de jeu collectif.<\/p>\n\n\n\n<hr class=\"wp-block-separator has-alpha-channel-opacity\" data-block-type=\"core\">\n\n\n\n<p data-block-type=\"core\"><strong>De la magie avec du caract\u00e8re.<br>De l\u2019humour sans solennit\u00e9.<br>Et des c\u0153urs qui rient.<\/strong><\/p>\n\n\n\n<p data-block-type=\"core\"><\/p>\n\n\n<div class=\"pgc-sgb-cb wp-block-pgcsimplygalleryblock-grid \" data-gallery-id=\"8aa28111\"><div class=\"sgb-preloader\" id=\"pr_8aa28111\">\n\t<div class=\"sgb-square\" style=\"background:#d4d4d4\"><\/div>\n\t<div class=\"sgb-square\" style=\"background:#d4d4d4\"><\/div>\n\t<div class=\"sgb-square\" style=\"background:#d4d4d4\"><\/div>\n\t<div class=\"sgb-square\" style=\"background:#d4d4d4\"><\/div><\/div><div class=\"simply-gallery-amp pgc_sgb_slider \"><noscript><div class=\"sgb-gallery\"><div class=\"sgb-item\"><a href=\"https:\/\/www.valkiriasevents.com\/?attachment_id=7800\" target=\"_blank\"><img decoding=\"async\" alt=\"\" width=\"300\" height=\"200\" loading=\"lazy\" src=\"https:\/\/www.valkiriasevents.com\/wp-content\/uploads\/2026\/02\/DSC3184-1-300x200.jpg\" srcset=\"https:\/\/www.valkiriasevents.com\/wp-content\/uploads\/2026\/02\/DSC3184-1-300x200.jpg 300w,https:\/\/www.valkiriasevents.com\/wp-content\/uploads\/2026\/02\/DSC3184-1-1024x684.jpg 1024w,https:\/\/www.valkiriasevents.com\/wp-content\/uploads\/2026\/02\/DSC3184-1.jpg 1616w\" sizes=\"auto, 250px\"\/><\/a><\/div><div class=\"sgb-item\"><a href=\"https:\/\/www.valkiriasevents.com\/?attachment_id=7804\" target=\"_blank\"><img decoding=\"async\" alt=\"\" width=\"200\" height=\"300\" loading=\"lazy\" src=\"https:\/\/www.valkiriasevents.com\/wp-content\/uploads\/2026\/02\/IMG_6997-200x300.jpg\" srcset=\"https:\/\/www.valkiriasevents.com\/wp-content\/uploads\/2026\/02\/IMG_6997-200x300.jpg 200w,https:\/\/www.valkiriasevents.com\/wp-content\/uploads\/2026\/02\/IMG_6997-683x1024.jpg 683w,https:\/\/www.valkiriasevents.com\/wp-content\/uploads\/2026\/02\/IMG_6997-scaled.jpg 1707w\" sizes=\"auto, 250px\"\/><\/a><\/div><div class=\"sgb-item\"><a href=\"https:\/\/www.valkiriasevents.com\/?attachment_id=7808\" target=\"_blank\"><img decoding=\"async\" alt=\"\" width=\"300\" height=\"200\" loading=\"lazy\" src=\"https:\/\/www.valkiriasevents.com\/wp-content\/uploads\/2026\/02\/IMG_7021-300x200.jpg\" srcset=\"https:\/\/www.valkiriasevents.com\/wp-content\/uploads\/2026\/02\/IMG_7021-300x200.jpg 300w,https:\/\/www.valkiriasevents.com\/wp-content\/uploads\/2026\/02\/IMG_7021-1024x683.jpg 1024w,https:\/\/www.valkiriasevents.com\/wp-content\/uploads\/2026\/02\/IMG_7021-scaled.jpg 2560w\" sizes=\"auto, 250px\"\/><\/a><\/div><div class=\"sgb-item\"><a href=\"https:\/\/www.valkiriasevents.com\/?attachment_id=7812\" target=\"_blank\"><img decoding=\"async\" alt=\"\" width=\"194\" height=\"300\" loading=\"lazy\" src=\"https:\/\/www.valkiriasevents.com\/wp-content\/uploads\/2026\/02\/IMG_7361-194x300.jpg\" srcset=\"https:\/\/www.valkiriasevents.com\/wp-content\/uploads\/2026\/02\/IMG_7361-194x300.jpg 194w,https:\/\/www.valkiriasevents.com\/wp-content\/uploads\/2026\/02\/IMG_7361-662x1024.jpg 662w,https:\/\/www.valkiriasevents.com\/wp-content\/uploads\/2026\/02\/IMG_7361.jpg 1170w\" sizes=\"auto, 250px\"\/><\/a><div class=\"sgb-item-caption\"><em>Screenshot<\/em><\/div><\/div><div class=\"sgb-item\"><a href=\"https:\/\/www.valkiriasevents.com\/?attachment_id=7816\" target=\"_blank\"><img decoding=\"async\" alt=\"\" width=\"202\" height=\"300\" loading=\"lazy\" src=\"https:\/\/www.valkiriasevents.com\/wp-content\/uploads\/2026\/02\/IMG_7363-202x300.jpg\" srcset=\"https:\/\/www.valkiriasevents.com\/wp-content\/uploads\/2026\/02\/IMG_7363-202x300.jpg 202w,https:\/\/www.valkiriasevents.com\/wp-content\/uploads\/2026\/02\/IMG_7363-689x1024.jpg 689w,https:\/\/www.valkiriasevents.com\/wp-content\/uploads\/2026\/02\/IMG_7363.jpg 1170w\" sizes=\"auto, 250px\"\/><\/a><div class=\"sgb-item-caption\"><em>Screenshot<\/em><\/div><\/div><div class=\"sgb-item\"><a href=\"https:\/\/www.valkiriasevents.com\/?attachment_id=7820\" target=\"_blank\"><img decoding=\"async\" alt=\"\" width=\"300\" height=\"267\" loading=\"lazy\" src=\"https:\/\/www.valkiriasevents.com\/wp-content\/uploads\/2026\/02\/IMG_7369-300x267.jpg\" srcset=\"https:\/\/www.valkiriasevents.com\/wp-content\/uploads\/2026\/02\/IMG_7369-300x267.jpg 300w,https:\/\/www.valkiriasevents.com\/wp-content\/uploads\/2026\/02\/IMG_7369-1024x910.jpg 1024w,https:\/\/www.valkiriasevents.com\/wp-content\/uploads\/2026\/02\/IMG_7369.jpg 1170w\" sizes=\"auto, 250px\"\/><\/a><div class=\"sgb-item-caption\"><em>Screenshot<\/em><\/div><\/div><\/div><\/noscript><\/div><script type=\"application\/json\" class=\"sgb-data\">{\"captions\":false,\"collectionThumbSubMenuDownload\":false,\"collectionThumbSubMenuShare\":false,\"galleryType\":\"pgc_sgb_grid\",\"galleryId\":\"8aa28111\",\"images\":[{\"id\":7800,\"title\":\"_DSC3184 (1)\",\"url\":\"https:\/\/www.valkiriasevents.com\/wp-content\/uploads\/2026\/02\/DSC3184-1.jpg\",\"link\":\"https:\/\/www.valkiriasevents.com\/?attachment_id=7800\",\"alt\":\"\",\"description\":\"\",\"caption\":\"\",\"mime\":\"image\/jpeg\",\"type\":\"image\",\"width\":1616,\"height\":1080,\"sizes\":{\"thumbnail\":{\"height\":150,\"width\":150,\"url\":\"https:\/\/www.valkiriasevents.com\/wp-content\/uploads\/2026\/02\/DSC3184-1-150x150.jpg\",\"orientation\":\"landscape\"},\"medium\":{\"height\":200,\"width\":300,\"url\":\"https:\/\/www.valkiriasevents.com\/wp-content\/uploads\/2026\/02\/DSC3184-1-300x200.jpg\",\"orientation\":\"landscape\"},\"large\":{\"height\":684,\"width\":1024,\"url\":\"https:\/\/www.valkiriasevents.com\/wp-content\/uploads\/2026\/02\/DSC3184-1-1024x684.jpg\",\"orientation\":\"landscape\"},\"full\":{\"url\":\"https:\/\/www.valkiriasevents.com\/wp-content\/uploads\/2026\/02\/DSC3184-1.jpg\",\"height\":1080,\"width\":1616,\"orientation\":\"landscape\"}},\"imageMeta\":{\"aperture\":\"2.2\",\"credit\":\"\",\"camera\":\"ILCE-7M3\",\"caption\":\"\",\"created_timestamp\":\"0\",\"copyright\":\"\",\"focal_length\":\"85\",\"iso\":\"25600\",\"shutter_speed\":\"0.0015625\",\"title\":\"\",\"orientation\":\"0\",\"keywords\":[]},\"meta\":false,\"postlink\":\"https:\/\/www.valkiriasevents.com\/?attachment_id=7800\"},{\"id\":7804,\"title\":\"IMG_6997\",\"url\":\"https:\/\/www.valkiriasevents.com\/wp-content\/uploads\/2026\/02\/IMG_6997-scaled.jpg\",\"link\":\"https:\/\/www.valkiriasevents.com\/?attachment_id=7804\",\"alt\":\"\",\"description\":\"\",\"caption\":\"\",\"mime\":\"image\/jpeg\",\"type\":\"image\",\"width\":1707,\"height\":2560,\"sizes\":{\"thumbnail\":{\"height\":150,\"width\":150,\"url\":\"https:\/\/www.valkiriasevents.com\/wp-content\/uploads\/2026\/02\/IMG_6997-150x150.jpg\",\"orientation\":\"landscape\"},\"medium\":{\"height\":300,\"width\":200,\"url\":\"https:\/\/www.valkiriasevents.com\/wp-content\/uploads\/2026\/02\/IMG_6997-200x300.jpg\",\"orientation\":\"portrait\"},\"large\":{\"height\":1024,\"width\":683,\"url\":\"https:\/\/www.valkiriasevents.com\/wp-content\/uploads\/2026\/02\/IMG_6997-683x1024.jpg\",\"orientation\":\"portrait\"},\"full\":{\"url\":\"https:\/\/www.valkiriasevents.com\/wp-content\/uploads\/2026\/02\/IMG_6997-scaled.jpg\",\"height\":2560,\"width\":1707,\"orientation\":\"portrait\"}},\"imageMeta\":{\"aperture\":\"4\",\"credit\":\"\",\"camera\":\"Canon EOS 6D Mark II\",\"caption\":\"\",\"created_timestamp\":\"1668975898\",\"copyright\":\"\",\"focal_length\":\"32\",\"iso\":\"6400\",\"shutter_speed\":\"0.0125\",\"title\":\"\",\"orientation\":\"1\",\"keywords\":[]},\"meta\":false,\"postlink\":\"https:\/\/www.valkiriasevents.com\/?attachment_id=7804\"},{\"id\":7808,\"title\":\"IMG_7021\",\"url\":\"https:\/\/www.valkiriasevents.com\/wp-content\/uploads\/2026\/02\/IMG_7021-scaled.jpg\",\"link\":\"https:\/\/www.valkiriasevents.com\/?attachment_id=7808\",\"alt\":\"\",\"description\":\"\",\"caption\":\"\",\"mime\":\"image\/jpeg\",\"type\":\"image\",\"width\":2560,\"height\":1706,\"sizes\":{\"thumbnail\":{\"height\":150,\"width\":150,\"url\":\"https:\/\/www.valkiriasevents.com\/wp-content\/uploads\/2026\/02\/IMG_7021-150x150.jpg\",\"orientation\":\"landscape\"},\"medium\":{\"height\":200,\"width\":300,\"url\":\"https:\/\/www.valkiriasevents.com\/wp-content\/uploads\/2026\/02\/IMG_7021-300x200.jpg\",\"orientation\":\"landscape\"},\"large\":{\"height\":683,\"width\":1024,\"url\":\"https:\/\/www.valkiriasevents.com\/wp-content\/uploads\/2026\/02\/IMG_7021-1024x683.jpg\",\"orientation\":\"landscape\"},\"full\":{\"url\":\"https:\/\/www.valkiriasevents.com\/wp-content\/uploads\/2026\/02\/IMG_7021-scaled.jpg\",\"height\":1706,\"width\":2560,\"orientation\":\"landscape\"}},\"imageMeta\":{\"aperture\":\"4\",\"credit\":\"\",\"camera\":\"Canon EOS 6D Mark II\",\"caption\":\"\",\"created_timestamp\":\"1668976225\",\"copyright\":\"\",\"focal_length\":\"35\",\"iso\":\"2500\",\"shutter_speed\":\"0.0125\",\"title\":\"\",\"orientation\":\"1\",\"keywords\":[]},\"meta\":false,\"postlink\":\"https:\/\/www.valkiriasevents.com\/?attachment_id=7808\"},{\"id\":7812,\"title\":\"Screenshot\",\"url\":\"https:\/\/www.valkiriasevents.com\/wp-content\/uploads\/2026\/02\/IMG_7361.jpg\",\"link\":\"https:\/\/www.valkiriasevents.com\/?attachment_id=7812\",\"alt\":\"\",\"description\":\"\",\"caption\":\"Screenshot\",\"mime\":\"image\/jpeg\",\"type\":\"image\",\"width\":1170,\"height\":1811,\"sizes\":{\"thumbnail\":{\"height\":150,\"width\":150,\"url\":\"https:\/\/www.valkiriasevents.com\/wp-content\/uploads\/2026\/02\/IMG_7361-150x150.jpg\",\"orientation\":\"landscape\"},\"medium\":{\"height\":300,\"width\":194,\"url\":\"https:\/\/www.valkiriasevents.com\/wp-content\/uploads\/2026\/02\/IMG_7361-194x300.jpg\",\"orientation\":\"portrait\"},\"large\":{\"height\":1024,\"width\":662,\"url\":\"https:\/\/www.valkiriasevents.com\/wp-content\/uploads\/2026\/02\/IMG_7361-662x1024.jpg\",\"orientation\":\"portrait\"},\"full\":{\"url\":\"https:\/\/www.valkiriasevents.com\/wp-content\/uploads\/2026\/02\/IMG_7361.jpg\",\"height\":1811,\"width\":1170,\"orientation\":\"portrait\"}},\"imageMeta\":{\"aperture\":\"0\",\"credit\":\"\",\"camera\":\"\",\"caption\":\"Screenshot\",\"created_timestamp\":\"1735062795\",\"copyright\":\"\",\"focal_length\":\"0\",\"iso\":\"0\",\"shutter_speed\":\"0\",\"title\":\"Screenshot\",\"orientation\":\"1\",\"keywords\":[]},\"meta\":false,\"postlink\":\"https:\/\/www.valkiriasevents.com\/?attachment_id=7812\"},{\"id\":7816,\"title\":\"Screenshot\",\"url\":\"https:\/\/www.valkiriasevents.com\/wp-content\/uploads\/2026\/02\/IMG_7363.jpg\",\"link\":\"https:\/\/www.valkiriasevents.com\/?attachment_id=7816\",\"alt\":\"\",\"description\":\"\",\"caption\":\"Screenshot\",\"mime\":\"image\/jpeg\",\"type\":\"image\",\"width\":1170,\"height\":1738,\"sizes\":{\"thumbnail\":{\"height\":150,\"width\":150,\"url\":\"https:\/\/www.valkiriasevents.com\/wp-content\/uploads\/2026\/02\/IMG_7363-150x150.jpg\",\"orientation\":\"landscape\"},\"medium\":{\"height\":300,\"width\":202,\"url\":\"https:\/\/www.valkiriasevents.com\/wp-content\/uploads\/2026\/02\/IMG_7363-202x300.jpg\",\"orientation\":\"portrait\"},\"large\":{\"height\":1024,\"width\":689,\"url\":\"https:\/\/www.valkiriasevents.com\/wp-content\/uploads\/2026\/02\/IMG_7363-689x1024.jpg\",\"orientation\":\"portrait\"},\"full\":{\"url\":\"https:\/\/www.valkiriasevents.com\/wp-content\/uploads\/2026\/02\/IMG_7363.jpg\",\"height\":1738,\"width\":1170,\"orientation\":\"portrait\"}},\"imageMeta\":{\"aperture\":\"0\",\"credit\":\"\",\"camera\":\"\",\"caption\":\"Screenshot\",\"created_timestamp\":\"1735062842\",\"copyright\":\"\",\"focal_length\":\"0\",\"iso\":\"0\",\"shutter_speed\":\"0\",\"title\":\"Screenshot\",\"orientation\":\"1\",\"keywords\":[]},\"meta\":false,\"postlink\":\"https:\/\/www.valkiriasevents.com\/?attachment_id=7816\"},{\"id\":7820,\"title\":\"Screenshot\",\"url\":\"https:\/\/www.valkiriasevents.com\/wp-content\/uploads\/2026\/02\/IMG_7369.jpg\",\"link\":\"https:\/\/www.valkiriasevents.com\/?attachment_id=7820\",\"alt\":\"\",\"description\":\"\",\"caption\":\"Screenshot\",\"mime\":\"image\/jpeg\",\"type\":\"image\",\"width\":1170,\"height\":1040,\"sizes\":{\"thumbnail\":{\"height\":150,\"width\":150,\"url\":\"https:\/\/www.valkiriasevents.com\/wp-content\/uploads\/2026\/02\/IMG_7369-150x150.jpg\",\"orientation\":\"landscape\"},\"medium\":{\"height\":267,\"width\":300,\"url\":\"https:\/\/www.valkiriasevents.com\/wp-content\/uploads\/2026\/02\/IMG_7369-300x267.jpg\",\"orientation\":\"landscape\"},\"large\":{\"height\":910,\"width\":1024,\"url\":\"https:\/\/www.valkiriasevents.com\/wp-content\/uploads\/2026\/02\/IMG_7369-1024x910.jpg\",\"orientation\":\"landscape\"},\"full\":{\"url\":\"https:\/\/www.valkiriasevents.com\/wp-content\/uploads\/2026\/02\/IMG_7369.jpg\",\"height\":1040,\"width\":1170,\"orientation\":\"landscape\"}},\"imageMeta\":{\"aperture\":\"0\",\"credit\":\"\",\"camera\":\"\",\"caption\":\"Screenshot\",\"created_timestamp\":\"1735063106\",\"copyright\":\"\",\"focal_length\":\"0\",\"iso\":\"0\",\"shutter_speed\":\"0\",\"title\":\"Screenshot\",\"orientation\":\"1\",\"keywords\":[]},\"meta\":false,\"postlink\":\"https:\/\/www.valkiriasevents.com\/?attachment_id=7820\"}],\"useClobalSettings\":true,\"orderBy\":\"random\",\"shareFacebook\":false,\"shareTwitter\":false,\"sharePinterest\":false,\"sliderItemDownload\":false,\"shareCopyLink\":false,\"itemsMetaDataCollection\":[]}<\/script><script>(function(){if(window.PGC_SGB && window.PGC_SGB.searcher){window.PGC_SGB.searcher.initBlocks()}})()<\/script><\/div>\n\n\n<p data-block-type=\"core\"><\/p>\n","protected":false},"excerpt":{"rendered":"<p>La Sorci\u00e8re des C\u0153urs Rieurs La Sorci\u00e8re des C\u0153urs Rieurs C\u2019est une magicienne viking m\u00e9di\u00e9vale \u00e0 l\u2019esprit espi\u00e8gle et \u00e0 la langue ac\u00e9r\u00e9e. Ma\u00eetrisez la magie de pr\u00e8s, les cartes marqu\u00e9es par le destin, et l\u2019art de provoquer le rire l\u00e0 o\u00f9 il est le plus difficile de l\u00e2cher prise. Ce n\u2019est ni solennel ni [&hellip;]<\/p>\n","protected":false},"author":5,"featured_media":0,"parent":0,"menu_order":0,"comment_status":"closed","ping_status":"closed","template":"","meta":{"pgc_sgb_lightbox_settings":"","footnotes":""},"class_list":["post-8356","page","type-page","status-publish","hentry"],"blocksy_meta":[],"_links":{"self":[{"href":"https:\/\/www.valkiriasevents.com\/fr\/wp-json\/wp\/v2\/pages\/8356","targetHints":{"allow":["GET"]}}],"collection":[{"href":"https:\/\/www.valkiriasevents.com\/fr\/wp-json\/wp\/v2\/pages"}],"about":[{"href":"https:\/\/www.valkiriasevents.com\/fr\/wp-json\/wp\/v2\/types\/page"}],"author":[{"embeddable":true,"href":"https:\/\/www.valkiriasevents.com\/fr\/wp-json\/wp\/v2\/users\/5"}],"replies":[{"embeddable":true,"href":"https:\/\/www.valkiriasevents.com\/fr\/wp-json\/wp\/v2\/comments?post=8356"}],"version-history":[{"count":0,"href":"https:\/\/www.valkiriasevents.com\/fr\/wp-json\/wp\/v2\/pages\/8356\/revisions"}],"wp:attachment":[{"href":"https:\/\/www.valkiriasevents.com\/fr\/wp-json\/wp\/v2\/media?parent=8356"}],"curies":[{"name":"wp","href":"https:\/\/api.w.org\/{rel}","templated":true}]}}