{"id":8205,"date":"2026-02-09T18:33:24","date_gmt":"2026-02-09T17:33:24","guid":{"rendered":"https:\/\/www.valkiriasevents.com\/carruaje-de-caballos\/"},"modified":"2026-02-09T18:33:24","modified_gmt":"2026-02-09T17:33:24","slug":"carruaje-de-caballos","status":"publish","type":"page","link":"https:\/\/www.valkiriasevents.com\/fr\/carruaje-de-caballos\/","title":{"rendered":"Carrosse hippomobile"},"content":{"rendered":"\n<div class=\"wp-block-stackable-hero alignfull stk-block-hero stk-block stk-7bd4fa6 stk-block-background is-style-default stk--has-background-overlay\" data-v=\"2\" data-block-id=\"7bd4fa6\"><style>.stk-7bd4fa6-inner-blocks{justify-content:center !important;}.stk-7bd4fa6 {background-image:url(https:\/\/www.valkiriasevents.com\/wp-content\/uploads\/2026\/02\/alquiler_carruaje_de_caballos_1-scaled.jpg) !important;background-position:center center !important;background-size:cover !important;border-top-width:0px !important;border-right-width:0px !important;border-bottom-width:0px !important;border-left-width:0px !important;max-width:100% !important;min-width:auto !important;padding-top:0px !important;padding-right:0px !important;padding-bottom:0px !important;padding-left:0px !important;margin-right:auto !important;margin-left:auto !important;left:-0.5px !important;}.stk-7bd4fa6:before{background-color:#000000 !important;opacity:0.5 !important;}.stk-7bd4fa6 .stk-block-hero__content{min-height:500px !important;align-items:center !important;display:flex !important;}.stk-7bd4fa6 > .stk-separator__top .stk-separator__wrapper{height:30px !important;}<\/style><div class=\"stk-block-hero__content stk-content-align stk-7bd4fa6-column alignfull stk-container stk-7bd4fa6-container stk--no-background stk--no-padding\"><div class=\"stk-block-content stk-inner-blocks has-text-align-center stk--column-flex stk-7bd4fa6-inner-blocks\">\n<div class=\"wp-block-stackable-heading stk-block-heading stk-block-heading--v2 stk-block stk-1612002\" id=\"carruaje-de-caballos\" data-block-id=\"1612002\"><style>.stk-1612002 .stk-block-heading__text{color:var(--theme-palette-color-7, #FBFCFC) !important;}<\/style><h1 class=\"stk-block-heading__text has-text-color\">Carrosse hippomobile<\/h1><\/div>\n\n\n\n<p data-block-type=\"core\"><\/p>\n<\/div><\/div><\/div>\n\n\n\n<p data-block-type=\"core\"><strong>Un d\u00e9tail embl\u00e9matique qui transforme chaque \u00e9v\u00e9nement en une exp\u00e9rience inoubliable<\/strong><\/p>\n\n\n\n<p data-block-type=\"core\">La cal\u00e8che tir\u00e9e par des chevaux apporte \u00e9l\u00e9gance, caract\u00e8re et un fort impact visuel, devenant un \u00e9l\u00e9ment unique pour les r\u00e9ceptions, billets sp\u00e9ciaux, s\u00e9ances photo ou activations th\u00e9matiques. Sa pr\u00e9sence \u00e9voque la tradition, le romantisme et le spectacle, cr\u00e9ant un moment qui reste dans la m\u00e9moire des participants. <\/p>\n\n\n\n<p data-block-type=\"core\"><\/p>\n\n\n\n<div class=\"wp-block-stackable-heading stk-block-heading stk-block-heading--v2 stk-block stk-dc83cc9\" id=\"para-quien-es\" data-block-id=\"dc83cc9\"><h3 class=\"stk-block-heading__text\">Pour qui est-ce ?  <\/h3><\/div>\n\n\n\n<p data-block-type=\"core\">Chez Valkyries, nous proposons la voiture en tant que service adaptable \u00e0 diff\u00e9rents formats : \u00e9v\u00e9nements d\u2019entreprise, c\u00e9l\u00e9brations priv\u00e9es, productions audiovisuelles, foires, reconstitutions historiques ou exp\u00e9riences th\u00e9matiques. Chaque proposition est soigneusement int\u00e9gr\u00e9e \u00e0 l\u2019esth\u00e9tique et au rythme de l\u2019\u00e9v\u00e9nement, prenant soin \u00e0 la fois de la mise en sc\u00e8ne et de la coh\u00e9rence visuelle. <\/p>\n\n\n\n<p data-block-type=\"core\"><\/p>\n\n\n\n<p data-block-type=\"core\">Id\u00e9al pour des contextes classiques, m\u00e9di\u00e9vaux, fantastiques ou th\u00e9\u00e2traux, le carrosse n\u2019est pas seulement un moyen de transport, mais aussi un outil narratif qui \u00e9l\u00e8ve l\u2019\u00e9v\u00e9nement et renforce son identit\u00e9.<\/p>\n\n\n\n<hr class=\"wp-block-separator has-alpha-channel-opacity\" data-block-type=\"core\">\n\n\n\n<p data-block-type=\"core\"><em><strong>Parce qu\u2019il y a des occasions qui m\u00e9ritent une entr\u00e9e au sommet du moment.<\/strong><\/em><\/p>\n\n\n<div class=\"pgc-sgb-cb wp-block-pgcsimplygalleryblock-grid \" data-gallery-id=\"8aa28111\"><div class=\"sgb-preloader\" id=\"pr_8aa28111\">\n\t<div class=\"sgb-square\" style=\"background:#d4d4d4\"><\/div>\n\t<div class=\"sgb-square\" style=\"background:#d4d4d4\"><\/div>\n\t<div class=\"sgb-square\" style=\"background:#d4d4d4\"><\/div>\n\t<div class=\"sgb-square\" style=\"background:#d4d4d4\"><\/div><\/div><div class=\"simply-gallery-amp pgc_sgb_slider \"><noscript><div class=\"sgb-gallery\"><div class=\"sgb-item\"><a href=\"https:\/\/www.valkiriasevents.com\/traditional-carriage-ride-vienna-city-center-classic-horse-dri\/\" target=\"_blank\"><img decoding=\"async\" alt=\"carruaje con 2 caballos blancos\" width=\"200\" height=\"300\" loading=\"lazy\" src=\"https:\/\/www.valkiriasevents.com\/wp-content\/uploads\/2026\/02\/alquiler_carruaje_de_caballos_1-200x300.jpg\" srcset=\"https:\/\/www.valkiriasevents.com\/wp-content\/uploads\/2026\/02\/alquiler_carruaje_de_caballos_1-200x300.jpg 200w,https:\/\/www.valkiriasevents.com\/wp-content\/uploads\/2026\/02\/alquiler_carruaje_de_caballos_1-683x1024.jpg 683w,https:\/\/www.valkiriasevents.com\/wp-content\/uploads\/2026\/02\/alquiler_carruaje_de_caballos_1-scaled.jpg 1707w\" sizes=\"auto, 250px\"\/><\/a><div class=\"sgb-item-caption\"><em>Carriage ride in Vienna city center. Classic horse driven. Austria<\/em><\/div><\/div><div class=\"sgb-item\"><a href=\"https:\/\/www.valkiriasevents.com\/a-stylish-bride-with-a-bouquet-stands-near-a-carriage-in-nature-in-retro-style\/\" target=\"_blank\"><img decoding=\"async\" alt=\"la futura esposa con un carruaje de caballos\" width=\"300\" height=\"200\" loading=\"lazy\" src=\"https:\/\/www.valkiriasevents.com\/wp-content\/uploads\/2026\/02\/alquiler_carruaje_de_caballos_2-300x200.jpg\" srcset=\"https:\/\/www.valkiriasevents.com\/wp-content\/uploads\/2026\/02\/alquiler_carruaje_de_caballos_2-300x200.jpg 300w,https:\/\/www.valkiriasevents.com\/wp-content\/uploads\/2026\/02\/alquiler_carruaje_de_caballos_2-1024x683.jpg 1024w,https:\/\/www.valkiriasevents.com\/wp-content\/uploads\/2026\/02\/alquiler_carruaje_de_caballos_2-scaled.jpg 2560w\" sizes=\"auto, 250px\"\/><\/a><div class=\"sgb-item-caption\"><em>A stylish bride with a bouquet stands near a carriage in nature in retro style.<\/em><\/div><\/div><div class=\"sgb-item\"><a href=\"https:\/\/www.valkiriasevents.com\/whatsapp-image-2026-02-09-at-17-02-44-1\/\" target=\"_blank\"><img decoding=\"async\" alt=\"imagen de Carruaje de caballos en movimiento\" width=\"300\" height=\"166\" loading=\"lazy\" src=\"https:\/\/www.valkiriasevents.com\/wp-content\/uploads\/2026\/02\/WhatsApp-Image-2026-02-09-at-17.02.44-1-300x166.jpeg\" srcset=\"https:\/\/www.valkiriasevents.com\/wp-content\/uploads\/2026\/02\/WhatsApp-Image-2026-02-09-at-17.02.44-1-300x166.jpeg 300w,https:\/\/www.valkiriasevents.com\/wp-content\/uploads\/2026\/02\/WhatsApp-Image-2026-02-09-at-17.02.44-1.jpeg 918w\" sizes=\"auto, 250px\"\/><\/a><\/div><div class=\"sgb-item\"><a href=\"https:\/\/www.valkiriasevents.com\/whatsapp-image-2026-02-09-at-17-02-44\/\" target=\"_blank\"><img decoding=\"async\" alt=\"Carruaje de caballos parado\" width=\"300\" height=\"221\" loading=\"lazy\" src=\"https:\/\/www.valkiriasevents.com\/wp-content\/uploads\/2026\/02\/WhatsApp-Image-2026-02-09-at-17.02.44-300x221.jpeg\" srcset=\"https:\/\/www.valkiriasevents.com\/wp-content\/uploads\/2026\/02\/WhatsApp-Image-2026-02-09-at-17.02.44-300x221.jpeg 300w,https:\/\/www.valkiriasevents.com\/wp-content\/uploads\/2026\/02\/WhatsApp-Image-2026-02-09-at-17.02.44.jpeg 918w\" sizes=\"auto, 250px\"\/><\/a><\/div><\/div><\/noscript><\/div><script type=\"application\/json\" class=\"sgb-data\">{\"captions\":false,\"collectionThumbSubMenuDownload\":false,\"collectionThumbSubMenuShare\":false,\"galleryType\":\"pgc_sgb_grid\",\"galleryId\":\"8aa28111\",\"images\":[{\"id\":7695,\"title\":\"Traditional carriage ride. Vienna city center. Classic horse dri\",\"url\":\"https:\/\/www.valkiriasevents.com\/wp-content\/uploads\/2026\/02\/alquiler_carruaje_de_caballos_1-scaled.jpg\",\"link\":\"https:\/\/www.valkiriasevents.com\/traditional-carriage-ride-vienna-city-center-classic-horse-dri\/\",\"alt\":\"carruaje con 2 caballos blancos\",\"description\":\"\",\"caption\":\"Carriage ride in Vienna city center. Classic horse driven. Austria\",\"mime\":\"image\/jpeg\",\"type\":\"image\",\"width\":1707,\"height\":2560,\"sizes\":{\"thumbnail\":{\"height\":150,\"width\":150,\"url\":\"https:\/\/www.valkiriasevents.com\/wp-content\/uploads\/2026\/02\/alquiler_carruaje_de_caballos_1-150x150.jpg\",\"orientation\":\"landscape\"},\"medium\":{\"height\":300,\"width\":200,\"url\":\"https:\/\/www.valkiriasevents.com\/wp-content\/uploads\/2026\/02\/alquiler_carruaje_de_caballos_1-200x300.jpg\",\"orientation\":\"portrait\"},\"large\":{\"height\":1024,\"width\":683,\"url\":\"https:\/\/www.valkiriasevents.com\/wp-content\/uploads\/2026\/02\/alquiler_carruaje_de_caballos_1-683x1024.jpg\",\"orientation\":\"portrait\"},\"full\":{\"url\":\"https:\/\/www.valkiriasevents.com\/wp-content\/uploads\/2026\/02\/alquiler_carruaje_de_caballos_1-scaled.jpg\",\"height\":2560,\"width\":1707,\"orientation\":\"portrait\"}},\"imageMeta\":{\"aperture\":\"4\",\"credit\":\"\",\"camera\":\"Canon EOS-1Ds Mark III\",\"caption\":\"Carriage ride in Vienna city center. Classic horse driven. Austria\",\"created_timestamp\":\"1690376548\",\"copyright\":\"\",\"focal_length\":\"80\",\"iso\":\"100\",\"shutter_speed\":\"0.008\",\"title\":\"Traditional carriage ride. Vienna city center. Classic horse dri\",\"orientation\":\"1\",\"keywords\":[\"vienna\",\"tourism\",\"city\",\"austria\",\"carriage\",\"wien\",\"travel\",\"horses\",\"historic\",\"europe\",\"architecture\",\"street\",\"cab\",\"landmark\",\"culture\",\"austrian\",\"old\",\"historical\",\"white\",\"imperial\",\"riding\",\"animal\",\"vintage\",\"traditional\",\"town\",\"tradition\",\"palace\",\"transport\",\"coach\",\"cart\",\"tourist\",\"hofburg\",\"urban\",\"history\",\"square\",\"vehicle\",\"tour\",\"attraction\",\"transportation\",\"building\",\"fiaker\",\"capital\",\"royal\",\"horse-drawn\",\"ride\",\"holiday\",\"horse-driven\",\"sightseeing\",\"hackney\",\"classic\"]},\"meta\":false,\"postlink\":\"https:\/\/www.valkiriasevents.com\/traditional-carriage-ride-vienna-city-center-classic-horse-dri\/\"},{\"id\":7691,\"title\":\"A stylish bride with a bouquet stands near a carriage in nature in retro style\",\"url\":\"https:\/\/www.valkiriasevents.com\/wp-content\/uploads\/2026\/02\/alquiler_carruaje_de_caballos_2-scaled.jpg\",\"link\":\"https:\/\/www.valkiriasevents.com\/a-stylish-bride-with-a-bouquet-stands-near-a-carriage-in-nature-in-retro-style\/\",\"alt\":\"la futura esposa con un carruaje de caballos\",\"description\":\"\",\"caption\":\"A stylish bride with a bouquet stands near a carriage in nature in retro style.\",\"mime\":\"image\/jpeg\",\"type\":\"image\",\"width\":2560,\"height\":1707,\"sizes\":{\"thumbnail\":{\"height\":150,\"width\":150,\"url\":\"https:\/\/www.valkiriasevents.com\/wp-content\/uploads\/2026\/02\/alquiler_carruaje_de_caballos_2-150x150.jpg\",\"orientation\":\"landscape\"},\"medium\":{\"height\":200,\"width\":300,\"url\":\"https:\/\/www.valkiriasevents.com\/wp-content\/uploads\/2026\/02\/alquiler_carruaje_de_caballos_2-300x200.jpg\",\"orientation\":\"landscape\"},\"large\":{\"height\":683,\"width\":1024,\"url\":\"https:\/\/www.valkiriasevents.com\/wp-content\/uploads\/2026\/02\/alquiler_carruaje_de_caballos_2-1024x683.jpg\",\"orientation\":\"landscape\"},\"full\":{\"url\":\"https:\/\/www.valkiriasevents.com\/wp-content\/uploads\/2026\/02\/alquiler_carruaje_de_caballos_2-scaled.jpg\",\"height\":1707,\"width\":2560,\"orientation\":\"landscape\"}},\"imageMeta\":{\"aperture\":\"3.2\",\"credit\":\"\",\"camera\":\"X-T3\",\"caption\":\"A stylish bride with a bouquet stands near a carriage in nature in retro style.\",\"created_timestamp\":\"1625754478\",\"copyright\":\"\",\"focal_length\":\"56\",\"iso\":\"200\",\"shutter_speed\":\"0.004\",\"title\":\"A stylish bride with a bouquet stands near a carriage in nature in retro style\",\"orientation\":\"1\",\"keywords\":[\"one\",\"stand\",\"young\",\"retro\",\"style\",\"white\",\"romantic\",\"trip\",\"people\",\"outdoors\",\"nature\",\"married\",\"marriage\",\"bride\",\"sweetheart\",\"love\",\"wedding dress\",\"dress\",\"romance\",\"wedding\",\"walk\",\"decoration\",\"carriage\",\"newlyweds\",\"cart\",\"flowers\",\"bouquet\",\"day\",\"together\",\"wife\",\"summer\",\"beautiful\",\"magical\",\"portrait\",\"brunette\",\"moment\",\"woman\",\"cinderella\",\"fairy tale\",\"stylish\",\"veil\",\"happiness\",\"beauty\",\"transport\",\"happy\",\"vintage\"]},\"meta\":false,\"postlink\":\"https:\/\/www.valkiriasevents.com\/a-stylish-bride-with-a-bouquet-stands-near-a-carriage-in-nature-in-retro-style\/\"},{\"id\":7703,\"title\":\"Carruaje-1\",\"url\":\"https:\/\/www.valkiriasevents.com\/wp-content\/uploads\/2026\/02\/WhatsApp-Image-2026-02-09-at-17.02.44-1.jpeg\",\"link\":\"https:\/\/www.valkiriasevents.com\/whatsapp-image-2026-02-09-at-17-02-44-1\/\",\"alt\":\"imagen de Carruaje de caballos en movimiento\",\"description\":\"\",\"caption\":\"\",\"mime\":\"image\/jpeg\",\"type\":\"image\",\"width\":918,\"height\":509,\"sizes\":{\"thumbnail\":{\"height\":150,\"width\":150,\"url\":\"https:\/\/www.valkiriasevents.com\/wp-content\/uploads\/2026\/02\/WhatsApp-Image-2026-02-09-at-17.02.44-1-150x150.jpeg\",\"orientation\":\"landscape\"},\"medium\":{\"height\":166,\"width\":300,\"url\":\"https:\/\/www.valkiriasevents.com\/wp-content\/uploads\/2026\/02\/WhatsApp-Image-2026-02-09-at-17.02.44-1-300x166.jpeg\",\"orientation\":\"landscape\"},\"full\":{\"url\":\"https:\/\/www.valkiriasevents.com\/wp-content\/uploads\/2026\/02\/WhatsApp-Image-2026-02-09-at-17.02.44-1.jpeg\",\"height\":509,\"width\":918,\"orientation\":\"landscape\"}},\"imageMeta\":{\"aperture\":\"0\",\"credit\":\"\",\"camera\":\"\",\"caption\":\"\",\"created_timestamp\":\"0\",\"copyright\":\"\",\"focal_length\":\"0\",\"iso\":\"0\",\"shutter_speed\":\"0\",\"title\":\"\",\"orientation\":\"0\",\"keywords\":[]},\"meta\":false,\"postlink\":\"https:\/\/www.valkiriasevents.com\/whatsapp-image-2026-02-09-at-17-02-44-1\/\"},{\"id\":7699,\"title\":\"Carruaje-2\",\"url\":\"https:\/\/www.valkiriasevents.com\/wp-content\/uploads\/2026\/02\/WhatsApp-Image-2026-02-09-at-17.02.44.jpeg\",\"link\":\"https:\/\/www.valkiriasevents.com\/whatsapp-image-2026-02-09-at-17-02-44\/\",\"alt\":\"Carruaje de caballos parado\",\"description\":\"\",\"caption\":\"\",\"mime\":\"image\/jpeg\",\"type\":\"image\",\"width\":918,\"height\":676,\"sizes\":{\"thumbnail\":{\"height\":150,\"width\":150,\"url\":\"https:\/\/www.valkiriasevents.com\/wp-content\/uploads\/2026\/02\/WhatsApp-Image-2026-02-09-at-17.02.44-150x150.jpeg\",\"orientation\":\"landscape\"},\"medium\":{\"height\":221,\"width\":300,\"url\":\"https:\/\/www.valkiriasevents.com\/wp-content\/uploads\/2026\/02\/WhatsApp-Image-2026-02-09-at-17.02.44-300x221.jpeg\",\"orientation\":\"landscape\"},\"full\":{\"url\":\"https:\/\/www.valkiriasevents.com\/wp-content\/uploads\/2026\/02\/WhatsApp-Image-2026-02-09-at-17.02.44.jpeg\",\"height\":676,\"width\":918,\"orientation\":\"landscape\"}},\"imageMeta\":{\"aperture\":\"0\",\"credit\":\"\",\"camera\":\"\",\"caption\":\"\",\"created_timestamp\":\"0\",\"copyright\":\"\",\"focal_length\":\"0\",\"iso\":\"0\",\"shutter_speed\":\"0\",\"title\":\"\",\"orientation\":\"0\",\"keywords\":[]},\"meta\":false,\"postlink\":\"https:\/\/www.valkiriasevents.com\/whatsapp-image-2026-02-09-at-17-02-44\/\"}],\"useClobalSettings\":true,\"shareFacebook\":false,\"shareTwitter\":false,\"sharePinterest\":false,\"sliderItemDownload\":false,\"shareCopyLink\":false,\"itemsMetaDataCollection\":[]}<\/script><script>(function(){if(window.PGC_SGB && window.PGC_SGB.searcher){window.PGC_SGB.searcher.initBlocks()}})()<\/script><\/div>","protected":false},"excerpt":{"rendered":"<p>Carrosse hippomobile Un d\u00e9tail embl\u00e9matique qui transforme chaque \u00e9v\u00e9nement en une exp\u00e9rience inoubliable La cal\u00e8che tir\u00e9e par des chevaux apporte \u00e9l\u00e9gance, caract\u00e8re et un fort impact visuel, devenant un \u00e9l\u00e9ment unique pour les r\u00e9ceptions, billets sp\u00e9ciaux, s\u00e9ances photo ou activations th\u00e9matiques. Sa pr\u00e9sence \u00e9voque la tradition, le romantisme et le spectacle, cr\u00e9ant un moment qui [&hellip;]<\/p>\n","protected":false},"author":5,"featured_media":0,"parent":0,"menu_order":0,"comment_status":"closed","ping_status":"closed","template":"","meta":{"pgc_sgb_lightbox_settings":"","footnotes":""},"class_list":["post-8205","page","type-page","status-publish","hentry"],"blocksy_meta":[],"_links":{"self":[{"href":"https:\/\/www.valkiriasevents.com\/fr\/wp-json\/wp\/v2\/pages\/8205","targetHints":{"allow":["GET"]}}],"collection":[{"href":"https:\/\/www.valkiriasevents.com\/fr\/wp-json\/wp\/v2\/pages"}],"about":[{"href":"https:\/\/www.valkiriasevents.com\/fr\/wp-json\/wp\/v2\/types\/page"}],"author":[{"embeddable":true,"href":"https:\/\/www.valkiriasevents.com\/fr\/wp-json\/wp\/v2\/users\/5"}],"replies":[{"embeddable":true,"href":"https:\/\/www.valkiriasevents.com\/fr\/wp-json\/wp\/v2\/comments?post=8205"}],"version-history":[{"count":0,"href":"https:\/\/www.valkiriasevents.com\/fr\/wp-json\/wp\/v2\/pages\/8205\/revisions"}],"wp:attachment":[{"href":"https:\/\/www.valkiriasevents.com\/fr\/wp-json\/wp\/v2\/media?parent=8205"}],"curies":[{"name":"wp","href":"https:\/\/api.w.org\/{rel}","templated":true}]}}