{"id":6501,"date":"2025-12-21T10:25:17","date_gmt":"2025-12-21T09:25:17","guid":{"rendered":"https:\/\/www.valkiriasevents.com\/boda-ritual-celta\/"},"modified":"2025-12-21T10:25:17","modified_gmt":"2025-12-21T09:25:17","slug":"boda-ritual-celta","status":"publish","type":"page","link":"https:\/\/www.valkiriasevents.com\/fr\/boda-ritual-celta\/","title":{"rendered":"Mariage rituel celtique &#8211; Le lien des \u00e9l\u00e9ments"},"content":{"rendered":"\n<h1 class=\"wp-block-heading\" data-block-type=\"core\">Mariage rituel celtique | Lien avec la terre et spiritualit\u00e9<\/h1>\n\n\n\n<div class=\"wp-block-stackable-spacer stk-block-spacer stk--no-padding stk-block stk-b63d48e\" data-block-id=\"b63d48e\"><\/div>\n\n\n\n<p data-block-type=\"core\">Le celtique repr\u00e9sente l\u2019union spirituelle de deux personnes. Par des actes tels que le &nbsp;Le <em>handfasting<\/em> (attacher les mains des mari\u00e9s avec des rubans) ou l\u2019invocation des \u00e9l\u00e9ments, cr\u00e9e une connexion symbolique entre les \u00e9poux et la nature.<\/p>\n\n\n\n<div class=\"wp-block-stackable-spacer stk-block-spacer stk--no-padding stk-block stk-9fd1262\" data-block-id=\"9fd1262\"><style>.stk-9fd1262 {height:30px !important;}<\/style><\/div>\n\n\n\n<h2 class=\"wp-block-heading\" data-block-type=\"core\">Que comprend notre mariage rituel celtique ?<\/h2>\n\n\n\n<div class=\"wp-block-stackable-spacer stk-block-spacer stk--no-padding stk-block stk-e35ef81\" data-block-id=\"e35ef81\"><style>.stk-e35ef81 {height:10px !important;}<\/style><\/div>\n\n\n\n<p data-block-type=\"core\"><strong>Ritual del Handfasting<\/strong><\/p>\n\n\n\n<p data-block-type=\"core\">L\u2019union symbolique de vos mains par des cordons sacr\u00e9s, un rite qui symbolise l\u2019union de deux \u00e2mes en une seule.<\/p>\n\n\n\n<div class=\"wp-block-stackable-spacer stk-block-spacer stk--no-padding stk-block stk-a337a3b\" data-block-id=\"a337a3b\"><style>.stk-a337a3b {height:15px !important;}<\/style><\/div>\n\n\n\n<p data-block-type=\"core\"><strong>Brume et environnement forestier<\/strong><\/p>\n\n\n\n<p data-block-type=\"core\">D\u00e9coration bas\u00e9e sur des \u00e9l\u00e9ments primordiaux : bois noble, couronnes de fleurs sauvages, autels en pierre et lampe de torches.<\/p>\n\n\n\n<div class=\"wp-block-stackable-spacer stk-block-spacer stk--no-padding stk-block stk-5742f61\" data-block-id=\"5742f61\"><style>.stk-5742f61 {height:15px !important;}<\/style><\/div>\n\n\n\n<p data-block-type=\"core\"><strong>Clan Banquet<\/strong><\/p>\n\n\n\n<p data-block-type=\"core\">Une f\u00eate rustique et abondante, anim\u00e9e par la force des cornemuses, harpes et tambours qui \u00e9voquent l\u2019esprit des anc\u00eatres.<\/p>\n\n\n\n<div class=\"wp-block-stackable-spacer stk-block-spacer stk--no-padding stk-block stk-805a742\" data-block-id=\"805a742\"><style>.stk-805a742 {height:30px !important;}<\/style><\/div>\n\n\n\n<div class=\"wp-block-stackable-spacer stk-block-spacer stk--no-padding stk-block stk-894775e\" data-block-id=\"894775e\"><style>.stk-894775e {height:30px !important;}<\/style><\/div>\n\n\n\n<h2 class=\"wp-block-heading\" data-block-type=\"core\">Laisse-toi emporter par l\u2019esprit&#8230;<\/h2>\n\n\n\n<p data-block-type=\"core\">Retournez \u00e0 vos racines avec une c\u00e9r\u00e9monie qui honore la force de la nature et la sagesse des anciens. Sous le murmure des for\u00eats et l\u2019\u00e9cho des m\u00e9lodies anciennes, votre union est scell\u00e9e par des rituels qui transcendent le temps. Nous cr\u00e9ons une atmosph\u00e8re organique et puissante, o\u00f9 chaque pierre, chaque arc et chaque rune racontent une histoire d\u2019engagement \u00e9ternel.  <\/p>\n\n\n\n<div class=\"wp-block-stackable-spacer stk-block-spacer stk--no-padding stk-block stk-a6d02bc\" data-block-id=\"a6d02bc\"><style>.stk-a6d02bc {height:30px !important;}<\/style><\/div>\n\n\n<div class=\"pgc-sgb-cb wp-block-pgcsimplygalleryblock-masonry \" data-gallery-id=\"b7f00272\"><div class=\"sgb-preloader\" id=\"pr_b7f00272\">\n\t<div class=\"sgb-square\" style=\"background:#d4d4d4\"><\/div>\n\t<div class=\"sgb-square\" style=\"background:#d4d4d4\"><\/div>\n\t<div class=\"sgb-square\" style=\"background:#d4d4d4\"><\/div>\n\t<div class=\"sgb-square\" style=\"background:#d4d4d4\"><\/div><\/div><div class=\"simply-gallery-amp pgc_sgb_slider \"><noscript><div class=\"sgb-gallery\"><div class=\"sgb-item\"><a href=\"https:\/\/www.valkiriasevents.com\/boda-ritual-celta\/oip-2\/\" target=\"_blank\"><img decoding=\"async\" alt=\"Boda Ritual Celta\" width=\"300\" height=\"200\" loading=\"lazy\" src=\"https:\/\/www.valkiriasevents.com\/wp-content\/uploads\/2025\/12\/OIP-2-300x200.webp\" srcset=\"https:\/\/www.valkiriasevents.com\/wp-content\/uploads\/2025\/12\/OIP-2-300x200.webp 300w,https:\/\/www.valkiriasevents.com\/wp-content\/uploads\/2025\/12\/OIP-2.webp 474w\" sizes=\"auto, 250px\"\/><\/a><\/div><div class=\"sgb-item\"><a href=\"https:\/\/www.valkiriasevents.com\/boda-ritual-celta\/img-8814_3_179379-167750839897860\/\" target=\"_blank\"><img decoding=\"async\" alt=\"Boda tematizada Celta\" width=\"300\" height=\"200\" loading=\"lazy\" src=\"https:\/\/www.valkiriasevents.com\/wp-content\/uploads\/2025\/12\/img-8814_3_179379-167750839897860-300x200.jpeg\" srcset=\"https:\/\/www.valkiriasevents.com\/wp-content\/uploads\/2025\/12\/img-8814_3_179379-167750839897860-300x200.jpeg 300w,https:\/\/www.valkiriasevents.com\/wp-content\/uploads\/2025\/12\/img-8814_3_179379-167750839897860-1024x682.jpeg 1024w,https:\/\/www.valkiriasevents.com\/wp-content\/uploads\/2025\/12\/img-8814_3_179379-167750839897860.jpeg 1280w\" sizes=\"auto, 250px\"\/><\/a><\/div><div class=\"sgb-item\"><a href=\"https:\/\/www.valkiriasevents.com\/boda-ritual-celta\/f9bcf47bd6dde30d104d0c50f2ef7db5\/\" target=\"_blank\"><img decoding=\"async\" alt=\"Novia en Boda celta\" width=\"219\" height=\"300\" loading=\"lazy\" src=\"https:\/\/www.valkiriasevents.com\/wp-content\/uploads\/2025\/12\/f9bcf47bd6dde30d104d0c50f2ef7db5-219x300.jpg\" srcset=\"https:\/\/www.valkiriasevents.com\/wp-content\/uploads\/2025\/12\/f9bcf47bd6dde30d104d0c50f2ef7db5-219x300.jpg 219w,https:\/\/www.valkiriasevents.com\/wp-content\/uploads\/2025\/12\/f9bcf47bd6dde30d104d0c50f2ef7db5.jpg 605w\" sizes=\"auto, 250px\"\/><\/a><\/div><div class=\"sgb-item\"><a href=\"https:\/\/www.valkiriasevents.com\/boda-ritual-celta\/bodas-alternativas-barcelona-298_1_105548-157408107123863\/\" target=\"_blank\"><img decoding=\"async\" alt=\"Celebraci\u00f3n Boda Celta\" width=\"300\" height=\"200\" loading=\"lazy\" src=\"https:\/\/www.valkiriasevents.com\/wp-content\/uploads\/2025\/12\/bodas-alternativas-barcelona-298_1_105548-157408107123863-300x200.jpeg\" srcset=\"https:\/\/www.valkiriasevents.com\/wp-content\/uploads\/2025\/12\/bodas-alternativas-barcelona-298_1_105548-157408107123863-300x200.jpeg 300w,https:\/\/www.valkiriasevents.com\/wp-content\/uploads\/2025\/12\/bodas-alternativas-barcelona-298_1_105548-157408107123863-1024x683.jpeg 1024w,https:\/\/www.valkiriasevents.com\/wp-content\/uploads\/2025\/12\/bodas-alternativas-barcelona-298_1_105548-157408107123863.jpeg 1280w\" sizes=\"auto, 250px\"\/><\/a><\/div><div class=\"sgb-item\"><a href=\"https:\/\/www.valkiriasevents.com\/boda-ritual-celta\/stefcuapio-643\/\" target=\"_blank\"><img decoding=\"async\" alt=\"Ceremonia Boda Celta\" width=\"300\" height=\"200\" loading=\"lazy\" src=\"https:\/\/www.valkiriasevents.com\/wp-content\/uploads\/2025\/12\/StefCuapio-643-300x200.jpg\" srcset=\"https:\/\/www.valkiriasevents.com\/wp-content\/uploads\/2025\/12\/StefCuapio-643-300x200.jpg 300w,https:\/\/www.valkiriasevents.com\/wp-content\/uploads\/2025\/12\/StefCuapio-643.jpg 1024w\" sizes=\"auto, 250px\"\/><\/a><\/div><\/div><\/noscript><\/div><script type=\"application\/json\" class=\"sgb-data\">{\"galleryType\":\"pgc_sgb_masonry\",\"galleryId\":\"b7f00272\",\"images\":[{\"id\":5679,\"title\":\"OIP (2)\",\"url\":\"https:\/\/www.valkiriasevents.com\/wp-content\/uploads\/2025\/12\/OIP-2.webp\",\"link\":\"https:\/\/www.valkiriasevents.com\/boda-ritual-celta\/oip-2\/\",\"alt\":\"Boda Ritual Celta\",\"description\":\"\",\"caption\":\"\",\"mime\":\"image\/webp\",\"type\":\"image\",\"width\":474,\"height\":316,\"sizes\":{\"thumbnail\":{\"height\":150,\"width\":150,\"url\":\"https:\/\/www.valkiriasevents.com\/wp-content\/uploads\/2025\/12\/OIP-2-150x150.webp\",\"orientation\":\"landscape\"},\"medium\":{\"height\":200,\"width\":300,\"url\":\"https:\/\/www.valkiriasevents.com\/wp-content\/uploads\/2025\/12\/OIP-2-300x200.webp\",\"orientation\":\"landscape\"},\"full\":{\"url\":\"https:\/\/www.valkiriasevents.com\/wp-content\/uploads\/2025\/12\/OIP-2.webp\",\"height\":316,\"width\":474,\"orientation\":\"landscape\"}},\"imageMeta\":{\"aperture\":\"0\",\"credit\":\"\",\"camera\":\"\",\"caption\":\"\",\"created_timestamp\":\"0\",\"copyright\":\"\",\"focal_length\":\"0\",\"iso\":\"0\",\"shutter_speed\":\"0\",\"title\":\"\",\"orientation\":\"0\",\"keywords\":[]},\"meta\":false,\"postlink\":\"https:\/\/www.valkiriasevents.com\/boda-ritual-celta\/oip-2\/\"},{\"id\":5677,\"title\":\"img-8814_3_179379-167750839897860\",\"url\":\"https:\/\/www.valkiriasevents.com\/wp-content\/uploads\/2025\/12\/img-8814_3_179379-167750839897860.jpeg\",\"link\":\"https:\/\/www.valkiriasevents.com\/boda-ritual-celta\/img-8814_3_179379-167750839897860\/\",\"alt\":\"Boda tematizada Celta\",\"description\":\"\",\"caption\":\"\",\"mime\":\"image\/jpeg\",\"type\":\"image\",\"width\":1280,\"height\":853,\"sizes\":{\"thumbnail\":{\"height\":150,\"width\":150,\"url\":\"https:\/\/www.valkiriasevents.com\/wp-content\/uploads\/2025\/12\/img-8814_3_179379-167750839897860-150x150.jpeg\",\"orientation\":\"landscape\"},\"medium\":{\"height\":200,\"width\":300,\"url\":\"https:\/\/www.valkiriasevents.com\/wp-content\/uploads\/2025\/12\/img-8814_3_179379-167750839897860-300x200.jpeg\",\"orientation\":\"landscape\"},\"large\":{\"height\":682,\"width\":1024,\"url\":\"https:\/\/www.valkiriasevents.com\/wp-content\/uploads\/2025\/12\/img-8814_3_179379-167750839897860-1024x682.jpeg\",\"orientation\":\"landscape\"},\"full\":{\"url\":\"https:\/\/www.valkiriasevents.com\/wp-content\/uploads\/2025\/12\/img-8814_3_179379-167750839897860.jpeg\",\"height\":853,\"width\":1280,\"orientation\":\"landscape\"}},\"imageMeta\":{\"aperture\":\"0\",\"credit\":\"\",\"camera\":\"\",\"caption\":\"\",\"created_timestamp\":\"0\",\"copyright\":\"\",\"focal_length\":\"0\",\"iso\":\"0\",\"shutter_speed\":\"0\",\"title\":\"\",\"orientation\":\"0\",\"keywords\":[]},\"meta\":false,\"postlink\":\"https:\/\/www.valkiriasevents.com\/boda-ritual-celta\/img-8814_3_179379-167750839897860\/\"},{\"id\":5673,\"title\":\"f9bcf47bd6dde30d104d0c50f2ef7db5\",\"url\":\"https:\/\/www.valkiriasevents.com\/wp-content\/uploads\/2025\/12\/f9bcf47bd6dde30d104d0c50f2ef7db5.jpg\",\"link\":\"https:\/\/www.valkiriasevents.com\/boda-ritual-celta\/f9bcf47bd6dde30d104d0c50f2ef7db5\/\",\"alt\":\"Novia en Boda celta\",\"description\":\"\",\"caption\":\"\",\"mime\":\"image\/jpeg\",\"type\":\"image\",\"width\":605,\"height\":829,\"sizes\":{\"thumbnail\":{\"height\":150,\"width\":150,\"url\":\"https:\/\/www.valkiriasevents.com\/wp-content\/uploads\/2025\/12\/f9bcf47bd6dde30d104d0c50f2ef7db5-150x150.jpg\",\"orientation\":\"landscape\"},\"medium\":{\"height\":300,\"width\":219,\"url\":\"https:\/\/www.valkiriasevents.com\/wp-content\/uploads\/2025\/12\/f9bcf47bd6dde30d104d0c50f2ef7db5-219x300.jpg\",\"orientation\":\"portrait\"},\"full\":{\"url\":\"https:\/\/www.valkiriasevents.com\/wp-content\/uploads\/2025\/12\/f9bcf47bd6dde30d104d0c50f2ef7db5.jpg\",\"height\":829,\"width\":605,\"orientation\":\"portrait\"}},\"imageMeta\":{\"aperture\":\"0\",\"credit\":\"\",\"camera\":\"\",\"caption\":\"\",\"created_timestamp\":\"0\",\"copyright\":\"\",\"focal_length\":\"0\",\"iso\":\"0\",\"shutter_speed\":\"0\",\"title\":\"\",\"orientation\":\"0\",\"keywords\":[]},\"meta\":false,\"postlink\":\"https:\/\/www.valkiriasevents.com\/boda-ritual-celta\/f9bcf47bd6dde30d104d0c50f2ef7db5\/\"},{\"id\":5675,\"title\":\"bodas-alternativas-barcelona-298_1_105548-157408107123863\",\"url\":\"https:\/\/www.valkiriasevents.com\/wp-content\/uploads\/2025\/12\/bodas-alternativas-barcelona-298_1_105548-157408107123863.jpeg\",\"link\":\"https:\/\/www.valkiriasevents.com\/boda-ritual-celta\/bodas-alternativas-barcelona-298_1_105548-157408107123863\/\",\"alt\":\"Celebraci\u00f3n Boda Celta\",\"description\":\"\",\"caption\":\"\",\"mime\":\"image\/jpeg\",\"type\":\"image\",\"width\":1280,\"height\":854,\"sizes\":{\"thumbnail\":{\"height\":150,\"width\":150,\"url\":\"https:\/\/www.valkiriasevents.com\/wp-content\/uploads\/2025\/12\/bodas-alternativas-barcelona-298_1_105548-157408107123863-150x150.jpeg\",\"orientation\":\"landscape\"},\"medium\":{\"height\":200,\"width\":300,\"url\":\"https:\/\/www.valkiriasevents.com\/wp-content\/uploads\/2025\/12\/bodas-alternativas-barcelona-298_1_105548-157408107123863-300x200.jpeg\",\"orientation\":\"landscape\"},\"large\":{\"height\":683,\"width\":1024,\"url\":\"https:\/\/www.valkiriasevents.com\/wp-content\/uploads\/2025\/12\/bodas-alternativas-barcelona-298_1_105548-157408107123863-1024x683.jpeg\",\"orientation\":\"landscape\"},\"full\":{\"url\":\"https:\/\/www.valkiriasevents.com\/wp-content\/uploads\/2025\/12\/bodas-alternativas-barcelona-298_1_105548-157408107123863.jpeg\",\"height\":854,\"width\":1280,\"orientation\":\"landscape\"}},\"imageMeta\":{\"aperture\":\"0\",\"credit\":\"\",\"camera\":\"\",\"caption\":\"\",\"created_timestamp\":\"0\",\"copyright\":\"\",\"focal_length\":\"0\",\"iso\":\"0\",\"shutter_speed\":\"0\",\"title\":\"\",\"orientation\":\"0\",\"keywords\":[]},\"meta\":false,\"postlink\":\"https:\/\/www.valkiriasevents.com\/boda-ritual-celta\/bodas-alternativas-barcelona-298_1_105548-157408107123863\/\"},{\"id\":5671,\"title\":\"StefCuapio-643\",\"url\":\"https:\/\/www.valkiriasevents.com\/wp-content\/uploads\/2025\/12\/StefCuapio-643.jpg\",\"link\":\"https:\/\/www.valkiriasevents.com\/boda-ritual-celta\/stefcuapio-643\/\",\"alt\":\"Ceremonia Boda Celta\",\"description\":\"\",\"caption\":\"\",\"mime\":\"image\/jpeg\",\"type\":\"image\",\"width\":1024,\"height\":684,\"sizes\":{\"thumbnail\":{\"height\":150,\"width\":150,\"url\":\"https:\/\/www.valkiriasevents.com\/wp-content\/uploads\/2025\/12\/StefCuapio-643-150x150.jpg\",\"orientation\":\"landscape\"},\"medium\":{\"height\":200,\"width\":300,\"url\":\"https:\/\/www.valkiriasevents.com\/wp-content\/uploads\/2025\/12\/StefCuapio-643-300x200.jpg\",\"orientation\":\"landscape\"},\"full\":{\"url\":\"https:\/\/www.valkiriasevents.com\/wp-content\/uploads\/2025\/12\/StefCuapio-643.jpg\",\"height\":684,\"width\":1024,\"orientation\":\"landscape\"}},\"imageMeta\":{\"aperture\":\"0\",\"credit\":\"\",\"camera\":\"\",\"caption\":\"\",\"created_timestamp\":\"0\",\"copyright\":\"\",\"focal_length\":\"0\",\"iso\":\"0\",\"shutter_speed\":\"0\",\"title\":\"\",\"orientation\":\"1\",\"keywords\":[]},\"meta\":false,\"postlink\":\"https:\/\/www.valkiriasevents.com\/boda-ritual-celta\/stefcuapio-643\/\"}],\"itemsMetaDataCollection\":[]}<\/script><script>(function(){if(window.PGC_SGB && window.PGC_SGB.searcher){window.PGC_SGB.searcher.initBlocks()}})()<\/script><\/div>","protected":false},"excerpt":{"rendered":"<p>Mariage rituel celtique | Lien avec la terre et spiritualit\u00e9 Le celtique repr\u00e9sente l\u2019union spirituelle de deux personnes. Par des actes tels que le &nbsp;Le handfasting (attacher les mains des mari\u00e9s avec des rubans) ou l\u2019invocation des \u00e9l\u00e9ments, cr\u00e9e une connexion symbolique entre les \u00e9poux et la nature. Que comprend notre mariage rituel celtique ? [&hellip;]<\/p>\n","protected":false},"author":6,"featured_media":0,"parent":0,"menu_order":0,"comment_status":"closed","ping_status":"closed","template":"","meta":{"pgc_sgb_lightbox_settings":"","footnotes":""},"class_list":["post-6501","page","type-page","status-publish","hentry"],"blocksy_meta":[],"_links":{"self":[{"href":"https:\/\/www.valkiriasevents.com\/fr\/wp-json\/wp\/v2\/pages\/6501","targetHints":{"allow":["GET"]}}],"collection":[{"href":"https:\/\/www.valkiriasevents.com\/fr\/wp-json\/wp\/v2\/pages"}],"about":[{"href":"https:\/\/www.valkiriasevents.com\/fr\/wp-json\/wp\/v2\/types\/page"}],"author":[{"embeddable":true,"href":"https:\/\/www.valkiriasevents.com\/fr\/wp-json\/wp\/v2\/users\/6"}],"replies":[{"embeddable":true,"href":"https:\/\/www.valkiriasevents.com\/fr\/wp-json\/wp\/v2\/comments?post=6501"}],"version-history":[{"count":0,"href":"https:\/\/www.valkiriasevents.com\/fr\/wp-json\/wp\/v2\/pages\/6501\/revisions"}],"wp:attachment":[{"href":"https:\/\/www.valkiriasevents.com\/fr\/wp-json\/wp\/v2\/media?parent=6501"}],"curies":[{"name":"wp","href":"https:\/\/api.w.org\/{rel}","templated":true}]}}