{"id":6432,"date":"2025-07-29T10:25:04","date_gmt":"2025-07-29T09:25:04","guid":{"rendered":"https:\/\/www.valkiriasevents.com\/tiro-de-hachas\/"},"modified":"2026-03-02T16:08:23","modified_gmt":"2026-03-02T15:08:23","slug":"tiro-de-hachas","status":"publish","type":"page","link":"https:\/\/www.valkiriasevents.com\/fr\/tiro-de-hachas\/","title":{"rendered":"Tir \u00e0 la hache : adr\u00e9naline, pr\u00e9cision et esprit d\u2019\u00e9quipe"},"content":{"rendered":"\n<div class=\"wp-block-stackable-heading stk-block-heading stk-block-heading--v2 stk-block stk-d594cf7\" id=\"tiro-de-hachas-adrenalina-punteria-y-espiritu-de-equipo\" data-block-id=\"d594cf7\"><h1 class=\"stk-block-heading__text\">Tir \u00e0 la hache : adr\u00e9naline, pr\u00e9cision et esprit d\u2019\u00e9quipe<\/h1><\/div>\n\n\n\n<p data-block-type=\"core\">Rel\u00e2che la tension, \u00e9veille ton instinct et montre ta vis\u00e9e !<br>Le lancer de hache est une exp\u00e9rience passionnante et s\u00fbre que nous proposons pour les \u00e9v\u00e9nements d\u2019entreprise, les team building et les c\u00e9l\u00e9brations priv\u00e9es.<\/p>\n\n\n\n<p data-block-type=\"core\">Nous transformons n\u2019importe quel espace en un v\u00e9ritable champ de bataille nordique, o\u00f9 vos invit\u00e9s peuvent lancer des haches professionnelles sous la supervision de moniteurs sp\u00e9cialis\u00e9s.<\/p>\n\n\n\n<div class=\"wp-block-stackable-spacer stk-block-spacer stk--no-padding stk-block stk-4656672\" data-block-id=\"4656672\"><style>.stk-4656672 {height:10px !important;}<\/style><\/div>\n\n\n\n<div class=\"wp-block-stackable-spacer stk-block-spacer stk--no-padding stk-block stk-594f67c\" data-block-id=\"594f67c\"><style>.stk-594f67c {height:10px !important;}<\/style><\/div>\n\n\n\n<h3 class=\"wp-block-heading\" data-block-type=\"core\">Que comprend cette activit\u00e9 ?<\/h3>\n\n\n\n<ul class=\"wp-block-list\" data-block-type=\"core\">\n<li data-block-type=\"core\">Haches de tir sportives <strong>professionnelles<\/strong><\/li>\n\n\n\n<li data-block-type=\"core\"><strong>Cibles robustes<\/strong> avec score<\/li>\n\n\n\n<li data-block-type=\"core\"><strong>Instructeur expert<\/strong> pour l\u2019enseignement, la s\u00e9curit\u00e9 et le jeu<\/li>\n\n\n\n<li data-block-type=\"core\"><strong>Structure s\u00fbre et portable<\/strong> pour ventiler \u00e0 l\u2019ext\u00e9rieur ou \u00e0 l\u2019int\u00e9rieur<\/li>\n\n\n\n<li data-block-type=\"core\"><strong>Comp\u00e9tition par \u00e9quipe<\/strong> et prix symboliques<\/li>\n<\/ul>\n\n\n\n<div class=\"wp-block-stackable-spacer stk-block-spacer stk--no-padding stk-block stk-c56e7c6\" data-block-id=\"c56e7c6\"><style>.stk-c56e7c6 {height:10px !important;}<\/style><\/div>\n\n\n\n<div class=\"wp-block-stackable-spacer stk-block-spacer stk--no-padding stk-block stk-a8a056c\" data-block-id=\"a8a056c\"><style>.stk-a8a056c {height:10px !important;}<\/style><\/div>\n\n\n\n<h3 class=\"wp-block-heading\" data-block-type=\"core\">Pourquoi choisir le lancer de hache ?<\/h3>\n\n\n\n<ul class=\"wp-block-list\" data-block-type=\"core\">\n<li data-block-type=\"core\">Dynamique, amusant et hors du commun<\/li>\n\n\n\n<li data-block-type=\"core\">Id\u00e9al pour brise-glace et favoriser la coh\u00e9sion<\/li>\n\n\n\n<li data-block-type=\"core\">100 % s\u00fbr et adapt\u00e9 \u00e0 tous les niveaux<\/li>\n\n\n\n<li data-block-type=\"core\">Peut \u00eatre int\u00e9gr\u00e9 dans des th\u00e8mes vikings, m\u00e9di\u00e9vaux ou d\u2019aventure<\/li>\n<\/ul>\n\n\n\n<div class=\"wp-block-stackable-spacer stk-block-spacer stk--no-padding stk-block stk-8ae780d\" data-block-id=\"8ae780d\"><style>.stk-8ae780d {height:10px !important;}<\/style><\/div>\n\n\n\n<hr class=\"wp-block-separator has-alpha-channel-opacity\" data-block-type=\"core\">\n\n\n\n<div class=\"wp-block-stackable-spacer stk-block-spacer stk--no-padding stk-block stk-8dec451\" data-block-id=\"8dec451\"><style>.stk-8dec451 {height:10px !important;}<\/style><\/div>\n\n\n\n<h3 class=\"wp-block-heading\" data-block-type=\"core\">Id\u00e9al pour :<\/h3>\n\n\n\n<ul class=\"wp-block-list\" data-block-type=\"core\">\n<li data-block-type=\"core\">\u00c9v\u00e9nements d\u2019entreprise<\/li>\n\n\n\n<li data-block-type=\"core\">Construction th\u00e9matique de l\u2019\u00e9quipe<\/li>\n\n\n\n<li data-block-type=\"core\">Parties priv\u00e9es<\/li>\n\n\n\n<li data-block-type=\"core\">Enterrements de vie de gar\u00e7on<\/li>\n\n\n\n<li data-block-type=\"core\">Foires et festivals<\/li>\n<\/ul>\n\n\n\n<div class=\"wp-block-group is-nowrap is-layout-flex wp-container-core-group-is-layout-6c531013 wp-block-group-is-layout-flex\" data-block-type=\"core\">\n<div class=\"wp-block-group is-layout-constrained wp-block-group-is-layout-constrained\" data-block-type=\"core\">\n<div class=\"wp-block-group is-layout-constrained wp-block-group-is-layout-constrained\" data-block-type=\"core\">\n<div class=\"wp-block-group is-layout-grid wp-container-core-group-is-layout-478b6e6b wp-block-group-is-layout-grid\" data-block-type=\"core\">\n<figure class=\"wp-block-gallery has-nested-images columns-default is-cropped wp-block-gallery-1 is-layout-flex wp-block-gallery-is-layout-flex\" data-block-type=\"core\">\n<figure class=\"wp-block-image size-large\" data-block-type=\"core\"><img loading=\"lazy\" decoding=\"async\" width=\"768\" height=\"1024\" data-id=\"2837\" src=\"https:\/\/www.valkiriasevents.com\/wp-content\/uploads\/2025\/07\/american_cup_barcelona_axe_club-768x1024.jpg\" alt=\"\" class=\"wp-image-2837\" srcset=\"https:\/\/www.valkiriasevents.com\/wp-content\/uploads\/2025\/07\/american_cup_barcelona_axe_club-768x1024.jpg 768w, https:\/\/www.valkiriasevents.com\/wp-content\/uploads\/2025\/07\/american_cup_barcelona_axe_club-225x300.jpg 225w, https:\/\/www.valkiriasevents.com\/wp-content\/uploads\/2025\/07\/american_cup_barcelona_axe_club-1152x1536.jpg 1152w, https:\/\/www.valkiriasevents.com\/wp-content\/uploads\/2025\/07\/american_cup_barcelona_axe_club-1536x2048.jpg 1536w, https:\/\/www.valkiriasevents.com\/wp-content\/uploads\/2025\/07\/american_cup_barcelona_axe_club-scaled.jpg 1920w\" sizes=\"auto, (max-width: 768px) 100vw, 768px\" \/><\/figure>\n\n\n\n<figure class=\"wp-block-image size-large\" data-block-type=\"core\"><img loading=\"lazy\" decoding=\"async\" width=\"771\" height=\"1024\" data-id=\"5032\" src=\"https:\/\/www.valkiriasevents.com\/wp-content\/uploads\/2025\/12\/tiro_hachas_teambuilding-771x1024.jpg\" alt=\"\" class=\"wp-image-5032\" srcset=\"https:\/\/www.valkiriasevents.com\/wp-content\/uploads\/2025\/12\/tiro_hachas_teambuilding-771x1024.jpg 771w, https:\/\/www.valkiriasevents.com\/wp-content\/uploads\/2025\/12\/tiro_hachas_teambuilding-226x300.jpg 226w, https:\/\/www.valkiriasevents.com\/wp-content\/uploads\/2025\/12\/tiro_hachas_teambuilding-768x1020.jpg 768w, https:\/\/www.valkiriasevents.com\/wp-content\/uploads\/2025\/12\/tiro_hachas_teambuilding-1157x1536.jpg 1157w, https:\/\/www.valkiriasevents.com\/wp-content\/uploads\/2025\/12\/tiro_hachas_teambuilding-1542x2048.jpg 1542w, https:\/\/www.valkiriasevents.com\/wp-content\/uploads\/2025\/12\/tiro_hachas_teambuilding-scaled.jpg 1928w\" sizes=\"auto, (max-width: 771px) 100vw, 771px\" \/><\/figure>\n\n\n\n<figure class=\"wp-block-image size-large\" data-block-type=\"core\"><img loading=\"lazy\" decoding=\"async\" width=\"771\" height=\"1024\" data-id=\"5028\" src=\"https:\/\/www.valkiriasevents.com\/wp-content\/uploads\/2025\/12\/tiro_hachas_barcelona-771x1024.jpg\" alt=\"\" class=\"wp-image-5028\" srcset=\"https:\/\/www.valkiriasevents.com\/wp-content\/uploads\/2025\/12\/tiro_hachas_barcelona-771x1024.jpg 771w, https:\/\/www.valkiriasevents.com\/wp-content\/uploads\/2025\/12\/tiro_hachas_barcelona-226x300.jpg 226w, https:\/\/www.valkiriasevents.com\/wp-content\/uploads\/2025\/12\/tiro_hachas_barcelona-768x1020.jpg 768w, https:\/\/www.valkiriasevents.com\/wp-content\/uploads\/2025\/12\/tiro_hachas_barcelona-1157x1536.jpg 1157w, https:\/\/www.valkiriasevents.com\/wp-content\/uploads\/2025\/12\/tiro_hachas_barcelona-1542x2048.jpg 1542w, https:\/\/www.valkiriasevents.com\/wp-content\/uploads\/2025\/12\/tiro_hachas_barcelona-scaled.jpg 1928w\" sizes=\"auto, (max-width: 771px) 100vw, 771px\" \/><\/figure>\n\n\n\n<figure class=\"wp-block-image size-large\" data-block-type=\"core\"><img loading=\"lazy\" decoding=\"async\" width=\"771\" height=\"1024\" data-id=\"5030\" src=\"https:\/\/www.valkiriasevents.com\/wp-content\/uploads\/2025\/12\/tiro_hachas_madrid-771x1024.jpg\" alt=\"\" class=\"wp-image-5030\" srcset=\"https:\/\/www.valkiriasevents.com\/wp-content\/uploads\/2025\/12\/tiro_hachas_madrid-771x1024.jpg 771w, https:\/\/www.valkiriasevents.com\/wp-content\/uploads\/2025\/12\/tiro_hachas_madrid-226x300.jpg 226w, https:\/\/www.valkiriasevents.com\/wp-content\/uploads\/2025\/12\/tiro_hachas_madrid-768x1020.jpg 768w, https:\/\/www.valkiriasevents.com\/wp-content\/uploads\/2025\/12\/tiro_hachas_madrid-1157x1536.jpg 1157w, https:\/\/www.valkiriasevents.com\/wp-content\/uploads\/2025\/12\/tiro_hachas_madrid-1542x2048.jpg 1542w, https:\/\/www.valkiriasevents.com\/wp-content\/uploads\/2025\/12\/tiro_hachas_madrid-scaled.jpg 1928w\" sizes=\"auto, (max-width: 771px) 100vw, 771px\" \/><\/figure>\n\n\n\n<figure class=\"wp-block-image size-large\" data-block-type=\"core\"><img loading=\"lazy\" decoding=\"async\" width=\"771\" height=\"1024\" data-id=\"5026\" src=\"https:\/\/www.valkiriasevents.com\/wp-content\/uploads\/2025\/12\/tiro_de_hachas_madrid-771x1024.jpg\" alt=\"\" class=\"wp-image-5026\" srcset=\"https:\/\/www.valkiriasevents.com\/wp-content\/uploads\/2025\/12\/tiro_de_hachas_madrid-771x1024.jpg 771w, https:\/\/www.valkiriasevents.com\/wp-content\/uploads\/2025\/12\/tiro_de_hachas_madrid-226x300.jpg 226w, https:\/\/www.valkiriasevents.com\/wp-content\/uploads\/2025\/12\/tiro_de_hachas_madrid-768x1020.jpg 768w, https:\/\/www.valkiriasevents.com\/wp-content\/uploads\/2025\/12\/tiro_de_hachas_madrid-1157x1536.jpg 1157w, https:\/\/www.valkiriasevents.com\/wp-content\/uploads\/2025\/12\/tiro_de_hachas_madrid-1542x2048.jpg 1542w, https:\/\/www.valkiriasevents.com\/wp-content\/uploads\/2025\/12\/tiro_de_hachas_madrid-scaled.jpg 1928w\" sizes=\"auto, (max-width: 771px) 100vw, 771px\" \/><\/figure>\n\n\n\n<figure class=\"wp-block-image size-large\" data-block-type=\"core\"><img loading=\"lazy\" decoding=\"async\" width=\"771\" height=\"1024\" data-id=\"5024\" src=\"https:\/\/www.valkiriasevents.com\/wp-content\/uploads\/2025\/12\/tiro_de_hachas_barcelona-771x1024.jpg\" alt=\"\" class=\"wp-image-5024\" srcset=\"https:\/\/www.valkiriasevents.com\/wp-content\/uploads\/2025\/12\/tiro_de_hachas_barcelona-771x1024.jpg 771w, https:\/\/www.valkiriasevents.com\/wp-content\/uploads\/2025\/12\/tiro_de_hachas_barcelona-226x300.jpg 226w, https:\/\/www.valkiriasevents.com\/wp-content\/uploads\/2025\/12\/tiro_de_hachas_barcelona-768x1020.jpg 768w, https:\/\/www.valkiriasevents.com\/wp-content\/uploads\/2025\/12\/tiro_de_hachas_barcelona-1157x1536.jpg 1157w, https:\/\/www.valkiriasevents.com\/wp-content\/uploads\/2025\/12\/tiro_de_hachas_barcelona-1542x2048.jpg 1542w, https:\/\/www.valkiriasevents.com\/wp-content\/uploads\/2025\/12\/tiro_de_hachas_barcelona-scaled.jpg 1928w\" sizes=\"auto, (max-width: 771px) 100vw, 771px\" \/><\/figure>\n\n\n\n<figure class=\"wp-block-image size-large\" data-block-type=\"core\"><img loading=\"lazy\" decoding=\"async\" width=\"771\" height=\"1024\" data-id=\"5020\" src=\"https:\/\/www.valkiriasevents.com\/wp-content\/uploads\/2025\/12\/tiro_con_hachas_barcelona-771x1024.jpg\" alt=\"\" class=\"wp-image-5020\" srcset=\"https:\/\/www.valkiriasevents.com\/wp-content\/uploads\/2025\/12\/tiro_con_hachas_barcelona-771x1024.jpg 771w, https:\/\/www.valkiriasevents.com\/wp-content\/uploads\/2025\/12\/tiro_con_hachas_barcelona-226x300.jpg 226w, https:\/\/www.valkiriasevents.com\/wp-content\/uploads\/2025\/12\/tiro_con_hachas_barcelona-768x1021.jpg 768w, https:\/\/www.valkiriasevents.com\/wp-content\/uploads\/2025\/12\/tiro_con_hachas_barcelona-1156x1536.jpg 1156w, https:\/\/www.valkiriasevents.com\/wp-content\/uploads\/2025\/12\/tiro_con_hachas_barcelona.jpg 1204w\" sizes=\"auto, (max-width: 771px) 100vw, 771px\" \/><\/figure>\n<\/figure>\n<\/div>\n<\/div>\n<\/div>\n\n\n\n<hr class=\"wp-block-separator has-alpha-channel-opacity\" data-block-type=\"core\">\n<\/div>\n\n\n\n<p data-block-type=\"core\"><\/p>\n","protected":false},"excerpt":{"rendered":"<p>Tir \u00e0 la hache : adr\u00e9naline, pr\u00e9cision et esprit d\u2019\u00e9quipe Rel\u00e2che la tension, \u00e9veille ton instinct et montre ta vis\u00e9e !Le lancer de hache est une exp\u00e9rience passionnante et s\u00fbre que nous proposons pour les \u00e9v\u00e9nements d\u2019entreprise, les team building et les c\u00e9l\u00e9brations priv\u00e9es. Nous transformons n\u2019importe quel espace en un v\u00e9ritable champ de bataille [&hellip;]<\/p>\n","protected":false},"author":1,"featured_media":0,"parent":0,"menu_order":0,"comment_status":"closed","ping_status":"closed","template":"","meta":{"pgc_sgb_lightbox_settings":"","footnotes":""},"class_list":["post-6432","page","type-page","status-publish","hentry"],"blocksy_meta":[],"_links":{"self":[{"href":"https:\/\/www.valkiriasevents.com\/fr\/wp-json\/wp\/v2\/pages\/6432","targetHints":{"allow":["GET"]}}],"collection":[{"href":"https:\/\/www.valkiriasevents.com\/fr\/wp-json\/wp\/v2\/pages"}],"about":[{"href":"https:\/\/www.valkiriasevents.com\/fr\/wp-json\/wp\/v2\/types\/page"}],"author":[{"embeddable":true,"href":"https:\/\/www.valkiriasevents.com\/fr\/wp-json\/wp\/v2\/users\/1"}],"replies":[{"embeddable":true,"href":"https:\/\/www.valkiriasevents.com\/fr\/wp-json\/wp\/v2\/comments?post=6432"}],"version-history":[{"count":1,"href":"https:\/\/www.valkiriasevents.com\/fr\/wp-json\/wp\/v2\/pages\/6432\/revisions"}],"predecessor-version":[{"id":8252,"href":"https:\/\/www.valkiriasevents.com\/fr\/wp-json\/wp\/v2\/pages\/6432\/revisions\/8252"}],"wp:attachment":[{"href":"https:\/\/www.valkiriasevents.com\/fr\/wp-json\/wp\/v2\/media?parent=6432"}],"curies":[{"name":"wp","href":"https:\/\/api.w.org\/{rel}","templated":true}]}}