{"id":6378,"date":"2025-07-30T08:05:01","date_gmt":"2025-07-30T07:05:01","guid":{"rendered":"https:\/\/www.valkiriasevents.com\/team-building-casiono\/"},"modified":"2025-07-30T08:05:01","modified_gmt":"2025-07-30T07:05:01","slug":"team-building-casiono","status":"publish","type":"page","link":"https:\/\/www.valkiriasevents.com\/fr\/team-building-casiono\/","title":{"rendered":"Construction d\u2019\u00e9quipe style casino | Pariez sur le plaisir et la strat\u00e9gie"},"content":{"rendered":"\n<p data-block-type=\"core\">Chez <strong>Valkirias Events<\/strong> , nous transformons votre journ\u00e9e de travail en une <strong>exp\u00e9rience \u00e0 haut risque \u00e9motionnel&#8230; Et du plaisir garanti<\/strong>. Notre <strong>team building de style casino<\/strong> est bien plus qu\u2019un simple jeu pour des jetons : c\u2019est une activit\u00e9 pittoresque, comp\u00e9titive et \u00e9l\u00e9gante qui renforce les liens, encourage la strat\u00e9gie et r\u00e9veille le c\u00f4t\u00e9 le plus audacieux de chaque \u00e9quipe. <\/p>\n\n\n\n<p data-block-type=\"core\">Nous vous invitons dans un univers de <strong>lumi\u00e8res, de jeu, de glamour et de tension ma\u00eetris\u00e9e<\/strong>, o\u00f9 les participants deviennent les protagonistes d\u2019une soir\u00e9e dans le style le plus pur <em>de Las Vegas<\/em> ou <em>Casino Royale<\/em>.<\/p>\n\n\n\n<hr class=\"wp-block-separator has-alpha-channel-opacity\" data-block-type=\"core\">\n\n\n\n<h3 class=\"wp-block-heading\" data-block-type=\"core\">\ud83d\udcbc Id\u00e9al pour les entreprises recherchant :<\/h3>\n\n\n\n<ul class=\"wp-block-list\" data-block-type=\"core\">\n<li data-block-type=\"core\">Favoriser la <strong>coh\u00e9sion d\u2019\u00e9quipe<\/strong> dans un environnement amusant et sophistiqu\u00e9<\/li>\n\n\n\n<li data-block-type=\"core\">Offrant une alternative originale aux dynamiques traditionnelles<\/li>\n\n\n\n<li data-block-type=\"core\">C\u00e9l\u00e9brez un <strong>d\u00eener d\u2019entreprise ou un \u00e9v\u00e9nement d\u2019entreprise<\/strong> avec une touche exclusive<\/li>\n\n\n\n<li data-block-type=\"core\">Cr\u00e9ez des moments m\u00e9morables dans un environnement d\u00e9tendu mais \u00e9nergique<\/li>\n<\/ul>\n\n\n\n<hr class=\"wp-block-separator has-alpha-channel-opacity\" data-block-type=\"core\">\n\n\n\n<h3 class=\"wp-block-heading\" data-block-type=\"core\">\ud83c\udccf Que comprend notre Team Building Casino ?<\/h3>\n\n\n\n<p data-block-type=\"core\">Nous cr\u00e9ons une atmosph\u00e8re compl\u00e8te avec :<\/p>\n\n\n\n<ul class=\"wp-block-list\" data-block-type=\"core\">\n<li data-block-type=\"core\"><strong>D\u00e9cor sur le th\u00e8me du casino<\/strong> : tables de jeu, tapisses, lumi\u00e8res, jeux g\u00e9ants, roulettes, jetons personnalis\u00e9s<\/li>\n\n\n\n<li data-block-type=\"core\"><strong>Des croupiers et acteurs professionnels<\/strong> habill\u00e9s dans le style des ann\u00e9es 20, de Las Vegas ou de cabaret<\/li>\n\n\n\n<li data-block-type=\"core\"><strong>Jeux de casino classiques<\/strong> comme le blackjack, le poker, la roulette ou le craps<\/li>\n\n\n\n<li data-block-type=\"core\">Possibilit\u00e9 d\u2019inclure <strong>des jeux originaux et personnalis\u00e9s<\/strong> selon les valeurs ou la dynamique de l\u2019\u00e9quipe<\/li>\n\n\n\n<li data-block-type=\"core\"><strong>Syst\u00e8me de points d\u2019\u00e9quipe ou de jetons<\/strong> , avec tableau des r\u00e9sultats et des prix<\/li>\n\n\n\n<li data-block-type=\"core\">Animation constante, musique \u00e9l\u00e9gante, effets visuels et photocall th\u00e9matique<\/li>\n\n\n\n<li data-block-type=\"core\"><strong>Ma\u00eetre de c\u00e9r\u00e9monie ou personnage guide<\/strong> qui apporte humour, th\u00e9\u00e2tralit\u00e9 ou narration<\/li>\n<\/ul>\n\n\n\n<hr class=\"wp-block-separator has-alpha-channel-opacity\" data-block-type=\"core\">\n\n\n\n<h3 class=\"wp-block-heading\" data-block-type=\"core\">\ud83c\udfaf Plus que la chance : strat\u00e9gie, r\u00f4les et leadership<\/h3>\n\n\n\n<p data-block-type=\"core\">Contrairement \u00e0 un casino passif, notre team building int\u00e8gre :<\/p>\n\n\n\n<ul class=\"wp-block-list\" data-block-type=\"core\">\n<li data-block-type=\"core\"><strong>R\u00f4les et fonctions<\/strong> au sein de chaque \u00e9quipe (strat\u00e8ge, joueur, observateur, n\u00e9gociateur&#8230;)<\/li>\n\n\n\n<li data-block-type=\"core\">D\u00e9cisions collectives dans les environnements de jeu<\/li>\n\n\n\n<li data-block-type=\"core\"><strong>D\u00e9fis li\u00e9s \u00e0 la coordination, \u00e0 l\u2019intuition et \u00e0 la gestion des risques<\/strong><\/li>\n\n\n\n<li data-block-type=\"core\"><strong>R\u00e9compenses symboliques ou personnalis\u00e9es<\/strong> pour renforcer la cl\u00f4ture \u00e9motionnelle<\/li>\n<\/ul>\n\n\n\n<p data-block-type=\"core\">Cette approche vous permet de travailler les <strong>comp\u00e9tences cl\u00e9s<\/strong> de mani\u00e8re ludique : confiance, communication, r\u00e9flexion strat\u00e9gique, gestion des ressources et collaboration.<\/p>\n\n\n\n<hr class=\"wp-block-separator has-alpha-channel-opacity\" data-block-type=\"core\">\n\n\n\n<h3 class=\"wp-block-heading\" data-block-type=\"core\">\ud83c\udfad Esth\u00e9tique et ambiance \u00e0 un autre niveau<\/h3>\n\n\n\n<p data-block-type=\"core\">Nous pouvons adapter l\u2019\u00e9v\u00e9nement \u00e0 diff\u00e9rents styles :<\/p>\n\n\n\n<ul class=\"wp-block-list\" data-block-type=\"core\">\n<li data-block-type=\"core\">\ud83c\udfa9 <strong>Casino Cl\u00e1sico<\/strong> : \u00e9l\u00e9gance, lumi\u00e8res tamis\u00e9es, style James Bond<\/li>\n\n\n\n<li data-block-type=\"core\">\ud83d\udc83 <strong>Cabaret ou vingtaine<\/strong> : glamour, jazz, personnages excentriques<\/li>\n\n\n\n<li data-block-type=\"core\">\ud83d\udd76\ufe0f <strong>Esth\u00e9tique de gangster ou de speakeasy<\/strong> : myst\u00e8re, paris clandestins et th\u00e9\u00e2tralit\u00e9<\/li>\n\n\n\n<li data-block-type=\"core\">\ud83d\udd25 <strong>Casino futuriste<\/strong> : lumi\u00e8res LED, sons \u00e9lectroniques et technologies visuelles<\/li>\n<\/ul>\n\n\n\n<hr class=\"wp-block-separator has-alpha-channel-opacity\" data-block-type=\"core\">\n\n\n\n<h3 class=\"wp-block-heading\" data-block-type=\"core\">\ud83d\udccd O\u00f9 et comment nous le faisons<\/h3>\n\n\n\n<ul class=\"wp-block-list\" data-block-type=\"core\">\n<li data-block-type=\"core\">Disponible \u00e0 <strong>Barcelone, Madrid et dans toute l\u2019Espagne<\/strong><\/li>\n\n\n\n<li data-block-type=\"core\">Cela peut se faire dans <strong>des h\u00f4tels, des salles, des espaces \u00e9v\u00e9nementiels ou dans des bureaux \u00e9quip\u00e9s<\/strong><\/li>\n\n\n\n<li data-block-type=\"core\">Possibilit\u00e9 de le combiner avec un <strong>d\u00eener \u00e0 th\u00e8me, un spectacle de bienvenue ou une c\u00e9r\u00e9monie de remise de prix dramatis\u00e9e<\/strong><\/li>\n<\/ul>\n\n\n\n<p data-block-type=\"core\">Nous nous adaptons au nombre de participants, au temps disponible et au niveau d\u2019intensit\u00e9 souhait\u00e9 (plus ludique ou plus comp\u00e9titif).<\/p>\n\n\n\n<hr class=\"wp-block-separator has-alpha-channel-opacity\" data-block-type=\"core\">\n\n\n\n<h2 class=\"wp-block-heading\" data-block-type=\"core\">\ud83d\udc8e Misez sur une exp\u00e9rience de haut niveau<\/h2>\n\n\n\n<p data-block-type=\"core\">Ce <strong>team building de style casino<\/strong> ne se contente pas de divertir : <strong>il motive, unit et cr\u00e9e des souvenirs inoubliables<\/strong>.<br>Avec Valkirias Events, votre \u00e9quipe vivra une journ\u00e9e pleine d\u2019adr\u00e9naline, d\u2019humour, d\u2019\u00e9l\u00e9gance et de connexion.<br>Et le meilleur dans tout \u00e7a : <strong>tout le monde y gagne<\/strong>.<\/p>\n\n\n\n<figure class=\"wp-block-gallery has-nested-images columns-default is-cropped wp-block-gallery-1 is-layout-flex wp-block-gallery-is-layout-flex\" data-block-type=\"core\">\n<figure class=\"wp-block-image size-large\" data-block-type=\"core\"><img loading=\"lazy\" decoding=\"async\" width=\"1024\" height=\"683\" data-id=\"2925\" src=\"https:\/\/www.valkiriasevents.com\/wp-content\/uploads\/2025\/07\/casino-1-1024x683.jpg\" alt=\"\" class=\"wp-image-2925\" srcset=\"https:\/\/www.valkiriasevents.com\/wp-content\/uploads\/2025\/07\/casino-1-1024x683.jpg 1024w, https:\/\/www.valkiriasevents.com\/wp-content\/uploads\/2025\/07\/casino-1-300x200.jpg 300w, https:\/\/www.valkiriasevents.com\/wp-content\/uploads\/2025\/07\/casino-1-768x512.jpg 768w, https:\/\/www.valkiriasevents.com\/wp-content\/uploads\/2025\/07\/casino-1-1536x1024.jpg 1536w, https:\/\/www.valkiriasevents.com\/wp-content\/uploads\/2025\/07\/casino-1.jpg 1680w\" sizes=\"auto, (max-width: 1024px) 100vw, 1024px\" \/><\/figure>\n\n\n\n<figure class=\"wp-block-image size-large\" data-block-type=\"core\"><img loading=\"lazy\" decoding=\"async\" width=\"1024\" height=\"1024\" data-id=\"2926\" src=\"https:\/\/www.valkiriasevents.com\/wp-content\/uploads\/2025\/07\/casino-2.png\" alt=\"\" class=\"wp-image-2926\" srcset=\"https:\/\/www.valkiriasevents.com\/wp-content\/uploads\/2025\/07\/casino-2.png 1024w, https:\/\/www.valkiriasevents.com\/wp-content\/uploads\/2025\/07\/casino-2-300x300.png 300w, https:\/\/www.valkiriasevents.com\/wp-content\/uploads\/2025\/07\/casino-2-150x150.png 150w, https:\/\/www.valkiriasevents.com\/wp-content\/uploads\/2025\/07\/casino-2-768x768.png 768w\" sizes=\"auto, (max-width: 1024px) 100vw, 1024px\" \/><\/figure>\n\n\n\n<figure class=\"wp-block-image size-large\" data-block-type=\"core\"><img loading=\"lazy\" decoding=\"async\" width=\"1024\" height=\"681\" data-id=\"2927\" src=\"https:\/\/www.valkiriasevents.com\/wp-content\/uploads\/2025\/07\/casino-3-1024x681.jpg\" alt=\"\" class=\"wp-image-2927\" srcset=\"https:\/\/www.valkiriasevents.com\/wp-content\/uploads\/2025\/07\/casino-3-1024x681.jpg 1024w, https:\/\/www.valkiriasevents.com\/wp-content\/uploads\/2025\/07\/casino-3-300x200.jpg 300w, https:\/\/www.valkiriasevents.com\/wp-content\/uploads\/2025\/07\/casino-3-768x511.jpg 768w, https:\/\/www.valkiriasevents.com\/wp-content\/uploads\/2025\/07\/casino-3-1536x1022.jpg 1536w, https:\/\/www.valkiriasevents.com\/wp-content\/uploads\/2025\/07\/casino-3.jpg 1680w\" sizes=\"auto, (max-width: 1024px) 100vw, 1024px\" \/><\/figure>\n\n\n\n<figure class=\"wp-block-image size-large\" data-block-type=\"core\"><img loading=\"lazy\" decoding=\"async\" width=\"1024\" height=\"1024\" data-id=\"2928\" src=\"https:\/\/www.valkiriasevents.com\/wp-content\/uploads\/2025\/07\/casino-4.png\" alt=\"\" class=\"wp-image-2928\" srcset=\"https:\/\/www.valkiriasevents.com\/wp-content\/uploads\/2025\/07\/casino-4.png 1024w, https:\/\/www.valkiriasevents.com\/wp-content\/uploads\/2025\/07\/casino-4-300x300.png 300w, https:\/\/www.valkiriasevents.com\/wp-content\/uploads\/2025\/07\/casino-4-150x150.png 150w, https:\/\/www.valkiriasevents.com\/wp-content\/uploads\/2025\/07\/casino-4-768x768.png 768w\" sizes=\"auto, (max-width: 1024px) 100vw, 1024px\" \/><\/figure>\n<\/figure>\n","protected":false},"excerpt":{"rendered":"<p>Chez Valkirias Events , nous transformons votre journ\u00e9e de travail en une exp\u00e9rience \u00e0 haut risque \u00e9motionnel&#8230; Et du plaisir garanti. Notre team building de style casino est bien plus qu\u2019un simple jeu pour des jetons : c\u2019est une activit\u00e9 pittoresque, comp\u00e9titive et \u00e9l\u00e9gante qui renforce les liens, encourage la strat\u00e9gie et r\u00e9veille le c\u00f4t\u00e9 [&hellip;]<\/p>\n","protected":false},"author":1,"featured_media":0,"parent":0,"menu_order":0,"comment_status":"closed","ping_status":"closed","template":"","meta":{"pgc_sgb_lightbox_settings":"","footnotes":""},"class_list":["post-6378","page","type-page","status-publish","hentry"],"blocksy_meta":[],"_links":{"self":[{"href":"https:\/\/www.valkiriasevents.com\/fr\/wp-json\/wp\/v2\/pages\/6378","targetHints":{"allow":["GET"]}}],"collection":[{"href":"https:\/\/www.valkiriasevents.com\/fr\/wp-json\/wp\/v2\/pages"}],"about":[{"href":"https:\/\/www.valkiriasevents.com\/fr\/wp-json\/wp\/v2\/types\/page"}],"author":[{"embeddable":true,"href":"https:\/\/www.valkiriasevents.com\/fr\/wp-json\/wp\/v2\/users\/1"}],"replies":[{"embeddable":true,"href":"https:\/\/www.valkiriasevents.com\/fr\/wp-json\/wp\/v2\/comments?post=6378"}],"version-history":[{"count":0,"href":"https:\/\/www.valkiriasevents.com\/fr\/wp-json\/wp\/v2\/pages\/6378\/revisions"}],"wp:attachment":[{"href":"https:\/\/www.valkiriasevents.com\/fr\/wp-json\/wp\/v2\/media?parent=6378"}],"curies":[{"name":"wp","href":"https:\/\/api.w.org\/{rel}","templated":true}]}}