{"id":6338,"date":"2025-12-19T16:28:03","date_gmt":"2025-12-19T15:28:03","guid":{"rendered":"https:\/\/www.valkiriasevents.com\/organizacion-para-bodas-tematicos\/"},"modified":"2026-01-16T14:31:47","modified_gmt":"2026-01-16T13:31:47","slug":"organizacion-para-bodas-tematicos","status":"publish","type":"page","link":"https:\/\/www.valkiriasevents.com\/fr\/organizacion-para-bodas-tematicos\/","title":{"rendered":"Organisation du mariage"},"content":{"rendered":"\n<div class=\"wp-block-stackable-heading stk-block-heading stk-block-heading--v2 stk-block stk-b2a9da1\" id=\"organizacion-de-bodas\" data-block-id=\"b2a9da1\"><h1 class=\"stk-block-heading__text\">Organisation du mariage<\/h1><\/div>\n\n\n\n<p data-block-type=\"core\">Chez Valkirias Events, nous sommes des sp\u00e9cialistes de l\u2019organisation de mariages \u00e0 th\u00e8me, cr\u00e9ant des c\u00e9l\u00e9brations qui vont au-del\u00e0 du traditionnel. Nous concevons des mariages o\u00f9 l\u2019esth\u00e9tique, les spectacles, les personnages et le d\u00e9cor se rejoignent pour raconter une histoire et enthousiasmer chaque invit\u00e9. <\/p>\n\n\n\n<div class=\"wp-block-stackable-spacer stk-block-spacer stk--no-padding stk-block stk-d868216\" data-block-id=\"d868216\"><style>.stk-d868216 {height:20px !important;}<\/style><\/div>\n\n\n\n<p data-block-type=\"core\">On transforme ton mariage en histoire ensemble ?<\/p>\n\n\n\n<div class=\"wp-block-stackable-spacer stk-block-spacer stk--no-padding stk-block stk-92f77fb\" data-block-id=\"92f77fb\"><style>.stk-92f77fb {height:20px !important;}<\/style><\/div>\n\n\n\n<h2 class=\"wp-block-heading\" data-block-type=\"core\"><\/h2>\n\n\n\n<h3 class=\"wp-block-heading\" data-block-type=\"core\">Que proposons-nous ?<\/h3>\n\n\n\n<ul class=\"wp-block-list\" data-block-type=\"core\">\n<li data-block-type=\"core\">Conception cr\u00e9ative de concepts et de th\u00e8mes<\/li>\n<\/ul>\n\n\n\n<ul class=\"wp-block-list\" data-block-type=\"core\">\n<li data-block-type=\"core\">S\u00e9lection des spectacles et animations<\/li>\n<\/ul>\n\n\n\n<ul class=\"wp-block-list\" data-block-type=\"core\">\n<li data-block-type=\"core\">Personnages th\u00e9matiques et performances live<\/li>\n<\/ul>\n\n\n\n<ul class=\"wp-block-list\" data-block-type=\"core\">\n<li data-block-type=\"core\">Coordination des espaces et des temps<\/li>\n<\/ul>\n\n\n\n<ul class=\"wp-block-list\" data-block-type=\"core\">\n<li data-block-type=\"core\">Conseils artistiques et techniques<\/li>\n<\/ul>\n\n\n\n<ul class=\"wp-block-list\" data-block-type=\"core\">\n<li data-block-type=\"core\">Supervision pendant l\u2019\u00e9v\u00e9nement<\/li>\n<\/ul>\n\n\n\n<div class=\"wp-block-stackable-spacer stk-block-spacer stk--no-padding stk-block stk-cf1c1df\" data-block-id=\"cf1c1df\"><style>.stk-cf1c1df {height:10px !important;}<\/style><\/div>\n\n\n\n<div class=\"wp-block-stackable-spacer stk-block-spacer stk--no-padding stk-block stk-a845aa7\" data-block-id=\"a845aa7\"><style>.stk-a845aa7 {height:10px !important;}<\/style><\/div>\n\n\n\n<div class=\"wp-block-stackable-card stk-block-card stk-block stk-52b2601 is-style-default\" data-v=\"2\" data-block-id=\"52b2601\"><style>.stk-52b2601 .stk-block-card__image img{object-position:71% 36% !important;}<\/style><div class=\"stk--no-padding stk-container stk-52b2601-container stk-hover-parent\"><figure class=\"stk-block-card__image stk-img-wrapper stk-image--shape-stretch\"><img loading=\"lazy\" decoding=\"async\" class=\"stk-img wp-image-5065\" src=\"https:\/\/www.valkiriasevents.com\/wp-content\/uploads\/2025\/12\/castillo-bonvia-novia.jpg\" width=\"1600\" height=\"1067\" alt=\"Castell Jalp\u00ed\" srcset=\"https:\/\/www.valkiriasevents.com\/wp-content\/uploads\/2025\/12\/castillo-bonvia-novia.jpg 1600w, https:\/\/www.valkiriasevents.com\/wp-content\/uploads\/2025\/12\/castillo-bonvia-novia-300x200.jpg 300w, https:\/\/www.valkiriasevents.com\/wp-content\/uploads\/2025\/12\/castillo-bonvia-novia-1024x683.jpg 1024w, https:\/\/www.valkiriasevents.com\/wp-content\/uploads\/2025\/12\/castillo-bonvia-novia-768x512.jpg 768w, https:\/\/www.valkiriasevents.com\/wp-content\/uploads\/2025\/12\/castillo-bonvia-novia-1536x1024.jpg 1536w\" sizes=\"auto, (max-width: 1600px) 100vw, 1600px\" \/><\/figure><div class=\"stk-container-padding stk-block-card__content\"><div class=\"stk-block-content stk-inner-blocks stk-52b2601-inner-blocks\">\n<div class=\"wp-block-stackable-heading stk-block-heading stk-block-heading--v2 stk-block stk-0d73e3b\" id=\"tematicas-de-bodas\" data-block-id=\"0d73e3b\"><h2 class=\"stk-block-heading__text\">Th\u00e8mes de mariage<\/h2><\/div>\n\n\n\n<div class=\"wp-block-stackable-text stk-block-text stk-block stk-37ed620\" data-block-id=\"37ed620\"><p class=\"stk-block-text__text\">Une c\u00e9l\u00e9bration con\u00e7ue autour d\u2019une id\u00e9e, d\u2019un style ou d\u2019un univers sp\u00e9cifique. Qu\u2019il s\u2019agisse de mariages m\u00e9di\u00e9vaux, fantastiques, \u00e9piques ou \u00e9l\u00e9gants, aux concepts personnalis\u00e9s con\u00e7us pour convenir \u00e0 chaque couple. Tout est coordonn\u00e9 pour que chaque d\u00e9tail ait du sens et soit coh\u00e9rent. Une s\u00e9lection curieuse vous fait ressentir la magie de chaque \u00e9v\u00e9nement.   <\/p><\/div>\n\n\n\n<details class=\"wp-block-details is-layout-flow wp-block-details-is-layout-flow\" data-block-type=\"core\"><summary><strong>Types de mariages<\/strong><\/summary>\n<ul class=\"wp-block-list\" data-block-type=\"core\">\n<li data-block-type=\"core\"><a href=\"https:\/\/www.valkiriasevents.com\/fr\/boda-vikinga-tematica\/\">Mariage viking<\/a><\/li>\n\n\n\n<li data-block-type=\"core\"><a href=\"https:\/\/www.valkiriasevents.com\/fr\/boda-medieval-tematica\/\">Mariage m\u00e9di\u00e9val<\/a><\/li>\n\n\n\n<li data-block-type=\"core\"><a href=\"https:\/\/www.valkiriasevents.com\/fr\/boda-pirata-tematica\/\">Mariage des pirates<\/a><\/li>\n\n\n\n<li data-block-type=\"core\"><a href=\"https:\/\/www.valkiriasevents.com\/fr\/boda-gangster-glamour-y-clandestino\/\">Mariage des gangsters<\/a><\/li>\n\n\n\n<li data-block-type=\"core\"><a href=\"https:\/\/www.valkiriasevents.com\/fr\/boda-tematica-the-witcher\/\">Le Mariage du Sorceleur<\/a><\/li>\n\n\n\n<li data-block-type=\"core\"><a href=\"https:\/\/www.valkiriasevents.com\/fr\/boda-star-wars\/\">Mariage Star Wars<\/a><\/li>\n\n\n\n<li data-block-type=\"core\">Mariage Disney<\/li>\n\n\n\n<li data-block-type=\"core\">Mariage Harry Potter<\/li>\n\n\n\n<li data-block-type=\"core\">Mariage celtique<\/li>\n\n\n\n<li data-block-type=\"core\">Mariage Drag Queen<\/li>\n\n\n\n<li data-block-type=\"core\">Mariage flamenco<\/li>\n\n\n\n<li data-block-type=\"core\">Mariage dans Game of Thrones<\/li>\n<\/ul>\n<\/details>\n\n\n\n<div class=\"wp-block-stackable-spacer stk-block-spacer stk--no-padding stk-block stk-5158c4f\" data-block-id=\"5158c4f\"><style>.stk-5158c4f {height:20px !important;}<\/style><\/div>\n\n\n\n<div class=\"wp-block-stackable-button-group stk-block-button-group stk-block stk-c7027f9\" data-block-id=\"c7027f9\"><div class=\"stk-row stk-inner-blocks stk-block-content stk-button-group\">\n<div class=\"wp-block-stackable-button stk-block-button stk-block stk-c93435e\" data-block-id=\"c93435e\"><a class=\"stk-link stk-button stk--hover-effect-darken\" href=\"https:\/\/www.valkiriasevents.com\/fr\/bodas-tematicas\/\" title=\"Mariages th\u00e9matiques\" rel=\"https:\/\/www.valkiriasevents.com\/bodas-tematicas\/\"><span class=\"stk-button__inner-text\">En savoir plus<\/span><\/a><\/div>\n<\/div><\/div>\n<\/div><\/div><\/div><\/div>\n\n\n\n<div class=\"wp-block-stackable-columns stk-block-columns stk-block stk-a0205a2\" data-block-id=\"a0205a2\"><div class=\"stk-row stk-inner-blocks stk-block-content stk-content-align stk-a0205a2-column\">\n<div class=\"wp-block-stackable-column stk-block-column stk-column stk-block stk-a2e52be\" data-v=\"4\" data-block-id=\"a2e52be\"><div class=\"stk-column-wrapper stk-block-column__content stk-container stk-a2e52be-container stk--no-background stk--no-padding\"><div class=\"stk-block-content stk-inner-blocks stk-a2e52be-inner-blocks\">\n<div class=\"wp-block-stackable-card stk-block-card stk-block stk-31ba363 is-style-default\" data-v=\"2\" data-block-id=\"31ba363\"><style>.stk-31ba363 .stk-block-card__image img{object-position:50% 48% !important;}<\/style><div class=\"stk--no-padding stk-container stk-31ba363-container stk-hover-parent\"><figure class=\"stk-block-card__image stk-img-wrapper stk-image--shape-stretch\"><img loading=\"lazy\" decoding=\"async\" class=\"stk-img wp-image-2679\" src=\"https:\/\/www.valkiriasevents.com\/wp-content\/uploads\/2025\/07\/aguila_boda_barcelona-1920w.webp\" width=\"1600\" height=\"720\" srcset=\"https:\/\/www.valkiriasevents.com\/wp-content\/uploads\/2025\/07\/aguila_boda_barcelona-1920w.webp 1600w, https:\/\/www.valkiriasevents.com\/wp-content\/uploads\/2025\/07\/aguila_boda_barcelona-1920w-300x135.webp 300w, https:\/\/www.valkiriasevents.com\/wp-content\/uploads\/2025\/07\/aguila_boda_barcelona-1920w-1024x461.webp 1024w, https:\/\/www.valkiriasevents.com\/wp-content\/uploads\/2025\/07\/aguila_boda_barcelona-1920w-768x346.webp 768w, https:\/\/www.valkiriasevents.com\/wp-content\/uploads\/2025\/07\/aguila_boda_barcelona-1920w-1536x691.webp 1536w\" sizes=\"auto, (max-width: 1600px) 100vw, 1600px\" \/><\/figure><div class=\"stk-container-padding stk-block-card__content\"><div class=\"stk-block-content stk-inner-blocks stk-31ba363-inner-blocks\">\n<div class=\"wp-block-stackable-heading stk-block-heading stk-block-heading--v2 stk-block stk-6308bba\" id=\"servicios-para-bodas\" data-block-id=\"6308bba\"><h2 class=\"stk-block-heading__text\">Services de mariage<\/h2><\/div>\n\n\n\n<div class=\"wp-block-stackable-text stk-block-text stk-block stk-1e92d80\" data-block-id=\"1e92d80\"><p class=\"stk-block-text__text\">Les services de mariage, con\u00e7us pour cr\u00e9er des moments uniques, enthousiasment les invit\u00e9s et garantissent une c\u00e9l\u00e9bration avec un souci du d\u00e9tail. Vous pouvez engager individuellement ou les fusionner pour cr\u00e9er une exp\u00e9rience enti\u00e8rement personnalis\u00e9e. <\/p><\/div>\n\n\n\n<p data-block-type=\"core\">\u00c9quipe professionnelle, une grande vari\u00e9t\u00e9 de d\u00e9corations, des solutions pour cr\u00e9er une atmosph\u00e8re touchante mettent en valeur nos mariages  <\/p>\n\n\n\n<div class=\"wp-block-stackable-spacer stk-block-spacer stk--no-padding stk-block stk-7822089\" data-block-id=\"7822089\"><style>.stk-7822089 {height:20px !important;}<\/style><\/div>\n\n\n\n<details class=\"wp-block-details is-layout-flow wp-block-details-is-layout-flow\" data-block-type=\"core\"><summary><strong>Services que nous proposons<\/strong><\/summary>\n<h3 class=\"wp-block-heading\" data-block-type=\"core\"><\/h3>\n\n\n\n<ul class=\"wp-block-list\" data-block-type=\"core\">\n<li data-block-type=\"core\">Maquillage pour petits amis<\/li>\n\n\n\n<li data-block-type=\"core\">Costumes th\u00e9matiques<\/li>\n\n\n\n<li data-block-type=\"core\">C\u00e9r\u00e9monie<\/li>\n\n\n\n<li data-block-type=\"core\">Restauration<\/li>\n\n\n\n<li data-block-type=\"core\">Danse \u00e0 th\u00e8me<\/li>\n\n\n\n<li data-block-type=\"core\">Batailles de guerriers<\/li>\n\n\n\n<li data-block-type=\"core\">Bouffon professionnel<\/li>\n\n\n\n<li data-block-type=\"core\">Performance avec les oiseaux<\/li>\n\n\n\n<li data-block-type=\"core\">Chevaux<\/li>\n\n\n\n<li data-block-type=\"core\">Tir \u00e0 la hache<\/li>\n\n\n\n<li data-block-type=\"core\">Moustiques<\/li>\n\n\n\n<li data-block-type=\"core\">Coin Beaut\u00e9<\/li>\n<\/ul>\n<\/details>\n\n\n\n<div class=\"wp-block-stackable-spacer stk-block-spacer stk--no-padding stk-block stk-2d416ca\" data-block-id=\"2d416ca\"><style>.stk-2d416ca {height:20px !important;}<\/style><\/div>\n\n\n\n<div class=\"wp-block-stackable-button-group stk-block-button-group stk-block stk-7d90ff0\" data-block-id=\"7d90ff0\"><div class=\"stk-row stk-inner-blocks stk-block-content stk-button-group\">\n<div class=\"wp-block-stackable-button stk-block-button stk-block stk-9bdcd67\" data-block-id=\"9bdcd67\"><a class=\"stk-link stk-button stk--hover-effect-darken\" href=\"https:\/\/www.valkiriasevents.com\/fr\/servicios-para-bodas\/\"><span class=\"stk-button__inner-text\">En savoir plus<\/span><\/a><\/div>\n<\/div><\/div>\n<\/div><\/div><\/div><\/div>\n<\/div><\/div><\/div>\n<\/div><\/div>\n","protected":false},"excerpt":{"rendered":"<p>Organisation du mariage Chez Valkirias Events, nous sommes des sp\u00e9cialistes de l\u2019organisation de mariages \u00e0 th\u00e8me, cr\u00e9ant des c\u00e9l\u00e9brations qui vont au-del\u00e0 du traditionnel. Nous concevons des mariages o\u00f9 l\u2019esth\u00e9tique, les spectacles, les personnages et le d\u00e9cor se rejoignent pour raconter une histoire et enthousiasmer chaque invit\u00e9. On transforme ton mariage en histoire ensemble ? [&hellip;]<\/p>\n","protected":false},"author":6,"featured_media":0,"parent":0,"menu_order":0,"comment_status":"closed","ping_status":"closed","template":"","meta":{"pgc_sgb_lightbox_settings":"","footnotes":""},"class_list":["post-6338","page","type-page","status-publish","hentry"],"blocksy_meta":[],"_links":{"self":[{"href":"https:\/\/www.valkiriasevents.com\/fr\/wp-json\/wp\/v2\/pages\/6338","targetHints":{"allow":["GET"]}}],"collection":[{"href":"https:\/\/www.valkiriasevents.com\/fr\/wp-json\/wp\/v2\/pages"}],"about":[{"href":"https:\/\/www.valkiriasevents.com\/fr\/wp-json\/wp\/v2\/types\/page"}],"author":[{"embeddable":true,"href":"https:\/\/www.valkiriasevents.com\/fr\/wp-json\/wp\/v2\/users\/6"}],"replies":[{"embeddable":true,"href":"https:\/\/www.valkiriasevents.com\/fr\/wp-json\/wp\/v2\/comments?post=6338"}],"version-history":[{"count":1,"href":"https:\/\/www.valkiriasevents.com\/fr\/wp-json\/wp\/v2\/pages\/6338\/revisions"}],"predecessor-version":[{"id":7379,"href":"https:\/\/www.valkiriasevents.com\/fr\/wp-json\/wp\/v2\/pages\/6338\/revisions\/7379"}],"wp:attachment":[{"href":"https:\/\/www.valkiriasevents.com\/fr\/wp-json\/wp\/v2\/media?parent=6338"}],"curies":[{"name":"wp","href":"https:\/\/api.w.org\/{rel}","templated":true}]}}