{"id":6328,"date":"2025-07-28T12:28:05","date_gmt":"2025-07-28T11:28:05","guid":{"rendered":"https:\/\/www.valkiriasevents.com\/shows-de-motos-y-eventos-moteros\/"},"modified":"2025-07-28T12:28:05","modified_gmt":"2025-07-28T11:28:05","slug":"shows-de-motos-y-eventos-moteros","status":"publish","type":"page","link":"https:\/\/www.valkiriasevents.com\/fr\/shows-de-motos-y-eventos-moteros\/","title":{"rendered":"Exp\u00e9rience Moto Show | Divertissement pour les \u00e9v\u00e9nements motards \u00e0 un autre niveau"},"content":{"rendered":"\n<div class=\"wp-block-stackable-heading stk-block-heading stk-block-heading--v2 stk-block stk-e220ce8\" id=\"moto-show-experience-animacion-para-eventos-moteros-a-otro-nivel\" data-block-id=\"e220ce8\"><h1 class=\"stk-block-heading__text\">Exp\u00e9rience Moto Show | Divertissement pour les \u00e9v\u00e9nements motards \u00e0 un autre niveau<\/h1><\/div>\n\n\n\n<p data-block-type=\"core\">Organisez-vous un <strong>\u00e9v\u00e9nement motard<\/strong>, un <strong>rallye de motards<\/strong>, un <strong>festival de motos personnalis\u00e9es<\/strong> ou une <strong>r\u00e9union de clubs de motards<\/strong> ?<\/p>\n\n\n\n<p data-block-type=\"core\">Chez <strong>Valkirias Events<\/strong> , nous vous proposons un spectacle qui va bien au-del\u00e0 de la musique ou de l\u2019acrobatie. Nous cr\u00e9ons une <strong>exp\u00e9rience immersive et d\u00e9jant\u00e9e<\/strong> qui enflamme le public et transforme l\u2019atmosph\u00e8re en pure adr\u00e9naline. <\/p>\n\n\n\n<h3 class=\"wp-block-heading\" data-block-type=\"core\">Que proposons-nous ?<\/h3>\n\n\n\n<p data-block-type=\"core\">\ud83d\udd25 <strong>Des spectacles puissants et visuels<\/strong> :<\/p>\n\n\n\n<ul class=\"wp-block-list\" data-block-type=\"core\">\n<li data-block-type=\"core\"><strong>Des spectacles de feu<\/strong> avec jonglage, pyrotechnie et drame visuel<\/li>\n\n\n\n<li data-block-type=\"core\"><strong>\u00c9chasses et acrobates<\/strong> aux esth\u00e9tiques urbaines, tribales ou post-apocalyptiques<\/li>\n\n\n\n<li data-block-type=\"core\"><strong>Danses tribales, danses go-go et spectacles<\/strong> avec une attitude et une esth\u00e9tique de motard<\/li>\n\n\n\n<li data-block-type=\"core\"><strong>Percussions live<\/strong> avec tambours tribaux et batucadas<\/li>\n\n\n\n<li data-block-type=\"core\"><strong>Des personnages fantastiques et des ma\u00eetres de c\u00e9r\u00e9monie qui connectent<\/strong> avec le public<\/li>\n\n\n\n<li data-block-type=\"core\"><strong>Sets de DJ et musique live<\/strong> pour maintenir l\u2019\u00e9nergie au sommet<\/li>\n<\/ul>\n\n\n\n<p data-block-type=\"core\">\ud83c\udfad Tous con\u00e7us avec une esth\u00e9tique de motard puissante, rebelle et sensorielle.<\/p>\n\n\n\n<h3 class=\"wp-block-heading\" data-block-type=\"core\">Adapt\u00e9 \u00e0 votre \u00e9v\u00e9nement :<\/h3>\n\n\n\n<p data-block-type=\"core\"><strong>Qu\u2019il s\u2019agisse d\u2019une entr\u00e9e triomphante de motards<\/strong>, d\u2019un <strong>rituel symbolique<\/strong>, d\u2019une <strong>ouverture de feu<\/strong> ou d\u2019un <strong>spectacle lors d\u2019une soir\u00e9e de festival<\/strong>, nous cr\u00e9ons une <strong>mise en sc\u00e8ne<\/strong> \u00e9pique et personnalis\u00e9e. Nous coordonnons avec des clubs, associations et promoteurs pour concevoir une animation qui respecte l\u2019esprit motard et l\u2019\u00e9l\u00e8ve au rang de spectacle. <\/p>\n\n\n\n<p data-block-type=\"core\">\ud83d\udccd Disponible \u00e0 <strong>Barcelone, Madrid et partout en Espagne<\/strong> pour des festivals, rassemblements, foires, lancements de marques ou soir\u00e9es priv\u00e9es dans le monde des motards.<\/p>\n\n\n\n<p data-block-type=\"core\">\ud83d\udccd Disponible \u00e0 Barcelone, Madrid et pour des \u00e9v\u00e9nements \u00e0 travers toute l\u2019Espagne.<\/p>\n\n\n<div class=\"pgc-sgb-cb wp-block-pgcsimplygalleryblock-grid \" data-gallery-id=\"27d57908\"><div class=\"sgb-preloader\" id=\"pr_27d57908\">\n\t<div class=\"sgb-square\" style=\"background:#d4d4d4\"><\/div>\n\t<div class=\"sgb-square\" style=\"background:#d4d4d4\"><\/div>\n\t<div class=\"sgb-square\" style=\"background:#d4d4d4\"><\/div>\n\t<div class=\"sgb-square\" style=\"background:#d4d4d4\"><\/div><\/div><div class=\"simply-gallery-amp pgc_sgb_slider \"><noscript><div class=\"sgb-gallery\"><div class=\"sgb-item\"><a href=\"https:\/\/www.valkiriasevents.com\/wp-content\/uploads\/2025\/07\/ROCKER-FIRE1.jpg\"><img decoding=\"async\" alt=\"\" width=\"300\" height=\"200\" loading=\"lazy\" src=\"https:\/\/www.valkiriasevents.com\/wp-content\/uploads\/2025\/07\/ROCKER-FIRE1-300x200.jpg\" srcset=\"https:\/\/www.valkiriasevents.com\/wp-content\/uploads\/2025\/07\/ROCKER-FIRE1-300x200.jpg 300w,https:\/\/www.valkiriasevents.com\/wp-content\/uploads\/2025\/07\/ROCKER-FIRE1-1024x682.jpg 1024w,https:\/\/www.valkiriasevents.com\/wp-content\/uploads\/2025\/07\/ROCKER-FIRE1.jpg 1440w\" sizes=\"auto, 250px\"\/><\/a><\/div><div class=\"sgb-item\"><a href=\"https:\/\/www.valkiriasevents.com\/wp-content\/uploads\/2025\/07\/ROCKER-FIRE2.jpg\"><img decoding=\"async\" alt=\"\" width=\"240\" height=\"300\" loading=\"lazy\" src=\"https:\/\/www.valkiriasevents.com\/wp-content\/uploads\/2025\/07\/ROCKER-FIRE2-240x300.jpg\" srcset=\"https:\/\/www.valkiriasevents.com\/wp-content\/uploads\/2025\/07\/ROCKER-FIRE2-240x300.jpg 240w,https:\/\/www.valkiriasevents.com\/wp-content\/uploads\/2025\/07\/ROCKER-FIRE2-819x1024.jpg 819w,https:\/\/www.valkiriasevents.com\/wp-content\/uploads\/2025\/07\/ROCKER-FIRE2.jpg 1080w\" sizes=\"auto, 250px\"\/><\/a><\/div><div class=\"sgb-item\"><a href=\"https:\/\/www.valkiriasevents.com\/wp-content\/uploads\/2025\/07\/ROCKER-FIRE3.jpg\"><img decoding=\"async\" alt=\"\" width=\"300\" height=\"200\" loading=\"lazy\" src=\"https:\/\/www.valkiriasevents.com\/wp-content\/uploads\/2025\/07\/ROCKER-FIRE3-300x200.jpg\" srcset=\"https:\/\/www.valkiriasevents.com\/wp-content\/uploads\/2025\/07\/ROCKER-FIRE3-300x200.jpg 300w,https:\/\/www.valkiriasevents.com\/wp-content\/uploads\/2025\/07\/ROCKER-FIRE3-1024x682.jpg 1024w,https:\/\/www.valkiriasevents.com\/wp-content\/uploads\/2025\/07\/ROCKER-FIRE3.jpg 1440w\" sizes=\"auto, 250px\"\/><\/a><\/div><div class=\"sgb-item\"><a href=\"https:\/\/www.valkiriasevents.com\/wp-content\/uploads\/2025\/07\/ROCKER-FIRE4.jpg\"><img decoding=\"async\" alt=\"\" width=\"300\" height=\"200\" loading=\"lazy\" src=\"https:\/\/www.valkiriasevents.com\/wp-content\/uploads\/2025\/07\/ROCKER-FIRE4-300x200.jpg\" srcset=\"https:\/\/www.valkiriasevents.com\/wp-content\/uploads\/2025\/07\/ROCKER-FIRE4-300x200.jpg 300w,https:\/\/www.valkiriasevents.com\/wp-content\/uploads\/2025\/07\/ROCKER-FIRE4-1024x682.jpg 1024w,https:\/\/www.valkiriasevents.com\/wp-content\/uploads\/2025\/07\/ROCKER-FIRE4.jpg 1440w\" sizes=\"auto, 250px\"\/><\/a><\/div><div class=\"sgb-item\"><a href=\"https:\/\/www.valkiriasevents.com\/wp-content\/uploads\/2025\/07\/ROCKER-FIRE5.jpg\"><img decoding=\"async\" alt=\"\" width=\"240\" height=\"300\" loading=\"lazy\" src=\"https:\/\/www.valkiriasevents.com\/wp-content\/uploads\/2025\/07\/ROCKER-FIRE5-240x300.jpg\" srcset=\"https:\/\/www.valkiriasevents.com\/wp-content\/uploads\/2025\/07\/ROCKER-FIRE5-240x300.jpg 240w,https:\/\/www.valkiriasevents.com\/wp-content\/uploads\/2025\/07\/ROCKER-FIRE5-819x1024.jpg 819w,https:\/\/www.valkiriasevents.com\/wp-content\/uploads\/2025\/07\/ROCKER-FIRE5.jpg 1440w\" sizes=\"auto, 250px\"\/><\/a><\/div><div class=\"sgb-item\"><a href=\"https:\/\/www.valkiriasevents.com\/wp-content\/uploads\/2025\/07\/ROCKER-FIRE.jpg\"><img decoding=\"async\" alt=\"\" width=\"197\" height=\"300\" loading=\"lazy\" src=\"https:\/\/www.valkiriasevents.com\/wp-content\/uploads\/2025\/07\/ROCKER-FIRE-197x300.jpg\" srcset=\"https:\/\/www.valkiriasevents.com\/wp-content\/uploads\/2025\/07\/ROCKER-FIRE-197x300.jpg 197w,https:\/\/www.valkiriasevents.com\/wp-content\/uploads\/2025\/07\/ROCKER-FIRE.jpg 446w\" sizes=\"auto, 250px\"\/><\/a><\/div><div class=\"sgb-item\"><a href=\"https:\/\/www.valkiriasevents.com\/wp-content\/uploads\/2025\/07\/TRIBAL-BOHO-FIRE1-scaled.jpg\"><img decoding=\"async\" alt=\"\" width=\"200\" height=\"300\" loading=\"lazy\" src=\"https:\/\/www.valkiriasevents.com\/wp-content\/uploads\/2025\/07\/TRIBAL-BOHO-FIRE1-200x300.jpg\" srcset=\"https:\/\/www.valkiriasevents.com\/wp-content\/uploads\/2025\/07\/TRIBAL-BOHO-FIRE1-200x300.jpg 200w,https:\/\/www.valkiriasevents.com\/wp-content\/uploads\/2025\/07\/TRIBAL-BOHO-FIRE1-683x1024.jpg 683w,https:\/\/www.valkiriasevents.com\/wp-content\/uploads\/2025\/07\/TRIBAL-BOHO-FIRE1-scaled.jpg 1707w\" sizes=\"auto, 250px\"\/><\/a><\/div><div class=\"sgb-item\"><a href=\"https:\/\/www.valkiriasevents.com\/wp-content\/uploads\/2025\/07\/TRIBAL-BOHO-FIRE.jpg\"><img decoding=\"async\" alt=\"\" width=\"240\" height=\"300\" loading=\"lazy\" src=\"https:\/\/www.valkiriasevents.com\/wp-content\/uploads\/2025\/07\/TRIBAL-BOHO-FIRE-240x300.jpg\" srcset=\"https:\/\/www.valkiriasevents.com\/wp-content\/uploads\/2025\/07\/TRIBAL-BOHO-FIRE-240x300.jpg 240w,https:\/\/www.valkiriasevents.com\/wp-content\/uploads\/2025\/07\/TRIBAL-BOHO-FIRE.jpg 320w\" sizes=\"auto, 250px\"\/><\/a><\/div><div class=\"sgb-item\"><a href=\"https:\/\/www.valkiriasevents.com\/wp-content\/uploads\/2025\/07\/VIKING-FIRE.jpg\"><img decoding=\"async\" alt=\"\" width=\"240\" height=\"300\" loading=\"lazy\" src=\"https:\/\/www.valkiriasevents.com\/wp-content\/uploads\/2025\/07\/VIKING-FIRE-240x300.jpg\" srcset=\"https:\/\/www.valkiriasevents.com\/wp-content\/uploads\/2025\/07\/VIKING-FIRE-240x300.jpg 240w,https:\/\/www.valkiriasevents.com\/wp-content\/uploads\/2025\/07\/VIKING-FIRE-819x1024.jpg 819w,https:\/\/www.valkiriasevents.com\/wp-content\/uploads\/2025\/07\/VIKING-FIRE.jpg 1440w\" sizes=\"auto, 250px\"\/><\/a><\/div><\/div><\/noscript><\/div><script type=\"application\/json\" class=\"sgb-data\">{\"externalLink\":false,\"captions\":false,\"collectionThumbSubMenuDownload\":false,\"collectionThumbSubMenuShare\":false,\"galleryType\":\"pgc_sgb_grid\",\"galleryId\":\"27d57908\",\"images\":[{\"id\":2728,\"title\":\"ROCKER FIRE(1)\",\"url\":\"https:\/\/www.valkiriasevents.com\/wp-content\/uploads\/2025\/07\/ROCKER-FIRE1.jpg\",\"link\":\"https:\/\/www.valkiriasevents.com\/shows-de-motos-y-eventos-moteros\/rocker-fire1\/\",\"alt\":\"\",\"description\":\"\",\"caption\":\"\",\"mime\":\"image\/jpeg\",\"type\":\"image\",\"width\":1440,\"height\":959,\"sizes\":{\"thumbnail\":{\"url\":\"https:\/\/www.valkiriasevents.com\/wp-content\/uploads\/2025\/07\/ROCKER-FIRE1-150x150.jpg\",\"height\":150,\"width\":150,\"orientation\":\"landscape\"},\"medium\":{\"url\":\"https:\/\/www.valkiriasevents.com\/wp-content\/uploads\/2025\/07\/ROCKER-FIRE1-300x200.jpg\",\"height\":200,\"width\":300,\"orientation\":\"landscape\"},\"large\":{\"url\":\"https:\/\/www.valkiriasevents.com\/wp-content\/uploads\/2025\/07\/ROCKER-FIRE1-1024x682.jpg\",\"height\":682,\"width\":1024,\"orientation\":\"landscape\"},\"full\":{\"url\":\"https:\/\/www.valkiriasevents.com\/wp-content\/uploads\/2025\/07\/ROCKER-FIRE1.jpg\",\"height\":959,\"width\":1440,\"orientation\":\"landscape\"}},\"imageMeta\":{\"aperture\":\"0\",\"credit\":\"\",\"camera\":\"\",\"caption\":\"\",\"created_timestamp\":\"0\",\"copyright\":\"\",\"focal_length\":\"0\",\"iso\":\"0\",\"shutter_speed\":\"0\",\"title\":\"\",\"orientation\":\"1\",\"keywords\":[]},\"meta\":false},{\"id\":2720,\"title\":\"ROCKER FIRE(2)\",\"url\":\"https:\/\/www.valkiriasevents.com\/wp-content\/uploads\/2025\/07\/ROCKER-FIRE2.jpg\",\"link\":\"https:\/\/www.valkiriasevents.com\/shows-de-motos-y-eventos-moteros\/rocker-fire2\/\",\"alt\":\"\",\"description\":\"\",\"caption\":\"\",\"mime\":\"image\/jpeg\",\"type\":\"image\",\"width\":1080,\"height\":1350,\"sizes\":{\"thumbnail\":{\"url\":\"https:\/\/www.valkiriasevents.com\/wp-content\/uploads\/2025\/07\/ROCKER-FIRE2-150x150.jpg\",\"height\":150,\"width\":150,\"orientation\":\"landscape\"},\"medium\":{\"url\":\"https:\/\/www.valkiriasevents.com\/wp-content\/uploads\/2025\/07\/ROCKER-FIRE2-240x300.jpg\",\"height\":300,\"width\":240,\"orientation\":\"portrait\"},\"large\":{\"url\":\"https:\/\/www.valkiriasevents.com\/wp-content\/uploads\/2025\/07\/ROCKER-FIRE2-819x1024.jpg\",\"height\":1024,\"width\":819,\"orientation\":\"portrait\"},\"full\":{\"url\":\"https:\/\/www.valkiriasevents.com\/wp-content\/uploads\/2025\/07\/ROCKER-FIRE2.jpg\",\"height\":1350,\"width\":1080,\"orientation\":\"portrait\"}},\"imageMeta\":{\"aperture\":\"0\",\"credit\":\"\",\"camera\":\"\",\"caption\":\"\",\"created_timestamp\":\"0\",\"copyright\":\"\",\"focal_length\":\"0\",\"iso\":\"0\",\"shutter_speed\":\"0\",\"title\":\"\",\"orientation\":\"1\",\"keywords\":[]},\"meta\":false},{\"id\":2722,\"title\":\"ROCKER FIRE(3)\",\"url\":\"https:\/\/www.valkiriasevents.com\/wp-content\/uploads\/2025\/07\/ROCKER-FIRE3.jpg\",\"link\":\"https:\/\/www.valkiriasevents.com\/shows-de-motos-y-eventos-moteros\/rocker-fire3\/\",\"alt\":\"\",\"description\":\"\",\"caption\":\"\",\"mime\":\"image\/jpeg\",\"type\":\"image\",\"width\":1440,\"height\":959,\"sizes\":{\"thumbnail\":{\"url\":\"https:\/\/www.valkiriasevents.com\/wp-content\/uploads\/2025\/07\/ROCKER-FIRE3-150x150.jpg\",\"height\":150,\"width\":150,\"orientation\":\"landscape\"},\"medium\":{\"url\":\"https:\/\/www.valkiriasevents.com\/wp-content\/uploads\/2025\/07\/ROCKER-FIRE3-300x200.jpg\",\"height\":200,\"width\":300,\"orientation\":\"landscape\"},\"large\":{\"url\":\"https:\/\/www.valkiriasevents.com\/wp-content\/uploads\/2025\/07\/ROCKER-FIRE3-1024x682.jpg\",\"height\":682,\"width\":1024,\"orientation\":\"landscape\"},\"full\":{\"url\":\"https:\/\/www.valkiriasevents.com\/wp-content\/uploads\/2025\/07\/ROCKER-FIRE3.jpg\",\"height\":959,\"width\":1440,\"orientation\":\"landscape\"}},\"imageMeta\":{\"aperture\":\"0\",\"credit\":\"\",\"camera\":\"\",\"caption\":\"\",\"created_timestamp\":\"0\",\"copyright\":\"\",\"focal_length\":\"0\",\"iso\":\"0\",\"shutter_speed\":\"0\",\"title\":\"\",\"orientation\":\"1\",\"keywords\":[]},\"meta\":false},{\"id\":2726,\"title\":\"ROCKER FIRE(4)\",\"url\":\"https:\/\/www.valkiriasevents.com\/wp-content\/uploads\/2025\/07\/ROCKER-FIRE4.jpg\",\"link\":\"https:\/\/www.valkiriasevents.com\/shows-de-motos-y-eventos-moteros\/rocker-fire4\/\",\"alt\":\"\",\"description\":\"\",\"caption\":\"\",\"mime\":\"image\/jpeg\",\"type\":\"image\",\"width\":1440,\"height\":959,\"sizes\":{\"thumbnail\":{\"url\":\"https:\/\/www.valkiriasevents.com\/wp-content\/uploads\/2025\/07\/ROCKER-FIRE4-150x150.jpg\",\"height\":150,\"width\":150,\"orientation\":\"landscape\"},\"medium\":{\"url\":\"https:\/\/www.valkiriasevents.com\/wp-content\/uploads\/2025\/07\/ROCKER-FIRE4-300x200.jpg\",\"height\":200,\"width\":300,\"orientation\":\"landscape\"},\"large\":{\"url\":\"https:\/\/www.valkiriasevents.com\/wp-content\/uploads\/2025\/07\/ROCKER-FIRE4-1024x682.jpg\",\"height\":682,\"width\":1024,\"orientation\":\"landscape\"},\"full\":{\"url\":\"https:\/\/www.valkiriasevents.com\/wp-content\/uploads\/2025\/07\/ROCKER-FIRE4.jpg\",\"height\":959,\"width\":1440,\"orientation\":\"landscape\"}},\"imageMeta\":{\"aperture\":\"0\",\"credit\":\"\",\"camera\":\"\",\"caption\":\"\",\"created_timestamp\":\"0\",\"copyright\":\"\",\"focal_length\":\"0\",\"iso\":\"0\",\"shutter_speed\":\"0\",\"title\":\"\",\"orientation\":\"1\",\"keywords\":[]},\"meta\":false},{\"id\":2723,\"title\":\"ROCKER FIRE(5)\",\"url\":\"https:\/\/www.valkiriasevents.com\/wp-content\/uploads\/2025\/07\/ROCKER-FIRE5.jpg\",\"link\":\"https:\/\/www.valkiriasevents.com\/shows-de-motos-y-eventos-moteros\/rocker-fire5\/\",\"alt\":\"\",\"description\":\"\",\"caption\":\"\",\"mime\":\"image\/jpeg\",\"type\":\"image\",\"width\":1440,\"height\":1800,\"sizes\":{\"thumbnail\":{\"url\":\"https:\/\/www.valkiriasevents.com\/wp-content\/uploads\/2025\/07\/ROCKER-FIRE5-150x150.jpg\",\"height\":150,\"width\":150,\"orientation\":\"landscape\"},\"medium\":{\"url\":\"https:\/\/www.valkiriasevents.com\/wp-content\/uploads\/2025\/07\/ROCKER-FIRE5-240x300.jpg\",\"height\":300,\"width\":240,\"orientation\":\"portrait\"},\"large\":{\"url\":\"https:\/\/www.valkiriasevents.com\/wp-content\/uploads\/2025\/07\/ROCKER-FIRE5-819x1024.jpg\",\"height\":1024,\"width\":819,\"orientation\":\"portrait\"},\"full\":{\"url\":\"https:\/\/www.valkiriasevents.com\/wp-content\/uploads\/2025\/07\/ROCKER-FIRE5.jpg\",\"height\":1800,\"width\":1440,\"orientation\":\"portrait\"}},\"imageMeta\":{\"aperture\":\"0\",\"credit\":\"\",\"camera\":\"\",\"caption\":\"\",\"created_timestamp\":\"0\",\"copyright\":\"\",\"focal_length\":\"0\",\"iso\":\"0\",\"shutter_speed\":\"0\",\"title\":\"\",\"orientation\":\"1\",\"keywords\":[]},\"meta\":false},{\"id\":2721,\"title\":\"ROCKER FIRE\",\"url\":\"https:\/\/www.valkiriasevents.com\/wp-content\/uploads\/2025\/07\/ROCKER-FIRE.jpg\",\"link\":\"https:\/\/www.valkiriasevents.com\/shows-de-motos-y-eventos-moteros\/rocker-fire\/\",\"alt\":\"\",\"description\":\"\",\"caption\":\"\",\"mime\":\"image\/jpeg\",\"type\":\"image\",\"width\":446,\"height\":679,\"sizes\":{\"thumbnail\":{\"url\":\"https:\/\/www.valkiriasevents.com\/wp-content\/uploads\/2025\/07\/ROCKER-FIRE-150x150.jpg\",\"height\":150,\"width\":150,\"orientation\":\"landscape\"},\"medium\":{\"url\":\"https:\/\/www.valkiriasevents.com\/wp-content\/uploads\/2025\/07\/ROCKER-FIRE-197x300.jpg\",\"height\":300,\"width\":197,\"orientation\":\"portrait\"},\"full\":{\"url\":\"https:\/\/www.valkiriasevents.com\/wp-content\/uploads\/2025\/07\/ROCKER-FIRE.jpg\",\"height\":679,\"width\":446,\"orientation\":\"portrait\"}},\"imageMeta\":{\"aperture\":\"0\",\"credit\":\"\",\"camera\":\"\",\"caption\":\"\",\"created_timestamp\":\"0\",\"copyright\":\"\",\"focal_length\":\"0\",\"iso\":\"0\",\"shutter_speed\":\"0\",\"title\":\"\",\"orientation\":\"1\",\"keywords\":[]},\"meta\":false},{\"id\":2724,\"title\":\"TRIBAL BOHO FIRE(1)\",\"url\":\"https:\/\/www.valkiriasevents.com\/wp-content\/uploads\/2025\/07\/TRIBAL-BOHO-FIRE1-scaled.jpg\",\"link\":\"https:\/\/www.valkiriasevents.com\/shows-de-motos-y-eventos-moteros\/tribal-boho-fire1\/\",\"alt\":\"\",\"description\":\"\",\"caption\":\"\",\"mime\":\"image\/jpeg\",\"type\":\"image\",\"width\":1707,\"height\":2560,\"sizes\":{\"thumbnail\":{\"url\":\"https:\/\/www.valkiriasevents.com\/wp-content\/uploads\/2025\/07\/TRIBAL-BOHO-FIRE1-150x150.jpg\",\"height\":150,\"width\":150,\"orientation\":\"landscape\"},\"medium\":{\"url\":\"https:\/\/www.valkiriasevents.com\/wp-content\/uploads\/2025\/07\/TRIBAL-BOHO-FIRE1-200x300.jpg\",\"height\":300,\"width\":200,\"orientation\":\"portrait\"},\"large\":{\"url\":\"https:\/\/www.valkiriasevents.com\/wp-content\/uploads\/2025\/07\/TRIBAL-BOHO-FIRE1-683x1024.jpg\",\"height\":1024,\"width\":683,\"orientation\":\"portrait\"},\"full\":{\"url\":\"https:\/\/www.valkiriasevents.com\/wp-content\/uploads\/2025\/07\/TRIBAL-BOHO-FIRE1-scaled.jpg\",\"height\":2560,\"width\":1707,\"orientation\":\"portrait\"}},\"imageMeta\":{\"aperture\":\"2\",\"credit\":\"ernest riccetto\",\"camera\":\"ILCE-7M3\",\"caption\":\"\",\"created_timestamp\":\"1688247988\",\"copyright\":\"estudios claw\",\"focal_length\":\"50\",\"iso\":\"800\",\"shutter_speed\":\"0.004\",\"title\":\"\",\"orientation\":\"0\",\"keywords\":[]},\"meta\":false},{\"id\":2727,\"title\":\"TRIBAL BOHO FIRE\",\"url\":\"https:\/\/www.valkiriasevents.com\/wp-content\/uploads\/2025\/07\/TRIBAL-BOHO-FIRE.jpg\",\"link\":\"https:\/\/www.valkiriasevents.com\/shows-de-motos-y-eventos-moteros\/tribal-boho-fire\/\",\"alt\":\"\",\"description\":\"\",\"caption\":\"\",\"mime\":\"image\/jpeg\",\"type\":\"image\",\"width\":320,\"height\":400,\"sizes\":{\"thumbnail\":{\"url\":\"https:\/\/www.valkiriasevents.com\/wp-content\/uploads\/2025\/07\/TRIBAL-BOHO-FIRE-150x150.jpg\",\"height\":150,\"width\":150,\"orientation\":\"landscape\"},\"medium\":{\"url\":\"https:\/\/www.valkiriasevents.com\/wp-content\/uploads\/2025\/07\/TRIBAL-BOHO-FIRE-240x300.jpg\",\"height\":300,\"width\":240,\"orientation\":\"portrait\"},\"full\":{\"url\":\"https:\/\/www.valkiriasevents.com\/wp-content\/uploads\/2025\/07\/TRIBAL-BOHO-FIRE.jpg\",\"height\":400,\"width\":320,\"orientation\":\"portrait\"}},\"imageMeta\":{\"aperture\":\"0\",\"credit\":\"\",\"camera\":\"\",\"caption\":\"\",\"created_timestamp\":\"0\",\"copyright\":\"\",\"focal_length\":\"0\",\"iso\":\"0\",\"shutter_speed\":\"0\",\"title\":\"\",\"orientation\":\"0\",\"keywords\":[]},\"meta\":false},{\"id\":2725,\"title\":\"VIKING FIRE\",\"url\":\"https:\/\/www.valkiriasevents.com\/wp-content\/uploads\/2025\/07\/VIKING-FIRE.jpg\",\"link\":\"https:\/\/www.valkiriasevents.com\/shows-de-motos-y-eventos-moteros\/viking-fire\/\",\"alt\":\"\",\"description\":\"\",\"caption\":\"\",\"mime\":\"image\/jpeg\",\"type\":\"image\",\"width\":1440,\"height\":1800,\"sizes\":{\"thumbnail\":{\"url\":\"https:\/\/www.valkiriasevents.com\/wp-content\/uploads\/2025\/07\/VIKING-FIRE-150x150.jpg\",\"height\":150,\"width\":150,\"orientation\":\"landscape\"},\"medium\":{\"url\":\"https:\/\/www.valkiriasevents.com\/wp-content\/uploads\/2025\/07\/VIKING-FIRE-240x300.jpg\",\"height\":300,\"width\":240,\"orientation\":\"portrait\"},\"large\":{\"url\":\"https:\/\/www.valkiriasevents.com\/wp-content\/uploads\/2025\/07\/VIKING-FIRE-819x1024.jpg\",\"height\":1024,\"width\":819,\"orientation\":\"portrait\"},\"full\":{\"url\":\"https:\/\/www.valkiriasevents.com\/wp-content\/uploads\/2025\/07\/VIKING-FIRE.jpg\",\"height\":1800,\"width\":1440,\"orientation\":\"portrait\"}},\"imageMeta\":{\"aperture\":\"0\",\"credit\":\"\",\"camera\":\"\",\"caption\":\"\",\"created_timestamp\":\"0\",\"copyright\":\"\",\"focal_length\":\"0\",\"iso\":\"0\",\"shutter_speed\":\"0\",\"title\":\"\",\"orientation\":\"1\",\"keywords\":[]},\"meta\":false}],\"useClobalSettings\":true,\"shareFacebook\":false,\"shareTwitter\":false,\"sharePinterest\":false,\"sliderItemDownload\":false,\"shareCopyLink\":false,\"itemsMetaDataCollection\":[]}<\/script><script>(function(){if(window.PGC_SGB && window.PGC_SGB.searcher){window.PGC_SGB.searcher.initBlocks()}})()<\/script><\/div>","protected":false},"excerpt":{"rendered":"<p>Exp\u00e9rience Moto Show | Divertissement pour les \u00e9v\u00e9nements motards \u00e0 un autre niveau Organisez-vous un \u00e9v\u00e9nement motard, un rallye de motards, un festival de motos personnalis\u00e9es ou une r\u00e9union de clubs de motards ? Chez Valkirias Events , nous vous proposons un spectacle qui va bien au-del\u00e0 de la musique ou de l\u2019acrobatie. Nous cr\u00e9ons [&hellip;]<\/p>\n","protected":false},"author":1,"featured_media":0,"parent":0,"menu_order":0,"comment_status":"closed","ping_status":"closed","template":"","meta":{"pgc_sgb_lightbox_settings":"","footnotes":""},"class_list":["post-6328","page","type-page","status-publish","hentry"],"blocksy_meta":[],"_links":{"self":[{"href":"https:\/\/www.valkiriasevents.com\/fr\/wp-json\/wp\/v2\/pages\/6328","targetHints":{"allow":["GET"]}}],"collection":[{"href":"https:\/\/www.valkiriasevents.com\/fr\/wp-json\/wp\/v2\/pages"}],"about":[{"href":"https:\/\/www.valkiriasevents.com\/fr\/wp-json\/wp\/v2\/types\/page"}],"author":[{"embeddable":true,"href":"https:\/\/www.valkiriasevents.com\/fr\/wp-json\/wp\/v2\/users\/1"}],"replies":[{"embeddable":true,"href":"https:\/\/www.valkiriasevents.com\/fr\/wp-json\/wp\/v2\/comments?post=6328"}],"version-history":[{"count":0,"href":"https:\/\/www.valkiriasevents.com\/fr\/wp-json\/wp\/v2\/pages\/6328\/revisions"}],"wp:attachment":[{"href":"https:\/\/www.valkiriasevents.com\/fr\/wp-json\/wp\/v2\/media?parent=6328"}],"curies":[{"name":"wp","href":"https:\/\/api.w.org\/{rel}","templated":true}]}}