{"id":6322,"date":"2025-07-30T08:10:21","date_gmt":"2025-07-30T07:10:21","guid":{"rendered":"https:\/\/www.valkiriasevents.com\/musica-tematica-medieval\/"},"modified":"2026-03-02T16:08:26","modified_gmt":"2026-03-02T15:08:26","slug":"musica-tematica-medieval","status":"publish","type":"page","link":"https:\/\/www.valkiriasevents.com\/fr\/musica-tematica-medieval\/","title":{"rendered":"Musique du g\u00e9n\u00e9rique live | Bande originale des \u00c9poques L\u00e9gendaires"},"content":{"rendered":"\n<div class=\"wp-block-stackable-heading stk-block-heading stk-block-heading--v2 stk-block stk-3c0d36f\" id=\"musica-tematica-en-vivo-banda-sonora-de-epocas-legendarias\" data-block-id=\"3c0d36f\"><h1 class=\"stk-block-heading__text\">Musique du g\u00e9n\u00e9rique live | Bande originale des \u00c9poques L\u00e9gendaires<\/h1><\/div>\n\n\n\n<p data-block-type=\"core\">Chez <strong>Valkyries Events<\/strong> , nous donnons vie \u00e0 chaque \u00e9v\u00e9nement avec une exp\u00e9rience musicale authentique et immersive, sp\u00e9cialement con\u00e7ue pour les mariages et c\u00e9l\u00e9brations de style viking, celtique ou m\u00e9di\u00e9val.<br>Notre groupe de musiciens professionnels ma\u00eetrise un large r\u00e9pertoire de m\u00e9lodies d\u2019\u00e9poque, interpr\u00e9t\u00e9es avec des instruments traditionnels tels que la fl\u00fbte, le violon, le bouzouki, la cornemuse, le luth et les tambours, cr\u00e9ant une atmosph\u00e8re magique qui transporte vos invit\u00e9s \u00e0 une autre \u00e9poque.<\/p>\n\n\n\n<div class=\"wp-block-stackable-spacer stk-block-spacer stk--no-padding stk-block stk-fa13ef4\" data-block-id=\"fa13ef4\"><style>.stk-fa13ef4 {height:30px !important;}<\/style><\/div>\n\n\n\n<h3 class=\"wp-block-heading\" data-block-type=\"core\">La musique pour chaque instant de l\u2019\u00e9v\u00e9nement<\/h3>\n\n\n\n<div class=\"wp-block-stackable-spacer stk-block-spacer stk--no-padding stk-block stk-7061445\" data-block-id=\"7061445\"><style>.stk-7061445 {height:10px !important;}<\/style><\/div>\n\n\n\n<ul class=\"wp-block-list\" data-block-type=\"core\">\n<li data-block-type=\"core\"><strong>Entr\u00e9e triomphale dans le style viking<\/strong>, avec tambours et cornemuses qui marquent la marche vers la l\u00e9gende.<\/li>\n\n\n\n<li data-block-type=\"core\"><strong>Une c\u00e9r\u00e9monie celtique intime et symbolique<\/strong>, envelopp\u00e9e du son mystique du bouzouki et de la fl\u00fbte.<\/li>\n\n\n\n<li data-block-type=\"core\"><strong>Un banquet m\u00e9di\u00e9val joyeux et festif<\/strong>, accompagn\u00e9 de m\u00e9lodies anim\u00e9es qui invitent \u00e0 porter toast et \u00e0 danser.<\/li>\n\n\n\n<li data-block-type=\"core\"><strong>Accompagnement musical lors de la r\u00e9ception des invit\u00e9s<\/strong>, cr\u00e9ant une atmosph\u00e8re d\u00e8s le premier instant.<\/li>\n\n\n\n<li data-block-type=\"core\"><strong>Percussions en direct lors des combats, des jeux ou des spectacles<\/strong>, intensifiant l\u2019\u00e9motion avec le rythme et la force.<\/li>\n<\/ul>\n\n\n\n<div class=\"wp-block-stackable-spacer stk-block-spacer stk--no-padding stk-block stk-5e11118\" data-block-id=\"5e11118\"><style>.stk-5e11118 {height:30px !important;}<\/style><\/div>\n\n\n\n<h3 class=\"wp-block-heading\" data-block-type=\"core\">Musiciens caract\u00e9ris\u00e9s et ambiance totale<\/h3>\n\n\n\n<p data-block-type=\"core\">Nos musiciens ne font pas que jouer, <strong>ils s\u2019int\u00e8grent \u00e0 la sc\u00e8ne<\/strong>.<br>Ils jouent en costumes selon chaque th\u00e8me (Viking, Celtique, m\u00e9di\u00e9val&#8230;), apportant coh\u00e9rence visuelle et renfor\u00e7ant l\u2019atmosph\u00e8re par une pr\u00e9sence sc\u00e9nique et une sensibilit\u00e9 artistique.<\/p>\n\n\n\n<div class=\"wp-block-stackable-spacer stk-block-spacer stk--no-padding stk-block stk-46cb2e0\" data-block-id=\"46cb2e0\"><style>.stk-46cb2e0 {height:30px !important;}<\/style><\/div>\n\n\n\n<h3 class=\"wp-block-heading\" data-block-type=\"core\">Autres sujets disponibles<\/h3>\n\n\n\n<p data-block-type=\"core\">En plus de la musique historique, nous proposons \u00e9galement des bandes originales et des versions live pour des th\u00e8mes tels que :<\/p>\n\n\n\n<ul class=\"wp-block-list\" data-block-type=\"core\">\n<li data-block-type=\"core\"><em><a href=\"https:\/\/www.valkiriasevents.com\/fr\/boda-disney\/\" data-type=\"link\" data-id=\"https:\/\/www.valkiriasevents.com\/boda-disney\/\">Disney<\/a><\/em> : versions douces, \u00e9motionnelles ou magiques des films les plus aim\u00e9s<\/li>\n\n\n\n<li data-block-type=\"core\"><em><a href=\"https:\/\/www.valkiriasevents.com\/fr\/boda-juego-de-tronos\/\" data-type=\"link\" data-id=\"https:\/\/www.valkiriasevents.com\/boda-juego-de-tronos\/\">Game of Thrones<\/a><\/em> : cordes et tambours pour des atmosph\u00e8res \u00e9piques et intenses<\/li>\n\n\n\n<li data-block-type=\"core\"><em><a href=\"https:\/\/www.valkiriasevents.com\/fr\/boda-tematica-the-witcher\/\">The Witcher<\/a><\/em> : des m\u00e9lodies sombres, rythm\u00e9es et myst\u00e9rieuses dans le style du Continent<\/li>\n\n\n\n<li data-block-type=\"core\"><em><a href=\"https:\/\/www.valkiriasevents.com\/fr\/boda-harry-potter\/\">Harry Potter<\/a><\/em> : interpr\u00e9tations magiques qui recr\u00e9ent l\u2019univers de Poudlard<\/li>\n<\/ul>\n\n\n\n<div class=\"wp-block-stackable-spacer stk-block-spacer stk--no-padding stk-block stk-9261dde\" data-block-id=\"9261dde\"><style>.stk-9261dde {height:15px !important;}<\/style><\/div>\n\n\n\n<hr class=\"wp-block-separator has-alpha-channel-opacity\" data-block-type=\"core\">\n\n\n\n<div class=\"wp-block-stackable-spacer stk-block-spacer stk--no-padding stk-block stk-9a51047\" data-block-id=\"9a51047\"><style>.stk-9a51047 {height:15px !important;}<\/style><\/div>\n\n\n\n<h3 class=\"wp-block-heading\" data-block-type=\"core\">\ud83d\udccd Disponible \u00e0 Barcelone, Madrid et lors d\u2019\u00e9v\u00e9nements \u00e0 travers l\u2019Espagne<\/h3>\n\n\n\n<p data-block-type=\"core\">Notre musique th\u00e8me est id\u00e9ale pour les mariages personnalis\u00e9s, les d\u00eeners d\u2019affaires, les reconstitutions historiques, les team buildings et les f\u00eates priv\u00e9es. Quel que soit le style, nous concevons la bande-son parfaite pour votre \u00e9v\u00e9nement. <\/p>\n\n\n\n<div class=\"wp-block-stackable-spacer stk-block-spacer stk--no-padding stk-block stk-f86203d\" data-block-id=\"f86203d\"><style>.stk-f86203d {height:20px !important;}<\/style><\/div>\n\n\n<div class=\"pgc-sgb-cb wp-block-pgcsimplygalleryblock-grid \" data-gallery-id=\"b8a82073\"><div class=\"sgb-preloader\" id=\"pr_b8a82073\">\n\t<div class=\"sgb-square\" style=\"background:#d4d4d4\"><\/div>\n\t<div class=\"sgb-square\" style=\"background:#d4d4d4\"><\/div>\n\t<div class=\"sgb-square\" style=\"background:#d4d4d4\"><\/div>\n\t<div class=\"sgb-square\" style=\"background:#d4d4d4\"><\/div><\/div><div class=\"simply-gallery-amp pgc_sgb_slider \"><noscript><div class=\"sgb-gallery\"><div class=\"sgb-item\"><a href=\"https:\/\/www.valkiriasevents.com\/musica-tematica-medieval\/musica_en_vivo_barcelona\/\" target=\"_blank\"><img decoding=\"async\" alt=\"\" width=\"225\" height=\"300\" loading=\"lazy\" src=\"https:\/\/www.valkiriasevents.com\/wp-content\/uploads\/2025\/07\/musica_en_vivo_barcelona-225x300.jpg\" srcset=\"https:\/\/www.valkiriasevents.com\/wp-content\/uploads\/2025\/07\/musica_en_vivo_barcelona-225x300.jpg 225w,https:\/\/www.valkiriasevents.com\/wp-content\/uploads\/2025\/07\/musica_en_vivo_barcelona-768x1024.jpg 768w,https:\/\/www.valkiriasevents.com\/wp-content\/uploads\/2025\/07\/musica_en_vivo_barcelona.jpg 1500w\" sizes=\"auto, 250px\"\/><\/a><\/div><div class=\"sgb-item\"><a href=\"https:\/\/www.valkiriasevents.com\/musica-tematica-medieval\/attachment\/01\/\" target=\"_blank\"><img decoding=\"async\" alt=\"\" width=\"300\" height=\"225\" loading=\"lazy\" src=\"https:\/\/www.valkiriasevents.com\/wp-content\/uploads\/2025\/07\/01-300x225.jpg\" srcset=\"https:\/\/www.valkiriasevents.com\/wp-content\/uploads\/2025\/07\/01-300x225.jpg 300w,https:\/\/www.valkiriasevents.com\/wp-content\/uploads\/2025\/07\/01-1024x768.jpg 1024w,https:\/\/www.valkiriasevents.com\/wp-content\/uploads\/2025\/07\/01.jpg 2048w\" sizes=\"auto, 250px\"\/><\/a><\/div><div class=\"sgb-item\"><a href=\"https:\/\/www.valkiriasevents.com\/musica-tematica-medieval\/attachment\/03\/\" target=\"_blank\"><img decoding=\"async\" alt=\"\" width=\"300\" height=\"200\" loading=\"lazy\" src=\"https:\/\/www.valkiriasevents.com\/wp-content\/uploads\/2025\/07\/03-300x200.jpg\" srcset=\"https:\/\/www.valkiriasevents.com\/wp-content\/uploads\/2025\/07\/03-300x200.jpg 300w,https:\/\/www.valkiriasevents.com\/wp-content\/uploads\/2025\/07\/03-1024x682.jpg 1024w,https:\/\/www.valkiriasevents.com\/wp-content\/uploads\/2025\/07\/03.jpg 1400w\" sizes=\"auto, 250px\"\/><\/a><\/div><div class=\"sgb-item\"><a href=\"https:\/\/www.valkiriasevents.com\/musica-tematica-medieval\/medieval_music_2\/\" target=\"_blank\"><img decoding=\"async\" alt=\"\" width=\"300\" height=\"225\" loading=\"lazy\" src=\"https:\/\/www.valkiriasevents.com\/wp-content\/uploads\/2025\/07\/medieval_music_2-300x225.jpg\" srcset=\"https:\/\/www.valkiriasevents.com\/wp-content\/uploads\/2025\/07\/medieval_music_2-300x225.jpg 300w,https:\/\/www.valkiriasevents.com\/wp-content\/uploads\/2025\/07\/medieval_music_2-1024x768.jpg 1024w,https:\/\/www.valkiriasevents.com\/wp-content\/uploads\/2025\/07\/medieval_music_2.jpg 2048w\" sizes=\"auto, 250px\"\/><\/a><\/div><div class=\"sgb-item\"><a href=\"https:\/\/www.valkiriasevents.com\/musica-tematica-medieval\/medieval_music_4\/\" target=\"_blank\"><img decoding=\"async\" alt=\"\" width=\"300\" height=\"225\" loading=\"lazy\" src=\"https:\/\/www.valkiriasevents.com\/wp-content\/uploads\/2025\/07\/medieval_music_4-300x225.jpg\" srcset=\"https:\/\/www.valkiriasevents.com\/wp-content\/uploads\/2025\/07\/medieval_music_4-300x225.jpg 300w,https:\/\/www.valkiriasevents.com\/wp-content\/uploads\/2025\/07\/medieval_music_4-1024x768.jpg 1024w,https:\/\/www.valkiriasevents.com\/wp-content\/uploads\/2025\/07\/medieval_music_4.jpg 2048w\" sizes=\"auto, 250px\"\/><\/a><\/div><\/div><\/noscript><\/div><script type=\"application\/json\" class=\"sgb-data\">{\"externalLink\":false,\"captions\":false,\"collectionThumbSubMenuDownload\":false,\"collectionThumbSubMenuShare\":false,\"galleryType\":\"pgc_sgb_grid\",\"galleryId\":\"b8a82073\",\"images\":[{\"id\":2931,\"title\":\"musica_en_vivo_barcelona\",\"url\":\"https:\/\/www.valkiriasevents.com\/wp-content\/uploads\/2025\/07\/musica_en_vivo_barcelona.jpg\",\"link\":\"https:\/\/www.valkiriasevents.com\/musica-tematica-medieval\/musica_en_vivo_barcelona\/\",\"alt\":\"\",\"description\":\"\",\"caption\":\"\",\"mime\":\"image\/jpeg\",\"type\":\"image\",\"width\":1500,\"height\":2000,\"sizes\":{\"thumbnail\":{\"url\":\"https:\/\/www.valkiriasevents.com\/wp-content\/uploads\/2025\/07\/musica_en_vivo_barcelona-150x150.jpg\",\"height\":150,\"width\":150,\"orientation\":\"landscape\"},\"medium\":{\"url\":\"https:\/\/www.valkiriasevents.com\/wp-content\/uploads\/2025\/07\/musica_en_vivo_barcelona-225x300.jpg\",\"height\":300,\"width\":225,\"orientation\":\"portrait\"},\"large\":{\"url\":\"https:\/\/www.valkiriasevents.com\/wp-content\/uploads\/2025\/07\/musica_en_vivo_barcelona-768x1024.jpg\",\"height\":1024,\"width\":768,\"orientation\":\"portrait\"},\"full\":{\"url\":\"https:\/\/www.valkiriasevents.com\/wp-content\/uploads\/2025\/07\/musica_en_vivo_barcelona.jpg\",\"height\":2000,\"width\":1500,\"orientation\":\"portrait\"}},\"imageMeta\":{\"aperture\":\"0\",\"credit\":\"\",\"camera\":\"\",\"caption\":\"\",\"created_timestamp\":\"0\",\"copyright\":\"\",\"focal_length\":\"0\",\"iso\":\"0\",\"shutter_speed\":\"0\",\"title\":\"\",\"orientation\":\"0\",\"keywords\":[]},\"meta\":false,\"postlink\":\"https:\/\/www.valkiriasevents.com\/musica-tematica-medieval\/musica_en_vivo_barcelona\/\"},{\"id\":2932,\"title\":\"01\",\"url\":\"https:\/\/www.valkiriasevents.com\/wp-content\/uploads\/2025\/07\/01.jpg\",\"link\":\"https:\/\/www.valkiriasevents.com\/musica-tematica-medieval\/attachment\/01\/\",\"alt\":\"\",\"description\":\"\",\"caption\":\"\",\"mime\":\"image\/jpeg\",\"type\":\"image\",\"width\":2048,\"height\":1536,\"sizes\":{\"thumbnail\":{\"url\":\"https:\/\/www.valkiriasevents.com\/wp-content\/uploads\/2025\/07\/01-150x150.jpg\",\"height\":150,\"width\":150,\"orientation\":\"landscape\"},\"medium\":{\"url\":\"https:\/\/www.valkiriasevents.com\/wp-content\/uploads\/2025\/07\/01-300x225.jpg\",\"height\":225,\"width\":300,\"orientation\":\"landscape\"},\"large\":{\"url\":\"https:\/\/www.valkiriasevents.com\/wp-content\/uploads\/2025\/07\/01-1024x768.jpg\",\"height\":768,\"width\":1024,\"orientation\":\"landscape\"},\"full\":{\"url\":\"https:\/\/www.valkiriasevents.com\/wp-content\/uploads\/2025\/07\/01.jpg\",\"height\":1536,\"width\":2048,\"orientation\":\"landscape\"}},\"imageMeta\":{\"aperture\":\"0\",\"credit\":\"\",\"camera\":\"\",\"caption\":\"\",\"created_timestamp\":\"0\",\"copyright\":\"\",\"focal_length\":\"0\",\"iso\":\"0\",\"shutter_speed\":\"0\",\"title\":\"\",\"orientation\":\"0\",\"keywords\":[]},\"meta\":false,\"postlink\":\"https:\/\/www.valkiriasevents.com\/musica-tematica-medieval\/attachment\/01\/\"},{\"id\":2933,\"title\":\"03\",\"url\":\"https:\/\/www.valkiriasevents.com\/wp-content\/uploads\/2025\/07\/03.jpg\",\"link\":\"https:\/\/www.valkiriasevents.com\/musica-tematica-medieval\/attachment\/03\/\",\"alt\":\"\",\"description\":\"\",\"caption\":\"\",\"mime\":\"image\/jpeg\",\"type\":\"image\",\"width\":1400,\"height\":933,\"sizes\":{\"thumbnail\":{\"url\":\"https:\/\/www.valkiriasevents.com\/wp-content\/uploads\/2025\/07\/03-150x150.jpg\",\"height\":150,\"width\":150,\"orientation\":\"landscape\"},\"medium\":{\"url\":\"https:\/\/www.valkiriasevents.com\/wp-content\/uploads\/2025\/07\/03-300x200.jpg\",\"height\":200,\"width\":300,\"orientation\":\"landscape\"},\"large\":{\"url\":\"https:\/\/www.valkiriasevents.com\/wp-content\/uploads\/2025\/07\/03-1024x682.jpg\",\"height\":682,\"width\":1024,\"orientation\":\"landscape\"},\"full\":{\"url\":\"https:\/\/www.valkiriasevents.com\/wp-content\/uploads\/2025\/07\/03.jpg\",\"height\":933,\"width\":1400,\"orientation\":\"landscape\"}},\"imageMeta\":{\"aperture\":\"0\",\"credit\":\"\",\"camera\":\"\",\"caption\":\"\",\"created_timestamp\":\"0\",\"copyright\":\"\",\"focal_length\":\"0\",\"iso\":\"0\",\"shutter_speed\":\"0\",\"title\":\"\",\"orientation\":\"0\",\"keywords\":[]},\"meta\":false,\"postlink\":\"https:\/\/www.valkiriasevents.com\/musica-tematica-medieval\/attachment\/03\/\"},{\"id\":2934,\"title\":\"medieval_music_2\",\"url\":\"https:\/\/www.valkiriasevents.com\/wp-content\/uploads\/2025\/07\/medieval_music_2.jpg\",\"link\":\"https:\/\/www.valkiriasevents.com\/musica-tematica-medieval\/medieval_music_2\/\",\"alt\":\"\",\"description\":\"\",\"caption\":\"\",\"mime\":\"image\/jpeg\",\"type\":\"image\",\"width\":2048,\"height\":1536,\"sizes\":{\"thumbnail\":{\"url\":\"https:\/\/www.valkiriasevents.com\/wp-content\/uploads\/2025\/07\/medieval_music_2-150x150.jpg\",\"height\":150,\"width\":150,\"orientation\":\"landscape\"},\"medium\":{\"url\":\"https:\/\/www.valkiriasevents.com\/wp-content\/uploads\/2025\/07\/medieval_music_2-300x225.jpg\",\"height\":225,\"width\":300,\"orientation\":\"landscape\"},\"large\":{\"url\":\"https:\/\/www.valkiriasevents.com\/wp-content\/uploads\/2025\/07\/medieval_music_2-1024x768.jpg\",\"height\":768,\"width\":1024,\"orientation\":\"landscape\"},\"full\":{\"url\":\"https:\/\/www.valkiriasevents.com\/wp-content\/uploads\/2025\/07\/medieval_music_2.jpg\",\"height\":1536,\"width\":2048,\"orientation\":\"landscape\"}},\"imageMeta\":{\"aperture\":\"0\",\"credit\":\"\",\"camera\":\"\",\"caption\":\"\",\"created_timestamp\":\"0\",\"copyright\":\"\",\"focal_length\":\"0\",\"iso\":\"0\",\"shutter_speed\":\"0\",\"title\":\"\",\"orientation\":\"0\",\"keywords\":[]},\"meta\":false,\"postlink\":\"https:\/\/www.valkiriasevents.com\/musica-tematica-medieval\/medieval_music_2\/\"},{\"id\":2935,\"title\":\"medieval_music_4\",\"url\":\"https:\/\/www.valkiriasevents.com\/wp-content\/uploads\/2025\/07\/medieval_music_4.jpg\",\"link\":\"https:\/\/www.valkiriasevents.com\/musica-tematica-medieval\/medieval_music_4\/\",\"alt\":\"\",\"description\":\"\",\"caption\":\"\",\"mime\":\"image\/jpeg\",\"type\":\"image\",\"width\":2048,\"height\":1536,\"sizes\":{\"thumbnail\":{\"url\":\"https:\/\/www.valkiriasevents.com\/wp-content\/uploads\/2025\/07\/medieval_music_4-150x150.jpg\",\"height\":150,\"width\":150,\"orientation\":\"landscape\"},\"medium\":{\"url\":\"https:\/\/www.valkiriasevents.com\/wp-content\/uploads\/2025\/07\/medieval_music_4-300x225.jpg\",\"height\":225,\"width\":300,\"orientation\":\"landscape\"},\"large\":{\"url\":\"https:\/\/www.valkiriasevents.com\/wp-content\/uploads\/2025\/07\/medieval_music_4-1024x768.jpg\",\"height\":768,\"width\":1024,\"orientation\":\"landscape\"},\"full\":{\"url\":\"https:\/\/www.valkiriasevents.com\/wp-content\/uploads\/2025\/07\/medieval_music_4.jpg\",\"height\":1536,\"width\":2048,\"orientation\":\"landscape\"}},\"imageMeta\":{\"aperture\":\"1.9\",\"credit\":\"\",\"camera\":\"M2101K6G\",\"caption\":\"\",\"created_timestamp\":\"1663356674\",\"copyright\":\"\",\"focal_length\":\"6.04\",\"iso\":\"569\",\"shutter_speed\":\"0.04\",\"title\":\"\",\"orientation\":\"1\",\"keywords\":[]},\"meta\":false,\"postlink\":\"https:\/\/www.valkiriasevents.com\/musica-tematica-medieval\/medieval_music_4\/\"}],\"useClobalSettings\":true,\"shareFacebook\":false,\"shareTwitter\":false,\"sharePinterest\":false,\"sliderItemDownload\":false,\"shareCopyLink\":false,\"itemsMetaDataCollection\":[]}<\/script><script>(function(){if(window.PGC_SGB && window.PGC_SGB.searcher){window.PGC_SGB.searcher.initBlocks()}})()<\/script><\/div>","protected":false},"excerpt":{"rendered":"<p>Musique du g\u00e9n\u00e9rique live | Bande originale des \u00c9poques L\u00e9gendaires Chez Valkyries Events , nous donnons vie \u00e0 chaque \u00e9v\u00e9nement avec une exp\u00e9rience musicale authentique et immersive, sp\u00e9cialement con\u00e7ue pour les mariages et c\u00e9l\u00e9brations de style viking, celtique ou m\u00e9di\u00e9val.Notre groupe de musiciens professionnels ma\u00eetrise un large r\u00e9pertoire de m\u00e9lodies d\u2019\u00e9poque, interpr\u00e9t\u00e9es avec des instruments [&hellip;]<\/p>\n","protected":false},"author":1,"featured_media":0,"parent":0,"menu_order":0,"comment_status":"closed","ping_status":"closed","template":"","meta":{"pgc_sgb_lightbox_settings":"","footnotes":""},"class_list":["post-6322","page","type-page","status-publish","hentry"],"blocksy_meta":[],"_links":{"self":[{"href":"https:\/\/www.valkiriasevents.com\/fr\/wp-json\/wp\/v2\/pages\/6322","targetHints":{"allow":["GET"]}}],"collection":[{"href":"https:\/\/www.valkiriasevents.com\/fr\/wp-json\/wp\/v2\/pages"}],"about":[{"href":"https:\/\/www.valkiriasevents.com\/fr\/wp-json\/wp\/v2\/types\/page"}],"author":[{"embeddable":true,"href":"https:\/\/www.valkiriasevents.com\/fr\/wp-json\/wp\/v2\/users\/1"}],"replies":[{"embeddable":true,"href":"https:\/\/www.valkiriasevents.com\/fr\/wp-json\/wp\/v2\/comments?post=6322"}],"version-history":[{"count":1,"href":"https:\/\/www.valkiriasevents.com\/fr\/wp-json\/wp\/v2\/pages\/6322\/revisions"}],"predecessor-version":[{"id":8255,"href":"https:\/\/www.valkiriasevents.com\/fr\/wp-json\/wp\/v2\/pages\/6322\/revisions\/8255"}],"wp:attachment":[{"href":"https:\/\/www.valkiriasevents.com\/fr\/wp-json\/wp\/v2\/media?parent=6322"}],"curies":[{"name":"wp","href":"https:\/\/api.w.org\/{rel}","templated":true}]}}