{"id":6226,"date":"2025-07-28T12:42:19","date_gmt":"2025-07-28T11:42:19","guid":{"rendered":"https:\/\/www.valkiriasevents.com\/guerreros-y-combate-medieval-espectaculo-vikingo-y-participacion-con-armas\/"},"modified":"2026-03-02T16:08:38","modified_gmt":"2026-03-02T15:08:38","slug":"guerreros-y-combate-medieval-espectaculo-vikingo-y-participacion-con-armas","status":"publish","type":"page","link":"https:\/\/www.valkiriasevents.com\/fr\/guerreros-y-combate-medieval-espectaculo-vikingo-y-participacion-con-armas\/","title":{"rendered":"Guerriers et combat m\u00e9di\u00e9val | Spectacle viking et participation avec des armes"},"content":{"rendered":"\n<div class=\"wp-block-stackable-heading stk-block-heading stk-block-heading--v2 stk-block stk-faa0293\" id=\"guerreros-y-combate-medieval-espectaculo-vikingo-y-participacion-con-armas\" data-block-id=\"faa0293\"><h1 class=\"stk-block-heading__text\">Guerriers et combat m\u00e9di\u00e9val | Spectacle viking et participation avec des armes<\/h1><\/div>\n\n\n\n<p data-block-type=\"core\">Pr\u00e9parez-vous \u00e0 vivre le frisson du combat comme jamais auparavant. Chez Valkyries Events, nous vous proposons une exp\u00e9rience immersive et brutalement \u00e9pique, avec de v\u00e9ritables guerriers m\u00e9di\u00e9vaux et vikings qui lib\u00e8rent l\u2019esprit du combat lors de votre \u00e9v\u00e9nement. <\/p>\n\n\n\n<p data-block-type=\"core\">Nos catcheurs professionnels offrent un spectacle visuel \u00e0 fort impact, avec une chor\u00e9graphie r\u00e9aliste, des armures historiques et de vraies armes (sans contact avec le public) qui recr\u00e9ent l\u2019intensit\u00e9 des affrontements anciens.<\/p>\n\n\n\n<p data-block-type=\"core\">Mais l\u2019action ne s\u2019arr\u00eate pas \u00e0 la sc\u00e8ne&#8230;<\/p>\n\n\n\n<div class=\"wp-block-stackable-spacer stk-block-spacer stk--no-padding stk-block stk-55f13da\" data-block-id=\"55f13da\"><style>.stk-55f13da {height:10px !important;}<\/style><\/div>\n\n\n\n<p data-block-type=\"core\"><strong>Combat participatif avec des armes de LARP<\/strong> :<br>Pour les plus courageux, nous avons pr\u00e9par\u00e9 des zones s\u00fbres o\u00f9 vous pouvez combattre aux c\u00f4t\u00e9s de nos guerriers avec des \u00e9p\u00e9es et des haches en mousse dure. Parfait pour lib\u00e9rer l\u2019adr\u00e9naline, rire, rivaliser et se sentir membre du clan. <\/p>\n\n\n\n<ul class=\"wp-block-list\" data-block-type=\"core\">\n<li data-block-type=\"core\">Entra\u00eenement, jeux de combat et d\u00e9fis d\u2019\u00e9quipe<\/li>\n\n\n\n<li data-block-type=\"core\">Guerriers, Vikings, \u00c9cuyers, Valkyries et Ennemis Symboliques<\/li>\n\n\n\n<li data-block-type=\"core\">Id\u00e9al pour les team buildings, les mariages th\u00e9matiques, les f\u00eates priv\u00e9es et les \u00e9v\u00e9nements historiques<\/li>\n<\/ul>\n\n\n\n<div class=\"wp-block-stackable-spacer stk-block-spacer stk--no-padding stk-block stk-44d1973\" data-block-id=\"44d1973\"><style>.stk-44d1973 {height:10px !important;}<\/style><\/div>\n\n\n\n<p data-block-type=\"core\">Tout divertissement est con\u00e7u avec s\u00e9curit\u00e9, spectaculaire et th\u00e9\u00e2tralit\u00e9, afin que les spectateurs et les participants vivent une exp\u00e9rience inoubliable.<\/p>\n\n\n\n<div class=\"wp-block-stackable-spacer stk-block-spacer stk--no-padding stk-block stk-9af84e5\" data-block-id=\"9af84e5\"><style>.stk-9af84e5 {height:10px !important;}<\/style><\/div>\n\n\n\n<p data-block-type=\"core\">Forgez votre l\u00e9gende avec nous !<\/p>\n\n\n\n<div class=\"wp-block-stackable-spacer stk-block-spacer stk--no-padding stk-block stk-964b813\" data-block-id=\"964b813\"><style>.stk-964b813 {height:20px !important;}<\/style><\/div>\n\n\n<div class=\"pgc-sgb-cb wp-block-pgcsimplygalleryblock-grid \" data-gallery-id=\"60100889\"><div class=\"sgb-preloader\" id=\"pr_60100889\">\n\t<div class=\"sgb-square\" style=\"background:#d4d4d4\"><\/div>\n\t<div class=\"sgb-square\" style=\"background:#d4d4d4\"><\/div>\n\t<div class=\"sgb-square\" style=\"background:#d4d4d4\"><\/div>\n\t<div class=\"sgb-square\" style=\"background:#d4d4d4\"><\/div><\/div><div class=\"simply-gallery-amp pgc_sgb_slider \"><noscript><div class=\"sgb-gallery\"><div class=\"sgb-item\"><a href=\"https:\/\/www.valkiriasevents.com\/guerreros-y-combate-medieval-espectaculo-vikingo-y-participacion-con-armas\/contratar_artistas_lucha\/\" target=\"_blank\"><img decoding=\"async\" alt=\"\" width=\"200\" height=\"300\" loading=\"lazy\" src=\"https:\/\/www.valkiriasevents.com\/wp-content\/uploads\/2025\/07\/contratar_artistas_lucha-200x300.jpg\" srcset=\"https:\/\/www.valkiriasevents.com\/wp-content\/uploads\/2025\/07\/contratar_artistas_lucha-200x300.jpg 200w,https:\/\/www.valkiriasevents.com\/wp-content\/uploads\/2025\/07\/contratar_artistas_lucha-683x1024.jpg 683w,https:\/\/www.valkiriasevents.com\/wp-content\/uploads\/2025\/07\/contratar_artistas_lucha-scaled.jpg 1707w\" sizes=\"auto, 250px\"\/><\/a><\/div><div class=\"sgb-item\"><a href=\"https:\/\/www.valkiriasevents.com\/guerreros-y-combate-medieval-espectaculo-vikingo-y-participacion-con-armas\/contratar_lucha_tematica_medieval\/\" target=\"_blank\"><img decoding=\"async\" alt=\"\" width=\"300\" height=\"200\" loading=\"lazy\" src=\"https:\/\/www.valkiriasevents.com\/wp-content\/uploads\/2025\/07\/contratar_lucha_tematica_medieval-300x200.jpg\" srcset=\"https:\/\/www.valkiriasevents.com\/wp-content\/uploads\/2025\/07\/contratar_lucha_tematica_medieval-300x200.jpg 300w,https:\/\/www.valkiriasevents.com\/wp-content\/uploads\/2025\/07\/contratar_lucha_tematica_medieval-1024x683.jpg 1024w,https:\/\/www.valkiriasevents.com\/wp-content\/uploads\/2025\/07\/contratar_lucha_tematica_medieval-scaled.jpg 2560w\" sizes=\"auto, 250px\"\/><\/a><\/div><div class=\"sgb-item\"><a href=\"https:\/\/www.valkiriasevents.com\/guerreros-y-combate-medieval-espectaculo-vikingo-y-participacion-con-armas\/lucha_medieval\/\" target=\"_blank\"><img decoding=\"async\" alt=\"\" width=\"300\" height=\"200\" loading=\"lazy\" src=\"https:\/\/www.valkiriasevents.com\/wp-content\/uploads\/2025\/07\/lucha_medieval-300x200.jpg\" srcset=\"https:\/\/www.valkiriasevents.com\/wp-content\/uploads\/2025\/07\/lucha_medieval-300x200.jpg 300w,https:\/\/www.valkiriasevents.com\/wp-content\/uploads\/2025\/07\/lucha_medieval-1024x683.jpg 1024w,https:\/\/www.valkiriasevents.com\/wp-content\/uploads\/2025\/07\/lucha_medieval-scaled.jpg 2560w\" sizes=\"auto, 250px\"\/><\/a><\/div><div class=\"sgb-item\"><a href=\"https:\/\/www.valkiriasevents.com\/guerreros-y-combate-medieval-espectaculo-vikingo-y-participacion-con-armas\/animacion_evento_barcelona_1\/\" target=\"_blank\"><img decoding=\"async\" alt=\"\" width=\"300\" height=\"225\" loading=\"lazy\" src=\"https:\/\/www.valkiriasevents.com\/wp-content\/uploads\/2025\/07\/animacion_evento_barcelona_1-300x225.jpg\" srcset=\"https:\/\/www.valkiriasevents.com\/wp-content\/uploads\/2025\/07\/animacion_evento_barcelona_1-300x225.jpg 300w,https:\/\/www.valkiriasevents.com\/wp-content\/uploads\/2025\/07\/animacion_evento_barcelona_1-1024x768.jpg 1024w,https:\/\/www.valkiriasevents.com\/wp-content\/uploads\/2025\/07\/animacion_evento_barcelona_1-scaled.jpg 2560w\" sizes=\"auto, 250px\"\/><\/a><\/div><div class=\"sgb-item\"><a href=\"https:\/\/www.valkiriasevents.com\/guerreros-y-combate-medieval-espectaculo-vikingo-y-participacion-con-armas\/animacion_evento_barcelona_2\/\" target=\"_blank\"><img decoding=\"async\" alt=\"\" width=\"225\" height=\"300\" loading=\"lazy\" src=\"https:\/\/www.valkiriasevents.com\/wp-content\/uploads\/2025\/07\/animacion_evento_barcelona_2-225x300.webp\" srcset=\"https:\/\/www.valkiriasevents.com\/wp-content\/uploads\/2025\/07\/animacion_evento_barcelona_2-225x300.webp 225w,https:\/\/www.valkiriasevents.com\/wp-content\/uploads\/2025\/07\/animacion_evento_barcelona_2-768x1024.webp 768w,https:\/\/www.valkiriasevents.com\/wp-content\/uploads\/2025\/07\/animacion_evento_barcelona_2.webp 1125w\" sizes=\"auto, 250px\"\/><\/a><\/div><div class=\"sgb-item\"><a href=\"https:\/\/www.valkiriasevents.com\/guerreros-y-combate-medieval-espectaculo-vikingo-y-participacion-con-armas\/animacion_evento_barcelona_4\/\" target=\"_blank\"><img decoding=\"async\" alt=\"\" width=\"169\" height=\"300\" loading=\"lazy\" src=\"https:\/\/www.valkiriasevents.com\/wp-content\/uploads\/2025\/07\/animacion_evento_barcelona_4-169x300.jpg\" srcset=\"https:\/\/www.valkiriasevents.com\/wp-content\/uploads\/2025\/07\/animacion_evento_barcelona_4-169x300.jpg 169w,https:\/\/www.valkiriasevents.com\/wp-content\/uploads\/2025\/07\/animacion_evento_barcelona_4-576x1024.jpg 576w,https:\/\/www.valkiriasevents.com\/wp-content\/uploads\/2025\/07\/animacion_evento_barcelona_4.jpg 954w\" sizes=\"auto, 250px\"\/><\/a><\/div><\/div><\/noscript><\/div><script type=\"application\/json\" class=\"sgb-data\">{\"externalLink\":false,\"captions\":false,\"collectionThumbSubMenuDownload\":false,\"collectionThumbSubMenuShare\":false,\"galleryType\":\"pgc_sgb_grid\",\"galleryId\":\"60100889\",\"images\":[{\"id\":2714,\"title\":\"contratar_artistas_lucha\",\"url\":\"https:\/\/www.valkiriasevents.com\/wp-content\/uploads\/2025\/07\/contratar_artistas_lucha-scaled.jpg\",\"link\":\"https:\/\/www.valkiriasevents.com\/guerreros-y-combate-medieval-espectaculo-vikingo-y-participacion-con-armas\/contratar_artistas_lucha\/\",\"alt\":\"\",\"description\":\"\",\"caption\":\"\",\"mime\":\"image\/jpeg\",\"type\":\"image\",\"width\":1707,\"height\":2560,\"sizes\":{\"thumbnail\":{\"url\":\"https:\/\/www.valkiriasevents.com\/wp-content\/uploads\/2025\/07\/contratar_artistas_lucha-150x150.jpg\",\"height\":150,\"width\":150,\"orientation\":\"landscape\"},\"medium\":{\"url\":\"https:\/\/www.valkiriasevents.com\/wp-content\/uploads\/2025\/07\/contratar_artistas_lucha-200x300.jpg\",\"height\":300,\"width\":200,\"orientation\":\"portrait\"},\"large\":{\"url\":\"https:\/\/www.valkiriasevents.com\/wp-content\/uploads\/2025\/07\/contratar_artistas_lucha-683x1024.jpg\",\"height\":1024,\"width\":683,\"orientation\":\"portrait\"},\"full\":{\"url\":\"https:\/\/www.valkiriasevents.com\/wp-content\/uploads\/2025\/07\/contratar_artistas_lucha-scaled.jpg\",\"height\":2560,\"width\":1707,\"orientation\":\"portrait\"}},\"imageMeta\":{\"aperture\":\"0\",\"credit\":\"\",\"camera\":\"\",\"caption\":\"\",\"created_timestamp\":\"0\",\"copyright\":\"\",\"focal_length\":\"0\",\"iso\":\"0\",\"shutter_speed\":\"0\",\"title\":\"\",\"orientation\":\"0\",\"keywords\":[]},\"meta\":false,\"postlink\":\"https:\/\/www.valkiriasevents.com\/guerreros-y-combate-medieval-espectaculo-vikingo-y-participacion-con-armas\/contratar_artistas_lucha\/\"},{\"id\":2715,\"title\":\"contratar_lucha_tematica_medieval\",\"url\":\"https:\/\/www.valkiriasevents.com\/wp-content\/uploads\/2025\/07\/contratar_lucha_tematica_medieval-scaled.jpg\",\"link\":\"https:\/\/www.valkiriasevents.com\/guerreros-y-combate-medieval-espectaculo-vikingo-y-participacion-con-armas\/contratar_lucha_tematica_medieval\/\",\"alt\":\"\",\"description\":\"\",\"caption\":\"\",\"mime\":\"image\/jpeg\",\"type\":\"image\",\"width\":2560,\"height\":1707,\"sizes\":{\"thumbnail\":{\"url\":\"https:\/\/www.valkiriasevents.com\/wp-content\/uploads\/2025\/07\/contratar_lucha_tematica_medieval-150x150.jpg\",\"height\":150,\"width\":150,\"orientation\":\"landscape\"},\"medium\":{\"url\":\"https:\/\/www.valkiriasevents.com\/wp-content\/uploads\/2025\/07\/contratar_lucha_tematica_medieval-300x200.jpg\",\"height\":200,\"width\":300,\"orientation\":\"landscape\"},\"large\":{\"url\":\"https:\/\/www.valkiriasevents.com\/wp-content\/uploads\/2025\/07\/contratar_lucha_tematica_medieval-1024x683.jpg\",\"height\":683,\"width\":1024,\"orientation\":\"landscape\"},\"full\":{\"url\":\"https:\/\/www.valkiriasevents.com\/wp-content\/uploads\/2025\/07\/contratar_lucha_tematica_medieval-scaled.jpg\",\"height\":1707,\"width\":2560,\"orientation\":\"landscape\"}},\"imageMeta\":{\"aperture\":\"0\",\"credit\":\"\",\"camera\":\"\",\"caption\":\"\",\"created_timestamp\":\"0\",\"copyright\":\"\",\"focal_length\":\"0\",\"iso\":\"0\",\"shutter_speed\":\"0\",\"title\":\"\",\"orientation\":\"0\",\"keywords\":[]},\"meta\":false,\"postlink\":\"https:\/\/www.valkiriasevents.com\/guerreros-y-combate-medieval-espectaculo-vikingo-y-participacion-con-armas\/contratar_lucha_tematica_medieval\/\"},{\"id\":2713,\"title\":\"lucha_medieval\",\"url\":\"https:\/\/www.valkiriasevents.com\/wp-content\/uploads\/2025\/07\/lucha_medieval-scaled.jpg\",\"link\":\"https:\/\/www.valkiriasevents.com\/guerreros-y-combate-medieval-espectaculo-vikingo-y-participacion-con-armas\/lucha_medieval\/\",\"alt\":\"\",\"description\":\"\",\"caption\":\"\",\"mime\":\"image\/jpeg\",\"type\":\"image\",\"width\":2560,\"height\":1707,\"sizes\":{\"thumbnail\":{\"url\":\"https:\/\/www.valkiriasevents.com\/wp-content\/uploads\/2025\/07\/lucha_medieval-150x150.jpg\",\"height\":150,\"width\":150,\"orientation\":\"landscape\"},\"medium\":{\"url\":\"https:\/\/www.valkiriasevents.com\/wp-content\/uploads\/2025\/07\/lucha_medieval-300x200.jpg\",\"height\":200,\"width\":300,\"orientation\":\"landscape\"},\"large\":{\"url\":\"https:\/\/www.valkiriasevents.com\/wp-content\/uploads\/2025\/07\/lucha_medieval-1024x683.jpg\",\"height\":683,\"width\":1024,\"orientation\":\"landscape\"},\"full\":{\"url\":\"https:\/\/www.valkiriasevents.com\/wp-content\/uploads\/2025\/07\/lucha_medieval-scaled.jpg\",\"height\":1707,\"width\":2560,\"orientation\":\"landscape\"}},\"imageMeta\":{\"aperture\":\"0\",\"credit\":\"\",\"camera\":\"\",\"caption\":\"\",\"created_timestamp\":\"0\",\"copyright\":\"\",\"focal_length\":\"0\",\"iso\":\"0\",\"shutter_speed\":\"0\",\"title\":\"\",\"orientation\":\"1\",\"keywords\":[]},\"meta\":false,\"postlink\":\"https:\/\/www.valkiriasevents.com\/guerreros-y-combate-medieval-espectaculo-vikingo-y-participacion-con-armas\/lucha_medieval\/\"},{\"id\":2710,\"title\":\"animacion_evento_barcelona_1\",\"url\":\"https:\/\/www.valkiriasevents.com\/wp-content\/uploads\/2025\/07\/animacion_evento_barcelona_1-scaled.jpg\",\"link\":\"https:\/\/www.valkiriasevents.com\/guerreros-y-combate-medieval-espectaculo-vikingo-y-participacion-con-armas\/animacion_evento_barcelona_1\/\",\"alt\":\"\",\"description\":\"\",\"caption\":\"\",\"mime\":\"image\/jpeg\",\"type\":\"image\",\"width\":2560,\"height\":1920,\"sizes\":{\"thumbnail\":{\"url\":\"https:\/\/www.valkiriasevents.com\/wp-content\/uploads\/2025\/07\/animacion_evento_barcelona_1-150x150.jpg\",\"height\":150,\"width\":150,\"orientation\":\"landscape\"},\"medium\":{\"url\":\"https:\/\/www.valkiriasevents.com\/wp-content\/uploads\/2025\/07\/animacion_evento_barcelona_1-300x225.jpg\",\"height\":225,\"width\":300,\"orientation\":\"landscape\"},\"large\":{\"url\":\"https:\/\/www.valkiriasevents.com\/wp-content\/uploads\/2025\/07\/animacion_evento_barcelona_1-1024x768.jpg\",\"height\":768,\"width\":1024,\"orientation\":\"landscape\"},\"full\":{\"url\":\"https:\/\/www.valkiriasevents.com\/wp-content\/uploads\/2025\/07\/animacion_evento_barcelona_1-scaled.jpg\",\"height\":1920,\"width\":2560,\"orientation\":\"landscape\"}},\"imageMeta\":{\"aperture\":\"1.9\",\"credit\":\"\",\"camera\":\"M2101K6G\",\"caption\":\"\",\"created_timestamp\":\"1653755413\",\"copyright\":\"\",\"focal_length\":\"6.04\",\"iso\":\"50\",\"shutter_speed\":\"0.0064516129032258\",\"title\":\"\",\"orientation\":\"1\",\"keywords\":[]},\"meta\":false,\"postlink\":\"https:\/\/www.valkiriasevents.com\/guerreros-y-combate-medieval-espectaculo-vikingo-y-participacion-con-armas\/animacion_evento_barcelona_1\/\"},{\"id\":2711,\"title\":\"animacion_evento_barcelona_2\",\"url\":\"https:\/\/www.valkiriasevents.com\/wp-content\/uploads\/2025\/07\/animacion_evento_barcelona_2.webp\",\"link\":\"https:\/\/www.valkiriasevents.com\/guerreros-y-combate-medieval-espectaculo-vikingo-y-participacion-con-armas\/animacion_evento_barcelona_2\/\",\"alt\":\"\",\"description\":\"\",\"caption\":\"\",\"mime\":\"image\/webp\",\"type\":\"image\",\"width\":1125,\"height\":1500,\"sizes\":{\"thumbnail\":{\"url\":\"https:\/\/www.valkiriasevents.com\/wp-content\/uploads\/2025\/07\/animacion_evento_barcelona_2-150x150.webp\",\"height\":150,\"width\":150,\"orientation\":\"landscape\"},\"medium\":{\"url\":\"https:\/\/www.valkiriasevents.com\/wp-content\/uploads\/2025\/07\/animacion_evento_barcelona_2-225x300.webp\",\"height\":300,\"width\":225,\"orientation\":\"portrait\"},\"large\":{\"url\":\"https:\/\/www.valkiriasevents.com\/wp-content\/uploads\/2025\/07\/animacion_evento_barcelona_2-768x1024.webp\",\"height\":1024,\"width\":768,\"orientation\":\"portrait\"},\"full\":{\"url\":\"https:\/\/www.valkiriasevents.com\/wp-content\/uploads\/2025\/07\/animacion_evento_barcelona_2.webp\",\"height\":1500,\"width\":1125,\"orientation\":\"portrait\"}},\"imageMeta\":{\"aperture\":\"0\",\"credit\":\"\",\"camera\":\"\",\"caption\":\"\",\"created_timestamp\":\"0\",\"copyright\":\"\",\"focal_length\":\"0\",\"iso\":\"0\",\"shutter_speed\":\"0\",\"title\":\"\",\"orientation\":\"0\",\"keywords\":[]},\"meta\":false,\"postlink\":\"https:\/\/www.valkiriasevents.com\/guerreros-y-combate-medieval-espectaculo-vikingo-y-participacion-con-armas\/animacion_evento_barcelona_2\/\"},{\"id\":2712,\"title\":\"animacion_evento_barcelona_4\",\"url\":\"https:\/\/www.valkiriasevents.com\/wp-content\/uploads\/2025\/07\/animacion_evento_barcelona_4.jpg\",\"link\":\"https:\/\/www.valkiriasevents.com\/guerreros-y-combate-medieval-espectaculo-vikingo-y-participacion-con-armas\/animacion_evento_barcelona_4\/\",\"alt\":\"\",\"description\":\"\",\"caption\":\"\",\"mime\":\"image\/jpeg\",\"type\":\"image\",\"width\":954,\"height\":1696,\"sizes\":{\"thumbnail\":{\"url\":\"https:\/\/www.valkiriasevents.com\/wp-content\/uploads\/2025\/07\/animacion_evento_barcelona_4-150x150.jpg\",\"height\":150,\"width\":150,\"orientation\":\"landscape\"},\"medium\":{\"url\":\"https:\/\/www.valkiriasevents.com\/wp-content\/uploads\/2025\/07\/animacion_evento_barcelona_4-169x300.jpg\",\"height\":300,\"width\":169,\"orientation\":\"portrait\"},\"large\":{\"url\":\"https:\/\/www.valkiriasevents.com\/wp-content\/uploads\/2025\/07\/animacion_evento_barcelona_4-576x1024.jpg\",\"height\":1024,\"width\":576,\"orientation\":\"portrait\"},\"full\":{\"url\":\"https:\/\/www.valkiriasevents.com\/wp-content\/uploads\/2025\/07\/animacion_evento_barcelona_4.jpg\",\"height\":1696,\"width\":954,\"orientation\":\"portrait\"}},\"imageMeta\":{\"aperture\":\"0\",\"credit\":\"\",\"camera\":\"\",\"caption\":\"\",\"created_timestamp\":\"0\",\"copyright\":\"\",\"focal_length\":\"0\",\"iso\":\"0\",\"shutter_speed\":\"0\",\"title\":\"\",\"orientation\":\"0\",\"keywords\":[]},\"meta\":false,\"postlink\":\"https:\/\/www.valkiriasevents.com\/guerreros-y-combate-medieval-espectaculo-vikingo-y-participacion-con-armas\/animacion_evento_barcelona_4\/\"}],\"useClobalSettings\":true,\"shareFacebook\":false,\"shareTwitter\":false,\"sharePinterest\":false,\"sliderItemDownload\":false,\"shareCopyLink\":false,\"itemsMetaDataCollection\":[]}<\/script><script>(function(){if(window.PGC_SGB && window.PGC_SGB.searcher){window.PGC_SGB.searcher.initBlocks()}})()<\/script><\/div>","protected":false},"excerpt":{"rendered":"<p>Guerriers et combat m\u00e9di\u00e9val | Spectacle viking et participation avec des armes Pr\u00e9parez-vous \u00e0 vivre le frisson du combat comme jamais auparavant. Chez Valkyries Events, nous vous proposons une exp\u00e9rience immersive et brutalement \u00e9pique, avec de v\u00e9ritables guerriers m\u00e9di\u00e9vaux et vikings qui lib\u00e8rent l\u2019esprit du combat lors de votre \u00e9v\u00e9nement. Nos catcheurs professionnels offrent un [&hellip;]<\/p>\n","protected":false},"author":1,"featured_media":0,"parent":0,"menu_order":0,"comment_status":"closed","ping_status":"closed","template":"","meta":{"pgc_sgb_lightbox_settings":"","footnotes":""},"class_list":["post-6226","page","type-page","status-publish","hentry"],"blocksy_meta":[],"_links":{"self":[{"href":"https:\/\/www.valkiriasevents.com\/fr\/wp-json\/wp\/v2\/pages\/6226","targetHints":{"allow":["GET"]}}],"collection":[{"href":"https:\/\/www.valkiriasevents.com\/fr\/wp-json\/wp\/v2\/pages"}],"about":[{"href":"https:\/\/www.valkiriasevents.com\/fr\/wp-json\/wp\/v2\/types\/page"}],"author":[{"embeddable":true,"href":"https:\/\/www.valkiriasevents.com\/fr\/wp-json\/wp\/v2\/users\/1"}],"replies":[{"embeddable":true,"href":"https:\/\/www.valkiriasevents.com\/fr\/wp-json\/wp\/v2\/comments?post=6226"}],"version-history":[{"count":1,"href":"https:\/\/www.valkiriasevents.com\/fr\/wp-json\/wp\/v2\/pages\/6226\/revisions"}],"predecessor-version":[{"id":8269,"href":"https:\/\/www.valkiriasevents.com\/fr\/wp-json\/wp\/v2\/pages\/6226\/revisions\/8269"}],"wp:attachment":[{"href":"https:\/\/www.valkiriasevents.com\/fr\/wp-json\/wp\/v2\/media?parent=6226"}],"curies":[{"name":"wp","href":"https:\/\/api.w.org\/{rel}","templated":true}]}}