{"id":6169,"date":"2025-07-28T12:37:15","date_gmt":"2025-07-28T11:37:15","guid":{"rendered":"https:\/\/www.valkiriasevents.com\/tematizacion-pirata-y-sirenas\/"},"modified":"2025-07-28T12:37:15","modified_gmt":"2025-07-28T11:37:15","slug":"tematizacion-pirata-y-sirenas","status":"publish","type":"page","link":"https:\/\/www.valkiriasevents.com\/fr\/tematizacion-pirata-y-sirenas\/","title":{"rendered":"F\u00eate des pirates et des sir\u00e8nes"},"content":{"rendered":"\n<div class=\"wp-block-stackable-heading stk-block-heading stk-block-heading--v2 stk-block stk-16ae4bc\" id=\"fiesta-pirata-y-sirenas\" data-block-id=\"16ae4bc\"><h1 class=\"stk-block-heading__text\">F\u00eate des pirates et des sir\u00e8nes<\/h1><\/div>\n\n\n\n<p data-block-type=\"core\">Hissez les voiles et pr\u00e9parez les canons ! Chez <strong>Valkirias Events<\/strong> , nous vous invitons \u00e0 vivre une <strong>v\u00e9ritable aventure pirate<\/strong> qui transformera votre \u00e9v\u00e9nement en un voyage \u00e9pique rempli d\u2019humour, de fantaisie et d\u2019\u00e9motion. Notre <strong>th\u00e8me pirate<\/strong> est con\u00e7u pour surprendre et immerger les participants dans un monde de corsaires, de sir\u00e8nes et de l\u00e9gendes de la mer.  <\/p>\n\n\n\n<h3 class=\"wp-block-heading\" data-block-type=\"core\">\u2693 Cadre complet et totalement immersif<\/h3>\n\n\n\n<p data-block-type=\"core\">Nous cr\u00e9ons une <strong>sc\u00e9nographie immersive<\/strong> qui transforme n\u2019importe quel espace sur le pont d\u2019un navire pirate ou dans un port myst\u00e9rieux et cach\u00e9. Nous utilisons des \u00e9l\u00e9ments r\u00e9els et artisanaux tels que : <\/p>\n\n\n\n<ul class=\"wp-block-list\" data-block-type=\"core\">\n<li data-block-type=\"core\"><strong>Coffres au tr\u00e9sor<\/strong> d\u00e9bordant de pi\u00e8ces, perles et cartes<\/li>\n\n\n\n<li data-block-type=\"core\"><strong>Tonneaux de rhum<\/strong>, filets marins, ancres et cordes nautiques<\/li>\n\n\n\n<li data-block-type=\"core\"><strong>Anciennes cartes et cartes de navigation<\/strong> d\u00e9corant tables et recoins<\/li>\n\n\n\n<li data-block-type=\"core\"><strong>Des bougies, des lanternes et des effets de brouillard<\/strong> pour une atmosph\u00e8re plus th\u00e9\u00e2trale<\/li>\n\n\n\n<li data-block-type=\"core\"><strong>Des rideaux peints, des drapeaux de pirates et des cr\u00e2nes d\u00e9coratifs<\/strong> compl\u00e8tent l\u2019exp\u00e9rience<\/li>\n<\/ul>\n\n\n\n<p data-block-type=\"core\">Chaque d\u00e9tail est adapt\u00e9 \u00e0 l\u2019espace disponible et \u00e0 la nature de l\u2019\u00e9v\u00e9nement, qu\u2019il s\u2019agisse d\u2019un cocktail d\u2019entreprise ou d\u2019un mariage \u00e0 th\u00e8me sur la plage ou dans un ch\u00e2teau.<\/p>\n\n\n\n<h3 class=\"wp-block-heading\" data-block-type=\"core\">\ud83c\udff4 \u2620\ufe0f Distribution artistique de premier ordre<\/h3>\n\n\n\n<p data-block-type=\"core\">Nous avons une \u00e9quipe professionnelle <strong>d\u2019acteurs, d\u2019animateurs et d\u2019interpr\u00e8tes<\/strong> qui donnent vie \u00e0 un univers pirate authentique :<\/p>\n\n\n\n<ul class=\"wp-block-list\" data-block-type=\"core\">\n<li data-block-type=\"core\"><strong>Capitaines charismatiques, boucaniers bruyants et marins dr\u00f4les<\/strong> interagissant avec le public<\/li>\n\n\n\n<li data-block-type=\"core\"><strong>Spectacles th\u00e9\u00e2traux et jeux de r\u00f4le en direct<\/strong> avec la participation des participants<\/li>\n\n\n\n<li data-block-type=\"core\"><strong>Duels d\u2019\u00e9p\u00e9es, d\u2019abordages et c\u00e9r\u00e9monies symboliques de pirates<\/strong><\/li>\n\n\n\n<li data-block-type=\"core\">Et pour ajouter une touche de magie&#8230; des <strong>sir\u00e8nes envo\u00fbtantes<\/strong> qui \u00e9mergent sous forme de visions fantastiques, cr\u00e9ant des moments d\u2019\u00e9merveillement et de beaut\u00e9<\/li>\n<\/ul>\n\n\n\n<h3 class=\"wp-block-heading\" data-block-type=\"core\">\ud83c\udfb6 Musique, spectacle et plaisir garantis<\/h3>\n\n\n\n<p data-block-type=\"core\">Notre groupe de pirates peut inclure :<\/p>\n\n\n\n<ul class=\"wp-block-list\" data-block-type=\"core\">\n<li data-block-type=\"core\"><strong>Musique live ou DJ avec une s\u00e9lection de th\u00e8mes<\/strong> (folklore marin, tambours tribaux, chants de pirates)<\/li>\n\n\n\n<li data-block-type=\"core\"><strong>R\u00e9cits l\u00e9gendaires, chasses au tr\u00e9sor et d\u00e9fis d\u2019\u00e9quipe<\/strong><\/li>\n\n\n\n<li data-block-type=\"core\"><strong>Chor\u00e9graphie, feu, moustiques et autres \u00e9l\u00e9ments visuels<\/strong><\/li>\n\n\n\n<li data-block-type=\"core\">Possibilit\u00e9 <strong>d\u2019inclure un ma\u00eetre de c\u00e9r\u00e9monie<\/strong> de style priv\u00e9 pour diriger l\u2019ensemble de l\u2019\u00e9v\u00e9nement<\/li>\n<\/ul>\n\n\n\n<h3 class=\"wp-block-heading\" data-block-type=\"core\">\ud83c\udf89 Parfait pour :<\/h3>\n\n\n\n<ul class=\"wp-block-list\" data-block-type=\"core\">\n<li data-block-type=\"core\"><strong>Des \u00e9v\u00e9nements d\u2019entreprise th\u00e9matiques<\/strong> qui cherchent \u00e0 rompre avec la convention<\/li>\n\n\n\n<li data-block-type=\"core\"><strong>Des \u00e9quipes originales<\/strong> avec d\u00e9fis et des jeux de pirates<\/li>\n\n\n\n<li data-block-type=\"core\"><strong>Des mariages th\u00e9matiques<\/strong> pleins de personnalit\u00e9, d\u2019humour et d\u2019une pointe de folie<\/li>\n\n\n\n<li data-block-type=\"core\"><strong>F\u00eates priv\u00e9es, anniversaires, foires ou c\u00e9l\u00e9brations en ext\u00e9rieur ou en int\u00e9rieur<\/strong><\/li>\n<\/ul>\n\n\n\n<p data-block-type=\"core\">Lors des \u00e9v\u00e9nements Valkyries, nous ne nous contentons pas de d\u00e9corer : <strong>nous cr\u00e9ons des mondes immersifs, m\u00e9morables et pleins d\u2019\u00e2me<\/strong>. Notre proposition de pirate est id\u00e9ale pour ceux qui recherchent quelque chose de diff\u00e9rent, visuellement puissant et \u00e9motionnellement impactant. <\/p>\n\n\n<div class=\"pgc-sgb-cb wp-block-pgcsimplygalleryblock-grid \" data-gallery-id=\"eb553453\"><div class=\"sgb-preloader\" id=\"pr_eb553453\">\n\t<div class=\"sgb-square\" style=\"background:#d4d4d4\"><\/div>\n\t<div class=\"sgb-square\" style=\"background:#d4d4d4\"><\/div>\n\t<div class=\"sgb-square\" style=\"background:#d4d4d4\"><\/div>\n\t<div class=\"sgb-square\" style=\"background:#d4d4d4\"><\/div><\/div><div class=\"simply-gallery-amp pgc_sgb_slider \"><noscript><div class=\"sgb-gallery\"><div class=\"sgb-item\"><a href=\"https:\/\/www.valkiriasevents.com\/wp-content\/uploads\/2025\/07\/piratas_barcelona_7.jpg\"><img decoding=\"async\" alt=\"\" width=\"200\" height=\"300\" loading=\"lazy\" src=\"https:\/\/www.valkiriasevents.com\/wp-content\/uploads\/2025\/07\/piratas_barcelona_7-200x300.jpg\" srcset=\"https:\/\/www.valkiriasevents.com\/wp-content\/uploads\/2025\/07\/piratas_barcelona_7-200x300.jpg 200w,https:\/\/www.valkiriasevents.com\/wp-content\/uploads\/2025\/07\/piratas_barcelona_7-682x1024.jpg 682w,https:\/\/www.valkiriasevents.com\/wp-content\/uploads\/2025\/07\/piratas_barcelona_7.jpg 1066w\" sizes=\"auto, 250px\"\/><\/a><\/div><div class=\"sgb-item\"><a href=\"https:\/\/www.valkiriasevents.com\/wp-content\/uploads\/2025\/07\/xxxxx.png\"><img decoding=\"async\" alt=\"\" width=\"300\" height=\"300\" loading=\"lazy\" src=\"https:\/\/www.valkiriasevents.com\/wp-content\/uploads\/2025\/07\/xxxxx-300x300.png\" srcset=\"https:\/\/www.valkiriasevents.com\/wp-content\/uploads\/2025\/07\/xxxxx-300x300.png 300w,https:\/\/www.valkiriasevents.com\/wp-content\/uploads\/2025\/07\/xxxxx.png 1024w\" sizes=\"auto, 250px\"\/><\/a><\/div><div class=\"sgb-item\"><a href=\"https:\/\/www.valkiriasevents.com\/wp-content\/uploads\/2025\/07\/xxxx.png\"><img decoding=\"async\" alt=\"\" width=\"300\" height=\"300\" loading=\"lazy\" src=\"https:\/\/www.valkiriasevents.com\/wp-content\/uploads\/2025\/07\/xxxx-300x300.png\" srcset=\"https:\/\/www.valkiriasevents.com\/wp-content\/uploads\/2025\/07\/xxxx-300x300.png 300w,https:\/\/www.valkiriasevents.com\/wp-content\/uploads\/2025\/07\/xxxx.png 1024w\" sizes=\"auto, 250px\"\/><\/a><\/div><div class=\"sgb-item\"><a href=\"https:\/\/www.valkiriasevents.com\/wp-content\/uploads\/2025\/07\/piratas_barcelona_1-scaled.jpg\"><img decoding=\"async\" alt=\"\" width=\"225\" height=\"300\" loading=\"lazy\" src=\"https:\/\/www.valkiriasevents.com\/wp-content\/uploads\/2025\/07\/piratas_barcelona_1-225x300.jpg\" srcset=\"https:\/\/www.valkiriasevents.com\/wp-content\/uploads\/2025\/07\/piratas_barcelona_1-225x300.jpg 225w,https:\/\/www.valkiriasevents.com\/wp-content\/uploads\/2025\/07\/piratas_barcelona_1-768x1024.jpg 768w,https:\/\/www.valkiriasevents.com\/wp-content\/uploads\/2025\/07\/piratas_barcelona_1-scaled.jpg 1920w\" sizes=\"auto, 250px\"\/><\/a><\/div><div class=\"sgb-item\"><a href=\"https:\/\/www.valkiriasevents.com\/wp-content\/uploads\/2025\/07\/pirates2.png\"><img decoding=\"async\" alt=\"\" width=\"300\" height=\"300\" loading=\"lazy\" src=\"https:\/\/www.valkiriasevents.com\/wp-content\/uploads\/2025\/07\/pirates2-300x300.png\" srcset=\"https:\/\/www.valkiriasevents.com\/wp-content\/uploads\/2025\/07\/pirates2-300x300.png 300w,https:\/\/www.valkiriasevents.com\/wp-content\/uploads\/2025\/07\/pirates2.png 1024w\" sizes=\"auto, 250px\"\/><\/a><\/div><\/div><\/noscript><\/div><script type=\"application\/json\" class=\"sgb-data\">{\"externalLink\":false,\"captions\":false,\"collectionThumbSubMenuDownload\":false,\"collectionThumbSubMenuShare\":false,\"galleryType\":\"pgc_sgb_grid\",\"galleryId\":\"eb553453\",\"images\":[{\"id\":2746,\"title\":\"piratas_barcelona_7\",\"url\":\"https:\/\/www.valkiriasevents.com\/wp-content\/uploads\/2025\/07\/piratas_barcelona_7.jpg\",\"link\":\"https:\/\/www.valkiriasevents.com\/tematizacion-pirata-y-sirenas\/piratas_barcelona_7\/\",\"alt\":\"\",\"description\":\"\",\"caption\":\"\",\"mime\":\"image\/jpeg\",\"type\":\"image\",\"width\":1066,\"height\":1600,\"sizes\":{\"thumbnail\":{\"url\":\"https:\/\/www.valkiriasevents.com\/wp-content\/uploads\/2025\/07\/piratas_barcelona_7-150x150.jpg\",\"height\":150,\"width\":150,\"orientation\":\"landscape\"},\"medium\":{\"url\":\"https:\/\/www.valkiriasevents.com\/wp-content\/uploads\/2025\/07\/piratas_barcelona_7-200x300.jpg\",\"height\":300,\"width\":200,\"orientation\":\"portrait\"},\"large\":{\"url\":\"https:\/\/www.valkiriasevents.com\/wp-content\/uploads\/2025\/07\/piratas_barcelona_7-682x1024.jpg\",\"height\":1024,\"width\":682,\"orientation\":\"portrait\"},\"full\":{\"url\":\"https:\/\/www.valkiriasevents.com\/wp-content\/uploads\/2025\/07\/piratas_barcelona_7.jpg\",\"height\":1600,\"width\":1066,\"orientation\":\"portrait\"}},\"imageMeta\":{\"aperture\":\"0\",\"credit\":\"\",\"camera\":\"\",\"caption\":\"\",\"created_timestamp\":\"0\",\"copyright\":\"\",\"focal_length\":\"0\",\"iso\":\"0\",\"shutter_speed\":\"0\",\"title\":\"\",\"orientation\":\"0\",\"keywords\":[]},\"meta\":false},{\"id\":2743,\"title\":\"xxxxx\",\"url\":\"https:\/\/www.valkiriasevents.com\/wp-content\/uploads\/2025\/07\/xxxxx.png\",\"link\":\"https:\/\/www.valkiriasevents.com\/tematizacion-pirata-y-sirenas\/xxxxx\/\",\"alt\":\"\",\"description\":\"\",\"caption\":\"\",\"mime\":\"image\/png\",\"type\":\"image\",\"width\":1024,\"height\":1024,\"sizes\":{\"thumbnail\":{\"url\":\"https:\/\/www.valkiriasevents.com\/wp-content\/uploads\/2025\/07\/xxxxx-150x150.png\",\"height\":150,\"width\":150,\"orientation\":\"landscape\"},\"medium\":{\"url\":\"https:\/\/www.valkiriasevents.com\/wp-content\/uploads\/2025\/07\/xxxxx-300x300.png\",\"height\":300,\"width\":300,\"orientation\":\"landscape\"},\"full\":{\"url\":\"https:\/\/www.valkiriasevents.com\/wp-content\/uploads\/2025\/07\/xxxxx.png\",\"height\":1024,\"width\":1024,\"orientation\":\"landscape\"}},\"imageMeta\":{\"aperture\":\"0\",\"credit\":\"\",\"camera\":\"\",\"caption\":\"\",\"created_timestamp\":\"0\",\"copyright\":\"\",\"focal_length\":\"0\",\"iso\":\"0\",\"shutter_speed\":\"0\",\"title\":\"\",\"orientation\":\"0\",\"keywords\":[]},\"meta\":false},{\"id\":2744,\"title\":\"xxxx\",\"url\":\"https:\/\/www.valkiriasevents.com\/wp-content\/uploads\/2025\/07\/xxxx.png\",\"link\":\"https:\/\/www.valkiriasevents.com\/tematizacion-pirata-y-sirenas\/xxxx\/\",\"alt\":\"\",\"description\":\"\",\"caption\":\"\",\"mime\":\"image\/png\",\"type\":\"image\",\"width\":1024,\"height\":1024,\"sizes\":{\"thumbnail\":{\"url\":\"https:\/\/www.valkiriasevents.com\/wp-content\/uploads\/2025\/07\/xxxx-150x150.png\",\"height\":150,\"width\":150,\"orientation\":\"landscape\"},\"medium\":{\"url\":\"https:\/\/www.valkiriasevents.com\/wp-content\/uploads\/2025\/07\/xxxx-300x300.png\",\"height\":300,\"width\":300,\"orientation\":\"landscape\"},\"full\":{\"url\":\"https:\/\/www.valkiriasevents.com\/wp-content\/uploads\/2025\/07\/xxxx.png\",\"height\":1024,\"width\":1024,\"orientation\":\"landscape\"}},\"imageMeta\":{\"aperture\":\"0\",\"credit\":\"\",\"camera\":\"\",\"caption\":\"\",\"created_timestamp\":\"0\",\"copyright\":\"\",\"focal_length\":\"0\",\"iso\":\"0\",\"shutter_speed\":\"0\",\"title\":\"\",\"orientation\":\"0\",\"keywords\":[]},\"meta\":false},{\"id\":2745,\"title\":\"piratas_barcelona_1\",\"url\":\"https:\/\/www.valkiriasevents.com\/wp-content\/uploads\/2025\/07\/piratas_barcelona_1-scaled.jpg\",\"link\":\"https:\/\/www.valkiriasevents.com\/tematizacion-pirata-y-sirenas\/piratas_barcelona_1\/\",\"alt\":\"\",\"description\":\"\",\"caption\":\"\",\"mime\":\"image\/jpeg\",\"type\":\"image\",\"width\":1920,\"height\":2560,\"sizes\":{\"thumbnail\":{\"url\":\"https:\/\/www.valkiriasevents.com\/wp-content\/uploads\/2025\/07\/piratas_barcelona_1-150x150.jpg\",\"height\":150,\"width\":150,\"orientation\":\"landscape\"},\"medium\":{\"url\":\"https:\/\/www.valkiriasevents.com\/wp-content\/uploads\/2025\/07\/piratas_barcelona_1-225x300.jpg\",\"height\":300,\"width\":225,\"orientation\":\"portrait\"},\"large\":{\"url\":\"https:\/\/www.valkiriasevents.com\/wp-content\/uploads\/2025\/07\/piratas_barcelona_1-768x1024.jpg\",\"height\":1024,\"width\":768,\"orientation\":\"portrait\"},\"full\":{\"url\":\"https:\/\/www.valkiriasevents.com\/wp-content\/uploads\/2025\/07\/piratas_barcelona_1-scaled.jpg\",\"height\":2560,\"width\":1920,\"orientation\":\"portrait\"}},\"imageMeta\":{\"aperture\":\"2\",\"credit\":\"\",\"camera\":\"iPhone 11 Pro Max\",\"caption\":\"\",\"created_timestamp\":\"1650020881\",\"copyright\":\"\",\"focal_length\":\"6\",\"iso\":\"20\",\"shutter_speed\":\"0.00083402835696414\",\"title\":\"\",\"orientation\":\"1\",\"keywords\":[]},\"meta\":false},{\"id\":2742,\"title\":\"pirates2\",\"url\":\"https:\/\/www.valkiriasevents.com\/wp-content\/uploads\/2025\/07\/pirates2.png\",\"link\":\"https:\/\/www.valkiriasevents.com\/tematizacion-pirata-y-sirenas\/pirates2\/\",\"alt\":\"\",\"description\":\"\",\"caption\":\"\",\"mime\":\"image\/png\",\"type\":\"image\",\"width\":1024,\"height\":1024,\"sizes\":{\"thumbnail\":{\"url\":\"https:\/\/www.valkiriasevents.com\/wp-content\/uploads\/2025\/07\/pirates2-150x150.png\",\"height\":150,\"width\":150,\"orientation\":\"landscape\"},\"medium\":{\"url\":\"https:\/\/www.valkiriasevents.com\/wp-content\/uploads\/2025\/07\/pirates2-300x300.png\",\"height\":300,\"width\":300,\"orientation\":\"landscape\"},\"full\":{\"url\":\"https:\/\/www.valkiriasevents.com\/wp-content\/uploads\/2025\/07\/pirates2.png\",\"height\":1024,\"width\":1024,\"orientation\":\"landscape\"}},\"imageMeta\":{\"aperture\":\"0\",\"credit\":\"\",\"camera\":\"\",\"caption\":\"\",\"created_timestamp\":\"0\",\"copyright\":\"\",\"focal_length\":\"0\",\"iso\":\"0\",\"shutter_speed\":\"0\",\"title\":\"\",\"orientation\":\"0\",\"keywords\":[]},\"meta\":false}],\"useClobalSettings\":true,\"shareFacebook\":false,\"shareTwitter\":false,\"sharePinterest\":false,\"sliderItemDownload\":false,\"shareCopyLink\":false,\"itemsMetaDataCollection\":[]}<\/script><script>(function(){if(window.PGC_SGB && window.PGC_SGB.searcher){window.PGC_SGB.searcher.initBlocks()}})()<\/script><\/div>","protected":false},"excerpt":{"rendered":"<p>F\u00eate des pirates et des sir\u00e8nes Hissez les voiles et pr\u00e9parez les canons ! Chez Valkirias Events , nous vous invitons \u00e0 vivre une v\u00e9ritable aventure pirate qui transformera votre \u00e9v\u00e9nement en un voyage \u00e9pique rempli d\u2019humour, de fantaisie et d\u2019\u00e9motion. Notre th\u00e8me pirate est con\u00e7u pour surprendre et immerger les participants dans un monde [&hellip;]<\/p>\n","protected":false},"author":1,"featured_media":0,"parent":0,"menu_order":0,"comment_status":"closed","ping_status":"closed","template":"","meta":{"pgc_sgb_lightbox_settings":"","footnotes":""},"class_list":["post-6169","page","type-page","status-publish","hentry"],"blocksy_meta":[],"_links":{"self":[{"href":"https:\/\/www.valkiriasevents.com\/fr\/wp-json\/wp\/v2\/pages\/6169","targetHints":{"allow":["GET"]}}],"collection":[{"href":"https:\/\/www.valkiriasevents.com\/fr\/wp-json\/wp\/v2\/pages"}],"about":[{"href":"https:\/\/www.valkiriasevents.com\/fr\/wp-json\/wp\/v2\/types\/page"}],"author":[{"embeddable":true,"href":"https:\/\/www.valkiriasevents.com\/fr\/wp-json\/wp\/v2\/users\/1"}],"replies":[{"embeddable":true,"href":"https:\/\/www.valkiriasevents.com\/fr\/wp-json\/wp\/v2\/comments?post=6169"}],"version-history":[{"count":0,"href":"https:\/\/www.valkiriasevents.com\/fr\/wp-json\/wp\/v2\/pages\/6169\/revisions"}],"wp:attachment":[{"href":"https:\/\/www.valkiriasevents.com\/fr\/wp-json\/wp\/v2\/media?parent=6169"}],"curies":[{"name":"wp","href":"https:\/\/api.w.org\/{rel}","templated":true}]}}