{"id":6088,"date":"2025-07-30T07:57:15","date_gmt":"2025-07-30T06:57:15","guid":{"rendered":"https:\/\/www.valkiriasevents.com\/show-con-fuego-espana\/"},"modified":"2025-07-30T07:57:15","modified_gmt":"2025-07-30T06:57:15","slug":"show-con-fuego-espana","status":"publish","type":"page","link":"https:\/\/www.valkiriasevents.com\/fr\/show-con-fuego-espana\/","title":{"rendered":"Spectacle de feux pour \u00e9v\u00e9nements | Spectacle de feu, danse et cracheur de feu"},"content":{"rendered":"\n<p data-block-type=\"core\">Le feu, c\u2019est <strong>\u00e9nergie, rituel, art et \u00e9motion<\/strong>. Notre <strong>spectacle de feu est<\/strong> con\u00e7u pour vous couper le souffle, fusionnant la force du feu avec la beaut\u00e9 du mouvement pittoresque. <\/p>\n\n\n\n<p data-block-type=\"core\">Nous pr\u00e9sentons un <strong>spectacle de feu professionnel et percutant<\/strong>, combinant <strong>jonglerie avec le feu, danse rituelle, combats chor\u00e9graphi\u00e9s et crachage de feu<\/strong> dans une mise en sc\u00e8ne puissante et immersive. Chaque fonction est adapt\u00e9e au type d\u2019\u00e9v\u00e9nement et \u00e0 sa narration, cr\u00e9ant une exp\u00e9rience unique, intense et m\u00e9morable. <\/p>\n\n\n\n<hr class=\"wp-block-separator has-alpha-channel-opacity\" data-block-type=\"core\">\n\n\n\n<h3 class=\"wp-block-heading\" data-block-type=\"core\">\ud83d\udd25 Un spectacle de feu qui allume tous les sens<\/h3>\n\n\n\n<p data-block-type=\"core\">Notre spectacle va bien au-del\u00e0 du jonglage traditionnel. C\u2019est un voyage visuel et symbolique qui peut inclure : <\/p>\n\n\n\n<ul class=\"wp-block-list\" data-block-type=\"core\">\n<li data-block-type=\"core\"><strong>Danse avec le feu<\/strong> : chor\u00e9graphies avec \u00e9ventails, b\u00e2tons, cha\u00eenes ou boules de feu manipul\u00e9es avec \u00e9l\u00e9gance et pr\u00e9cision.<\/li>\n\n\n\n<li data-block-type=\"core\"><strong>Jonglage avanc\u00e9 avec le feu<\/strong> avec \u00e9l\u00e9ments rotatifs, effets d\u2019\u00e9tincelle ou double flamme.<\/li>\n\n\n\n<li data-block-type=\"core\"><strong>Combat sur sc\u00e8ne avec des armes enflamm\u00e9es<\/strong>, dramatis\u00e9 et synchronis\u00e9 avec la musique.<\/li>\n\n\n\n<li data-block-type=\"core\"><strong>Des cracheurs de feu professionnels<\/strong>, avec de puissantes colonnes de feu couronnant le climax du spectacle.<\/li>\n\n\n\n<li data-block-type=\"core\"><strong>Costumes th\u00e9matiques<\/strong>, maquillage de sc\u00e8ne, effets de fum\u00e9e et atmosph\u00e8re mystique ou tribale.<\/li>\n\n\n\n<li data-block-type=\"core\"><strong>Musique immersive<\/strong> (live ou pr\u00e9produite), qui accompagne chaque instant de tension, de rythme ou de solennit\u00e9.<\/li>\n<\/ul>\n\n\n\n<hr class=\"wp-block-separator has-alpha-channel-opacity\" data-block-type=\"core\">\n\n\n\n<h3 class=\"wp-block-heading\" data-block-type=\"core\">\ud83d\udca1 Un spectacle de feux adapt\u00e9 \u00e0 votre \u00e9v\u00e9nement<\/h3>\n\n\n\n<p data-block-type=\"core\">Nous concevons des spectacles de feu <strong>enti\u00e8rement personnalis\u00e9s<\/strong> selon l\u2019esth\u00e9tique et l\u2019objectif de votre c\u00e9l\u00e9bration. Nous pouvons cr\u00e9er un environnement : <\/p>\n\n\n\n<ul class=\"wp-block-list\" data-block-type=\"core\">\n<li data-block-type=\"core\"><strong>\u00c9pique et fantastique<\/strong>, id\u00e9al pour les mariages vikings, m\u00e9di\u00e9vaux, celtiques ou les \u00e9v\u00e9nements fantastiques.<\/li>\n\n\n\n<li data-block-type=\"core\"><strong>Tribal et rituel<\/strong>, parfait pour les teambuildings, les fermetures de v\u00e9los ou les lancements symboliques.<\/li>\n\n\n\n<li data-block-type=\"core\"><strong>Moderne et urbain<\/strong>, avec un feu stylis\u00e9, un rythme rapide et un accompagnement DJ ou \u00e9lectronique.<\/li>\n\n\n\n<li data-block-type=\"core\"><strong>C\u00e9r\u00e9monial<\/strong>, int\u00e9grant le feu comme symbole de transformation, d\u2019union ou de c\u00e9l\u00e9bration.<\/li>\n<\/ul>\n\n\n\n<hr class=\"wp-block-separator has-alpha-channel-opacity\" data-block-type=\"core\">\n\n\n\n<h3 class=\"wp-block-heading\" data-block-type=\"core\">\ud83d\udee1\ufe0f S\u00e9curit\u00e9, professionnalisme et exp\u00e9rience<\/h3>\n\n\n\n<p data-block-type=\"core\">Nous travaillons uniquement avec <strong>des artistes experts en stage fire et cracheurs de feu professionnels<\/strong>, form\u00e9s aux techniques s\u00fbres et ayant une vaste exp\u00e9rience dans les \u00e9v\u00e9nements de haut niveau.<br>Chaque \u00e9mission comprend :<\/p>\n\n\n\n<ul class=\"wp-block-list\" data-block-type=\"core\">\n<li data-block-type=\"core\">\u00c9valuation spatiale<\/li>\n\n\n\n<li data-block-type=\"core\">Mat\u00e9riau ignifuge et v\u00eatements adapt\u00e9s<\/li>\n\n\n\n<li data-block-type=\"core\">Extincteurs et mesures de contr\u00f4le actif<\/li>\n\n\n\n<li data-block-type=\"core\">Coordination technique avec le client et le lieu de l\u2019\u00e9v\u00e9nement<\/li>\n<\/ul>\n\n\n\n<p data-block-type=\"core\">Que ce soit <strong>en ext\u00e9rieur ou en int\u00e9rieur (avec des permis et conditions sp\u00e9cifiques),<\/strong> nous garantissons un spectacle spectaculaire et s\u00fbr pour tous.<\/p>\n\n\n\n<hr class=\"wp-block-separator has-alpha-channel-opacity\" data-block-type=\"core\">\n\n\n\n<h3 class=\"wp-block-heading\" data-block-type=\"core\">\ud83c\udfaf Id\u00e9al pour :<\/h3>\n\n\n\n<ul class=\"wp-block-list\" data-block-type=\"core\">\n<li data-block-type=\"core\"><strong>D\u00eeners d\u2019entreprise et \u00e9v\u00e9nements d\u2019entreprise avec des cl\u00f4tures \u00e9piques<\/strong><\/li>\n\n\n\n<li data-block-type=\"core\"><strong>Mariages th\u00e9matiques<\/strong> \u00e0 la recherche d\u2019un moment c\u00e9r\u00e9moniel ou visuellement frappant<\/li>\n\n\n\n<li data-block-type=\"core\"><strong>Festivals, march\u00e9s, c\u00e9l\u00e9brations en soir\u00e9e et f\u00eates priv\u00e9es<\/strong><\/li>\n\n\n\n<li data-block-type=\"core\"><strong>Ensembles d\u2019\u00e9quipes avec dynamiques symboliques ou tribales<\/strong><\/li>\n\n\n\n<li data-block-type=\"core\"><strong>Des pr\u00e9sentations, lancements ou foires qui cherchent \u00e0 se diff\u00e9rencier par un spectacle de feu visuel<\/strong><\/li>\n<\/ul>\n\n\n\n<hr class=\"wp-block-separator has-alpha-channel-opacity\" data-block-type=\"core\">\n\n\n\n<h2 class=\"wp-block-heading\" data-block-type=\"core\">\u2728 Danse du feu et crachage de feu qui transforment votre \u00e9v\u00e9nement<\/h2>\n\n\n\n<p data-block-type=\"core\">Notre <strong>spectacle de feu<\/strong> n\u2019est pas qu\u2019une performance. C\u2019est une exp\u00e9rience.<br>Un moyen d\u2019enflammer des \u00e9motions, de g\u00e9n\u00e9rer de l\u2019\u00e9merveillement, de <strong>cr\u00e9er un souvenir puissant et visuel qui marque un avant et un apr\u00e8s<\/strong>. <\/p>\n\n\n\n<p data-block-type=\"core\">Qu\u2019il s\u2019agisse d\u2019un moment central ou d\u2019une conclusion marquante, le <strong>spectacle de feu<\/strong> de Valkyries Events transforme toute c\u00e9l\u00e9bration en une exp\u00e9rience sc\u00e9nique digne d\u2019une l\u00e9gende.<\/p>\n\n\n\n<p data-block-type=\"core\">\ud83d\udccd Nous nous produisons \u00e0 <strong>Barcelone, Madrid et partout en Espagne<\/strong>.<br>\ud83c\udfad Vous pouvez aussi l\u2019int\u00e9grer \u00e0 nos <strong>productions th\u00e9matiques compl\u00e8tes<\/strong>.<\/p>\n\n\n\n<figure class=\"wp-block-gallery has-nested-images columns-default is-cropped wp-block-gallery-1 is-layout-flex wp-block-gallery-is-layout-flex\" data-block-type=\"core\">\n<figure class=\"wp-block-image size-large\" data-block-type=\"core\"><img loading=\"lazy\" decoding=\"async\" width=\"1024\" height=\"670\" data-id=\"2914\" src=\"https:\/\/www.valkiriasevents.com\/wp-content\/uploads\/2025\/07\/fuego_vikingo_1-1024x670.jpg\" alt=\"\" class=\"wp-image-2914\" srcset=\"https:\/\/www.valkiriasevents.com\/wp-content\/uploads\/2025\/07\/fuego_vikingo_1-1024x670.jpg 1024w, https:\/\/www.valkiriasevents.com\/wp-content\/uploads\/2025\/07\/fuego_vikingo_1-300x196.jpg 300w, https:\/\/www.valkiriasevents.com\/wp-content\/uploads\/2025\/07\/fuego_vikingo_1-768x503.jpg 768w, https:\/\/www.valkiriasevents.com\/wp-content\/uploads\/2025\/07\/fuego_vikingo_1.jpg 1100w\" sizes=\"auto, (max-width: 1024px) 100vw, 1024px\" \/><\/figure>\n\n\n\n<figure class=\"wp-block-image size-large\" data-block-type=\"core\"><img loading=\"lazy\" decoding=\"async\" width=\"1024\" height=\"715\" data-id=\"2915\" src=\"https:\/\/www.valkiriasevents.com\/wp-content\/uploads\/2025\/07\/fire_show_barcelona_4-1024x715.jpg\" alt=\"\" class=\"wp-image-2915\" srcset=\"https:\/\/www.valkiriasevents.com\/wp-content\/uploads\/2025\/07\/fire_show_barcelona_4-1024x715.jpg 1024w, https:\/\/www.valkiriasevents.com\/wp-content\/uploads\/2025\/07\/fire_show_barcelona_4-300x209.jpg 300w, https:\/\/www.valkiriasevents.com\/wp-content\/uploads\/2025\/07\/fire_show_barcelona_4-768x536.jpg 768w, https:\/\/www.valkiriasevents.com\/wp-content\/uploads\/2025\/07\/fire_show_barcelona_4.jpg 1294w\" sizes=\"auto, (max-width: 1024px) 100vw, 1024px\" \/><\/figure>\n\n\n\n<figure class=\"wp-block-image size-large\" data-block-type=\"core\"><img loading=\"lazy\" decoding=\"async\" width=\"696\" height=\"696\" data-id=\"2917\" src=\"https:\/\/www.valkiriasevents.com\/wp-content\/uploads\/2025\/07\/fire_show_barcelona_6.jpg\" alt=\"\" class=\"wp-image-2917\" srcset=\"https:\/\/www.valkiriasevents.com\/wp-content\/uploads\/2025\/07\/fire_show_barcelona_6.jpg 696w, https:\/\/www.valkiriasevents.com\/wp-content\/uploads\/2025\/07\/fire_show_barcelona_6-300x300.jpg 300w, https:\/\/www.valkiriasevents.com\/wp-content\/uploads\/2025\/07\/fire_show_barcelona_6-150x150.jpg 150w\" sizes=\"auto, (max-width: 696px) 100vw, 696px\" \/><\/figure>\n\n\n\n<figure class=\"wp-block-image size-large\" data-block-type=\"core\"><img loading=\"lazy\" decoding=\"async\" width=\"876\" height=\"584\" data-id=\"2916\" src=\"https:\/\/www.valkiriasevents.com\/wp-content\/uploads\/2025\/07\/IMG_20241217_183057_887.jpg\" alt=\"\" class=\"wp-image-2916\" srcset=\"https:\/\/www.valkiriasevents.com\/wp-content\/uploads\/2025\/07\/IMG_20241217_183057_887.jpg 876w, https:\/\/www.valkiriasevents.com\/wp-content\/uploads\/2025\/07\/IMG_20241217_183057_887-300x200.jpg 300w, https:\/\/www.valkiriasevents.com\/wp-content\/uploads\/2025\/07\/IMG_20241217_183057_887-768x512.jpg 768w\" sizes=\"auto, (max-width: 876px) 100vw, 876px\" \/><\/figure>\n\n\n\n<figure class=\"wp-block-image size-large\" data-block-type=\"core\"><img loading=\"lazy\" decoding=\"async\" width=\"876\" height=\"584\" data-id=\"2918\" src=\"https:\/\/www.valkiriasevents.com\/wp-content\/uploads\/2025\/07\/IMG_20241217_183115_795.jpg\" alt=\"\" class=\"wp-image-2918\" srcset=\"https:\/\/www.valkiriasevents.com\/wp-content\/uploads\/2025\/07\/IMG_20241217_183115_795.jpg 876w, https:\/\/www.valkiriasevents.com\/wp-content\/uploads\/2025\/07\/IMG_20241217_183115_795-300x200.jpg 300w, https:\/\/www.valkiriasevents.com\/wp-content\/uploads\/2025\/07\/IMG_20241217_183115_795-768x512.jpg 768w\" sizes=\"auto, (max-width: 876px) 100vw, 876px\" \/><\/figure>\n\n\n\n<figure class=\"wp-block-image size-large\" data-block-type=\"core\"><img loading=\"lazy\" decoding=\"async\" width=\"808\" height=\"540\" data-id=\"2919\" src=\"https:\/\/www.valkiriasevents.com\/wp-content\/uploads\/2025\/07\/IMG_20241217_183121_800.jpg\" alt=\"\" class=\"wp-image-2919\" srcset=\"https:\/\/www.valkiriasevents.com\/wp-content\/uploads\/2025\/07\/IMG_20241217_183121_800.jpg 808w, https:\/\/www.valkiriasevents.com\/wp-content\/uploads\/2025\/07\/IMG_20241217_183121_800-300x200.jpg 300w, https:\/\/www.valkiriasevents.com\/wp-content\/uploads\/2025\/07\/IMG_20241217_183121_800-768x513.jpg 768w\" sizes=\"auto, (max-width: 808px) 100vw, 808px\" \/><\/figure>\n\n\n\n<figure class=\"wp-block-image size-large\" data-block-type=\"core\"><img loading=\"lazy\" decoding=\"async\" width=\"883\" height=\"666\" data-id=\"2920\" src=\"https:\/\/www.valkiriasevents.com\/wp-content\/uploads\/2025\/07\/IMG-20230302-WA0013.jpg\" alt=\"\" class=\"wp-image-2920\" srcset=\"https:\/\/www.valkiriasevents.com\/wp-content\/uploads\/2025\/07\/IMG-20230302-WA0013.jpg 883w, https:\/\/www.valkiriasevents.com\/wp-content\/uploads\/2025\/07\/IMG-20230302-WA0013-300x226.jpg 300w, https:\/\/www.valkiriasevents.com\/wp-content\/uploads\/2025\/07\/IMG-20230302-WA0013-768x579.jpg 768w\" sizes=\"auto, (max-width: 883px) 100vw, 883px\" \/><\/figure>\n\n\n\n<figure class=\"wp-block-image size-large\" data-block-type=\"core\"><img loading=\"lazy\" decoding=\"async\" width=\"1024\" height=\"821\" data-id=\"2922\" src=\"https:\/\/www.valkiriasevents.com\/wp-content\/uploads\/2025\/07\/IMG-20230302-WA0015-1024x821.jpg\" alt=\"\" class=\"wp-image-2922\" srcset=\"https:\/\/www.valkiriasevents.com\/wp-content\/uploads\/2025\/07\/IMG-20230302-WA0015-1024x821.jpg 1024w, https:\/\/www.valkiriasevents.com\/wp-content\/uploads\/2025\/07\/IMG-20230302-WA0015-300x241.jpg 300w, https:\/\/www.valkiriasevents.com\/wp-content\/uploads\/2025\/07\/IMG-20230302-WA0015-768x616.jpg 768w, https:\/\/www.valkiriasevents.com\/wp-content\/uploads\/2025\/07\/IMG-20230302-WA0015.jpg 1440w\" sizes=\"auto, (max-width: 1024px) 100vw, 1024px\" \/><\/figure>\n\n\n\n<figure class=\"wp-block-image size-large\" data-block-type=\"core\"><img loading=\"lazy\" decoding=\"async\" width=\"1024\" height=\"689\" data-id=\"2921\" src=\"https:\/\/www.valkiriasevents.com\/wp-content\/uploads\/2025\/07\/IMG-20241217-WA0003-1024x689.jpg\" alt=\"\" class=\"wp-image-2921\" srcset=\"https:\/\/www.valkiriasevents.com\/wp-content\/uploads\/2025\/07\/IMG-20241217-WA0003-1024x689.jpg 1024w, https:\/\/www.valkiriasevents.com\/wp-content\/uploads\/2025\/07\/IMG-20241217-WA0003-300x202.jpg 300w, https:\/\/www.valkiriasevents.com\/wp-content\/uploads\/2025\/07\/IMG-20241217-WA0003-768x517.jpg 768w, https:\/\/www.valkiriasevents.com\/wp-content\/uploads\/2025\/07\/IMG-20241217-WA0003.jpg 1080w\" sizes=\"auto, (max-width: 1024px) 100vw, 1024px\" \/><\/figure>\n<\/figure>\n\n\n\n<p data-block-type=\"core\"><\/p>\n","protected":false},"excerpt":{"rendered":"<p>Le feu, c\u2019est \u00e9nergie, rituel, art et \u00e9motion. Notre spectacle de feu est con\u00e7u pour vous couper le souffle, fusionnant la force du feu avec la beaut\u00e9 du mouvement pittoresque. Nous pr\u00e9sentons un spectacle de feu professionnel et percutant, combinant jonglerie avec le feu, danse rituelle, combats chor\u00e9graphi\u00e9s et crachage de feu dans une mise [&hellip;]<\/p>\n","protected":false},"author":1,"featured_media":0,"parent":0,"menu_order":0,"comment_status":"closed","ping_status":"closed","template":"","meta":{"pgc_sgb_lightbox_settings":"","footnotes":""},"class_list":["post-6088","page","type-page","status-publish","hentry"],"blocksy_meta":[],"_links":{"self":[{"href":"https:\/\/www.valkiriasevents.com\/fr\/wp-json\/wp\/v2\/pages\/6088","targetHints":{"allow":["GET"]}}],"collection":[{"href":"https:\/\/www.valkiriasevents.com\/fr\/wp-json\/wp\/v2\/pages"}],"about":[{"href":"https:\/\/www.valkiriasevents.com\/fr\/wp-json\/wp\/v2\/types\/page"}],"author":[{"embeddable":true,"href":"https:\/\/www.valkiriasevents.com\/fr\/wp-json\/wp\/v2\/users\/1"}],"replies":[{"embeddable":true,"href":"https:\/\/www.valkiriasevents.com\/fr\/wp-json\/wp\/v2\/comments?post=6088"}],"version-history":[{"count":0,"href":"https:\/\/www.valkiriasevents.com\/fr\/wp-json\/wp\/v2\/pages\/6088\/revisions"}],"wp:attachment":[{"href":"https:\/\/www.valkiriasevents.com\/fr\/wp-json\/wp\/v2\/media?parent=6088"}],"curies":[{"name":"wp","href":"https:\/\/api.w.org\/{rel}","templated":true}]}}