{"id":6024,"date":"2025-06-17T19:09:04","date_gmt":"2025-06-17T18:09:04","guid":{"rendered":"https:\/\/www.valkiriasevents.com\/espacios-para-eventos-tematicos\/"},"modified":"2025-06-17T19:09:04","modified_gmt":"2025-06-17T18:09:04","slug":"espacios-para-eventos-tematicos","status":"publish","type":"page","link":"https:\/\/www.valkiriasevents.com\/fr\/espacios-para-eventos-tematicos\/","title":{"rendered":"Espaces pour des \u00e9v\u00e9nements th\u00e9matiques"},"content":{"rendered":"\n<div class=\"wp-block-stackable-heading stk-block-heading stk-block-heading--v2 stk-block stk-b2a9da1\" id=\"espacios-para-eventos-tematicos\" data-block-id=\"b2a9da1\"><h1 class=\"stk-block-heading__text\">Espaces pour des \u00e9v\u00e9nements th\u00e9matiques<\/h1><\/div>\n\n\n\n<p data-block-type=\"core\">Chez <strong>Valkirias Events<\/strong> , nous s\u00e9lectionnons et collaborons avec les meilleurs <strong>lieux pour des \u00e9v\u00e9nements \u00e0<\/strong> th\u00e8me \u00e0 travers l\u2019Espagne. Des ch\u00e2teaux m\u00e9di\u00e9vaux aux jardins secrets, en passant par les plages sauvages ou les domaines fantastiques, nous vous aidons \u00e0 trouver l\u2019endroit parfait pour donner vie \u00e0 votre c\u00e9l\u00e9bration. <\/p>\n\n\n\n<p data-block-type=\"core\">Nous disposons d\u2019un r\u00e9seau d\u2019espaces polyvalents et spectaculaires, id\u00e9aux pour :<\/p>\n\n\n\n<div class=\"wp-block-stackable-icon-list stk-block-icon-list stk-block stk-af6c319\" data-block-id=\"af6c319\"><style>.stk-af6c319 {--stk-icon-list-row-gap:11px !important;--stk-icon-list-marker-color:var(--theme-palette-color-1, #007f5f) !important;--stk-icon-list-icon-size:25px !important;}<\/style><svg style=\"display:none\"><defs><g id=\"stk-icon-list__icon-svg-def-af6c319\"><svg xmlns=\"http:\/\/www.w3.org\/2000\/svg\" viewbox=\"0 0 190 190\"><polygon points=\"173.8,28.4 60.4,141.8 15.7,97.2 5.1,107.8 60.4,163 184.4,39 173.8,28.4\"\/><\/svg><\/g><\/defs><\/svg><ul class=\"stk-block-icon-list__ul stk-block-icon-list--column\">\n<li class=\"wp-block-stackable-icon-list-item stk-block-icon-list-item stk-block stk-69254b3\" data-block-id=\"69254b3\"><div class=\"stk-block-icon-list-item__content\"><span class=\"stk--svg-wrapper\"><div class=\"stk--inner-svg\"><svg aria-hidden=\"true\" width=\"32\" height=\"32\"><use xlink:href=\"#stk-icon-list__icon-svg-def-af6c319\"\/><\/svg><\/div><\/span><span class=\"stk-block-icon-list-item__text\"><strong>\u00c9v\u00e9nements m\u00e9di\u00e9vaux, vikings ou fantastiques<\/strong><\/span><\/div><\/li>\n\n\n\n<li class=\"wp-block-stackable-icon-list-item stk-block-icon-list-item stk-block stk-2c4ba94\" data-block-id=\"2c4ba94\"><div class=\"stk-block-icon-list-item__content\"><span class=\"stk--svg-wrapper\"><div class=\"stk--inner-svg\"><svg aria-hidden=\"true\" width=\"32\" height=\"32\"><use xlink:href=\"#stk-icon-list__icon-svg-def-af6c319\"\/><\/svg><\/div><\/span><span class=\"stk-block-icon-list-item__text\"><strong>F\u00eates de cirque, cabaret ou ann\u00e9es 20<\/strong><\/span><\/div><\/li>\n\n\n\n<li class=\"wp-block-stackable-icon-list-item stk-block-icon-list-item stk-block stk-2768135\" data-block-id=\"2768135\"><div class=\"stk-block-icon-list-item__content\"><span class=\"stk--svg-wrapper\"><div class=\"stk--inner-svg\"><svg aria-hidden=\"true\" width=\"32\" height=\"32\"><use xlink:href=\"#stk-icon-list__icon-svg-def-af6c319\"\/><\/svg><\/div><\/span><span class=\"stk-block-icon-list-item__text\"><strong>Mariages \u00e0 th\u00e8me charmant<\/strong><\/span><\/div><\/li>\n\n\n\n<li class=\"wp-block-stackable-icon-list-item stk-block-icon-list-item stk-block stk-48b38a9\" data-block-id=\"48b38a9\"><div class=\"stk-block-icon-list-item__content\"><span class=\"stk--svg-wrapper\"><div class=\"stk--inner-svg\"><svg aria-hidden=\"true\" width=\"32\" height=\"32\"><use xlink:href=\"#stk-icon-list__icon-svg-def-af6c319\"\/><\/svg><\/div><\/span><span class=\"stk-block-icon-list-item__text\"><strong>\u00c9v\u00e9nements d\u2019entreprise dans un cadre personnalis\u00e9<\/strong><\/span><\/div><\/li>\n\n\n\n<li class=\"wp-block-stackable-icon-list-item stk-block-icon-list-item stk-block stk-67781c5\" data-block-id=\"67781c5\"><div class=\"stk-block-icon-list-item__content\"><span class=\"stk--svg-wrapper\"><div class=\"stk--inner-svg\"><svg aria-hidden=\"true\" width=\"32\" height=\"32\"><use xlink:href=\"#stk-icon-list__icon-svg-def-af6c319\"\/><\/svg><\/div><\/span><span class=\"stk-block-icon-list-item__text\"><strong>Productions audiovisuelles \u00e0 l\u2019esth\u00e9tique unique<\/strong><\/span><\/div><\/li>\n<\/ul><\/div>\n\n\n\n<h3 class=\"wp-block-heading\" data-block-type=\"core\">Que proposons-nous ?<\/h3>\n\n\n\n<ul class=\"wp-block-list\" data-block-type=\"core\">\n<li data-block-type=\"core\"><strong>Conseils personnalis\u00e9s<\/strong> pour choisir l\u2019espace id\u00e9al selon le th\u00e8me et le nombre d\u2019invit\u00e9s<\/li>\n\n\n\n<li data-block-type=\"core\"><strong>Lieux exclusifs et riches en caract\u00e8re, r\u00e9partis<\/strong> \u00e0 travers l\u2019Espagne<\/li>\n\n\n\n<li data-block-type=\"core\">Possibilit\u00e9 <strong>d\u2019inclure d\u00e9coration, divertissement et traiteur th\u00e9matique<\/strong>, le tout coordonn\u00e9 par notre \u00e9quipe<\/li>\n\n\n\n<li data-block-type=\"core\"><strong>Des espaces charmants<\/strong> pour tous types d\u2019\u00e9v\u00e9nements : int\u00e9rieur, ext\u00e9rieur, urbain ou rural<\/li>\n<\/ul>\n\n\n\n<p data-block-type=\"core\">Que ce soit dans une <strong>for\u00eat enchant\u00e9e de Catalogne<\/strong>, une <strong>forteresse en Castille<\/strong>, un <strong>manoir en Andalousie<\/strong> ou une <strong>plage sauvage en Galice<\/strong>, nous vous aidons \u00e0 cr\u00e9er le cadre parfait pour une exp\u00e9rience inoubliable.<\/p>\n\n\n\n<p data-block-type=\"core\">Transformez votre \u00e9v\u00e9nement en une histoire digne d\u2019une l\u00e9gende. Choisis l\u2019espace&#8230; Et nous faisons le reste. <\/p>\n\n\n\n<div class=\"wp-block-stackable-card stk-block-card stk-block stk-52b2601 is-style-default\" data-v=\"2\" data-block-id=\"52b2601\"><style>.stk-52b2601 .stk-block-card__image img{object-position:48% 62% !important;}<\/style><div class=\"stk--no-padding stk-container stk-52b2601-container stk-hover-parent\"><figure class=\"stk-block-card__image stk-img-wrapper stk-image--shape-stretch\"><img loading=\"lazy\" decoding=\"async\" class=\"stk-img wp-image-2667\" src=\"https:\/\/www.valkiriasevents.com\/wp-content\/uploads\/2025\/07\/Masia_Vilasendra_Boda_8.jpeg\" width=\"960\" height=\"640\" alt=\"Castell Jalp\u00ed\" srcset=\"https:\/\/www.valkiriasevents.com\/wp-content\/uploads\/2025\/07\/Masia_Vilasendra_Boda_8.jpeg 960w, https:\/\/www.valkiriasevents.com\/wp-content\/uploads\/2025\/07\/Masia_Vilasendra_Boda_8-300x200.jpeg 300w, https:\/\/www.valkiriasevents.com\/wp-content\/uploads\/2025\/07\/Masia_Vilasendra_Boda_8-768x512.jpeg 768w\" sizes=\"auto, (max-width: 960px) 100vw, 960px\" \/><\/figure><div class=\"stk-container-padding stk-block-card__content\"><div class=\"stk-block-content stk-inner-blocks stk-52b2601-inner-blocks\">\n<div class=\"wp-block-stackable-heading stk-block-heading stk-block-heading--v2 stk-block stk-0d73e3b\" id=\"espacios-en-barcelona\" data-block-id=\"0d73e3b\"><h2 class=\"stk-block-heading__text\">Espaces \u00e0 Barcelone<\/h2><\/div>\n\n\n\n<div class=\"wp-block-stackable-text stk-block-text stk-block stk-37ed620\" data-block-id=\"37ed620\"><p class=\"stk-block-text__text\">Nous vous proposons une s\u00e9lection soign\u00e9e d\u2019espaces uniques \u00e0 <strong>Barcelone<\/strong> pour c\u00e9l\u00e9brer des \u00e9v\u00e9nements inoubliables avec leur propre personnalit\u00e9. Des ch\u00e2teaux et fermes historiques aux terrasses urbaines, jardins secrets ou pi\u00e8ces \u00e0 l\u2019esth\u00e9tique industrielle, nous adaptons chaque lieu au style de votre c\u00e9l\u00e9bration. <\/p><\/div>\n\n\n\n<div class=\"wp-block-stackable-button-group stk-block-button-group stk-block stk-c7027f9\" data-block-id=\"c7027f9\"><div class=\"stk-row stk-inner-blocks stk-block-content stk-button-group\">\n<div class=\"wp-block-stackable-button stk-block-button stk-block stk-c93435e\" data-block-id=\"c93435e\"><a class=\"stk-link stk-button stk--hover-effect-darken\" href=\"https:\/\/www.valkiriasevents.com\/fr\/espacios-para-eventos-en-barcelona\/\"><span class=\"stk-button__inner-text\">Lieux \u00e0 Barcelone<\/span><\/a><\/div>\n<\/div><\/div>\n<\/div><\/div><\/div><\/div>\n\n\n\n<div class=\"wp-block-stackable-card stk-block-card stk-block stk-31ba363 is-style-default\" data-v=\"2\" data-block-id=\"31ba363\"><div class=\"stk--no-padding stk-container stk-31ba363-container stk-hover-parent\"><figure class=\"stk-block-card__image stk-img-wrapper stk-image--shape-stretch\"><img loading=\"lazy\" decoding=\"async\" class=\"stk-img wp-image-2670\" src=\"https:\/\/www.valkiriasevents.com\/wp-content\/uploads\/2025\/07\/Manjar_de_Talamanca_Evento_9-scaled.jpg\" width=\"2560\" height=\"1707\" srcset=\"https:\/\/www.valkiriasevents.com\/wp-content\/uploads\/2025\/07\/Manjar_de_Talamanca_Evento_9-scaled.jpg 2560w, https:\/\/www.valkiriasevents.com\/wp-content\/uploads\/2025\/07\/Manjar_de_Talamanca_Evento_9-300x200.jpg 300w, https:\/\/www.valkiriasevents.com\/wp-content\/uploads\/2025\/07\/Manjar_de_Talamanca_Evento_9-1024x683.jpg 1024w, https:\/\/www.valkiriasevents.com\/wp-content\/uploads\/2025\/07\/Manjar_de_Talamanca_Evento_9-768x512.jpg 768w, https:\/\/www.valkiriasevents.com\/wp-content\/uploads\/2025\/07\/Manjar_de_Talamanca_Evento_9-1536x1024.jpg 1536w, https:\/\/www.valkiriasevents.com\/wp-content\/uploads\/2025\/07\/Manjar_de_Talamanca_Evento_9-2048x1365.jpg 2048w\" sizes=\"auto, (max-width: 2560px) 100vw, 2560px\" \/><\/figure><div class=\"stk-container-padding stk-block-card__content\"><div class=\"stk-block-content stk-inner-blocks stk-31ba363-inner-blocks\">\n<div class=\"wp-block-stackable-heading stk-block-heading stk-block-heading--v2 stk-block stk-6308bba\" id=\"espacios-para-eventos-en-madrid\" data-block-id=\"6308bba\"><h2 class=\"stk-block-heading__text\">Espaces \u00e9v\u00e9nementiels \u00e0 Madrid<\/h2><\/div>\n\n\n\n<div class=\"wp-block-stackable-text stk-block-text stk-block stk-1e92d80\" data-block-id=\"1e92d80\"><p class=\"stk-block-text__text\">Nous vous proposons une s\u00e9lection exclusive <strong>d\u2019espaces \u00e0 Madrid<\/strong> , id\u00e9aux pour c\u00e9l\u00e9brer des \u00e9v\u00e9nements th\u00e9matiques, d\u2019entreprise ou sociaux, avec du caract\u00e8re, du style et de l\u2019originalit\u00e9.<\/p><\/div>\n\n\n\n<p data-block-type=\"core\">Nous travaillons avec des lieux uniques : <strong>charmants lotissements, palais historiques, espaces industriels, terrasses urbaines et environnements naturels<\/strong> en p\u00e9riph\u00e9rie de la ville. Chaque espace est adapt\u00e9 au type d\u2019\u00e9v\u00e9nement et au cadre souhait\u00e9, qu\u2019il soit <strong>m\u00e9di\u00e9val, fantastique, viking, magique ou totalement personnalis\u00e9<\/strong>. <\/p>\n\n\n\n<h3 class=\"wp-block-heading\" data-block-type=\"core\">Parfait pour :<\/h3>\n\n\n\n<p data-block-type=\"core\">\ud83c\udfe2 <strong>\u00c9v\u00e9nements d\u2019entreprise<\/strong> avec mise en sc\u00e8ne et exp\u00e9riences immersives<br>\ud83d\udcbc <strong>Des ensembles<\/strong> d\u2019\u00e9quipe avec d\u00e9fis, \u00e9missions et cadre th\u00e9matique<br>\ud83d\udc8d <strong>Diff\u00e9rents mariages<\/strong> dans des environnements avec personnalit\u00e9 et symbolisme<br>\ud83c\udfad <strong>Spectacles, s\u00e9ances photo, s\u00e9ances photo et soir\u00e9es priv\u00e9es<\/strong><\/p>\n\n\n\n<div class=\"wp-block-stackable-button-group stk-block-button-group stk-block stk-7d90ff0\" data-block-id=\"7d90ff0\"><div class=\"stk-row stk-inner-blocks stk-block-content stk-button-group\">\n<div class=\"wp-block-stackable-button stk-block-button stk-block stk-9bdcd67\" data-block-id=\"9bdcd67\"><a class=\"stk-link stk-button stk--hover-effect-darken\" href=\"https:\/\/www.valkiriasevents.com\/fr\/espacios-para-eventos-tematicos-madrid\/\"><span class=\"stk-button__inner-text\">Lieux \u00e0 Madrid<\/span><\/a><\/div>\n<\/div><\/div>\n<\/div><\/div><\/div><\/div>\n\n\n\n<div class=\"wp-block-stackable-card stk-block-card stk-block stk-33b670b is-style-default\" data-v=\"2\" data-block-id=\"33b670b\"><style>.stk-33b670b .stk-block-card__image img{object-position:50% 62% !important;}<\/style><div class=\"stk--no-padding stk-container stk-33b670b-container stk-hover-parent\"><figure class=\"stk-block-card__image stk-img-wrapper stk-image--shape-stretch\"><img loading=\"lazy\" decoding=\"async\" class=\"stk-img wp-image-3209\" src=\"https:\/\/www.valkiriasevents.com\/wp-content\/uploads\/2025\/08\/castillo_vikingo_1-1.jpg\" width=\"1200\" height=\"900\" alt=\"Castell Jalp\u00ed\" srcset=\"https:\/\/www.valkiriasevents.com\/wp-content\/uploads\/2025\/08\/castillo_vikingo_1-1.jpg 1200w, https:\/\/www.valkiriasevents.com\/wp-content\/uploads\/2025\/08\/castillo_vikingo_1-1-300x225.jpg 300w, https:\/\/www.valkiriasevents.com\/wp-content\/uploads\/2025\/08\/castillo_vikingo_1-1-1024x768.jpg 1024w, https:\/\/www.valkiriasevents.com\/wp-content\/uploads\/2025\/08\/castillo_vikingo_1-1-768x576.jpg 768w\" sizes=\"auto, (max-width: 1200px) 100vw, 1200px\" \/><\/figure><div class=\"stk-container-padding stk-block-card__content\"><div class=\"stk-block-content stk-inner-blocks stk-33b670b-inner-blocks\">\n<div class=\"wp-block-stackable-heading stk-block-heading stk-block-heading--v2 stk-block stk-1660690\" id=\"espacios-en-girona\" data-block-id=\"1660690\"><h2 class=\"stk-block-heading__text\">Espaces \u00e0 G\u00e9rone<\/h2><\/div>\n\n\n\n<div class=\"wp-block-stackable-text stk-block-text stk-block stk-30ff6bc\" data-block-id=\"30ff6bc\"><p class=\"stk-block-text__text\">Nous vous proposons une s\u00e9lection curieuse d\u2019espaces uniques \u00e0 G\u00e9rone pour c\u00e9l\u00e9brer des \u00e9v\u00e9nements inoubliables avec leur propre personnalit\u00e9. Des fermes historiques et ch\u00e2teaux m\u00e9di\u00e9vaux aux clo\u00eetres, jardins cach\u00e9s ou espaces urbains au caract\u00e8re, nous adaptons chaque lieu au style et au th\u00e8me de votre c\u00e9l\u00e9bration <\/p><\/div>\n\n\n\n<div class=\"wp-block-stackable-button-group stk-block-button-group stk-block stk-ff44cc7\" data-block-id=\"ff44cc7\"><div class=\"stk-row stk-inner-blocks stk-block-content stk-button-group\">\n<div class=\"wp-block-stackable-button stk-block-button stk-block stk-b3f3201\" data-block-id=\"b3f3201\"><a class=\"stk-link stk-button stk--hover-effect-darken\" href=\"https:\/\/www.valkiriasevents.com\/fr\/espacios-para-eventos-tematicos-en-girona\/\"><span class=\"stk-button__inner-text\">Lieux \u00e0 G\u00e9rone<\/span><\/a><\/div>\n<\/div><\/div>\n<\/div><\/div><\/div><\/div>\n\n\n\n<div class=\"wp-block-stackable-card stk-block-card stk-block stk-1b1b641 is-style-default\" data-v=\"2\" data-block-id=\"1b1b641\"><style>.stk-1b1b641 .stk-block-card__image img{object-position:47% 45% !important;}<\/style><div class=\"stk--no-padding stk-container stk-1b1b641-container stk-hover-parent\"><figure class=\"stk-block-card__image stk-img-wrapper stk-image--shape-stretch\"><img loading=\"lazy\" decoding=\"async\" class=\"stk-img wp-image-3242\" src=\"https:\/\/www.valkiriasevents.com\/wp-content\/uploads\/2025\/08\/puesta_de_sol_finca_vergel_de_santa_maria.jpg\" width=\"1440\" height=\"1085\" alt=\"Castell Jalp\u00ed\" srcset=\"https:\/\/www.valkiriasevents.com\/wp-content\/uploads\/2025\/08\/puesta_de_sol_finca_vergel_de_santa_maria.jpg 1440w, https:\/\/www.valkiriasevents.com\/wp-content\/uploads\/2025\/08\/puesta_de_sol_finca_vergel_de_santa_maria-300x226.jpg 300w, https:\/\/www.valkiriasevents.com\/wp-content\/uploads\/2025\/08\/puesta_de_sol_finca_vergel_de_santa_maria-1024x772.jpg 1024w, https:\/\/www.valkiriasevents.com\/wp-content\/uploads\/2025\/08\/puesta_de_sol_finca_vergel_de_santa_maria-768x579.jpg 768w\" sizes=\"auto, (max-width: 1440px) 100vw, 1440px\" \/><\/figure><div class=\"stk-container-padding stk-block-card__content\"><div class=\"stk-block-content stk-inner-blocks stk-1b1b641-inner-blocks\">\n<div class=\"wp-block-stackable-heading stk-block-heading stk-block-heading--v2 stk-block stk-c6ffe32\" id=\"espacios-en-el-sur-de-espana\" data-block-id=\"c6ffe32\"><h2 class=\"stk-block-heading__text\">Espaces dans le sud de l\u2019Espagne<\/h2><\/div>\n\n\n\n<div class=\"wp-block-stackable-text stk-block-text stk-block stk-582ac50\" data-block-id=\"582ac50\"><p class=\"stk-block-text__text\">Lieux exclusifs dans le sud de l\u2019Espagne : haciendas, fermes et palais parfaits pour les mariages, les \u00e9v\u00e9nements \u00e0 th\u00e8me et les productions uniques.<\/p><\/div>\n\n\n\n<div class=\"wp-block-stackable-button-group stk-block-button-group stk-block stk-4021aff\" data-block-id=\"4021aff\"><div class=\"stk-row stk-inner-blocks stk-block-content stk-button-group\">\n<div class=\"wp-block-stackable-button stk-block-button stk-block stk-2660ff0\" data-block-id=\"2660ff0\"><a class=\"stk-link stk-button stk--hover-effect-darken\" href=\"https:\/\/www.valkiriasevents.com\/fr\/espacios-para-eventos-en-el-sur\/\"><span class=\"stk-button__inner-text\">Espaces dans le Sud<\/span><\/a><\/div>\n<\/div><\/div>\n<\/div><\/div><\/div><\/div>\n\n\n\n<div class=\"wp-block-stackable-card stk-block-card stk-block stk-14d5020 is-style-default\" data-v=\"2\" data-block-id=\"14d5020\"><style>.stk-14d5020 .stk-block-card__image img{object-position:63% 76% !important;}<\/style><div class=\"stk--no-padding stk-container stk-14d5020-container stk-hover-parent\"><figure class=\"stk-block-card__image stk-img-wrapper stk-image--shape-stretch\"><img loading=\"lazy\" decoding=\"async\" class=\"stk-img wp-image-3176\" src=\"https:\/\/www.valkiriasevents.com\/wp-content\/uploads\/2025\/08\/boda_tematica_ibiza.jpg\" width=\"1920\" height=\"1280\" alt=\"Castell Jalp\u00ed\" srcset=\"https:\/\/www.valkiriasevents.com\/wp-content\/uploads\/2025\/08\/boda_tematica_ibiza.jpg 1920w, https:\/\/www.valkiriasevents.com\/wp-content\/uploads\/2025\/08\/boda_tematica_ibiza-300x200.jpg 300w, https:\/\/www.valkiriasevents.com\/wp-content\/uploads\/2025\/08\/boda_tematica_ibiza-1024x683.jpg 1024w, https:\/\/www.valkiriasevents.com\/wp-content\/uploads\/2025\/08\/boda_tematica_ibiza-768x512.jpg 768w, https:\/\/www.valkiriasevents.com\/wp-content\/uploads\/2025\/08\/boda_tematica_ibiza-1536x1024.jpg 1536w\" sizes=\"auto, (max-width: 1920px) 100vw, 1920px\" \/><\/figure><div class=\"stk-container-padding stk-block-card__content\"><div class=\"stk-block-content stk-inner-blocks stk-14d5020-inner-blocks\">\n<div class=\"wp-block-stackable-heading stk-block-heading stk-block-heading--v2 stk-block stk-ee38e84\" id=\"otros-espacios-tematicos\" data-block-id=\"ee38e84\"><h2 class=\"stk-block-heading__text\">Autres espaces th\u00e9matiques<\/h2><\/div>\n\n\n\n<div class=\"wp-block-stackable-text stk-block-text stk-block stk-5a76a69\" data-block-id=\"5a76a69\"><p class=\"stk-block-text__text\">Nous vous proposons une vari\u00e9t\u00e9 d\u2019espaces uniques \u00e0 travers <strong>l\u2019Espagne <\/strong>pour des \u00e9v\u00e9nements au caract\u00e8re propre. Des domaines rustiques et ch\u00e2teaux aux jardins secrets ou aux salles avant-gardistes, chaque lieu apporte une atmosph\u00e8re particuli\u00e8re adapt\u00e9e \u00e0 votre c\u00e9l\u00e9bration. <\/p><\/div>\n\n\n\n<div class=\"wp-block-stackable-button-group stk-block-button-group stk-block stk-3340a7f\" data-block-id=\"3340a7f\"><div class=\"stk-row stk-inner-blocks stk-block-content stk-button-group\">\n<div class=\"wp-block-stackable-button stk-block-button stk-block stk-328d9a5\" data-block-id=\"328d9a5\"><a class=\"stk-link stk-button stk--hover-effect-darken\" href=\"https:\/\/www.valkiriasevents.com\/fr\/espacios-para-eventos-tematicos-en-espana\/\"><span class=\"stk-button__inner-text\">Autres espaces<\/span><\/a><\/div>\n<\/div><\/div>\n<\/div><\/div><\/div><\/div>\n","protected":false},"excerpt":{"rendered":"<p>Espaces pour des \u00e9v\u00e9nements th\u00e9matiques Chez Valkirias Events , nous s\u00e9lectionnons et collaborons avec les meilleurs lieux pour des \u00e9v\u00e9nements \u00e0 th\u00e8me \u00e0 travers l\u2019Espagne. Des ch\u00e2teaux m\u00e9di\u00e9vaux aux jardins secrets, en passant par les plages sauvages ou les domaines fantastiques, nous vous aidons \u00e0 trouver l\u2019endroit parfait pour donner vie \u00e0 votre c\u00e9l\u00e9bration. Nous [&hellip;]<\/p>\n","protected":false},"author":1,"featured_media":0,"parent":0,"menu_order":0,"comment_status":"closed","ping_status":"closed","template":"","meta":{"pgc_sgb_lightbox_settings":"","footnotes":""},"class_list":["post-6024","page","type-page","status-publish","hentry"],"blocksy_meta":[],"_links":{"self":[{"href":"https:\/\/www.valkiriasevents.com\/fr\/wp-json\/wp\/v2\/pages\/6024","targetHints":{"allow":["GET"]}}],"collection":[{"href":"https:\/\/www.valkiriasevents.com\/fr\/wp-json\/wp\/v2\/pages"}],"about":[{"href":"https:\/\/www.valkiriasevents.com\/fr\/wp-json\/wp\/v2\/types\/page"}],"author":[{"embeddable":true,"href":"https:\/\/www.valkiriasevents.com\/fr\/wp-json\/wp\/v2\/users\/1"}],"replies":[{"embeddable":true,"href":"https:\/\/www.valkiriasevents.com\/fr\/wp-json\/wp\/v2\/comments?post=6024"}],"version-history":[{"count":0,"href":"https:\/\/www.valkiriasevents.com\/fr\/wp-json\/wp\/v2\/pages\/6024\/revisions"}],"wp:attachment":[{"href":"https:\/\/www.valkiriasevents.com\/fr\/wp-json\/wp\/v2\/media?parent=6024"}],"curies":[{"name":"wp","href":"https:\/\/api.w.org\/{rel}","templated":true}]}}