{"id":5984,"date":"2025-07-29T09:16:30","date_gmt":"2025-07-29T08:16:30","guid":{"rendered":"https:\/\/www.valkiriasevents.com\/danza-tematizada-eventos\/"},"modified":"2026-03-02T16:08:28","modified_gmt":"2026-03-02T15:08:28","slug":"danza-tematizada-eventos","status":"publish","type":"page","link":"https:\/\/www.valkiriasevents.com\/fr\/danza-tematizada-eventos\/","title":{"rendered":"Danse \u00e0 th\u00e8me | Spectacles chor\u00e9graphiques adapt\u00e9s \u00e0 votre \u00e9v\u00e9nement"},"content":{"rendered":"\n<div class=\"wp-block-stackable-heading stk-block-heading stk-block-heading--v2 stk-block stk-aee843f\" id=\"danza-tematizada-espectaculos-coreograficos-adaptados-a-tu-evento\" data-block-id=\"aee843f\"><h1 class=\"stk-block-heading__text\">Danse \u00e0 th\u00e8me | Spectacles chor\u00e9graphiques adapt\u00e9s \u00e0 votre \u00e9v\u00e9nement<\/h1><\/div>\n\n\n\n<p data-block-type=\"core\">Nous cr\u00e9ons des spectacles de danse th\u00e9matiques qui combinent art, \u00e9motion et mise en sc\u00e8ne. Chaque chor\u00e9graphie est con\u00e7ue pour s\u2019int\u00e9grer \u00e0 la narration et \u00e0 l\u2019esth\u00e9tique de l\u2019\u00e9v\u00e9nement, offrant une exp\u00e9rience visuelle saisissante avec une \u00e2me propre. <\/p>\n\n\n\n<p data-block-type=\"core\">Nous ne proposons pas simplement de la danse \u2013 nous proposons des moments pittoresques qui acc\u00e9l\u00e8rent le rythme de l\u2019\u00e9v\u00e9nement et enthousiasment le public.<\/p>\n\n\n\n<div class=\"wp-block-stackable-spacer stk-block-spacer stk--no-padding stk-block stk-ae6d3d6\" data-block-id=\"ae6d3d6\"><style>.stk-ae6d3d6 {height:10px !important;}<\/style><\/div>\n\n\n\n<h3 class=\"wp-block-heading\" data-block-type=\"core\">Qu\u2019est-ce qui rend notre danse th\u00e9matique unique ?<\/h3>\n\n\n\n<div class=\"wp-block-stackable-spacer stk-block-spacer stk--no-padding stk-block stk-49814fe\" data-block-id=\"49814fe\"><style>.stk-49814fe {height:10px !important;}<\/style><\/div>\n\n\n\n<ul class=\"wp-block-list\" data-block-type=\"core\">\n<li data-block-type=\"core\"><strong>Chor\u00e9graphies originales<\/strong> cr\u00e9\u00e9es pour chaque th\u00e8me : m\u00e9di\u00e9val, viking, tribal, futuriste, cabaret, celtique, pirate, ann\u00e9es 20, mystique ou fantastique.<\/li>\n\n\n\n<li data-block-type=\"core\"><strong>Des costumes et du maquillage personnalis\u00e9s<\/strong>, en totale coh\u00e9rence avec le d\u00e9cor.<\/li>\n\n\n\n<li data-block-type=\"core\">Possibilit\u00e9 d\u2019inclure la danse du feu, les tissus a\u00e9riens, les ventilateurs LED, les tambours vivants ou des \u00e9l\u00e9ments rituels.<\/li>\n\n\n\n<li data-block-type=\"core\"><strong>Interaction avec le public<\/strong> ou int\u00e9gration avec d\u2019autres moments de l\u2019\u00e9v\u00e9nement : pr\u00e9sentations, entr\u00e9es symboliques, rituels ou spectacles principaux.<\/li>\n<\/ul>\n\n\n\n<div class=\"wp-block-stackable-spacer stk-block-spacer stk--no-padding stk-block stk-302f35f\" data-block-id=\"302f35f\"><style>.stk-302f35f {height:30px !important;}<\/style><\/div>\n\n\n\n<h3 class=\"wp-block-heading\" data-block-type=\"core\">Nous adaptons le style de danse au type d\u2019\u00e9v\u00e9nement<\/h3>\n\n\n\n<div class=\"wp-block-stackable-spacer stk-block-spacer stk--no-padding stk-block stk-aa18d7a\" data-block-id=\"aa18d7a\"><style>.stk-aa18d7a {height:10px !important;}<\/style><\/div>\n\n\n\n<ul class=\"wp-block-list\" data-block-type=\"core\">\n<li data-block-type=\"core\">Pour les <strong>mariages \u00e0 th\u00e8me<\/strong>, nous cr\u00e9ons des pi\u00e8ces \u00e9motionnelles ou c\u00e9r\u00e9monielles avec une force symbolique ou une \u00e9nergie festive.<\/li>\n\n\n\n<li data-block-type=\"core\"><strong>Dans les \u00e9v\u00e9nements d\u2019entreprise<\/strong>, nous proposons un spectacle \u00e0 fort impact visuel et professionnalisme sc\u00e9nique.<\/li>\n\n\n\n<li data-block-type=\"core\">Pour les <strong>Team Buildings ou les c\u00e9l\u00e9brations priv\u00e9es<\/strong>, nous concevons des performances dynamiques, participatives et m\u00e9morables.<\/li>\n\n\n\n<li data-block-type=\"core\">Lors <strong>des soir\u00e9es, foires ou festivals<\/strong>, nous surprenons avec des spectacles de rue, des spectacles itin\u00e9rants ou des spectacles en soir\u00e9e.<\/li>\n<\/ul>\n\n\n\n<div class=\"wp-block-stackable-spacer stk-block-spacer stk--no-padding stk-block stk-81b24ec\" data-block-id=\"81b24ec\"><style>.stk-81b24ec {height:30px !important;}<\/style><\/div>\n\n\n\n<p data-block-type=\"core\">Chaque repr\u00e9sentation peut \u00eatre contemplative ou explosive, selon l\u2019objectif et le moment de l\u2019\u00e9v\u00e9nement : ouverture, climax ou conclusion. De plus, nous pouvons l\u2019int\u00e9grer \u00e0 un spectacle th\u00e9matique plus large avec des marcheurs sur \u00e9chasses, du feu, de la musique live ou des rituels.<\/p>\n\n\n\n<div class=\"wp-block-stackable-spacer stk-block-spacer stk--no-padding stk-block stk-54f269b\" data-block-id=\"54f269b\"><style>.stk-54f269b {height:10px !important;}<\/style><\/div>\n\n\n\n<hr class=\"wp-block-separator has-alpha-channel-opacity\" data-block-type=\"core\">\n\n\n\n<div class=\"wp-block-stackable-spacer stk-block-spacer stk--no-padding stk-block stk-feecc60\" data-block-id=\"feecc60\"><style>.stk-feecc60 {height:10px !important;}<\/style><\/div>\n\n\n\n<p data-block-type=\"core\"><strong>Rythme, esth\u00e9tique et \u00e9motion.<\/strong><br>Lors des \u00e9v\u00e9nements Valkirias, la danse est plus que le mouvement : c\u2019est la narration visuelle et l\u2019\u00e9nergie sc\u00e9nique au service de votre c\u00e9l\u00e9bration.<\/p>\n\n\n\n<div class=\"wp-block-stackable-spacer stk-block-spacer stk--no-padding stk-block stk-62b01f4\" data-block-id=\"62b01f4\"><style>.stk-62b01f4 {height:10px !important;}<\/style><\/div>\n\n\n\n<hr class=\"wp-block-separator has-alpha-channel-opacity\" data-block-type=\"core\">\n\n\n\n<div class=\"wp-block-stackable-spacer stk-block-spacer stk--no-padding stk-block stk-82ab8dd\" data-block-id=\"82ab8dd\"><style>.stk-82ab8dd {height:10px !important;}<\/style><\/div>\n\n\n<div class=\"pgc-sgb-cb wp-block-pgcsimplygalleryblock-grid \" data-gallery-id=\"8ad10173\"><div class=\"sgb-preloader\" id=\"pr_8ad10173\">\n\t<div class=\"sgb-square\" style=\"background:#d4d4d4\"><\/div>\n\t<div class=\"sgb-square\" style=\"background:#d4d4d4\"><\/div>\n\t<div class=\"sgb-square\" style=\"background:#d4d4d4\"><\/div>\n\t<div class=\"sgb-square\" style=\"background:#d4d4d4\"><\/div><\/div><div class=\"simply-gallery-amp pgc_sgb_slider \"><noscript><div class=\"sgb-gallery\"><div class=\"sgb-item\"><a href=\"https:\/\/www.valkiriasevents.com\/danza-tematizada-eventos\/danza_mistica\/\" target=\"_blank\"><img decoding=\"async\" alt=\"\" width=\"192\" height=\"300\" loading=\"lazy\" src=\"https:\/\/www.valkiriasevents.com\/wp-content\/uploads\/2025\/07\/Danza_mistica-192x300.jpg\" srcset=\"https:\/\/www.valkiriasevents.com\/wp-content\/uploads\/2025\/07\/Danza_mistica-192x300.jpg 192w,https:\/\/www.valkiriasevents.com\/wp-content\/uploads\/2025\/07\/Danza_mistica.jpg 579w\" sizes=\"auto, 250px\"\/><\/a><\/div><div class=\"sgb-item\"><a href=\"https:\/\/www.valkiriasevents.com\/danza-tematizada-eventos\/danza_mistica_vikinga\/\" target=\"_blank\"><img decoding=\"async\" alt=\"\" width=\"300\" height=\"200\" loading=\"lazy\" src=\"https:\/\/www.valkiriasevents.com\/wp-content\/uploads\/2025\/07\/Danza_mistica_vikinga-300x200.jpg\" srcset=\"https:\/\/www.valkiriasevents.com\/wp-content\/uploads\/2025\/07\/Danza_mistica_vikinga-300x200.jpg 300w,https:\/\/www.valkiriasevents.com\/wp-content\/uploads\/2025\/07\/Danza_mistica_vikinga.jpg 876w\" sizes=\"auto, 250px\"\/><\/a><\/div><div class=\"sgb-item\"><a href=\"https:\/\/www.valkiriasevents.com\/danza-tematizada-eventos\/danza_tribal_vikinga\/\" target=\"_blank\"><img decoding=\"async\" alt=\"\" width=\"200\" height=\"300\" loading=\"lazy\" src=\"https:\/\/www.valkiriasevents.com\/wp-content\/uploads\/2025\/07\/Danza_tribal_vikinga-200x300.jpg\" srcset=\"https:\/\/www.valkiriasevents.com\/wp-content\/uploads\/2025\/07\/Danza_tribal_vikinga-200x300.jpg 200w,https:\/\/www.valkiriasevents.com\/wp-content\/uploads\/2025\/07\/Danza_tribal_vikinga.jpg 584w\" sizes=\"auto, 250px\"\/><\/a><\/div><div class=\"sgb-item\"><a href=\"https:\/\/www.valkiriasevents.com\/danza-tematizada-eventos\/danza_vikinga\/\" target=\"_blank\"><img decoding=\"async\" alt=\"\" width=\"172\" height=\"300\" loading=\"lazy\" src=\"https:\/\/www.valkiriasevents.com\/wp-content\/uploads\/2025\/07\/Danza_vikinga-172x300.jpg\" srcset=\"https:\/\/www.valkiriasevents.com\/wp-content\/uploads\/2025\/07\/Danza_vikinga-172x300.jpg 172w,https:\/\/www.valkiriasevents.com\/wp-content\/uploads\/2025\/07\/Danza_vikinga-586x1024.jpg 586w,https:\/\/www.valkiriasevents.com\/wp-content\/uploads\/2025\/07\/Danza_vikinga.jpg 714w\" sizes=\"auto, 250px\"\/><\/a><\/div><div class=\"sgb-item\"><a href=\"https:\/\/www.valkiriasevents.com\/danza-tematizada-eventos\/danza_vikinga_mistica_2\/\" target=\"_blank\"><img decoding=\"async\" alt=\"\" width=\"241\" height=\"300\" loading=\"lazy\" src=\"https:\/\/www.valkiriasevents.com\/wp-content\/uploads\/2025\/07\/Danza_vikinga_mistica_2-241x300.jpg\" srcset=\"https:\/\/www.valkiriasevents.com\/wp-content\/uploads\/2025\/07\/Danza_vikinga_mistica_2-241x300.jpg 241w,https:\/\/www.valkiriasevents.com\/wp-content\/uploads\/2025\/07\/Danza_vikinga_mistica_2.jpg 717w\" sizes=\"auto, 250px\"\/><\/a><\/div><div class=\"sgb-item\"><a href=\"https:\/\/www.valkiriasevents.com\/danza-tematizada-eventos\/img-20241217-wa0001\/\" target=\"_blank\"><img decoding=\"async\" alt=\"\" width=\"300\" height=\"300\" loading=\"lazy\" src=\"https:\/\/www.valkiriasevents.com\/wp-content\/uploads\/2025\/07\/IMG-20241217-WA0001-300x300.jpg\" srcset=\"https:\/\/www.valkiriasevents.com\/wp-content\/uploads\/2025\/07\/IMG-20241217-WA0001-300x300.jpg 300w,https:\/\/www.valkiriasevents.com\/wp-content\/uploads\/2025\/07\/IMG-20241217-WA0001-1024x1019.jpg 1024w,https:\/\/www.valkiriasevents.com\/wp-content\/uploads\/2025\/07\/IMG-20241217-WA0001.jpg 1080w\" sizes=\"auto, 250px\"\/><\/a><\/div><div class=\"sgb-item\"><a href=\"https:\/\/www.valkiriasevents.com\/danza-tematizada-eventos\/img-20241217-wa0002\/\" target=\"_blank\"><img decoding=\"async\" alt=\"\" width=\"240\" height=\"300\" loading=\"lazy\" src=\"https:\/\/www.valkiriasevents.com\/wp-content\/uploads\/2025\/07\/IMG-20241217-WA0002-240x300.jpg\" srcset=\"https:\/\/www.valkiriasevents.com\/wp-content\/uploads\/2025\/07\/IMG-20241217-WA0002-240x300.jpg 240w,https:\/\/www.valkiriasevents.com\/wp-content\/uploads\/2025\/07\/IMG-20241217-WA0002-818x1024.jpg 818w,https:\/\/www.valkiriasevents.com\/wp-content\/uploads\/2025\/07\/IMG-20241217-WA0002.jpg 1080w\" sizes=\"auto, 250px\"\/><\/a><\/div><\/div><\/noscript><\/div><script type=\"application\/json\" class=\"sgb-data\">{\"externalLink\":false,\"captions\":false,\"collectionThumbSubMenuDownload\":false,\"collectionThumbSubMenuShare\":false,\"galleryType\":\"pgc_sgb_grid\",\"galleryId\":\"8ad10173\",\"images\":[{\"id\":2753,\"title\":\"Danza_mistica\",\"url\":\"https:\/\/www.valkiriasevents.com\/wp-content\/uploads\/2025\/07\/Danza_mistica.jpg\",\"link\":\"https:\/\/www.valkiriasevents.com\/danza-tematizada-eventos\/danza_mistica\/\",\"alt\":\"\",\"description\":\"\",\"caption\":\"\",\"mime\":\"image\/jpeg\",\"type\":\"image\",\"width\":579,\"height\":903,\"sizes\":{\"thumbnail\":{\"url\":\"https:\/\/www.valkiriasevents.com\/wp-content\/uploads\/2025\/07\/Danza_mistica-150x150.jpg\",\"height\":150,\"width\":150,\"orientation\":\"landscape\"},\"medium\":{\"url\":\"https:\/\/www.valkiriasevents.com\/wp-content\/uploads\/2025\/07\/Danza_mistica-192x300.jpg\",\"height\":300,\"width\":192,\"orientation\":\"portrait\"},\"full\":{\"url\":\"https:\/\/www.valkiriasevents.com\/wp-content\/uploads\/2025\/07\/Danza_mistica.jpg\",\"height\":903,\"width\":579,\"orientation\":\"portrait\"}},\"imageMeta\":{\"aperture\":\"0\",\"credit\":\"\",\"camera\":\"\",\"caption\":\"\",\"created_timestamp\":\"0\",\"copyright\":\"\",\"focal_length\":\"0\",\"iso\":\"0\",\"shutter_speed\":\"0\",\"title\":\"\",\"orientation\":\"0\",\"keywords\":[]},\"meta\":false,\"postlink\":\"https:\/\/www.valkiriasevents.com\/danza-tematizada-eventos\/danza_mistica\/\"},{\"id\":2754,\"title\":\"Danza_mistica_vikinga\",\"url\":\"https:\/\/www.valkiriasevents.com\/wp-content\/uploads\/2025\/07\/Danza_mistica_vikinga.jpg\",\"link\":\"https:\/\/www.valkiriasevents.com\/danza-tematizada-eventos\/danza_mistica_vikinga\/\",\"alt\":\"\",\"description\":\"\",\"caption\":\"\",\"mime\":\"image\/jpeg\",\"type\":\"image\",\"width\":876,\"height\":584,\"sizes\":{\"thumbnail\":{\"url\":\"https:\/\/www.valkiriasevents.com\/wp-content\/uploads\/2025\/07\/Danza_mistica_vikinga-150x150.jpg\",\"height\":150,\"width\":150,\"orientation\":\"landscape\"},\"medium\":{\"url\":\"https:\/\/www.valkiriasevents.com\/wp-content\/uploads\/2025\/07\/Danza_mistica_vikinga-300x200.jpg\",\"height\":200,\"width\":300,\"orientation\":\"landscape\"},\"full\":{\"url\":\"https:\/\/www.valkiriasevents.com\/wp-content\/uploads\/2025\/07\/Danza_mistica_vikinga.jpg\",\"height\":584,\"width\":876,\"orientation\":\"landscape\"}},\"imageMeta\":{\"aperture\":\"0\",\"credit\":\"\",\"camera\":\"\",\"caption\":\"\",\"created_timestamp\":\"0\",\"copyright\":\"\",\"focal_length\":\"0\",\"iso\":\"0\",\"shutter_speed\":\"0\",\"title\":\"\",\"orientation\":\"0\",\"keywords\":[]},\"meta\":false,\"postlink\":\"https:\/\/www.valkiriasevents.com\/danza-tematizada-eventos\/danza_mistica_vikinga\/\"},{\"id\":2755,\"title\":\"Danza_tribal_vikinga\",\"url\":\"https:\/\/www.valkiriasevents.com\/wp-content\/uploads\/2025\/07\/Danza_tribal_vikinga.jpg\",\"link\":\"https:\/\/www.valkiriasevents.com\/danza-tematizada-eventos\/danza_tribal_vikinga\/\",\"alt\":\"\",\"description\":\"\",\"caption\":\"\",\"mime\":\"image\/jpeg\",\"type\":\"image\",\"width\":584,\"height\":876,\"sizes\":{\"thumbnail\":{\"url\":\"https:\/\/www.valkiriasevents.com\/wp-content\/uploads\/2025\/07\/Danza_tribal_vikinga-150x150.jpg\",\"height\":150,\"width\":150,\"orientation\":\"landscape\"},\"medium\":{\"url\":\"https:\/\/www.valkiriasevents.com\/wp-content\/uploads\/2025\/07\/Danza_tribal_vikinga-200x300.jpg\",\"height\":300,\"width\":200,\"orientation\":\"portrait\"},\"full\":{\"url\":\"https:\/\/www.valkiriasevents.com\/wp-content\/uploads\/2025\/07\/Danza_tribal_vikinga.jpg\",\"height\":876,\"width\":584,\"orientation\":\"portrait\"}},\"imageMeta\":{\"aperture\":\"0\",\"credit\":\"\",\"camera\":\"\",\"caption\":\"\",\"created_timestamp\":\"0\",\"copyright\":\"\",\"focal_length\":\"0\",\"iso\":\"0\",\"shutter_speed\":\"0\",\"title\":\"\",\"orientation\":\"0\",\"keywords\":[]},\"meta\":false,\"postlink\":\"https:\/\/www.valkiriasevents.com\/danza-tematizada-eventos\/danza_tribal_vikinga\/\"},{\"id\":2756,\"title\":\"Danza_vikinga\",\"url\":\"https:\/\/www.valkiriasevents.com\/wp-content\/uploads\/2025\/07\/Danza_vikinga.jpg\",\"link\":\"https:\/\/www.valkiriasevents.com\/danza-tematizada-eventos\/danza_vikinga\/\",\"alt\":\"\",\"description\":\"\",\"caption\":\"\",\"mime\":\"image\/jpeg\",\"type\":\"image\",\"width\":714,\"height\":1248,\"sizes\":{\"thumbnail\":{\"url\":\"https:\/\/www.valkiriasevents.com\/wp-content\/uploads\/2025\/07\/Danza_vikinga-150x150.jpg\",\"height\":150,\"width\":150,\"orientation\":\"landscape\"},\"medium\":{\"url\":\"https:\/\/www.valkiriasevents.com\/wp-content\/uploads\/2025\/07\/Danza_vikinga-172x300.jpg\",\"height\":300,\"width\":172,\"orientation\":\"portrait\"},\"large\":{\"url\":\"https:\/\/www.valkiriasevents.com\/wp-content\/uploads\/2025\/07\/Danza_vikinga-586x1024.jpg\",\"height\":1024,\"width\":586,\"orientation\":\"portrait\"},\"full\":{\"url\":\"https:\/\/www.valkiriasevents.com\/wp-content\/uploads\/2025\/07\/Danza_vikinga.jpg\",\"height\":1248,\"width\":714,\"orientation\":\"portrait\"}},\"imageMeta\":{\"aperture\":\"0\",\"credit\":\"\",\"camera\":\"\",\"caption\":\"\",\"created_timestamp\":\"0\",\"copyright\":\"\",\"focal_length\":\"0\",\"iso\":\"0\",\"shutter_speed\":\"0\",\"title\":\"\",\"orientation\":\"0\",\"keywords\":[]},\"meta\":false,\"postlink\":\"https:\/\/www.valkiriasevents.com\/danza-tematizada-eventos\/danza_vikinga\/\"},{\"id\":2757,\"title\":\"Danza_vikinga_mistica_2\",\"url\":\"https:\/\/www.valkiriasevents.com\/wp-content\/uploads\/2025\/07\/Danza_vikinga_mistica_2.jpg\",\"link\":\"https:\/\/www.valkiriasevents.com\/danza-tematizada-eventos\/danza_vikinga_mistica_2\/\",\"alt\":\"\",\"description\":\"\",\"caption\":\"\",\"mime\":\"image\/jpeg\",\"type\":\"image\",\"width\":717,\"height\":893,\"sizes\":{\"thumbnail\":{\"url\":\"https:\/\/www.valkiriasevents.com\/wp-content\/uploads\/2025\/07\/Danza_vikinga_mistica_2-150x150.jpg\",\"height\":150,\"width\":150,\"orientation\":\"landscape\"},\"medium\":{\"url\":\"https:\/\/www.valkiriasevents.com\/wp-content\/uploads\/2025\/07\/Danza_vikinga_mistica_2-241x300.jpg\",\"height\":300,\"width\":241,\"orientation\":\"portrait\"},\"full\":{\"url\":\"https:\/\/www.valkiriasevents.com\/wp-content\/uploads\/2025\/07\/Danza_vikinga_mistica_2.jpg\",\"height\":893,\"width\":717,\"orientation\":\"portrait\"}},\"imageMeta\":{\"aperture\":\"0\",\"credit\":\"\",\"camera\":\"\",\"caption\":\"\",\"created_timestamp\":\"0\",\"copyright\":\"\",\"focal_length\":\"0\",\"iso\":\"0\",\"shutter_speed\":\"0\",\"title\":\"\",\"orientation\":\"1\",\"keywords\":[]},\"meta\":false,\"postlink\":\"https:\/\/www.valkiriasevents.com\/danza-tematizada-eventos\/danza_vikinga_mistica_2\/\"},{\"id\":2758,\"title\":\"IMG-20241217-WA0001\",\"url\":\"https:\/\/www.valkiriasevents.com\/wp-content\/uploads\/2025\/07\/IMG-20241217-WA0001.jpg\",\"link\":\"https:\/\/www.valkiriasevents.com\/danza-tematizada-eventos\/img-20241217-wa0001\/\",\"alt\":\"\",\"description\":\"\",\"caption\":\"\",\"mime\":\"image\/jpeg\",\"type\":\"image\",\"width\":1080,\"height\":1075,\"sizes\":{\"thumbnail\":{\"url\":\"https:\/\/www.valkiriasevents.com\/wp-content\/uploads\/2025\/07\/IMG-20241217-WA0001-150x150.jpg\",\"height\":150,\"width\":150,\"orientation\":\"landscape\"},\"medium\":{\"url\":\"https:\/\/www.valkiriasevents.com\/wp-content\/uploads\/2025\/07\/IMG-20241217-WA0001-300x300.jpg\",\"height\":300,\"width\":300,\"orientation\":\"landscape\"},\"large\":{\"url\":\"https:\/\/www.valkiriasevents.com\/wp-content\/uploads\/2025\/07\/IMG-20241217-WA0001-1024x1019.jpg\",\"height\":1019,\"width\":1024,\"orientation\":\"landscape\"},\"full\":{\"url\":\"https:\/\/www.valkiriasevents.com\/wp-content\/uploads\/2025\/07\/IMG-20241217-WA0001.jpg\",\"height\":1075,\"width\":1080,\"orientation\":\"landscape\"}},\"imageMeta\":{\"aperture\":\"0\",\"credit\":\"\",\"camera\":\"\",\"caption\":\"\",\"created_timestamp\":\"0\",\"copyright\":\"\",\"focal_length\":\"0\",\"iso\":\"0\",\"shutter_speed\":\"0\",\"title\":\"\",\"orientation\":\"0\",\"keywords\":[]},\"meta\":false,\"postlink\":\"https:\/\/www.valkiriasevents.com\/danza-tematizada-eventos\/img-20241217-wa0001\/\"},{\"id\":2759,\"title\":\"IMG-20241217-WA0002\",\"url\":\"https:\/\/www.valkiriasevents.com\/wp-content\/uploads\/2025\/07\/IMG-20241217-WA0002.jpg\",\"link\":\"https:\/\/www.valkiriasevents.com\/danza-tematizada-eventos\/img-20241217-wa0002\/\",\"alt\":\"\",\"description\":\"\",\"caption\":\"\",\"mime\":\"image\/jpeg\",\"type\":\"image\",\"width\":1080,\"height\":1352,\"sizes\":{\"thumbnail\":{\"url\":\"https:\/\/www.valkiriasevents.com\/wp-content\/uploads\/2025\/07\/IMG-20241217-WA0002-150x150.jpg\",\"height\":150,\"width\":150,\"orientation\":\"landscape\"},\"medium\":{\"url\":\"https:\/\/www.valkiriasevents.com\/wp-content\/uploads\/2025\/07\/IMG-20241217-WA0002-240x300.jpg\",\"height\":300,\"width\":240,\"orientation\":\"portrait\"},\"large\":{\"url\":\"https:\/\/www.valkiriasevents.com\/wp-content\/uploads\/2025\/07\/IMG-20241217-WA0002-818x1024.jpg\",\"height\":1024,\"width\":818,\"orientation\":\"portrait\"},\"full\":{\"url\":\"https:\/\/www.valkiriasevents.com\/wp-content\/uploads\/2025\/07\/IMG-20241217-WA0002.jpg\",\"height\":1352,\"width\":1080,\"orientation\":\"portrait\"}},\"imageMeta\":{\"aperture\":\"0\",\"credit\":\"\",\"camera\":\"\",\"caption\":\"\",\"created_timestamp\":\"0\",\"copyright\":\"\",\"focal_length\":\"0\",\"iso\":\"0\",\"shutter_speed\":\"0\",\"title\":\"\",\"orientation\":\"0\",\"keywords\":[]},\"meta\":false,\"postlink\":\"https:\/\/www.valkiriasevents.com\/danza-tematizada-eventos\/img-20241217-wa0002\/\"}],\"useClobalSettings\":true,\"orderBy\":\"random\",\"shareFacebook\":false,\"shareTwitter\":false,\"sharePinterest\":false,\"sliderItemDownload\":false,\"shareCopyLink\":false,\"itemsMetaDataCollection\":[]}<\/script><script>(function(){if(window.PGC_SGB && window.PGC_SGB.searcher){window.PGC_SGB.searcher.initBlocks()}})()<\/script><\/div>","protected":false},"excerpt":{"rendered":"<p>Danse \u00e0 th\u00e8me | Spectacles chor\u00e9graphiques adapt\u00e9s \u00e0 votre \u00e9v\u00e9nement Nous cr\u00e9ons des spectacles de danse th\u00e9matiques qui combinent art, \u00e9motion et mise en sc\u00e8ne. Chaque chor\u00e9graphie est con\u00e7ue pour s\u2019int\u00e9grer \u00e0 la narration et \u00e0 l\u2019esth\u00e9tique de l\u2019\u00e9v\u00e9nement, offrant une exp\u00e9rience visuelle saisissante avec une \u00e2me propre. Nous ne proposons pas simplement de la [&hellip;]<\/p>\n","protected":false},"author":1,"featured_media":0,"parent":0,"menu_order":0,"comment_status":"closed","ping_status":"closed","template":"","meta":{"pgc_sgb_lightbox_settings":"","footnotes":""},"class_list":["post-5984","page","type-page","status-publish","hentry"],"blocksy_meta":[],"_links":{"self":[{"href":"https:\/\/www.valkiriasevents.com\/fr\/wp-json\/wp\/v2\/pages\/5984","targetHints":{"allow":["GET"]}}],"collection":[{"href":"https:\/\/www.valkiriasevents.com\/fr\/wp-json\/wp\/v2\/pages"}],"about":[{"href":"https:\/\/www.valkiriasevents.com\/fr\/wp-json\/wp\/v2\/types\/page"}],"author":[{"embeddable":true,"href":"https:\/\/www.valkiriasevents.com\/fr\/wp-json\/wp\/v2\/users\/1"}],"replies":[{"embeddable":true,"href":"https:\/\/www.valkiriasevents.com\/fr\/wp-json\/wp\/v2\/comments?post=5984"}],"version-history":[{"count":1,"href":"https:\/\/www.valkiriasevents.com\/fr\/wp-json\/wp\/v2\/pages\/5984\/revisions"}],"predecessor-version":[{"id":8257,"href":"https:\/\/www.valkiriasevents.com\/fr\/wp-json\/wp\/v2\/pages\/5984\/revisions\/8257"}],"wp:attachment":[{"href":"https:\/\/www.valkiriasevents.com\/fr\/wp-json\/wp\/v2\/media?parent=5984"}],"curies":[{"name":"wp","href":"https:\/\/api.w.org\/{rel}","templated":true}]}}