{"id":5963,"date":"2025-07-29T09:32:24","date_gmt":"2025-07-29T08:32:24","guid":{"rendered":"https:\/\/www.valkiriasevents.com\/cosplayers-eventos\/"},"modified":"2025-07-29T09:32:24","modified_gmt":"2025-07-29T08:32:24","slug":"cosplayers-eventos","status":"publish","type":"page","link":"https:\/\/www.valkiriasevents.com\/fr\/cosplayers-eventos\/","title":{"rendered":"Cosplayers \u00e0 th\u00e8me pour des \u00e9v\u00e9nements | Personnages adapt\u00e9s \u00e0 votre fantaisie"},"content":{"rendered":"\n<div class=\"wp-block-stackable-heading stk-block-heading stk-block-heading--v2 stk-block stk-d9723e0\" id=\"cosplayers-tematicos-para-eventos-personajes-a-medida-para-tu-fantasia\" data-block-id=\"d9723e0\"><h1 class=\"stk-block-heading__text\">Cosplayers \u00e0 th\u00e8me pour des \u00e9v\u00e9nements | Personnages adapt\u00e9s \u00e0 votre fantaisie<\/h1><\/div>\n\n\n\n<p data-block-type=\"core\">Lors <strong>des Valkyries Events<\/strong>, nous r\u00e9alisons n\u2019importe quel univers que vous imaginez. Nous proposons <strong>des cosplayers professionnels et une caract\u00e9risation compl\u00e8te<\/strong> pour donner vie \u00e0 votre \u00e9v\u00e9nement avec des personnages authentiques et impressionnants, parfaitement adapt\u00e9s \u00e0 votre th\u00e8me. <\/p>\n\n\n\n<p data-block-type=\"core\">Tu d\u00e9finis l\u2019univers&#8230; <strong>Nous l\u2019avons cr\u00e9\u00e9.<\/strong><\/p>\n\n\n\n<p data-block-type=\"core\">Qu\u2019il s\u2019agisse d\u2019un mariage magique, d\u2019un lancement de marque, d\u2019une fan party, d\u2019un \u00e9v\u00e9nement d\u2019entreprise original ou d\u2019une c\u00e9l\u00e9bration priv\u00e9e, nous avons <strong>caract\u00e9ris\u00e9 des artistes et acteurs<\/strong> qui ne se contentent pas de porter un costume \u2013 <strong>ils jouent, donnent vie et interagissent<\/strong> avec les invit\u00e9s comme s\u2019ils sortaient de l\u2019\u00e9cran ou des pages d\u2019une saga \u00e9pique.<\/p>\n\n\n\n<h3 class=\"wp-block-heading\" data-block-type=\"core\">\ud83c\udfad Que proposons-nous ?<\/h3>\n\n\n\n<ul class=\"wp-block-list\" data-block-type=\"core\">\n<li data-block-type=\"core\"><strong>Cosplayers artistiques de haut<\/strong> niveau avec un maquillage r\u00e9aliste, des perruques, des armes et des accessoires<\/li>\n\n\n\n<li data-block-type=\"core\"><strong>Conception personnalis\u00e9e des personnages selon<\/strong> le style de l\u2019\u00e9v\u00e9nement et les go\u00fbts du client<\/li>\n\n\n\n<li data-block-type=\"core\"><strong>Interaction sc\u00e9nique et th\u00e9\u00e2trale<\/strong>, des apparitions marquantes aux sc\u00e8nes personnalis\u00e9es<\/li>\n\n\n\n<li data-block-type=\"core\"><strong>Possibilit\u00e9 de s\u00e9ries, animations, sc\u00e9narios, photocalls, vid\u00e9os ou narration<\/strong><\/li>\n\n\n\n<li data-block-type=\"core\">Style et pr\u00e9sence pris en compte au maximum, du visuel au jeu d\u2019acteur<\/li>\n<\/ul>\n\n\n\n<h3 class=\"wp-block-heading\" data-block-type=\"core\">\u2728 Th\u00e8mes illimit\u00e9s<\/h3>\n\n\n\n<p data-block-type=\"core\">Vous choisissez le monde, nous le mat\u00e9rialisons :<\/p>\n\n\n\n<ul class=\"wp-block-list\" data-block-type=\"core\">\n<li data-block-type=\"core\">Fantasy \u00e9pique (<em>Le Sorceleur<\/em>, <em>Le Seigneur des Anneaux<\/em>, <em>Game of Thrones<\/em>)<\/li>\n\n\n\n<li data-block-type=\"core\">Univers magiques (<em>Harry Potter<\/em>, <em>Disney<\/em>, contes sombres)<\/li>\n\n\n\n<li data-block-type=\"core\">Science-fiction et cyberpunk (<em>Star Wars<\/em>, <em>Blade Runner<\/em>, <em>Cyberpunk 2077<\/em>)<\/li>\n\n\n\n<li data-block-type=\"core\">Jeux vid\u00e9o, bandes dessin\u00e9es, anime, dystopies, mythologies et bien plus encore<\/li>\n<\/ul>\n\n\n\n<h3 class=\"wp-block-heading\" data-block-type=\"core\">\ud83d\udcf8 Id\u00e9al pour :<\/h3>\n\n\n\n<ul class=\"wp-block-list\" data-block-type=\"core\">\n<li data-block-type=\"core\"><strong>\u00c9v\u00e9nements d\u2019entreprise et lancements<\/strong> avec pr\u00e9sence de marque<\/li>\n\n\n\n<li data-block-type=\"core\"><strong>Mariages th\u00e9matiques<\/strong> avec des apparitions symboliques ou th\u00e9\u00e2trales<\/li>\n\n\n\n<li data-block-type=\"core\"><strong>Festivals, foires et \u00e9v\u00e9nements pour fans<\/strong><\/li>\n\n\n\n<li data-block-type=\"core\"><strong>Cr\u00e9ateurs d\u2019\u00e9quipe<\/strong><\/li>\n\n\n\n<li data-block-type=\"core\"><strong>F\u00eates priv\u00e9es, communions ou diff\u00e9rents anniversaires<\/strong><\/li>\n<\/ul>\n\n\n\n<hr class=\"wp-block-separator has-alpha-channel-opacity\" data-block-type=\"core\">\n\n\n\n<p data-block-type=\"core\">\ud83c\udf1f <strong>Des personnages qui impressionnent, excitent et prennent vie.<\/strong><br>Avec Valkyries Events, vous n\u2019engagez pas un costume : vous cr\u00e9ez une exp\u00e9rience sc\u00e9nique compl\u00e8te.<\/p>\n\n\n\n<p data-block-type=\"core\">\ud83d\udccd Disponible \u00e0 <strong>Barcelone, Madrid et dans toute l\u2019Espagne.<\/strong><\/p>\n\n\n<div class=\"pgc-sgb-cb wp-block-pgcsimplygalleryblock-grid \" data-gallery-id=\"6bf15561\"><div class=\"sgb-preloader\" id=\"pr_6bf15561\">\n\t<div class=\"sgb-square\" style=\"background:#d4d4d4\"><\/div>\n\t<div class=\"sgb-square\" style=\"background:#d4d4d4\"><\/div>\n\t<div class=\"sgb-square\" style=\"background:#d4d4d4\"><\/div>\n\t<div class=\"sgb-square\" style=\"background:#d4d4d4\"><\/div><\/div><div class=\"simply-gallery-amp pgc_sgb_slider \"><noscript><div class=\"sgb-gallery\"><div class=\"sgb-item\"><a href=\"https:\/\/www.valkiriasevents.com\/cosplayers-eventos\/cos\/\" target=\"_blank\"><img decoding=\"async\" alt=\"\" width=\"300\" height=\"300\" loading=\"lazy\" src=\"https:\/\/www.valkiriasevents.com\/wp-content\/uploads\/2025\/07\/Cos-300x300.png\" srcset=\"https:\/\/www.valkiriasevents.com\/wp-content\/uploads\/2025\/07\/Cos-300x300.png 300w,https:\/\/www.valkiriasevents.com\/wp-content\/uploads\/2025\/07\/Cos.png 1024w\" sizes=\"auto, 250px\"\/><\/a><\/div><div class=\"sgb-item\"><a href=\"https:\/\/www.valkiriasevents.com\/cosplayers-eventos\/elsa-barcelona\/\" target=\"_blank\"><img decoding=\"async\" alt=\"\" width=\"203\" height=\"300\" loading=\"lazy\" src=\"https:\/\/www.valkiriasevents.com\/wp-content\/uploads\/2025\/07\/elsa-barcelona-203x300.jpg\" srcset=\"https:\/\/www.valkiriasevents.com\/wp-content\/uploads\/2025\/07\/elsa-barcelona-203x300.jpg 203w,https:\/\/www.valkiriasevents.com\/wp-content\/uploads\/2025\/07\/elsa-barcelona-691x1024.jpg 691w,https:\/\/www.valkiriasevents.com\/wp-content\/uploads\/2025\/07\/elsa-barcelona.jpg 1080w\" sizes=\"auto, 250px\"\/><\/a><\/div><div class=\"sgb-item\"><a href=\"https:\/\/www.valkiriasevents.com\/cosplayers-eventos\/mario\/\" target=\"_blank\"><img decoding=\"async\" alt=\"\" width=\"300\" height=\"300\" loading=\"lazy\" src=\"https:\/\/www.valkiriasevents.com\/wp-content\/uploads\/2025\/07\/mario-300x300.png\" srcset=\"https:\/\/www.valkiriasevents.com\/wp-content\/uploads\/2025\/07\/mario-300x300.png 300w,https:\/\/www.valkiriasevents.com\/wp-content\/uploads\/2025\/07\/mario.png 1024w\" sizes=\"auto, 250px\"\/><\/a><\/div><div class=\"sgb-item\"><a href=\"https:\/\/www.valkiriasevents.com\/cosplayers-eventos\/mario_cosplay\/\" target=\"_blank\"><img decoding=\"async\" alt=\"\" width=\"300\" height=\"300\" loading=\"lazy\" src=\"https:\/\/www.valkiriasevents.com\/wp-content\/uploads\/2025\/07\/mario_cosplay-300x300.png\" srcset=\"https:\/\/www.valkiriasevents.com\/wp-content\/uploads\/2025\/07\/mario_cosplay-300x300.png 300w,https:\/\/www.valkiriasevents.com\/wp-content\/uploads\/2025\/07\/mario_cosplay.png 1024w\" sizes=\"auto, 250px\"\/><\/a><\/div><div class=\"sgb-item\"><a href=\"https:\/\/www.valkiriasevents.com\/cosplayers-eventos\/nami_cosplay\/\" target=\"_blank\"><img decoding=\"async\" alt=\"\" width=\"200\" height=\"300\" loading=\"lazy\" src=\"https:\/\/www.valkiriasevents.com\/wp-content\/uploads\/2025\/07\/nami_cosplay-200x300.jpg\" srcset=\"https:\/\/www.valkiriasevents.com\/wp-content\/uploads\/2025\/07\/nami_cosplay-200x300.jpg 200w,https:\/\/www.valkiriasevents.com\/wp-content\/uploads\/2025\/07\/nami_cosplay-683x1024.jpg 683w,https:\/\/www.valkiriasevents.com\/wp-content\/uploads\/2025\/07\/nami_cosplay.jpg 800w\" sizes=\"auto, 250px\"\/><\/a><\/div><div class=\"sgb-item\"><a href=\"https:\/\/www.valkiriasevents.com\/cosplayers-eventos\/naruto1\/\" target=\"_blank\"><img decoding=\"async\" alt=\"\" width=\"300\" height=\"300\" loading=\"lazy\" src=\"https:\/\/www.valkiriasevents.com\/wp-content\/uploads\/2025\/07\/Naruto1-300x300.png\" srcset=\"https:\/\/www.valkiriasevents.com\/wp-content\/uploads\/2025\/07\/Naruto1-300x300.png 300w,https:\/\/www.valkiriasevents.com\/wp-content\/uploads\/2025\/07\/Naruto1.png 1024w\" sizes=\"auto, 250px\"\/><\/a><\/div><div class=\"sgb-item\"><a href=\"https:\/\/www.valkiriasevents.com\/cosplayers-eventos\/valkiriasfire_create_an_image_of_a_cosplayer_working_in_a_corpo_09687b9a-0bce-4ff8-a7de-2b21d4fbe525\/\" target=\"_blank\"><img decoding=\"async\" alt=\"\" width=\"300\" height=\"300\" loading=\"lazy\" src=\"https:\/\/www.valkiriasevents.com\/wp-content\/uploads\/2025\/07\/valkiriasfire_Create_an_image_of_a_Cosplayer_working_in_a_corpo_09687b9a-0bce-4ff8-a7de-2b21d4fbe525-300x300.png\" srcset=\"https:\/\/www.valkiriasevents.com\/wp-content\/uploads\/2025\/07\/valkiriasfire_Create_an_image_of_a_Cosplayer_working_in_a_corpo_09687b9a-0bce-4ff8-a7de-2b21d4fbe525-300x300.png 300w,https:\/\/www.valkiriasevents.com\/wp-content\/uploads\/2025\/07\/valkiriasfire_Create_an_image_of_a_Cosplayer_working_in_a_corpo_09687b9a-0bce-4ff8-a7de-2b21d4fbe525.png 1024w\" sizes=\"auto, 250px\"\/><\/a><\/div><\/div><\/noscript><\/div><script type=\"application\/json\" class=\"sgb-data\">{\"externalLink\":false,\"captions\":false,\"collectionThumbSubMenuDownload\":false,\"collectionThumbSubMenuShare\":false,\"galleryType\":\"pgc_sgb_grid\",\"galleryId\":\"6bf15561\",\"images\":[{\"id\":2798,\"title\":\"Cos\",\"url\":\"https:\/\/www.valkiriasevents.com\/wp-content\/uploads\/2025\/07\/Cos.png\",\"link\":\"https:\/\/www.valkiriasevents.com\/cosplayers-eventos\/cos\/\",\"alt\":\"\",\"description\":\"\",\"caption\":\"\",\"mime\":\"image\/png\",\"type\":\"image\",\"width\":1024,\"height\":1024,\"sizes\":{\"thumbnail\":{\"url\":\"https:\/\/www.valkiriasevents.com\/wp-content\/uploads\/2025\/07\/Cos-150x150.png\",\"height\":150,\"width\":150,\"orientation\":\"landscape\"},\"medium\":{\"url\":\"https:\/\/www.valkiriasevents.com\/wp-content\/uploads\/2025\/07\/Cos-300x300.png\",\"height\":300,\"width\":300,\"orientation\":\"landscape\"},\"full\":{\"url\":\"https:\/\/www.valkiriasevents.com\/wp-content\/uploads\/2025\/07\/Cos.png\",\"height\":1024,\"width\":1024,\"orientation\":\"landscape\"}},\"imageMeta\":{\"aperture\":\"0\",\"credit\":\"\",\"camera\":\"\",\"caption\":\"\",\"created_timestamp\":\"0\",\"copyright\":\"\",\"focal_length\":\"0\",\"iso\":\"0\",\"shutter_speed\":\"0\",\"title\":\"\",\"orientation\":\"0\",\"keywords\":[]},\"meta\":false,\"postlink\":\"https:\/\/www.valkiriasevents.com\/cosplayers-eventos\/cos\/\"},{\"id\":2799,\"title\":\"elsa-barcelona\",\"url\":\"https:\/\/www.valkiriasevents.com\/wp-content\/uploads\/2025\/07\/elsa-barcelona.jpg\",\"link\":\"https:\/\/www.valkiriasevents.com\/cosplayers-eventos\/elsa-barcelona\/\",\"alt\":\"\",\"description\":\"\",\"caption\":\"\",\"mime\":\"image\/jpeg\",\"type\":\"image\",\"width\":1080,\"height\":1600,\"sizes\":{\"thumbnail\":{\"url\":\"https:\/\/www.valkiriasevents.com\/wp-content\/uploads\/2025\/07\/elsa-barcelona-150x150.jpg\",\"height\":150,\"width\":150,\"orientation\":\"landscape\"},\"medium\":{\"url\":\"https:\/\/www.valkiriasevents.com\/wp-content\/uploads\/2025\/07\/elsa-barcelona-203x300.jpg\",\"height\":300,\"width\":203,\"orientation\":\"portrait\"},\"large\":{\"url\":\"https:\/\/www.valkiriasevents.com\/wp-content\/uploads\/2025\/07\/elsa-barcelona-691x1024.jpg\",\"height\":1024,\"width\":691,\"orientation\":\"portrait\"},\"full\":{\"url\":\"https:\/\/www.valkiriasevents.com\/wp-content\/uploads\/2025\/07\/elsa-barcelona.jpg\",\"height\":1600,\"width\":1080,\"orientation\":\"portrait\"}},\"imageMeta\":{\"aperture\":\"5.6\",\"credit\":\"\",\"camera\":\"NIKON D5200\",\"caption\":\"\",\"created_timestamp\":\"1513268050\",\"copyright\":\"\",\"focal_length\":\"17\",\"iso\":\"250\",\"shutter_speed\":\"0.016666666666667\",\"title\":\"\",\"orientation\":\"1\",\"keywords\":[]},\"meta\":false,\"postlink\":\"https:\/\/www.valkiriasevents.com\/cosplayers-eventos\/elsa-barcelona\/\"},{\"id\":2800,\"title\":\"mario\",\"url\":\"https:\/\/www.valkiriasevents.com\/wp-content\/uploads\/2025\/07\/mario.png\",\"link\":\"https:\/\/www.valkiriasevents.com\/cosplayers-eventos\/mario\/\",\"alt\":\"\",\"description\":\"\",\"caption\":\"\",\"mime\":\"image\/png\",\"type\":\"image\",\"width\":1024,\"height\":1024,\"sizes\":{\"thumbnail\":{\"url\":\"https:\/\/www.valkiriasevents.com\/wp-content\/uploads\/2025\/07\/mario-150x150.png\",\"height\":150,\"width\":150,\"orientation\":\"landscape\"},\"medium\":{\"url\":\"https:\/\/www.valkiriasevents.com\/wp-content\/uploads\/2025\/07\/mario-300x300.png\",\"height\":300,\"width\":300,\"orientation\":\"landscape\"},\"full\":{\"url\":\"https:\/\/www.valkiriasevents.com\/wp-content\/uploads\/2025\/07\/mario.png\",\"height\":1024,\"width\":1024,\"orientation\":\"landscape\"}},\"imageMeta\":{\"aperture\":\"0\",\"credit\":\"\",\"camera\":\"\",\"caption\":\"\",\"created_timestamp\":\"0\",\"copyright\":\"\",\"focal_length\":\"0\",\"iso\":\"0\",\"shutter_speed\":\"0\",\"title\":\"\",\"orientation\":\"0\",\"keywords\":[]},\"meta\":false,\"postlink\":\"https:\/\/www.valkiriasevents.com\/cosplayers-eventos\/mario\/\"},{\"id\":2801,\"title\":\"mario_cosplay\",\"url\":\"https:\/\/www.valkiriasevents.com\/wp-content\/uploads\/2025\/07\/mario_cosplay.png\",\"link\":\"https:\/\/www.valkiriasevents.com\/cosplayers-eventos\/mario_cosplay\/\",\"alt\":\"\",\"description\":\"\",\"caption\":\"\",\"mime\":\"image\/png\",\"type\":\"image\",\"width\":1024,\"height\":1024,\"sizes\":{\"thumbnail\":{\"url\":\"https:\/\/www.valkiriasevents.com\/wp-content\/uploads\/2025\/07\/mario_cosplay-150x150.png\",\"height\":150,\"width\":150,\"orientation\":\"landscape\"},\"medium\":{\"url\":\"https:\/\/www.valkiriasevents.com\/wp-content\/uploads\/2025\/07\/mario_cosplay-300x300.png\",\"height\":300,\"width\":300,\"orientation\":\"landscape\"},\"full\":{\"url\":\"https:\/\/www.valkiriasevents.com\/wp-content\/uploads\/2025\/07\/mario_cosplay.png\",\"height\":1024,\"width\":1024,\"orientation\":\"landscape\"}},\"imageMeta\":{\"aperture\":\"0\",\"credit\":\"\",\"camera\":\"\",\"caption\":\"\",\"created_timestamp\":\"0\",\"copyright\":\"\",\"focal_length\":\"0\",\"iso\":\"0\",\"shutter_speed\":\"0\",\"title\":\"\",\"orientation\":\"0\",\"keywords\":[]},\"meta\":false,\"postlink\":\"https:\/\/www.valkiriasevents.com\/cosplayers-eventos\/mario_cosplay\/\"},{\"id\":2802,\"title\":\"nami_cosplay\",\"url\":\"https:\/\/www.valkiriasevents.com\/wp-content\/uploads\/2025\/07\/nami_cosplay.jpg\",\"link\":\"https:\/\/www.valkiriasevents.com\/cosplayers-eventos\/nami_cosplay\/\",\"alt\":\"\",\"description\":\"\",\"caption\":\"\",\"mime\":\"image\/jpeg\",\"type\":\"image\",\"width\":800,\"height\":1200,\"sizes\":{\"thumbnail\":{\"url\":\"https:\/\/www.valkiriasevents.com\/wp-content\/uploads\/2025\/07\/nami_cosplay-150x150.jpg\",\"height\":150,\"width\":150,\"orientation\":\"landscape\"},\"medium\":{\"url\":\"https:\/\/www.valkiriasevents.com\/wp-content\/uploads\/2025\/07\/nami_cosplay-200x300.jpg\",\"height\":300,\"width\":200,\"orientation\":\"portrait\"},\"large\":{\"url\":\"https:\/\/www.valkiriasevents.com\/wp-content\/uploads\/2025\/07\/nami_cosplay-683x1024.jpg\",\"height\":1024,\"width\":683,\"orientation\":\"portrait\"},\"full\":{\"url\":\"https:\/\/www.valkiriasevents.com\/wp-content\/uploads\/2025\/07\/nami_cosplay.jpg\",\"height\":1200,\"width\":800,\"orientation\":\"portrait\"}},\"imageMeta\":{\"aperture\":\"0\",\"credit\":\"\",\"camera\":\"\",\"caption\":\"\",\"created_timestamp\":\"0\",\"copyright\":\"\",\"focal_length\":\"0\",\"iso\":\"0\",\"shutter_speed\":\"0\",\"title\":\"\",\"orientation\":\"0\",\"keywords\":[]},\"meta\":false,\"postlink\":\"https:\/\/www.valkiriasevents.com\/cosplayers-eventos\/nami_cosplay\/\"},{\"id\":2803,\"title\":\"Naruto1\",\"url\":\"https:\/\/www.valkiriasevents.com\/wp-content\/uploads\/2025\/07\/Naruto1.png\",\"link\":\"https:\/\/www.valkiriasevents.com\/cosplayers-eventos\/naruto1\/\",\"alt\":\"\",\"description\":\"\",\"caption\":\"\",\"mime\":\"image\/png\",\"type\":\"image\",\"width\":1024,\"height\":1024,\"sizes\":{\"thumbnail\":{\"url\":\"https:\/\/www.valkiriasevents.com\/wp-content\/uploads\/2025\/07\/Naruto1-150x150.png\",\"height\":150,\"width\":150,\"orientation\":\"landscape\"},\"medium\":{\"url\":\"https:\/\/www.valkiriasevents.com\/wp-content\/uploads\/2025\/07\/Naruto1-300x300.png\",\"height\":300,\"width\":300,\"orientation\":\"landscape\"},\"full\":{\"url\":\"https:\/\/www.valkiriasevents.com\/wp-content\/uploads\/2025\/07\/Naruto1.png\",\"height\":1024,\"width\":1024,\"orientation\":\"landscape\"}},\"imageMeta\":{\"aperture\":\"0\",\"credit\":\"\",\"camera\":\"\",\"caption\":\"\",\"created_timestamp\":\"0\",\"copyright\":\"\",\"focal_length\":\"0\",\"iso\":\"0\",\"shutter_speed\":\"0\",\"title\":\"\",\"orientation\":\"0\",\"keywords\":[]},\"meta\":false,\"postlink\":\"https:\/\/www.valkiriasevents.com\/cosplayers-eventos\/naruto1\/\"},{\"id\":2804,\"title\":\"valkiriasfire_Create_an_image_of_a_Cosplayer_working_in_a_corpo_09687b9a-0bce-4ff8-a7de-2b21d4fbe525\",\"url\":\"https:\/\/www.valkiriasevents.com\/wp-content\/uploads\/2025\/07\/valkiriasfire_Create_an_image_of_a_Cosplayer_working_in_a_corpo_09687b9a-0bce-4ff8-a7de-2b21d4fbe525.png\",\"link\":\"https:\/\/www.valkiriasevents.com\/cosplayers-eventos\/valkiriasfire_create_an_image_of_a_cosplayer_working_in_a_corpo_09687b9a-0bce-4ff8-a7de-2b21d4fbe525\/\",\"alt\":\"\",\"description\":\"\",\"caption\":\"\",\"mime\":\"image\/png\",\"type\":\"image\",\"width\":1024,\"height\":1024,\"sizes\":{\"thumbnail\":{\"url\":\"https:\/\/www.valkiriasevents.com\/wp-content\/uploads\/2025\/07\/valkiriasfire_Create_an_image_of_a_Cosplayer_working_in_a_corpo_09687b9a-0bce-4ff8-a7de-2b21d4fbe525-150x150.png\",\"height\":150,\"width\":150,\"orientation\":\"landscape\"},\"medium\":{\"url\":\"https:\/\/www.valkiriasevents.com\/wp-content\/uploads\/2025\/07\/valkiriasfire_Create_an_image_of_a_Cosplayer_working_in_a_corpo_09687b9a-0bce-4ff8-a7de-2b21d4fbe525-300x300.png\",\"height\":300,\"width\":300,\"orientation\":\"landscape\"},\"full\":{\"url\":\"https:\/\/www.valkiriasevents.com\/wp-content\/uploads\/2025\/07\/valkiriasfire_Create_an_image_of_a_Cosplayer_working_in_a_corpo_09687b9a-0bce-4ff8-a7de-2b21d4fbe525.png\",\"height\":1024,\"width\":1024,\"orientation\":\"landscape\"}},\"imageMeta\":{\"aperture\":\"0\",\"credit\":\"\",\"camera\":\"\",\"caption\":\"\",\"created_timestamp\":\"0\",\"copyright\":\"\",\"focal_length\":\"0\",\"iso\":\"0\",\"shutter_speed\":\"0\",\"title\":\"\",\"orientation\":\"0\",\"keywords\":[]},\"meta\":false,\"postlink\":\"https:\/\/www.valkiriasevents.com\/cosplayers-eventos\/valkiriasfire_create_an_image_of_a_cosplayer_working_in_a_corpo_09687b9a-0bce-4ff8-a7de-2b21d4fbe525\/\"}],\"orderBy\":\"random\",\"shareFacebook\":false,\"shareTwitter\":false,\"sharePinterest\":false,\"sliderItemDownload\":false,\"shareCopyLink\":false,\"itemsMetaDataCollection\":[]}<\/script><script>(function(){if(window.PGC_SGB && window.PGC_SGB.searcher){window.PGC_SGB.searcher.initBlocks()}})()<\/script><\/div>","protected":false},"excerpt":{"rendered":"<p>Cosplayers \u00e0 th\u00e8me pour des \u00e9v\u00e9nements | Personnages adapt\u00e9s \u00e0 votre fantaisie Lors des Valkyries Events, nous r\u00e9alisons n\u2019importe quel univers que vous imaginez. Nous proposons des cosplayers professionnels et une caract\u00e9risation compl\u00e8te pour donner vie \u00e0 votre \u00e9v\u00e9nement avec des personnages authentiques et impressionnants, parfaitement adapt\u00e9s \u00e0 votre th\u00e8me. Tu d\u00e9finis l\u2019univers&#8230; Nous l\u2019avons [&hellip;]<\/p>\n","protected":false},"author":1,"featured_media":0,"parent":0,"menu_order":0,"comment_status":"closed","ping_status":"closed","template":"","meta":{"pgc_sgb_lightbox_settings":"","footnotes":""},"class_list":["post-5963","page","type-page","status-publish","hentry"],"blocksy_meta":[],"_links":{"self":[{"href":"https:\/\/www.valkiriasevents.com\/fr\/wp-json\/wp\/v2\/pages\/5963","targetHints":{"allow":["GET"]}}],"collection":[{"href":"https:\/\/www.valkiriasevents.com\/fr\/wp-json\/wp\/v2\/pages"}],"about":[{"href":"https:\/\/www.valkiriasevents.com\/fr\/wp-json\/wp\/v2\/types\/page"}],"author":[{"embeddable":true,"href":"https:\/\/www.valkiriasevents.com\/fr\/wp-json\/wp\/v2\/users\/1"}],"replies":[{"embeddable":true,"href":"https:\/\/www.valkiriasevents.com\/fr\/wp-json\/wp\/v2\/comments?post=5963"}],"version-history":[{"count":0,"href":"https:\/\/www.valkiriasevents.com\/fr\/wp-json\/wp\/v2\/pages\/5963\/revisions"}],"wp:attachment":[{"href":"https:\/\/www.valkiriasevents.com\/fr\/wp-json\/wp\/v2\/media?parent=5963"}],"curies":[{"name":"wp","href":"https:\/\/api.w.org\/{rel}","templated":true}]}}