{"id":5936,"date":"2025-07-28T12:45:11","date_gmt":"2025-07-28T11:45:11","guid":{"rendered":"https:\/\/www.valkiriasevents.com\/ceremonias-tematicas-bodas-coronaciones-y-rituales-unicos\/"},"modified":"2026-03-02T16:08:33","modified_gmt":"2026-03-02T15:08:33","slug":"ceremonias-tematicas-bodas-coronaciones-y-rituales-unicos","status":"publish","type":"page","link":"https:\/\/www.valkiriasevents.com\/fr\/ceremonias-tematicas-bodas-coronaciones-y-rituales-unicos\/","title":{"rendered":"C\u00e9r\u00e9monies th\u00e9matiques | Mariages, couronnements et rituels uniques"},"content":{"rendered":"\n<div class=\"wp-block-stackable-heading stk-block-heading stk-block-heading--v2 stk-block stk-da4326d\" id=\"ceremonias-tematicas-bodas-coronaciones-y-rituales-unicos\" data-block-id=\"da4326d\"><h1 class=\"stk-block-heading__text\">C\u00e9r\u00e9monies th\u00e9matiques | Mariages, couronnements et rituels uniques<\/h1><\/div>\n\n\n\n<p data-block-type=\"core\">Chez Valkyries Events, nous croyons que chaque c\u00e9r\u00e9monie m\u00e9rite d\u2019\u00eatre inoubliable, symbolique et pleine d\u2019\u00e9motion. Pour cette raison, nous offrons un service complet d\u2019officiants et d\u2019acteurs professionnels dot\u00e9s d\u2019une grande exp\u00e9rience sc\u00e9nique, capables de transformer n\u2019importe quel moment sp\u00e9cial en une v\u00e9ritable performance magique. <\/p>\n\n\n\n<div class=\"wp-block-stackable-spacer stk-block-spacer stk--no-padding stk-block stk-5e854d8\" data-block-id=\"5e854d8\"><style>.stk-5e854d8 {height:10px !important;}<\/style><\/div>\n\n\n\n<ul class=\"wp-block-list\" data-block-type=\"core\">\n<li data-block-type=\"core\"><strong>Mariages symboliques<\/strong><\/li>\n\n\n\n<li data-block-type=\"core\"><strong>Couronnements et proclamations<\/strong><\/li>\n\n\n\n<li data-block-type=\"core\"><strong>C\u00e9r\u00e9monies th\u00e9\u00e2trales ou rituelles de remise de prix<\/strong><\/li>\n\n\n\n<li data-block-type=\"core\"><strong>Rituels fantastiques, m\u00e9di\u00e9vaux, vikings ou personnalis\u00e9s<\/strong><\/li>\n<\/ul>\n\n\n\n<div class=\"wp-block-stackable-spacer stk-block-spacer stk--no-padding stk-block stk-7b92228\" data-block-id=\"7b92228\"><style>.stk-7b92228 {height:10px !important;}<\/style><\/div>\n\n\n\n<p data-block-type=\"core\">Nous nous adaptons au style, \u00e0 l\u2019histoire et \u00e0 l\u2019esth\u00e9tique de votre \u00e9v\u00e9nement pour cr\u00e9er une c\u00e9r\u00e9monie originale et th\u00e9\u00e2trale avec une \u00e2me. Du sc\u00e9nario \u00e0 la mise en sc\u00e8ne, nous avons con\u00e7u un moment unique qui sera grav\u00e9 dans la m\u00e9moire de tous les participants. <\/p>\n\n\n\n<p data-block-type=\"core\">Nos officiants ne parlent pas seulement&#8230; Ils incarnent des personnages, se connectent avec le public et m\u00e8nent le rituel avec pr\u00e9sence, \u00e9motion et charisme.<\/p>\n\n\n\n<p data-block-type=\"core\">Que ce soit dans une for\u00eat enchant\u00e9e, un ch\u00e2teau m\u00e9di\u00e9val ou une plage au coucher du soleil, nous faisons de votre c\u00e9r\u00e9monie un moment digne de l\u00e9gende.<\/p>\n\n\n\n<div class=\"wp-block-stackable-spacer stk-block-spacer stk--no-padding stk-block stk-430c289\" data-block-id=\"430c289\"><style>.stk-430c289 {height:20px !important;}<\/style><\/div>\n\n\n<div class=\"pgc-sgb-cb wp-block-pgcsimplygalleryblock-grid \" data-gallery-id=\"50d23726\"><div class=\"sgb-preloader\" id=\"pr_50d23726\">\n\t<div class=\"sgb-square\" style=\"background:#d4d4d4\"><\/div>\n\t<div class=\"sgb-square\" style=\"background:#d4d4d4\"><\/div>\n\t<div class=\"sgb-square\" style=\"background:#d4d4d4\"><\/div>\n\t<div class=\"sgb-square\" style=\"background:#d4d4d4\"><\/div><\/div><div class=\"simply-gallery-amp pgc_sgb_slider \"><noscript><div class=\"sgb-gallery\"><div class=\"sgb-item\"><a href=\"https:\/\/www.valkiriasevents.com\/ceremonias-tematicas-bodas-coronaciones-y-rituales-unicos\/img_20220626_135559_795\/\" target=\"_blank\"><img decoding=\"async\" alt=\"\" width=\"300\" height=\"300\" loading=\"lazy\" src=\"https:\/\/www.valkiriasevents.com\/wp-content\/uploads\/2025\/07\/IMG_20220626_135559_795-300x300.jpg\" srcset=\"https:\/\/www.valkiriasevents.com\/wp-content\/uploads\/2025\/07\/IMG_20220626_135559_795-300x300.jpg 300w,https:\/\/www.valkiriasevents.com\/wp-content\/uploads\/2025\/07\/IMG_20220626_135559_795-1024x1024.jpg 1024w,https:\/\/www.valkiriasevents.com\/wp-content\/uploads\/2025\/07\/IMG_20220626_135559_795.jpg 1440w\" sizes=\"auto, 250px\"\/><\/a><\/div><div class=\"sgb-item\"><a href=\"https:\/\/www.valkiriasevents.com\/ceremonias-tematicas-bodas-coronaciones-y-rituales-unicos\/ceremonia_boda_medieval_2\/\" target=\"_blank\"><img decoding=\"async\" alt=\"\" width=\"300\" height=\"225\" loading=\"lazy\" src=\"https:\/\/www.valkiriasevents.com\/wp-content\/uploads\/2025\/07\/ceremonia_boda_medieval_2-300x225.jpg\" srcset=\"https:\/\/www.valkiriasevents.com\/wp-content\/uploads\/2025\/07\/ceremonia_boda_medieval_2-300x225.jpg 300w,https:\/\/www.valkiriasevents.com\/wp-content\/uploads\/2025\/07\/ceremonia_boda_medieval_2-1024x768.jpg 1024w,https:\/\/www.valkiriasevents.com\/wp-content\/uploads\/2025\/07\/ceremonia_boda_medieval_2-scaled.jpg 2560w\" sizes=\"auto, 250px\"\/><\/a><\/div><div class=\"sgb-item\"><a href=\"https:\/\/www.valkiriasevents.com\/ceremonias-tematicas-bodas-coronaciones-y-rituales-unicos\/corona_ceremonia_medieval\/\" target=\"_blank\"><img decoding=\"async\" alt=\"\" width=\"300\" height=\"200\" loading=\"lazy\" src=\"https:\/\/www.valkiriasevents.com\/wp-content\/uploads\/2025\/07\/corona_ceremonia_medieval-300x200.jpg\" srcset=\"https:\/\/www.valkiriasevents.com\/wp-content\/uploads\/2025\/07\/corona_ceremonia_medieval-300x200.jpg 300w,https:\/\/www.valkiriasevents.com\/wp-content\/uploads\/2025\/07\/corona_ceremonia_medieval-1024x684.jpg 1024w,https:\/\/www.valkiriasevents.com\/wp-content\/uploads\/2025\/07\/corona_ceremonia_medieval-scaled.jpg 2560w\" sizes=\"auto, 250px\"\/><\/a><\/div><div class=\"sgb-item\"><a href=\"https:\/\/www.valkiriasevents.com\/ceremonias-tematicas-bodas-coronaciones-y-rituales-unicos\/ceremonia_boda_vikinga\/\" target=\"_blank\"><img decoding=\"async\" alt=\"\" width=\"200\" height=\"300\" loading=\"lazy\" src=\"https:\/\/www.valkiriasevents.com\/wp-content\/uploads\/2025\/07\/ceremonia_boda_vikinga-200x300.jpg\" srcset=\"https:\/\/www.valkiriasevents.com\/wp-content\/uploads\/2025\/07\/ceremonia_boda_vikinga-200x300.jpg 200w,https:\/\/www.valkiriasevents.com\/wp-content\/uploads\/2025\/07\/ceremonia_boda_vikinga-683x1024.jpg 683w,https:\/\/www.valkiriasevents.com\/wp-content\/uploads\/2025\/07\/ceremonia_boda_vikinga-scaled.jpg 1707w\" sizes=\"auto, 250px\"\/><\/a><\/div><div class=\"sgb-item\"><a href=\"https:\/\/www.valkiriasevents.com\/ceremonias-tematicas-bodas-coronaciones-y-rituales-unicos\/cereoniaboda\/\" target=\"_blank\"><img decoding=\"async\" alt=\"\" width=\"225\" height=\"300\" loading=\"lazy\" src=\"https:\/\/www.valkiriasevents.com\/wp-content\/uploads\/2025\/07\/cereoniaboda-225x300.jpg\" srcset=\"https:\/\/www.valkiriasevents.com\/wp-content\/uploads\/2025\/07\/cereoniaboda-225x300.jpg 225w,https:\/\/www.valkiriasevents.com\/wp-content\/uploads\/2025\/07\/cereoniaboda-768x1024.jpg 768w,https:\/\/www.valkiriasevents.com\/wp-content\/uploads\/2025\/07\/cereoniaboda-scaled.jpg 1920w\" sizes=\"auto, 250px\"\/><\/a><\/div><\/div><\/noscript><\/div><script type=\"application\/json\" class=\"sgb-data\">{\"captions\":false,\"collectionThumbSubMenuDownload\":false,\"collectionThumbSubMenuShare\":false,\"galleryType\":\"pgc_sgb_grid\",\"galleryId\":\"50d23726\",\"images\":[{\"id\":2656,\"title\":\"IMG_20220626_135559_795\",\"url\":\"https:\/\/www.valkiriasevents.com\/wp-content\/uploads\/2025\/07\/IMG_20220626_135559_795.jpg\",\"link\":\"https:\/\/www.valkiriasevents.com\/ceremonias-tematicas-bodas-coronaciones-y-rituales-unicos\/img_20220626_135559_795\/\",\"alt\":\"\",\"description\":\"\",\"caption\":\"\",\"mime\":\"image\/jpeg\",\"type\":\"image\",\"width\":1440,\"height\":1440,\"sizes\":{\"thumbnail\":{\"url\":\"https:\/\/www.valkiriasevents.com\/wp-content\/uploads\/2025\/07\/IMG_20220626_135559_795-150x150.jpg\",\"height\":150,\"width\":150,\"orientation\":\"landscape\"},\"medium\":{\"url\":\"https:\/\/www.valkiriasevents.com\/wp-content\/uploads\/2025\/07\/IMG_20220626_135559_795-300x300.jpg\",\"height\":300,\"width\":300,\"orientation\":\"landscape\"},\"large\":{\"url\":\"https:\/\/www.valkiriasevents.com\/wp-content\/uploads\/2025\/07\/IMG_20220626_135559_795-1024x1024.jpg\",\"height\":1024,\"width\":1024,\"orientation\":\"landscape\"},\"full\":{\"url\":\"https:\/\/www.valkiriasevents.com\/wp-content\/uploads\/2025\/07\/IMG_20220626_135559_795.jpg\",\"height\":1440,\"width\":1440,\"orientation\":\"landscape\"}},\"imageMeta\":{\"aperture\":\"0\",\"credit\":\"\",\"camera\":\"\",\"caption\":\"\",\"created_timestamp\":\"0\",\"copyright\":\"\",\"focal_length\":\"0\",\"iso\":\"0\",\"shutter_speed\":\"0\",\"title\":\"\",\"orientation\":\"1\",\"keywords\":[]},\"meta\":false,\"postlink\":\"https:\/\/www.valkiriasevents.com\/ceremonias-tematicas-bodas-coronaciones-y-rituales-unicos\/img_20220626_135559_795\/\"},{\"id\":2653,\"title\":\"ceremonia_boda_medieval_2\",\"url\":\"https:\/\/www.valkiriasevents.com\/wp-content\/uploads\/2025\/07\/ceremonia_boda_medieval_2-scaled.jpg\",\"link\":\"https:\/\/www.valkiriasevents.com\/ceremonias-tematicas-bodas-coronaciones-y-rituales-unicos\/ceremonia_boda_medieval_2\/\",\"alt\":\"\",\"description\":\"\",\"caption\":\"\",\"mime\":\"image\/jpeg\",\"type\":\"image\",\"width\":2560,\"height\":1920,\"sizes\":{\"thumbnail\":{\"url\":\"https:\/\/www.valkiriasevents.com\/wp-content\/uploads\/2025\/07\/ceremonia_boda_medieval_2-150x150.jpg\",\"height\":150,\"width\":150,\"orientation\":\"landscape\"},\"medium\":{\"url\":\"https:\/\/www.valkiriasevents.com\/wp-content\/uploads\/2025\/07\/ceremonia_boda_medieval_2-300x225.jpg\",\"height\":225,\"width\":300,\"orientation\":\"landscape\"},\"large\":{\"url\":\"https:\/\/www.valkiriasevents.com\/wp-content\/uploads\/2025\/07\/ceremonia_boda_medieval_2-1024x768.jpg\",\"height\":768,\"width\":1024,\"orientation\":\"landscape\"},\"full\":{\"url\":\"https:\/\/www.valkiriasevents.com\/wp-content\/uploads\/2025\/07\/ceremonia_boda_medieval_2-scaled.jpg\",\"height\":1920,\"width\":2560,\"orientation\":\"landscape\"}},\"imageMeta\":{\"aperture\":\"1.9\",\"credit\":\"\",\"camera\":\"M2101K6G\",\"caption\":\"\",\"created_timestamp\":\"1677933574\",\"copyright\":\"\",\"focal_length\":\"6.04\",\"iso\":\"50\",\"shutter_speed\":\"0.00094339622641509\",\"title\":\"\",\"orientation\":\"1\",\"keywords\":[]},\"meta\":false,\"postlink\":\"https:\/\/www.valkiriasevents.com\/ceremonias-tematicas-bodas-coronaciones-y-rituales-unicos\/ceremonia_boda_medieval_2\/\"},{\"id\":2657,\"title\":\"corona_ceremonia_medieval\",\"url\":\"https:\/\/www.valkiriasevents.com\/wp-content\/uploads\/2025\/07\/corona_ceremonia_medieval-scaled.jpg\",\"link\":\"https:\/\/www.valkiriasevents.com\/ceremonias-tematicas-bodas-coronaciones-y-rituales-unicos\/corona_ceremonia_medieval\/\",\"alt\":\"\",\"description\":\"\",\"caption\":\"\",\"mime\":\"image\/jpeg\",\"type\":\"image\",\"width\":2560,\"height\":1709,\"sizes\":{\"thumbnail\":{\"url\":\"https:\/\/www.valkiriasevents.com\/wp-content\/uploads\/2025\/07\/corona_ceremonia_medieval-150x150.jpg\",\"height\":150,\"width\":150,\"orientation\":\"landscape\"},\"medium\":{\"url\":\"https:\/\/www.valkiriasevents.com\/wp-content\/uploads\/2025\/07\/corona_ceremonia_medieval-300x200.jpg\",\"height\":200,\"width\":300,\"orientation\":\"landscape\"},\"large\":{\"url\":\"https:\/\/www.valkiriasevents.com\/wp-content\/uploads\/2025\/07\/corona_ceremonia_medieval-1024x684.jpg\",\"height\":684,\"width\":1024,\"orientation\":\"landscape\"},\"full\":{\"url\":\"https:\/\/www.valkiriasevents.com\/wp-content\/uploads\/2025\/07\/corona_ceremonia_medieval-scaled.jpg\",\"height\":1709,\"width\":2560,\"orientation\":\"landscape\"}},\"imageMeta\":{\"aperture\":\"0\",\"credit\":\"LUQUI LUJAN\",\"camera\":\"\",\"caption\":\"\",\"created_timestamp\":\"0\",\"copyright\":\"luquilujan@outlook.com\",\"focal_length\":\"0\",\"iso\":\"0\",\"shutter_speed\":\"0\",\"title\":\"\",\"orientation\":\"0\",\"keywords\":[]},\"meta\":false,\"postlink\":\"https:\/\/www.valkiriasevents.com\/ceremonias-tematicas-bodas-coronaciones-y-rituales-unicos\/corona_ceremonia_medieval\/\"},{\"id\":2654,\"title\":\"ceremonia_boda_vikinga\",\"url\":\"https:\/\/www.valkiriasevents.com\/wp-content\/uploads\/2025\/07\/ceremonia_boda_vikinga-scaled.jpg\",\"link\":\"https:\/\/www.valkiriasevents.com\/ceremonias-tematicas-bodas-coronaciones-y-rituales-unicos\/ceremonia_boda_vikinga\/\",\"alt\":\"\",\"description\":\"\",\"caption\":\"\",\"mime\":\"image\/jpeg\",\"type\":\"image\",\"width\":1707,\"height\":2560,\"sizes\":{\"thumbnail\":{\"url\":\"https:\/\/www.valkiriasevents.com\/wp-content\/uploads\/2025\/07\/ceremonia_boda_vikinga-150x150.jpg\",\"height\":150,\"width\":150,\"orientation\":\"landscape\"},\"medium\":{\"url\":\"https:\/\/www.valkiriasevents.com\/wp-content\/uploads\/2025\/07\/ceremonia_boda_vikinga-200x300.jpg\",\"height\":300,\"width\":200,\"orientation\":\"portrait\"},\"large\":{\"url\":\"https:\/\/www.valkiriasevents.com\/wp-content\/uploads\/2025\/07\/ceremonia_boda_vikinga-683x1024.jpg\",\"height\":1024,\"width\":683,\"orientation\":\"portrait\"},\"full\":{\"url\":\"https:\/\/www.valkiriasevents.com\/wp-content\/uploads\/2025\/07\/ceremonia_boda_vikinga-scaled.jpg\",\"height\":2560,\"width\":1707,\"orientation\":\"portrait\"}},\"imageMeta\":{\"aperture\":\"0\",\"credit\":\"\",\"camera\":\"\",\"caption\":\"\",\"created_timestamp\":\"0\",\"copyright\":\"\",\"focal_length\":\"0\",\"iso\":\"0\",\"shutter_speed\":\"0\",\"title\":\"\",\"orientation\":\"0\",\"keywords\":[]},\"meta\":false,\"postlink\":\"https:\/\/www.valkiriasevents.com\/ceremonias-tematicas-bodas-coronaciones-y-rituales-unicos\/ceremonia_boda_vikinga\/\"},{\"id\":2655,\"title\":\"cereoniaboda\",\"url\":\"https:\/\/www.valkiriasevents.com\/wp-content\/uploads\/2025\/07\/cereoniaboda-scaled.jpg\",\"link\":\"https:\/\/www.valkiriasevents.com\/ceremonias-tematicas-bodas-coronaciones-y-rituales-unicos\/cereoniaboda\/\",\"alt\":\"\",\"description\":\"\",\"caption\":\"\",\"mime\":\"image\/jpeg\",\"type\":\"image\",\"width\":1920,\"height\":2560,\"sizes\":{\"thumbnail\":{\"url\":\"https:\/\/www.valkiriasevents.com\/wp-content\/uploads\/2025\/07\/cereoniaboda-150x150.jpg\",\"height\":150,\"width\":150,\"orientation\":\"landscape\"},\"medium\":{\"url\":\"https:\/\/www.valkiriasevents.com\/wp-content\/uploads\/2025\/07\/cereoniaboda-225x300.jpg\",\"height\":300,\"width\":225,\"orientation\":\"portrait\"},\"large\":{\"url\":\"https:\/\/www.valkiriasevents.com\/wp-content\/uploads\/2025\/07\/cereoniaboda-768x1024.jpg\",\"height\":1024,\"width\":768,\"orientation\":\"portrait\"},\"full\":{\"url\":\"https:\/\/www.valkiriasevents.com\/wp-content\/uploads\/2025\/07\/cereoniaboda-scaled.jpg\",\"height\":2560,\"width\":1920,\"orientation\":\"portrait\"}},\"imageMeta\":{\"aperture\":\"1.9\",\"credit\":\"\",\"camera\":\"M2101K6G\",\"caption\":\"\",\"created_timestamp\":\"1667043755\",\"copyright\":\"\",\"focal_length\":\"6.04\",\"iso\":\"50\",\"shutter_speed\":\"0.0036764705882353\",\"title\":\"\",\"orientation\":\"1\",\"keywords\":[]},\"meta\":false,\"postlink\":\"https:\/\/www.valkiriasevents.com\/ceremonias-tematicas-bodas-coronaciones-y-rituales-unicos\/cereoniaboda\/\"}],\"useClobalSettings\":true,\"shareFacebook\":false,\"shareTwitter\":false,\"sharePinterest\":false,\"sliderItemDownload\":false,\"shareCopyLink\":false,\"itemsMetaDataCollection\":[]}<\/script><script>(function(){if(window.PGC_SGB && window.PGC_SGB.searcher){window.PGC_SGB.searcher.initBlocks()}})()<\/script><\/div>","protected":false},"excerpt":{"rendered":"<p>C\u00e9r\u00e9monies th\u00e9matiques | Mariages, couronnements et rituels uniques Chez Valkyries Events, nous croyons que chaque c\u00e9r\u00e9monie m\u00e9rite d\u2019\u00eatre inoubliable, symbolique et pleine d\u2019\u00e9motion. Pour cette raison, nous offrons un service complet d\u2019officiants et d\u2019acteurs professionnels dot\u00e9s d\u2019une grande exp\u00e9rience sc\u00e9nique, capables de transformer n\u2019importe quel moment sp\u00e9cial en une v\u00e9ritable performance magique. Nous nous adaptons [&hellip;]<\/p>\n","protected":false},"author":1,"featured_media":0,"parent":0,"menu_order":0,"comment_status":"closed","ping_status":"closed","template":"","meta":{"pgc_sgb_lightbox_settings":"","footnotes":""},"class_list":["post-5936","page","type-page","status-publish","hentry"],"blocksy_meta":[],"_links":{"self":[{"href":"https:\/\/www.valkiriasevents.com\/fr\/wp-json\/wp\/v2\/pages\/5936","targetHints":{"allow":["GET"]}}],"collection":[{"href":"https:\/\/www.valkiriasevents.com\/fr\/wp-json\/wp\/v2\/pages"}],"about":[{"href":"https:\/\/www.valkiriasevents.com\/fr\/wp-json\/wp\/v2\/types\/page"}],"author":[{"embeddable":true,"href":"https:\/\/www.valkiriasevents.com\/fr\/wp-json\/wp\/v2\/users\/1"}],"replies":[{"embeddable":true,"href":"https:\/\/www.valkiriasevents.com\/fr\/wp-json\/wp\/v2\/comments?post=5936"}],"version-history":[{"count":1,"href":"https:\/\/www.valkiriasevents.com\/fr\/wp-json\/wp\/v2\/pages\/5936\/revisions"}],"predecessor-version":[{"id":8264,"href":"https:\/\/www.valkiriasevents.com\/fr\/wp-json\/wp\/v2\/pages\/5936\/revisions\/8264"}],"wp:attachment":[{"href":"https:\/\/www.valkiriasevents.com\/fr\/wp-json\/wp\/v2\/media?parent=5936"}],"curies":[{"name":"wp","href":"https:\/\/api.w.org\/{rel}","templated":true}]}}