{"id":5805,"date":"2025-07-28T12:46:42","date_gmt":"2025-07-28T11:46:42","guid":{"rendered":"https:\/\/www.valkiriasevents.com\/alquiler-caballos-para-eventos\/"},"modified":"2026-03-02T16:08:28","modified_gmt":"2026-03-02T15:08:28","slug":"alquiler-caballos-para-eventos","status":"publish","type":"page","link":"https:\/\/www.valkiriasevents.com\/fr\/alquiler-caballos-para-eventos\/","title":{"rendered":"Chevaux pour des \u00e9v\u00e9nements et c\u00e9r\u00e9monies th\u00e9matiques | \u00c9l\u00e9gance, force et spectacle"},"content":{"rendered":"\n<div class=\"wp-block-stackable-heading stk-block-heading stk-block-heading--v2 stk-block stk-6121788\" id=\"caballos-para-eventos-tematicos-y-ceremonias-elegancia-fuerza-y-espectaculo\" data-block-id=\"6121788\"><h1 class=\"stk-block-heading__text\">Chevaux pour des \u00e9v\u00e9nements et c\u00e9r\u00e9monies th\u00e9matiques | \u00c9l\u00e9gance, force et spectacle<\/h1><\/div>\n\n\n\n<div class=\"wp-block-stackable-columns stk-block-columns stk-block stk-5caa394\" data-block-id=\"5caa394\"><div class=\"stk-row stk-inner-blocks stk-block-content stk-content-align stk-5caa394-column\">\n<div class=\"wp-block-stackable-column stk-block-column stk-column stk-block stk-116c600\" data-v=\"4\" data-block-id=\"116c600\"><style>@media screen and (min-width:690px){.stk-116c600 {flex:var(--stk-flex-grow, 1) 1 calc(64% - var(--stk-column-gap, 0px) * 1 \/ 2 ) !important;}}<\/style><div class=\"stk-column-wrapper stk-block-column__content stk-container stk-116c600-container stk--no-background stk--no-padding\"><div class=\"stk-block-content stk-inner-blocks stk-116c600-inner-blocks\">\n<p data-block-type=\"core\">Chez Valkirias Events, nous collaborons avec des cavaliers et des chevaux entra\u00een\u00e9s pour offrir des moments magiques et spectaculaires lors de toutes sortes de c\u00e9l\u00e9brations. Que ce soit lors d\u2019un mariage, d\u2019un \u00e9v\u00e9nement \u00e0 th\u00e8me ou d\u2019une production audiovisuelle, nos chevaux apportent beaut\u00e9, symbolisme et \u00e9motion. <\/p>\n\n\n\n<div class=\"wp-block-stackable-spacer stk-block-spacer stk--no-padding stk-block stk-92b2826\" data-block-id=\"92b2826\"><\/div>\n\n\n\n<ul class=\"wp-block-list\" data-block-type=\"core\">\n<li data-block-type=\"core\"><strong>Entr\u00e9e de la mari\u00e9e ou du protagoniste \u00e0 cheval<\/strong><\/li>\n\n\n\n<li data-block-type=\"core\"><strong>S\u00e9ances photo avec des chevaux d\u2019esth\u00e9tique m\u00e9di\u00e9vale, fantastique ou romantique<\/strong><\/li>\n\n\n\n<li data-block-type=\"core\"><strong>Expositions de dressage et d\u00e9fil\u00e9s avec chevaliers et cavali\u00e8res<\/strong><\/li>\n\n\n\n<li data-block-type=\"core\"><strong>Participation sc\u00e9nique \u00e0 des rituels, spectacles ou reconstitutions historiques<\/strong><\/li>\n<\/ul>\n<\/div><\/div><\/div>\n\n\n\n<div class=\"wp-block-stackable-column stk-block-column stk-column stk-block stk-af24a18\" data-v=\"4\" data-block-id=\"af24a18\"><style>.stk-af24a18 {max-width:1500px !important;min-width:auto !important;margin-top:-31px !important;}.stk-af24a18-container{max-width:581px !important;min-width:auto !important;}@media screen and (min-width:690px){.stk-af24a18 {flex:var(--stk-flex-grow, 1) 1 calc(36% - var(--stk-column-gap, 0px) * 1 \/ 2 ) !important;}}<\/style><div class=\"stk-column-wrapper stk-block-column__content stk-container stk-af24a18-container stk--no-background stk--no-padding\"><div class=\"stk-block-content stk-inner-blocks stk-af24a18-inner-blocks\">\n<div class=\"wp-block-stackable-carousel stk-block-carousel stk--is-slide stk--arrows-justify-space-between stk--arrows-align-center stk-block stk-16fca0d\" data-slides-to-show=\"\" data-block-id=\"16fca0d\"><style>.stk-16fca0d {max-width:1500px !important;min-width:auto !important;bottom:0px !important;}<\/style><div class=\"stk-block-carousel__content-wrapper\"><div class=\"stk-row stk-inner-blocks stk-block-content stk-block-carousel__slider-wrapper stk-content-align stk-16fca0d-column\"><div class=\"stk-block-carousel__slider\" role=\"list\" data-autoplay=\"4000\" data-label-slide-of=\"Slide %%d of %%d\" tabindex=\"0\">\n<div class=\"wp-block-stackable-column stk-block-column stk-column stk-block stk-73a0f93\" data-v=\"4\" data-block-id=\"73a0f93\"><div class=\"stk-column-wrapper stk-block-column__content stk-container stk-73a0f93-container stk--no-background stk--no-padding\"><div class=\"stk-block-content stk-inner-blocks stk-73a0f93-inner-blocks\">\n<figure class=\"wp-block-image size-full\" data-block-type=\"core\"><img loading=\"lazy\" decoding=\"async\" width=\"714\" height=\"714\" src=\"https:\/\/www.valkiriasevents.com\/wp-content\/uploads\/2026\/01\/caballos_alquiler-edited.jpg\" alt=\"\" class=\"wp-image-7347\" style=\"aspect-ratio:1;object-fit:cover\" srcset=\"https:\/\/www.valkiriasevents.com\/wp-content\/uploads\/2026\/01\/caballos_alquiler-edited.jpg 714w, https:\/\/www.valkiriasevents.com\/wp-content\/uploads\/2026\/01\/caballos_alquiler-edited-300x300.jpg 300w, https:\/\/www.valkiriasevents.com\/wp-content\/uploads\/2026\/01\/caballos_alquiler-edited-150x150.jpg 150w\" sizes=\"auto, (max-width: 714px) 100vw, 714px\" \/><\/figure>\n<\/div><\/div><\/div>\n\n\n\n<div class=\"wp-block-stackable-column stk-block-column stk-column stk-block stk-fbcfb02\" data-v=\"4\" data-block-id=\"fbcfb02\"><div class=\"stk-column-wrapper stk-block-column__content stk-container stk-fbcfb02-container stk--no-background stk--no-padding\"><div class=\"stk-block-content stk-inner-blocks stk-fbcfb02-inner-blocks\">\n<figure class=\"wp-block-image size-large\" data-block-type=\"core\"><img loading=\"lazy\" decoding=\"async\" width=\"771\" height=\"1024\" src=\"https:\/\/www.valkiriasevents.com\/wp-content\/uploads\/2025\/07\/PXL_20240713_171013350.NIGHT_-771x1024.jpg\" alt=\"\" class=\"wp-image-2641\" style=\"aspect-ratio:1;object-fit:cover\" srcset=\"https:\/\/www.valkiriasevents.com\/wp-content\/uploads\/2025\/07\/PXL_20240713_171013350.NIGHT_-771x1024.jpg 771w, https:\/\/www.valkiriasevents.com\/wp-content\/uploads\/2025\/07\/PXL_20240713_171013350.NIGHT_-226x300.jpg 226w, https:\/\/www.valkiriasevents.com\/wp-content\/uploads\/2025\/07\/PXL_20240713_171013350.NIGHT_-768x1020.jpg 768w, https:\/\/www.valkiriasevents.com\/wp-content\/uploads\/2025\/07\/PXL_20240713_171013350.NIGHT_-1157x1536.jpg 1157w, https:\/\/www.valkiriasevents.com\/wp-content\/uploads\/2025\/07\/PXL_20240713_171013350.NIGHT_-1542x2048.jpg 1542w, https:\/\/www.valkiriasevents.com\/wp-content\/uploads\/2025\/07\/PXL_20240713_171013350.NIGHT_-scaled.jpg 1928w\" sizes=\"auto, (max-width: 771px) 100vw, 771px\" \/><\/figure>\n<\/div><\/div><\/div>\n\n\n\n<div class=\"wp-block-stackable-column stk-block-column stk-column stk-block stk-aff6b2d\" data-v=\"4\" data-block-id=\"aff6b2d\"><div class=\"stk-column-wrapper stk-block-column__content stk-container stk-aff6b2d-container stk--no-background stk--no-padding\"><div class=\"stk-block-content stk-inner-blocks stk-aff6b2d-inner-blocks\">\n<figure class=\"wp-block-image size-large\" data-block-type=\"core\"><img loading=\"lazy\" decoding=\"async\" width=\"771\" height=\"1024\" src=\"https:\/\/www.valkiriasevents.com\/wp-content\/uploads\/2025\/07\/PXL_20240713_170822085.NIGHT_-771x1024.jpg\" alt=\"\" class=\"wp-image-2639\" style=\"aspect-ratio:1;object-fit:cover\" srcset=\"https:\/\/www.valkiriasevents.com\/wp-content\/uploads\/2025\/07\/PXL_20240713_170822085.NIGHT_-771x1024.jpg 771w, https:\/\/www.valkiriasevents.com\/wp-content\/uploads\/2025\/07\/PXL_20240713_170822085.NIGHT_-226x300.jpg 226w, https:\/\/www.valkiriasevents.com\/wp-content\/uploads\/2025\/07\/PXL_20240713_170822085.NIGHT_-768x1020.jpg 768w, https:\/\/www.valkiriasevents.com\/wp-content\/uploads\/2025\/07\/PXL_20240713_170822085.NIGHT_-1157x1536.jpg 1157w, https:\/\/www.valkiriasevents.com\/wp-content\/uploads\/2025\/07\/PXL_20240713_170822085.NIGHT_-1542x2048.jpg 1542w, https:\/\/www.valkiriasevents.com\/wp-content\/uploads\/2025\/07\/PXL_20240713_170822085.NIGHT_-scaled.jpg 1928w\" sizes=\"auto, (max-width: 771px) 100vw, 771px\" \/><\/figure>\n<\/div><\/div><\/div>\n<\/div><div class=\"stk-block-carousel__buttons\"><button class=\"stk-block-carousel__button stk-block-carousel__button__prev\" aria-label=\"Previous slide\"><svg aria-hidden=\"true\" focusable=\"false\" data-prefix=\"fas\" data-icon=\"chevron-left\" class=\"svg-inline--fa fa-chevron-left\" xmlns=\"http:\/\/www.w3.org\/2000\/svg\" viewbox=\"0 0 320 512\" width=\"32\" height=\"32\"><path d=\"M34.52 239.03L228.87 44.69c9.37-9.37 24.57-9.37 33.94 0l22.67 22.67c9.36 9.36 9.37 24.52.04 33.9L131.49 256l154.02 154.75c9.34 9.38 9.32 24.54-.04 33.9l-22.67 22.67c-9.37 9.37-24.57 9.37-33.94 0L34.52 272.97c-9.37-9.37-9.37-24.57 0-33.94z\"><\/path><\/svg><\/button><button class=\"stk-block-carousel__button stk-block-carousel__button__next\" aria-label=\"Next slide\"><svg aria-hidden=\"true\" focusable=\"false\" data-prefix=\"fas\" data-icon=\"chevron-right\" class=\"svg-inline--fa fa-chevron-right\" xmlns=\"http:\/\/www.w3.org\/2000\/svg\" viewbox=\"0 0 320 512\" width=\"32\" height=\"32\"><path d=\"M285.476 272.971L91.132 467.314c-9.373 9.373-24.569 9.373-33.941 0l-22.667-22.667c-9.357-9.357-9.375-24.522-.04-33.901L188.505 256 34.484 101.255c-9.335-9.379-9.317-24.544.04-33.901l22.667-22.667c9.373-9.373 24.569-9.373 33.941 0L285.475 239.03c9.373 9.372 9.373 24.568.001 33.941z\"><\/path><\/svg><\/button><\/div><\/div><div class=\"stk-block-carousel__dots\" role=\"list\" data-label=\"Slide %%d\"><\/div><\/div><\/div>\n<\/div><\/div><\/div>\n<\/div><\/div>\n\n\n\n<div class=\"wp-block-stackable-spacer stk-block-spacer stk--no-padding stk-block stk-0714b7d\" data-block-id=\"0714b7d\"><style>.stk-0714b7d {height:20px !important;}<\/style><\/div>\n\n\n\n<p data-block-type=\"core\">Nos chevaux sont soigneusement s\u00e9lectionn\u00e9s pour leur entra\u00eenement, leur temp\u00e9rament et leur esth\u00e9tique, et sont encadr\u00e9s par des professionnels ayant des ann\u00e9es d\u2019exp\u00e9rience dans les spectacles, le tournage et les \u00e9v\u00e9nements en direct.<\/p>\n\n\n\n<div class=\"wp-block-stackable-spacer stk-block-spacer stk--no-padding stk-block stk-0a0eda2\" data-block-id=\"0a0eda2\"><style>.stk-0a0eda2 {height:20px !important;}<\/style><\/div>\n\n\n\n<p data-block-type=\"core\">D\u2019une entr\u00e9e triomphale au rythme des tambours vikings, \u00e0 une c\u00e9r\u00e9monie romantique avec un cheval blanc sur la plage, nous adaptons chaque proposition au th\u00e8me et au style de l\u2019\u00e9v\u00e9nement.<\/p>\n\n\n\n<p data-block-type=\"core\">Chaque d\u00e9tail est soigneusement soign\u00e9 pour garantir la s\u00e9curit\u00e9, l\u2019impact visuel et une exp\u00e9rience inoubliable tant pour les protagonistes que pour le public.<\/p>\n\n\n\n<p data-block-type=\"core\">Transformez votre \u00e9v\u00e9nement en une sc\u00e8ne tir\u00e9e d\u2019un film ou d\u2019une l\u00e9gende avec nos chevaux.<\/p>\n\n\n\n<div class=\"wp-block-stackable-spacer stk-block-spacer stk--no-padding stk-block stk-57ad6eb\" data-block-id=\"57ad6eb\"><style>.stk-57ad6eb {height:20px !important;}<\/style><\/div>\n\n\n<div class=\"pgc-sgb-cb wp-block-pgcsimplygalleryblock-grid \" data-gallery-id=\"36595230\"><div class=\"sgb-preloader\" id=\"pr_36595230\">\n\t<div class=\"sgb-square\" style=\"background:#d4d4d4\"><\/div>\n\t<div class=\"sgb-square\" style=\"background:#d4d4d4\"><\/div>\n\t<div class=\"sgb-square\" style=\"background:#d4d4d4\"><\/div>\n\t<div class=\"sgb-square\" style=\"background:#d4d4d4\"><\/div><\/div><div class=\"simply-gallery-amp pgc_sgb_slider \"><noscript><div class=\"sgb-gallery\"><div class=\"sgb-item\"><a href=\"https:\/\/www.valkiriasevents.com\/alquiler-caballos-para-eventos\/evento_48\/\" target=\"_blank\"><img decoding=\"async\" alt=\"\" width=\"200\" height=\"300\" loading=\"lazy\" src=\"https:\/\/www.valkiriasevents.com\/wp-content\/uploads\/2025\/07\/Evento_48-200x300.jpg\" srcset=\"https:\/\/www.valkiriasevents.com\/wp-content\/uploads\/2025\/07\/Evento_48-200x300.jpg 200w,https:\/\/www.valkiriasevents.com\/wp-content\/uploads\/2025\/07\/Evento_48-683x1024.jpg 683w,https:\/\/www.valkiriasevents.com\/wp-content\/uploads\/2025\/07\/Evento_48-scaled.jpg 1707w\" sizes=\"auto, 250px\"\/><\/a><\/div><div class=\"sgb-item\"><a href=\"https:\/\/www.valkiriasevents.com\/alquiler-caballos-para-eventos\/pxl_20240713_170822085-night\/\" target=\"_blank\"><img decoding=\"async\" alt=\"\" width=\"226\" height=\"300\" loading=\"lazy\" src=\"https:\/\/www.valkiriasevents.com\/wp-content\/uploads\/2025\/07\/PXL_20240713_170822085.NIGHT_-226x300.jpg\" srcset=\"https:\/\/www.valkiriasevents.com\/wp-content\/uploads\/2025\/07\/PXL_20240713_170822085.NIGHT_-226x300.jpg 226w,https:\/\/www.valkiriasevents.com\/wp-content\/uploads\/2025\/07\/PXL_20240713_170822085.NIGHT_-771x1024.jpg 771w,https:\/\/www.valkiriasevents.com\/wp-content\/uploads\/2025\/07\/PXL_20240713_170822085.NIGHT_-scaled.jpg 1928w\" sizes=\"auto, 250px\"\/><\/a><\/div><div class=\"sgb-item\"><a href=\"https:\/\/www.valkiriasevents.com\/alquiler-caballos-para-eventos\/pxl_20240713_170830100-night\/\" target=\"_blank\"><img decoding=\"async\" alt=\"\" width=\"226\" height=\"300\" loading=\"lazy\" src=\"https:\/\/www.valkiriasevents.com\/wp-content\/uploads\/2025\/07\/PXL_20240713_170830100.NIGHT_-226x300.jpg\" srcset=\"https:\/\/www.valkiriasevents.com\/wp-content\/uploads\/2025\/07\/PXL_20240713_170830100.NIGHT_-226x300.jpg 226w,https:\/\/www.valkiriasevents.com\/wp-content\/uploads\/2025\/07\/PXL_20240713_170830100.NIGHT_-771x1024.jpg 771w,https:\/\/www.valkiriasevents.com\/wp-content\/uploads\/2025\/07\/PXL_20240713_170830100.NIGHT_-scaled.jpg 1928w\" sizes=\"auto, 250px\"\/><\/a><\/div><div class=\"sgb-item\"><a href=\"https:\/\/www.valkiriasevents.com\/alquiler-caballos-para-eventos\/pxl_20240713_171013350-night\/\" target=\"_blank\"><img decoding=\"async\" alt=\"\" width=\"226\" height=\"300\" loading=\"lazy\" src=\"https:\/\/www.valkiriasevents.com\/wp-content\/uploads\/2025\/07\/PXL_20240713_171013350.NIGHT_-226x300.jpg\" srcset=\"https:\/\/www.valkiriasevents.com\/wp-content\/uploads\/2025\/07\/PXL_20240713_171013350.NIGHT_-226x300.jpg 226w,https:\/\/www.valkiriasevents.com\/wp-content\/uploads\/2025\/07\/PXL_20240713_171013350.NIGHT_-771x1024.jpg 771w,https:\/\/www.valkiriasevents.com\/wp-content\/uploads\/2025\/07\/PXL_20240713_171013350.NIGHT_-scaled.jpg 1928w\" sizes=\"auto, 250px\"\/><\/a><\/div><div class=\"sgb-item\"><a href=\"https:\/\/www.valkiriasevents.com\/alquiler-caballos-para-eventos\/pxl_20240713_173718167-mp\/\" target=\"_blank\"><img decoding=\"async\" alt=\"\" width=\"226\" height=\"300\" loading=\"lazy\" src=\"https:\/\/www.valkiriasevents.com\/wp-content\/uploads\/2025\/07\/PXL_20240713_173718167.MP_-226x300.jpg\" srcset=\"https:\/\/www.valkiriasevents.com\/wp-content\/uploads\/2025\/07\/PXL_20240713_173718167.MP_-226x300.jpg 226w,https:\/\/www.valkiriasevents.com\/wp-content\/uploads\/2025\/07\/PXL_20240713_173718167.MP_-771x1024.jpg 771w,https:\/\/www.valkiriasevents.com\/wp-content\/uploads\/2025\/07\/PXL_20240713_173718167.MP_-scaled.jpg 1928w\" sizes=\"auto, 250px\"\/><\/a><\/div><\/div><\/noscript><\/div><script type=\"application\/json\" class=\"sgb-data\">{\"externalLink\":false,\"captions\":false,\"collectionThumbSubMenuDownload\":false,\"collectionThumbSubMenuShare\":false,\"galleryType\":\"pgc_sgb_grid\",\"galleryId\":\"36595230\",\"images\":[{\"id\":2638,\"title\":\"Evento_48\",\"url\":\"https:\/\/www.valkiriasevents.com\/wp-content\/uploads\/2025\/07\/Evento_48-scaled.jpg\",\"link\":\"https:\/\/www.valkiriasevents.com\/alquiler-caballos-para-eventos\/evento_48\/\",\"alt\":\"\",\"description\":\"\",\"caption\":\"\",\"mime\":\"image\/jpeg\",\"type\":\"image\",\"width\":1707,\"height\":2560,\"sizes\":{\"thumbnail\":{\"url\":\"https:\/\/www.valkiriasevents.com\/wp-content\/uploads\/2025\/07\/Evento_48-150x150.jpg\",\"height\":150,\"width\":150,\"orientation\":\"landscape\"},\"medium\":{\"url\":\"https:\/\/www.valkiriasevents.com\/wp-content\/uploads\/2025\/07\/Evento_48-200x300.jpg\",\"height\":300,\"width\":200,\"orientation\":\"portrait\"},\"large\":{\"url\":\"https:\/\/www.valkiriasevents.com\/wp-content\/uploads\/2025\/07\/Evento_48-683x1024.jpg\",\"height\":1024,\"width\":683,\"orientation\":\"portrait\"},\"full\":{\"url\":\"https:\/\/www.valkiriasevents.com\/wp-content\/uploads\/2025\/07\/Evento_48-scaled.jpg\",\"height\":2560,\"width\":1707,\"orientation\":\"portrait\"}},\"imageMeta\":{\"aperture\":\"0\",\"credit\":\"\",\"camera\":\"\",\"caption\":\"\",\"created_timestamp\":\"0\",\"copyright\":\"\",\"focal_length\":\"0\",\"iso\":\"0\",\"shutter_speed\":\"0\",\"title\":\"\",\"orientation\":\"0\",\"keywords\":[]},\"meta\":false,\"postlink\":\"https:\/\/www.valkiriasevents.com\/alquiler-caballos-para-eventos\/evento_48\/\"},{\"id\":2639,\"title\":\"PXL_20240713_170822085.NIGHT\",\"url\":\"https:\/\/www.valkiriasevents.com\/wp-content\/uploads\/2025\/07\/PXL_20240713_170822085.NIGHT_-scaled.jpg\",\"link\":\"https:\/\/www.valkiriasevents.com\/alquiler-caballos-para-eventos\/pxl_20240713_170822085-night\/\",\"alt\":\"\",\"description\":\"\",\"caption\":\"\",\"mime\":\"image\/jpeg\",\"type\":\"image\",\"width\":1928,\"height\":2560,\"sizes\":{\"thumbnail\":{\"url\":\"https:\/\/www.valkiriasevents.com\/wp-content\/uploads\/2025\/07\/PXL_20240713_170822085.NIGHT_-150x150.jpg\",\"height\":150,\"width\":150,\"orientation\":\"landscape\"},\"medium\":{\"url\":\"https:\/\/www.valkiriasevents.com\/wp-content\/uploads\/2025\/07\/PXL_20240713_170822085.NIGHT_-226x300.jpg\",\"height\":300,\"width\":226,\"orientation\":\"portrait\"},\"large\":{\"url\":\"https:\/\/www.valkiriasevents.com\/wp-content\/uploads\/2025\/07\/PXL_20240713_170822085.NIGHT_-771x1024.jpg\",\"height\":1024,\"width\":771,\"orientation\":\"portrait\"},\"full\":{\"url\":\"https:\/\/www.valkiriasevents.com\/wp-content\/uploads\/2025\/07\/PXL_20240713_170822085.NIGHT_-scaled.jpg\",\"height\":2560,\"width\":1928,\"orientation\":\"portrait\"}},\"imageMeta\":{\"aperture\":\"1.68\",\"credit\":\"\",\"camera\":\"Pixel 8 Pro\",\"caption\":\"\",\"created_timestamp\":\"1720897702\",\"copyright\":\"\",\"focal_length\":\"6.9\",\"iso\":\"14\",\"shutter_speed\":\"0.001455\",\"title\":\"\",\"orientation\":\"1\",\"keywords\":[]},\"meta\":false,\"postlink\":\"https:\/\/www.valkiriasevents.com\/alquiler-caballos-para-eventos\/pxl_20240713_170822085-night\/\"},{\"id\":2640,\"title\":\"PXL_20240713_170830100.NIGHT\",\"url\":\"https:\/\/www.valkiriasevents.com\/wp-content\/uploads\/2025\/07\/PXL_20240713_170830100.NIGHT_-scaled.jpg\",\"link\":\"https:\/\/www.valkiriasevents.com\/alquiler-caballos-para-eventos\/pxl_20240713_170830100-night\/\",\"alt\":\"\",\"description\":\"\",\"caption\":\"\",\"mime\":\"image\/jpeg\",\"type\":\"image\",\"width\":1928,\"height\":2560,\"sizes\":{\"thumbnail\":{\"url\":\"https:\/\/www.valkiriasevents.com\/wp-content\/uploads\/2025\/07\/PXL_20240713_170830100.NIGHT_-150x150.jpg\",\"height\":150,\"width\":150,\"orientation\":\"landscape\"},\"medium\":{\"url\":\"https:\/\/www.valkiriasevents.com\/wp-content\/uploads\/2025\/07\/PXL_20240713_170830100.NIGHT_-226x300.jpg\",\"height\":300,\"width\":226,\"orientation\":\"portrait\"},\"large\":{\"url\":\"https:\/\/www.valkiriasevents.com\/wp-content\/uploads\/2025\/07\/PXL_20240713_170830100.NIGHT_-771x1024.jpg\",\"height\":1024,\"width\":771,\"orientation\":\"portrait\"},\"full\":{\"url\":\"https:\/\/www.valkiriasevents.com\/wp-content\/uploads\/2025\/07\/PXL_20240713_170830100.NIGHT_-scaled.jpg\",\"height\":2560,\"width\":1928,\"orientation\":\"portrait\"}},\"imageMeta\":{\"aperture\":\"1.68\",\"credit\":\"\",\"camera\":\"Pixel 8 Pro\",\"caption\":\"\",\"created_timestamp\":\"1720897710\",\"copyright\":\"\",\"focal_length\":\"6.9\",\"iso\":\"64\",\"shutter_speed\":\"0.003061\",\"title\":\"\",\"orientation\":\"1\",\"keywords\":[]},\"meta\":false,\"postlink\":\"https:\/\/www.valkiriasevents.com\/alquiler-caballos-para-eventos\/pxl_20240713_170830100-night\/\"},{\"id\":2641,\"title\":\"PXL_20240713_171013350.NIGHT\",\"url\":\"https:\/\/www.valkiriasevents.com\/wp-content\/uploads\/2025\/07\/PXL_20240713_171013350.NIGHT_-scaled.jpg\",\"link\":\"https:\/\/www.valkiriasevents.com\/alquiler-caballos-para-eventos\/pxl_20240713_171013350-night\/\",\"alt\":\"\",\"description\":\"\",\"caption\":\"\",\"mime\":\"image\/jpeg\",\"type\":\"image\",\"width\":1928,\"height\":2560,\"sizes\":{\"thumbnail\":{\"url\":\"https:\/\/www.valkiriasevents.com\/wp-content\/uploads\/2025\/07\/PXL_20240713_171013350.NIGHT_-150x150.jpg\",\"height\":150,\"width\":150,\"orientation\":\"landscape\"},\"medium\":{\"url\":\"https:\/\/www.valkiriasevents.com\/wp-content\/uploads\/2025\/07\/PXL_20240713_171013350.NIGHT_-226x300.jpg\",\"height\":300,\"width\":226,\"orientation\":\"portrait\"},\"large\":{\"url\":\"https:\/\/www.valkiriasevents.com\/wp-content\/uploads\/2025\/07\/PXL_20240713_171013350.NIGHT_-771x1024.jpg\",\"height\":1024,\"width\":771,\"orientation\":\"portrait\"},\"full\":{\"url\":\"https:\/\/www.valkiriasevents.com\/wp-content\/uploads\/2025\/07\/PXL_20240713_171013350.NIGHT_-scaled.jpg\",\"height\":2560,\"width\":1928,\"orientation\":\"portrait\"}},\"imageMeta\":{\"aperture\":\"1.68\",\"credit\":\"\",\"camera\":\"Pixel 8 Pro\",\"caption\":\"\",\"created_timestamp\":\"1720897813\",\"copyright\":\"\",\"focal_length\":\"6.9\",\"iso\":\"19\",\"shutter_speed\":\"0.001134\",\"title\":\"\",\"orientation\":\"1\",\"keywords\":[]},\"meta\":false,\"postlink\":\"https:\/\/www.valkiriasevents.com\/alquiler-caballos-para-eventos\/pxl_20240713_171013350-night\/\"},{\"id\":2642,\"title\":\"PXL_20240713_173718167.MP\",\"url\":\"https:\/\/www.valkiriasevents.com\/wp-content\/uploads\/2025\/07\/PXL_20240713_173718167.MP_-scaled.jpg\",\"link\":\"https:\/\/www.valkiriasevents.com\/alquiler-caballos-para-eventos\/pxl_20240713_173718167-mp\/\",\"alt\":\"\",\"description\":\"\",\"caption\":\"\",\"mime\":\"image\/jpeg\",\"type\":\"image\",\"width\":1928,\"height\":2560,\"sizes\":{\"thumbnail\":{\"url\":\"https:\/\/www.valkiriasevents.com\/wp-content\/uploads\/2025\/07\/PXL_20240713_173718167.MP_-150x150.jpg\",\"height\":150,\"width\":150,\"orientation\":\"landscape\"},\"medium\":{\"url\":\"https:\/\/www.valkiriasevents.com\/wp-content\/uploads\/2025\/07\/PXL_20240713_173718167.MP_-226x300.jpg\",\"height\":300,\"width\":226,\"orientation\":\"portrait\"},\"large\":{\"url\":\"https:\/\/www.valkiriasevents.com\/wp-content\/uploads\/2025\/07\/PXL_20240713_173718167.MP_-771x1024.jpg\",\"height\":1024,\"width\":771,\"orientation\":\"portrait\"},\"full\":{\"url\":\"https:\/\/www.valkiriasevents.com\/wp-content\/uploads\/2025\/07\/PXL_20240713_173718167.MP_-scaled.jpg\",\"height\":2560,\"width\":1928,\"orientation\":\"portrait\"}},\"imageMeta\":{\"aperture\":\"1.68\",\"credit\":\"\",\"camera\":\"Pixel 8 Pro\",\"caption\":\"\",\"created_timestamp\":\"1720899438\",\"copyright\":\"\",\"focal_length\":\"6.9\",\"iso\":\"22\",\"shutter_speed\":\"0.001682\",\"title\":\"\",\"orientation\":\"1\",\"keywords\":[]},\"meta\":false,\"postlink\":\"https:\/\/www.valkiriasevents.com\/alquiler-caballos-para-eventos\/pxl_20240713_173718167-mp\/\"}],\"useClobalSettings\":true,\"shareFacebook\":false,\"shareTwitter\":false,\"sharePinterest\":false,\"sliderItemDownload\":false,\"shareCopyLink\":false,\"itemsMetaDataCollection\":[]}<\/script><script>(function(){if(window.PGC_SGB && window.PGC_SGB.searcher){window.PGC_SGB.searcher.initBlocks()}})()<\/script><\/div>","protected":false},"excerpt":{"rendered":"<p>Chevaux pour des \u00e9v\u00e9nements et c\u00e9r\u00e9monies th\u00e9matiques | \u00c9l\u00e9gance, force et spectacle Chez Valkirias Events, nous collaborons avec des cavaliers et des chevaux entra\u00een\u00e9s pour offrir des moments magiques et spectaculaires lors de toutes sortes de c\u00e9l\u00e9brations. Que ce soit lors d\u2019un mariage, d\u2019un \u00e9v\u00e9nement \u00e0 th\u00e8me ou d\u2019une production audiovisuelle, nos chevaux apportent beaut\u00e9, [&hellip;]<\/p>\n","protected":false},"author":1,"featured_media":0,"parent":0,"menu_order":0,"comment_status":"closed","ping_status":"closed","template":"","meta":{"pgc_sgb_lightbox_settings":"","footnotes":""},"class_list":["post-5805","page","type-page","status-publish","hentry"],"blocksy_meta":[],"_links":{"self":[{"href":"https:\/\/www.valkiriasevents.com\/fr\/wp-json\/wp\/v2\/pages\/5805","targetHints":{"allow":["GET"]}}],"collection":[{"href":"https:\/\/www.valkiriasevents.com\/fr\/wp-json\/wp\/v2\/pages"}],"about":[{"href":"https:\/\/www.valkiriasevents.com\/fr\/wp-json\/wp\/v2\/types\/page"}],"author":[{"embeddable":true,"href":"https:\/\/www.valkiriasevents.com\/fr\/wp-json\/wp\/v2\/users\/1"}],"replies":[{"embeddable":true,"href":"https:\/\/www.valkiriasevents.com\/fr\/wp-json\/wp\/v2\/comments?post=5805"}],"version-history":[{"count":1,"href":"https:\/\/www.valkiriasevents.com\/fr\/wp-json\/wp\/v2\/pages\/5805\/revisions"}],"predecessor-version":[{"id":8258,"href":"https:\/\/www.valkiriasevents.com\/fr\/wp-json\/wp\/v2\/pages\/5805\/revisions\/8258"}],"wp:attachment":[{"href":"https:\/\/www.valkiriasevents.com\/fr\/wp-json\/wp\/v2\/media?parent=5805"}],"curies":[{"name":"wp","href":"https:\/\/api.w.org\/{rel}","templated":true}]}}