{"id":5782,"date":"2025-08-02T10:11:27","date_gmt":"2025-08-02T09:11:27","guid":{"rendered":"https:\/\/www.valkiriasevents.com\/boda-pirata-tematica\/"},"modified":"2025-08-02T10:11:27","modified_gmt":"2025-08-02T09:11:27","slug":"boda-pirata-tematica","status":"publish","type":"page","link":"https:\/\/www.valkiriasevents.com\/fr\/boda-pirata-tematica\/","title":{"rendered":"Mariage de pirate : Prenez la mer pour une aventure inoubliable !"},"content":{"rendered":"\n<div class=\"wp-block-stackable-heading stk-block-heading stk-block-heading--v2 stk-block stk-ae04dcf\" id=\"boda-pirata-zarpa-hacia-una-aventura-inolvidable\" data-block-id=\"ae04dcf\"><h1 class=\"stk-block-heading__text\">Mariage de pirate : Prenez la mer pour une aventure inoubliable !<\/h1><\/div>\n\n\n\n<p data-block-type=\"core\">Oses-tu c\u00e9l\u00e9brer ton amour \u00e0 bord d\u2019un navire corsaire ? Chez Valkirias Events, nous transformons votre grand jour en un <strong>mariage de pirate spectaculaire<\/strong>, avec une esth\u00e9tique marine, des personnages inoubliables, de l\u2019humour, de l\u2019\u00e9motion et beaucoup, beaucoup de fantaisie. <\/p>\n\n\n\n<p data-block-type=\"core\">Cette exp\u00e9rience est con\u00e7ue pour <strong>les couples courageux, libres et passionn\u00e9s<\/strong>, qui souhaitent un mariage diff\u00e9rent, amusant et plein d\u2019esprit aventureux. Chaque d\u00e9tail, de la d\u00e9coration au banquet, vous transportera dans les mers des Cara\u00efbes&#8230; Ou sur une \u00eele perdue pleine de surprises. <\/p>\n\n\n\n<hr class=\"wp-block-separator has-alpha-channel-opacity\" data-block-type=\"core\">\n\n\n\n<h2 class=\"wp-block-heading\" data-block-type=\"core\">\u2693 Qu\u2019inclut un mariage de pirate ?<\/h2>\n\n\n\n<ul class=\"wp-block-list\" data-block-type=\"core\">\n<li data-block-type=\"core\"><strong>C\u00e9r\u00e9monie symbolique de pirate<\/strong> avec ma\u00eetre de c\u00e9r\u00e9monie en costume, rituel de rhum, carte au tr\u00e9sor et serments d\u2019amour de corsaire.<\/li>\n\n\n\n<li data-block-type=\"core\"><strong>D\u00e9coration th\u00e9matique<\/strong> avec coffres, ancres, vieilles cartes, filets, tonneaux, drapeaux de pirates, tr\u00e9sors cach\u00e9s et cr\u00e2nes.<\/li>\n\n\n\n<li data-block-type=\"core\"><strong>Des acteurs en personnage<\/strong> tels que des pirates, des boucaniers, des marins et m\u00eame des sir\u00e8nes qui interagissent avec les invit\u00e9s.<\/li>\n\n\n\n<li data-block-type=\"core\"><strong>Banquet th\u00e9matique<\/strong> aux saveurs marines et tropicales et service dans de la vaisselle rustique en bois ou en m\u00e9tal.<\/li>\n\n\n\n<li data-block-type=\"core\"><strong>Spectacles en direct<\/strong> : duels \u00e0 l\u2019\u00e9p\u00e9e, spectacle de feu, danse tribale, combats acrobatiques ou spectacles th\u00e9\u00e2traux.<\/li>\n\n\n\n<li data-block-type=\"core\"><strong>Musique inspir\u00e9e des pirates<\/strong> avec tambours, violon, cornemuses ou groupes de marins.<\/li>\n\n\n\n<li data-block-type=\"core\"><strong>Des s\u00e9ances photo de pirates<\/strong> et des moments uniques pour cr\u00e9er des souvenirs \u00e9piques.<\/li>\n<\/ul>\n\n\n\n<hr class=\"wp-block-separator has-alpha-channel-opacity\" data-block-type=\"core\">\n\n\n\n<h2 class=\"wp-block-heading\" data-block-type=\"core\">\ud83c\udff4 \u2620\ufe0f Votre mariage, votre \u00e9quipage, votre aventure<\/h2>\n\n\n\n<p data-block-type=\"core\">Notre mariage de pirates est id\u00e9al pour ceux qui souhaitent une c\u00e9l\u00e9bration diff\u00e9rente, immersive et anim\u00e9e.<br>Nous pouvons le faire aussi bien en ext\u00e9rieur (plage, bateau, for\u00eat&#8230;) que dans des espaces int\u00e9rieurs \u00e0 th\u00e8me, en adaptant tout \u00e0 votre vision.<\/p>\n\n\n\n<figure class=\"wp-block-gallery has-nested-images columns-default is-cropped wp-block-gallery-1 is-layout-flex wp-block-gallery-is-layout-flex\" data-block-type=\"core\">\n<figure class=\"wp-block-image size-large\" data-block-type=\"core\"><img loading=\"lazy\" decoding=\"async\" width=\"1024\" height=\"1024\" data-id=\"2848\" src=\"https:\/\/www.valkiriasevents.com\/wp-content\/uploads\/2025\/07\/piratas_barcelona_7-edited-1024x1024.jpg\" alt=\"\" class=\"wp-image-2848\" srcset=\"https:\/\/www.valkiriasevents.com\/wp-content\/uploads\/2025\/07\/piratas_barcelona_7-edited-1024x1024.jpg 1024w, https:\/\/www.valkiriasevents.com\/wp-content\/uploads\/2025\/07\/piratas_barcelona_7-edited-300x300.jpg 300w, https:\/\/www.valkiriasevents.com\/wp-content\/uploads\/2025\/07\/piratas_barcelona_7-edited-150x150.jpg 150w, https:\/\/www.valkiriasevents.com\/wp-content\/uploads\/2025\/07\/piratas_barcelona_7-edited-768x768.jpg 768w, https:\/\/www.valkiriasevents.com\/wp-content\/uploads\/2025\/07\/piratas_barcelona_7-edited.jpg 1066w\" sizes=\"auto, (max-width: 1024px) 100vw, 1024px\" \/><\/figure>\n<\/figure>\n","protected":false},"excerpt":{"rendered":"<p>Mariage de pirate : Prenez la mer pour une aventure inoubliable ! Oses-tu c\u00e9l\u00e9brer ton amour \u00e0 bord d\u2019un navire corsaire ? Chez Valkirias Events, nous transformons votre grand jour en un mariage de pirate spectaculaire, avec une esth\u00e9tique marine, des personnages inoubliables, de l\u2019humour, de l\u2019\u00e9motion et beaucoup, beaucoup de fantaisie. Cette exp\u00e9rience est [&hellip;]<\/p>\n","protected":false},"author":1,"featured_media":0,"parent":0,"menu_order":0,"comment_status":"closed","ping_status":"closed","template":"","meta":{"pgc_sgb_lightbox_settings":"","footnotes":""},"class_list":["post-5782","page","type-page","status-publish","hentry"],"blocksy_meta":[],"_links":{"self":[{"href":"https:\/\/www.valkiriasevents.com\/fr\/wp-json\/wp\/v2\/pages\/5782","targetHints":{"allow":["GET"]}}],"collection":[{"href":"https:\/\/www.valkiriasevents.com\/fr\/wp-json\/wp\/v2\/pages"}],"about":[{"href":"https:\/\/www.valkiriasevents.com\/fr\/wp-json\/wp\/v2\/types\/page"}],"author":[{"embeddable":true,"href":"https:\/\/www.valkiriasevents.com\/fr\/wp-json\/wp\/v2\/users\/1"}],"replies":[{"embeddable":true,"href":"https:\/\/www.valkiriasevents.com\/fr\/wp-json\/wp\/v2\/comments?post=5782"}],"version-history":[{"count":0,"href":"https:\/\/www.valkiriasevents.com\/fr\/wp-json\/wp\/v2\/pages\/5782\/revisions"}],"wp:attachment":[{"href":"https:\/\/www.valkiriasevents.com\/fr\/wp-json\/wp\/v2\/media?parent=5782"}],"curies":[{"name":"wp","href":"https:\/\/api.w.org\/{rel}","templated":true}]}}