{"id":5775,"date":"2025-12-21T10:42:14","date_gmt":"2025-12-21T09:42:14","guid":{"rendered":"https:\/\/www.valkiriasevents.com\/boda-juego-de-tronos\/"},"modified":"2025-12-21T10:42:14","modified_gmt":"2025-12-21T09:42:14","slug":"boda-juego-de-tronos","status":"publish","type":"page","link":"https:\/\/www.valkiriasevents.com\/fr\/boda-juego-de-tronos\/","title":{"rendered":"Mariage dans Game of Thrones &#8211; Le Pacte des Sept Couronnes"},"content":{"rendered":"\n<h1 class=\"wp-block-heading\" data-block-type=\"core\">Mariage dans Game of Thrones | Pouvoir, Sang et Honneur<\/h1>\n\n\n\n<div class=\"wp-block-stackable-spacer stk-block-spacer stk--no-padding stk-block stk-b63d48e\" data-block-id=\"b63d48e\"><\/div>\n\n\n\n<p data-block-type=\"core\">Dans le grand concours de la vie, votre union est l\u2019alliance ultime. Nous avons con\u00e7u une mise en sc\u00e8ne imposante qui fusionne la sobri\u00e9t\u00e9 du Nord avec l\u2019opulence des grandes demeures seigneuriales.   <\/p>\n\n\n\n<p data-block-type=\"core\">Il est temps de d\u00e9ployer vos banni\u00e8res et de c\u00e9l\u00e9brer un banquet qui sera m\u00e9morable dans tous les royaumes pour sa force, son esth\u00e9tique m\u00e9di\u00e9vale et son aura d\u2019invincibilit\u00e9.<\/p>\n\n\n\n<div class=\"wp-block-stackable-spacer stk-block-spacer stk--no-padding stk-block stk-9fd1262\" data-block-id=\"9fd1262\"><style>.stk-9fd1262 {height:30px !important;}<\/style><\/div>\n\n\n\n<h2 class=\"wp-block-heading\" data-block-type=\"core\">Que contient le th\u00e8me de Game of Thrones ?<\/h2>\n\n\n\n<div class=\"wp-block-stackable-spacer stk-block-spacer stk--no-padding stk-block stk-e35ef81\" data-block-id=\"e35ef81\"><style>.stk-e35ef81 {height:10px !important;}<\/style><\/div>\n\n\n\n<p data-block-type=\"core\"><strong>Protocole de la Noblesse<\/strong><\/p>\n\n\n\n<p data-block-type=\"core\">Des entr\u00e9es gard\u00e9es par des guerriers en armure royale et une livraison unique d\u2019anneaux \u00e0 travers le vol des faucons ou des aigles.<\/p>\n\n\n\n<div class=\"wp-block-stackable-spacer stk-block-spacer stk--no-padding stk-block stk-60302c6\" data-block-id=\"60302c6\"><style>.stk-60302c6 {height:15px !important;}<\/style><\/div>\n\n\n\n<p data-block-type=\"core\"><strong>La F\u00eate du Tr\u00f4ne<\/strong><\/p>\n\n\n\n<p data-block-type=\"core\">Des tables communes en bois massif, de la vaisselle en \u00e9tain, des fourrures et un \u00e9clairage tamis\u00e9 par des bougies qui vous transporte \u00e0 l\u2019\u00e9poque des ch\u00e2teaux et des l\u00e9gendes.<\/p>\n\n\n\n<div class=\"wp-block-stackable-spacer stk-block-spacer stk--no-padding stk-block stk-11a8720\" data-block-id=\"11a8720\"><style>.stk-11a8720 {height:15px !important;}<\/style><\/div>\n\n\n\n<p data-block-type=\"core\"><strong>D\u00e9tails de la maison<\/strong><\/p>\n\n\n\n<p data-block-type=\"core\">Personnalisez chaque recoin avec votre propre h\u00e9raldique, du sceau de scellement sur les invitations aux v\u0153ux \u00e9crits sur un parchemin ancien.<\/p>\n\n\n\n<div class=\"wp-block-stackable-spacer stk-block-spacer stk--no-padding stk-block stk-805a742\" data-block-id=\"805a742\"><style>.stk-805a742 {height:30px !important;}<\/style><\/div>\n\n\n\n<div class=\"wp-block-stackable-spacer stk-block-spacer stk--no-padding stk-block stk-894775e\" data-block-id=\"894775e\"><style>.stk-894775e {height:30px !important;}<\/style><\/div>\n\n\n\n<h2 class=\"wp-block-heading\" data-block-type=\"core\">Appara\u00eetre dans ton vrai Royaume&#8230;<\/h2>\n\n\n\n<p data-block-type=\"core\">Nous n\u2019avons pas con\u00e7u un mariage \u2013 nous avons forg\u00e9 une alliance historique.  <\/p>\n\n\n\n<p data-block-type=\"core\">Dans un monde o\u00f9 les mots sont la loi et l\u2019acier la justice&#8230;<\/p>\n\n\n\n<p data-block-type=\"core\">Votre mariage devient l\u2019\u00e9v\u00e9nement le plus marquant du royaume.  <\/p>\n\n\n\n<p data-block-type=\"core\">De l\u2019h\u00e9raldique de vos lign\u00e9es au dernier d\u00e9tail du banquet, chaque \u00e9l\u00e9ment est con\u00e7u pour proclamer votre souverainet\u00e9.<\/p>\n\n\n\n<div class=\"wp-block-stackable-spacer stk-block-spacer stk--no-padding stk-block stk-a6d02bc\" data-block-id=\"a6d02bc\"><style>.stk-a6d02bc {height:30px !important;}<\/style><\/div>\n\n\n<div class=\"pgc-sgb-cb wp-block-pgcsimplygalleryblock-masonry \" data-gallery-id=\"b7f00272\"><div class=\"sgb-preloader\" id=\"pr_b7f00272\">\n\t<div class=\"sgb-square\" style=\"background:#d4d4d4\"><\/div>\n\t<div class=\"sgb-square\" style=\"background:#d4d4d4\"><\/div>\n\t<div class=\"sgb-square\" style=\"background:#d4d4d4\"><\/div>\n\t<div class=\"sgb-square\" style=\"background:#d4d4d4\"><\/div><\/div><div class=\"simply-gallery-amp pgc_sgb_slider \"><noscript><div class=\"sgb-gallery\"><div class=\"sgb-item\"><a href=\"https:\/\/www.valkiriasevents.com\/?attachment_id=5684\" target=\"_blank\"><img decoding=\"async\" alt=\"\" width=\"240\" height=\"300\" loading=\"lazy\" src=\"https:\/\/www.valkiriasevents.com\/wp-content\/uploads\/2025\/12\/game-of-thrones-wedding-vows-bride-groom-bouquet-codyjamesbarry-240x300.webp\" srcset=\"https:\/\/www.valkiriasevents.com\/wp-content\/uploads\/2025\/12\/game-of-thrones-wedding-vows-bride-groom-bouquet-codyjamesbarry-240x300.webp 240w,https:\/\/www.valkiriasevents.com\/wp-content\/uploads\/2025\/12\/game-of-thrones-wedding-vows-bride-groom-bouquet-codyjamesbarry-819x1024.webp 819w,https:\/\/www.valkiriasevents.com\/wp-content\/uploads\/2025\/12\/game-of-thrones-wedding-vows-bride-groom-bouquet-codyjamesbarry.webp 1080w\" sizes=\"auto, 250px\"\/><\/a><\/div><div class=\"sgb-item\"><a href=\"https:\/\/www.valkiriasevents.com\/?attachment_id=5686\" target=\"_blank\"><img decoding=\"async\" alt=\"\" width=\"300\" height=\"169\" loading=\"lazy\" src=\"https:\/\/www.valkiriasevents.com\/wp-content\/uploads\/2025\/12\/ecfc6a8a-04f4-4ad6-8270-04eb841ffa53_16-9-aspect-ratio_default_0-300x169.jpg\" srcset=\"https:\/\/www.valkiriasevents.com\/wp-content\/uploads\/2025\/12\/ecfc6a8a-04f4-4ad6-8270-04eb841ffa53_16-9-aspect-ratio_default_0-300x169.jpg 300w,https:\/\/www.valkiriasevents.com\/wp-content\/uploads\/2025\/12\/ecfc6a8a-04f4-4ad6-8270-04eb841ffa53_16-9-aspect-ratio_default_0.jpg 880w\" sizes=\"auto, 250px\"\/><\/a><\/div><div class=\"sgb-item\"><a href=\"https:\/\/www.valkiriasevents.com\/?attachment_id=5688\" target=\"_blank\"><img decoding=\"async\" alt=\"\" width=\"300\" height=\"200\" loading=\"lazy\" src=\"https:\/\/www.valkiriasevents.com\/wp-content\/uploads\/2025\/12\/OIP-3-300x200.webp\" srcset=\"https:\/\/www.valkiriasevents.com\/wp-content\/uploads\/2025\/12\/OIP-3-300x200.webp 300w,https:\/\/www.valkiriasevents.com\/wp-content\/uploads\/2025\/12\/OIP-3.webp 474w\" sizes=\"auto, 250px\"\/><\/a><\/div><div class=\"sgb-item\"><a href=\"https:\/\/www.valkiriasevents.com\/?attachment_id=5690\" target=\"_blank\"><img decoding=\"async\" alt=\"\" width=\"300\" height=\"169\" loading=\"lazy\" src=\"https:\/\/www.valkiriasevents.com\/wp-content\/uploads\/2025\/12\/CO21C10F5_222949-300x169.jpg\" srcset=\"https:\/\/www.valkiriasevents.com\/wp-content\/uploads\/2025\/12\/CO21C10F5_222949-300x169.jpg 300w,https:\/\/www.valkiriasevents.com\/wp-content\/uploads\/2025\/12\/CO21C10F5_222949-1024x577.jpg 1024w,https:\/\/www.valkiriasevents.com\/wp-content\/uploads\/2025\/12\/CO21C10F5_222949.jpg 1278w\" sizes=\"auto, 250px\"\/><\/a><\/div><div class=\"sgb-item\"><a href=\"https:\/\/www.valkiriasevents.com\/?attachment_id=5692\" target=\"_blank\"><img decoding=\"async\" alt=\"\" width=\"300\" height=\"169\" loading=\"lazy\" src=\"https:\/\/www.valkiriasevents.com\/wp-content\/uploads\/2025\/12\/CO24C8F5_5-300x169.jpg\" srcset=\"https:\/\/www.valkiriasevents.com\/wp-content\/uploads\/2025\/12\/CO24C8F5_5-300x169.jpg 300w,https:\/\/www.valkiriasevents.com\/wp-content\/uploads\/2025\/12\/CO24C8F5_5-1024x576.jpg 1024w,https:\/\/www.valkiriasevents.com\/wp-content\/uploads\/2025\/12\/CO24C8F5_5.jpg 1280w\" sizes=\"auto, 250px\"\/><\/a><\/div><\/div><\/noscript><\/div><script type=\"application\/json\" class=\"sgb-data\">{\"galleryType\":\"pgc_sgb_masonry\",\"galleryId\":\"b7f00272\",\"images\":[{\"id\":5684,\"title\":\"game-of-thrones-wedding-vows-bride-groom-bouquet-codyjamesbarry\",\"url\":\"https:\/\/www.valkiriasevents.com\/wp-content\/uploads\/2025\/12\/game-of-thrones-wedding-vows-bride-groom-bouquet-codyjamesbarry.webp\",\"link\":\"https:\/\/www.valkiriasevents.com\/?attachment_id=5684\",\"alt\":\"\",\"description\":\"\",\"caption\":\"\",\"mime\":\"image\/webp\",\"type\":\"image\",\"width\":1080,\"height\":1350,\"sizes\":{\"thumbnail\":{\"height\":150,\"width\":150,\"url\":\"https:\/\/www.valkiriasevents.com\/wp-content\/uploads\/2025\/12\/game-of-thrones-wedding-vows-bride-groom-bouquet-codyjamesbarry-150x150.webp\",\"orientation\":\"landscape\"},\"medium\":{\"height\":300,\"width\":240,\"url\":\"https:\/\/www.valkiriasevents.com\/wp-content\/uploads\/2025\/12\/game-of-thrones-wedding-vows-bride-groom-bouquet-codyjamesbarry-240x300.webp\",\"orientation\":\"portrait\"},\"large\":{\"height\":1024,\"width\":819,\"url\":\"https:\/\/www.valkiriasevents.com\/wp-content\/uploads\/2025\/12\/game-of-thrones-wedding-vows-bride-groom-bouquet-codyjamesbarry-819x1024.webp\",\"orientation\":\"portrait\"},\"full\":{\"url\":\"https:\/\/www.valkiriasevents.com\/wp-content\/uploads\/2025\/12\/game-of-thrones-wedding-vows-bride-groom-bouquet-codyjamesbarry.webp\",\"height\":1350,\"width\":1080,\"orientation\":\"portrait\"}},\"imageMeta\":{\"aperture\":\"0\",\"credit\":\"\",\"camera\":\"\",\"caption\":\"\",\"created_timestamp\":\"0\",\"copyright\":\"\",\"focal_length\":\"0\",\"iso\":\"0\",\"shutter_speed\":\"0\",\"title\":\"\",\"orientation\":\"0\",\"keywords\":[]},\"meta\":false,\"postlink\":\"https:\/\/www.valkiriasevents.com\/?attachment_id=5684\"},{\"id\":5686,\"title\":\"ecfc6a8a-04f4-4ad6-8270-04eb841ffa53_16-9-aspect-ratio_default_0\",\"url\":\"https:\/\/www.valkiriasevents.com\/wp-content\/uploads\/2025\/12\/ecfc6a8a-04f4-4ad6-8270-04eb841ffa53_16-9-aspect-ratio_default_0.jpg\",\"link\":\"https:\/\/www.valkiriasevents.com\/?attachment_id=5686\",\"alt\":\"\",\"description\":\"\",\"caption\":\"\",\"mime\":\"image\/jpeg\",\"type\":\"image\",\"width\":880,\"height\":495,\"sizes\":{\"thumbnail\":{\"height\":150,\"width\":150,\"url\":\"https:\/\/www.valkiriasevents.com\/wp-content\/uploads\/2025\/12\/ecfc6a8a-04f4-4ad6-8270-04eb841ffa53_16-9-aspect-ratio_default_0-150x150.jpg\",\"orientation\":\"landscape\"},\"medium\":{\"height\":169,\"width\":300,\"url\":\"https:\/\/www.valkiriasevents.com\/wp-content\/uploads\/2025\/12\/ecfc6a8a-04f4-4ad6-8270-04eb841ffa53_16-9-aspect-ratio_default_0-300x169.jpg\",\"orientation\":\"landscape\"},\"full\":{\"url\":\"https:\/\/www.valkiriasevents.com\/wp-content\/uploads\/2025\/12\/ecfc6a8a-04f4-4ad6-8270-04eb841ffa53_16-9-aspect-ratio_default_0.jpg\",\"height\":495,\"width\":880,\"orientation\":\"landscape\"}},\"imageMeta\":{\"aperture\":\"0\",\"credit\":\"\",\"camera\":\"\",\"caption\":\"\",\"created_timestamp\":\"0\",\"copyright\":\"\",\"focal_length\":\"0\",\"iso\":\"0\",\"shutter_speed\":\"0\",\"title\":\"\",\"orientation\":\"1\",\"keywords\":[]},\"meta\":false,\"postlink\":\"https:\/\/www.valkiriasevents.com\/?attachment_id=5686\"},{\"id\":5688,\"title\":\"OIP (3)\",\"url\":\"https:\/\/www.valkiriasevents.com\/wp-content\/uploads\/2025\/12\/OIP-3.webp\",\"link\":\"https:\/\/www.valkiriasevents.com\/?attachment_id=5688\",\"alt\":\"\",\"description\":\"\",\"caption\":\"\",\"mime\":\"image\/webp\",\"type\":\"image\",\"width\":474,\"height\":316,\"sizes\":{\"thumbnail\":{\"height\":150,\"width\":150,\"url\":\"https:\/\/www.valkiriasevents.com\/wp-content\/uploads\/2025\/12\/OIP-3-150x150.webp\",\"orientation\":\"landscape\"},\"medium\":{\"height\":200,\"width\":300,\"url\":\"https:\/\/www.valkiriasevents.com\/wp-content\/uploads\/2025\/12\/OIP-3-300x200.webp\",\"orientation\":\"landscape\"},\"full\":{\"url\":\"https:\/\/www.valkiriasevents.com\/wp-content\/uploads\/2025\/12\/OIP-3.webp\",\"height\":316,\"width\":474,\"orientation\":\"landscape\"}},\"imageMeta\":{\"aperture\":\"0\",\"credit\":\"\",\"camera\":\"\",\"caption\":\"\",\"created_timestamp\":\"0\",\"copyright\":\"\",\"focal_length\":\"0\",\"iso\":\"0\",\"shutter_speed\":\"0\",\"title\":\"\",\"orientation\":\"0\",\"keywords\":[]},\"meta\":false,\"postlink\":\"https:\/\/www.valkiriasevents.com\/?attachment_id=5688\"},{\"id\":5690,\"title\":\"CO21C10F5_222949\",\"url\":\"https:\/\/www.valkiriasevents.com\/wp-content\/uploads\/2025\/12\/CO21C10F5_222949.jpg\",\"link\":\"https:\/\/www.valkiriasevents.com\/?attachment_id=5690\",\"alt\":\"\",\"description\":\"\",\"caption\":\"\",\"mime\":\"image\/jpeg\",\"type\":\"image\",\"width\":1278,\"height\":720,\"sizes\":{\"thumbnail\":{\"height\":150,\"width\":150,\"url\":\"https:\/\/www.valkiriasevents.com\/wp-content\/uploads\/2025\/12\/CO21C10F5_222949-150x150.jpg\",\"orientation\":\"landscape\"},\"medium\":{\"height\":169,\"width\":300,\"url\":\"https:\/\/www.valkiriasevents.com\/wp-content\/uploads\/2025\/12\/CO21C10F5_222949-300x169.jpg\",\"orientation\":\"landscape\"},\"large\":{\"height\":577,\"width\":1024,\"url\":\"https:\/\/www.valkiriasevents.com\/wp-content\/uploads\/2025\/12\/CO21C10F5_222949-1024x577.jpg\",\"orientation\":\"landscape\"},\"full\":{\"url\":\"https:\/\/www.valkiriasevents.com\/wp-content\/uploads\/2025\/12\/CO21C10F5_222949.jpg\",\"height\":720,\"width\":1278,\"orientation\":\"landscape\"}},\"imageMeta\":{\"aperture\":\"0\",\"credit\":\"\",\"camera\":\"\",\"caption\":\"\",\"created_timestamp\":\"0\",\"copyright\":\"\",\"focal_length\":\"0\",\"iso\":\"0\",\"shutter_speed\":\"0\",\"title\":\"\",\"orientation\":\"0\",\"keywords\":[]},\"meta\":false,\"postlink\":\"https:\/\/www.valkiriasevents.com\/?attachment_id=5690\"},{\"id\":5692,\"title\":\"CO24C8F5_5\",\"url\":\"https:\/\/www.valkiriasevents.com\/wp-content\/uploads\/2025\/12\/CO24C8F5_5.jpg\",\"link\":\"https:\/\/www.valkiriasevents.com\/?attachment_id=5692\",\"alt\":\"\",\"description\":\"\",\"caption\":\"\",\"mime\":\"image\/jpeg\",\"type\":\"image\",\"width\":1280,\"height\":720,\"sizes\":{\"thumbnail\":{\"height\":150,\"width\":150,\"url\":\"https:\/\/www.valkiriasevents.com\/wp-content\/uploads\/2025\/12\/CO24C8F5_5-150x150.jpg\",\"orientation\":\"landscape\"},\"medium\":{\"height\":169,\"width\":300,\"url\":\"https:\/\/www.valkiriasevents.com\/wp-content\/uploads\/2025\/12\/CO24C8F5_5-300x169.jpg\",\"orientation\":\"landscape\"},\"large\":{\"height\":576,\"width\":1024,\"url\":\"https:\/\/www.valkiriasevents.com\/wp-content\/uploads\/2025\/12\/CO24C8F5_5-1024x576.jpg\",\"orientation\":\"landscape\"},\"full\":{\"url\":\"https:\/\/www.valkiriasevents.com\/wp-content\/uploads\/2025\/12\/CO24C8F5_5.jpg\",\"height\":720,\"width\":1280,\"orientation\":\"landscape\"}},\"imageMeta\":{\"aperture\":\"0\",\"credit\":\"\",\"camera\":\"\",\"caption\":\"\",\"created_timestamp\":\"0\",\"copyright\":\"\",\"focal_length\":\"0\",\"iso\":\"0\",\"shutter_speed\":\"0\",\"title\":\"\",\"orientation\":\"0\",\"keywords\":[]},\"meta\":false,\"postlink\":\"https:\/\/www.valkiriasevents.com\/?attachment_id=5692\"}],\"itemsMetaDataCollection\":[]}<\/script><script>(function(){if(window.PGC_SGB && window.PGC_SGB.searcher){window.PGC_SGB.searcher.initBlocks()}})()<\/script><\/div>","protected":false},"excerpt":{"rendered":"<p>Mariage dans Game of Thrones | Pouvoir, Sang et Honneur Dans le grand concours de la vie, votre union est l\u2019alliance ultime. Nous avons con\u00e7u une mise en sc\u00e8ne imposante qui fusionne la sobri\u00e9t\u00e9 du Nord avec l\u2019opulence des grandes demeures seigneuriales. Il est temps de d\u00e9ployer vos banni\u00e8res et de c\u00e9l\u00e9brer un banquet qui [&hellip;]<\/p>\n","protected":false},"author":6,"featured_media":0,"parent":0,"menu_order":0,"comment_status":"closed","ping_status":"closed","template":"","meta":{"pgc_sgb_lightbox_settings":"","footnotes":""},"class_list":["post-5775","page","type-page","status-publish","hentry"],"blocksy_meta":[],"_links":{"self":[{"href":"https:\/\/www.valkiriasevents.com\/fr\/wp-json\/wp\/v2\/pages\/5775","targetHints":{"allow":["GET"]}}],"collection":[{"href":"https:\/\/www.valkiriasevents.com\/fr\/wp-json\/wp\/v2\/pages"}],"about":[{"href":"https:\/\/www.valkiriasevents.com\/fr\/wp-json\/wp\/v2\/types\/page"}],"author":[{"embeddable":true,"href":"https:\/\/www.valkiriasevents.com\/fr\/wp-json\/wp\/v2\/users\/6"}],"replies":[{"embeddable":true,"href":"https:\/\/www.valkiriasevents.com\/fr\/wp-json\/wp\/v2\/comments?post=5775"}],"version-history":[{"count":0,"href":"https:\/\/www.valkiriasevents.com\/fr\/wp-json\/wp\/v2\/pages\/5775\/revisions"}],"wp:attachment":[{"href":"https:\/\/www.valkiriasevents.com\/fr\/wp-json\/wp\/v2\/media?parent=5775"}],"curies":[{"name":"wp","href":"https:\/\/api.w.org\/{rel}","templated":true}]}}