{"id":5773,"date":"2025-08-02T09:58:21","date_gmt":"2025-08-02T08:58:21","guid":{"rendered":"https:\/\/www.valkiriasevents.com\/boda-medieval-tematica\/"},"modified":"2026-03-02T16:08:16","modified_gmt":"2026-03-02T15:08:16","slug":"boda-medieval-tematica","status":"publish","type":"page","link":"https:\/\/www.valkiriasevents.com\/fr\/boda-medieval-tematica\/","title":{"rendered":"Mariage m\u00e9di\u00e9val : c\u00e9l\u00e9brez votre amour en tant que rois et reines"},"content":{"rendered":"\n<div class=\"wp-block-stackable-heading stk-block-heading stk-block-heading--v2 stk-block stk-8b2e0c7\" id=\"boda-medieval-celebra-tu-amor-como-reyes-y-reinas\" data-block-id=\"8b2e0c7\"><h1 class=\"stk-block-heading__text\">Mariage m\u00e9di\u00e9val : c\u00e9l\u00e9brez votre amour en tant que rois et reines<\/h1><\/div>\n\n\n\n<p data-block-type=\"core\">Si vous r\u00eavez d\u2019un mariage de conte de f\u00e9es, entour\u00e9 de banni\u00e8res, de ch\u00e2teaux, de musique de troubadour et de banquets dignes de la royaut\u00e9, chez Valkirias Events, nous r\u00e9alisons votre souhait avec un <strong>mariage m\u00e9di\u00e9val \u00e0 th\u00e8me<\/strong> qui surprendra tout le monde.<\/p>\n\n\n\n<p data-block-type=\"core\">Nous concevons des c\u00e9r\u00e9monies pleines de symbolisme, d\u2019\u00e9motion et d\u2019esth\u00e9tique historique. Chaque d\u00e9tail \u2013 de la d\u00e9coration \u00e0 la cuisine \u2013 transporte vos invit\u00e9s \u00e0 une \u00e9poque de chevaliers, dames nobles, sorciers et h\u00e9rauts. <\/p>\n\n\n\n<hr class=\"wp-block-separator has-alpha-channel-opacity\" data-block-type=\"core\">\n\n\n\n<h2 class=\"wp-block-heading\" data-block-type=\"core\">\ud83c\udff0 Qu\u2019inclut un mariage m\u00e9di\u00e9val ?<\/h2>\n\n\n\n<ul class=\"wp-block-list\" data-block-type=\"core\">\n<li data-block-type=\"core\"><strong>C\u00e9r\u00e9monie symbolique offici\u00e9e par des personnages de sc\u00e8ne<\/strong> (roi, druide, dame noble, m\u00e9nestrel).<\/li>\n\n\n\n<li data-block-type=\"core\"><strong>D\u00e9corations d\u2019\u00e9poque<\/strong> avec banni\u00e8res, tr\u00f4nes, armoiries, bougies, tissus nobles et d\u00e9tails h\u00e9raldiques.<\/li>\n\n\n\n<li data-block-type=\"core\"><strong>Banquet m\u00e9di\u00e9val<\/strong> avec service de style f\u00e9odal, nourriture rustique et vaisselle inspir\u00e9e du Moyen \u00c2ge.<\/li>\n\n\n\n<li data-block-type=\"core\"><strong>Musique live<\/strong> avec luth, fl\u00fbtes, tambours et compositions originales d\u2019inspiration m\u00e9di\u00e9vale.<\/li>\n\n\n\n<li data-block-type=\"core\"><strong>Costumes, maquillage et accessoires d\u2019\u00e9poque<\/strong> pour la mari\u00e9e, le mari\u00e9 et les invit\u00e9s.<\/li>\n\n\n\n<li data-block-type=\"core\"><strong>Spectacles personnalis\u00e9s<\/strong> : jongleurs, bouffons, combats de chevaliers, danses ou rituels symboliques.<\/li>\n\n\n\n<li data-block-type=\"core\"><strong>Des exp\u00e9riences photographiques et une atmosph\u00e8re totale<\/strong> pour immortaliser le grand jour comme faisant partie d\u2019une l\u00e9gende.<\/li>\n<\/ul>\n\n\n\n<hr class=\"wp-block-separator has-alpha-channel-opacity\" data-block-type=\"core\">\n\n\n\n<h2 class=\"wp-block-heading\" data-block-type=\"core\">\ud83d\udee1\ufe0f Un mariage avec de l\u2019histoire&#8230; et avec \u00e2me<\/h2>\n\n\n\n<p data-block-type=\"core\">Ce n\u2019est pas seulement une question de d\u00e9coration ou de costumes. Un mariage m\u00e9di\u00e9val avec des Valkyries est une <strong>c\u00e9l\u00e9bration immersive, soign\u00e9e avec soin et pleine d\u2019\u00e9motion<\/strong>, qui relie votre histoire d\u2019amour \u00e0 un univers de fantaisie et de tradition. <\/p>\n\n\n\n<hr class=\"wp-block-separator has-alpha-channel-opacity\" data-block-type=\"core\">\n\n\n\n<h2 class=\"wp-block-heading\" data-block-type=\"core\">\u2728 Un jour de conte de f\u00e9es&#8230; A v\u00e9cu comme jamais auparavant<\/h2>\n\n\n\n<p data-block-type=\"core\">C\u00e9l\u00e9brez votre union entre \u00e9p\u00e9es, musique, rituels et passion.<br>Laissez-nous vous aider \u00e0 \u00e9crire une page de plus de votre histoire, avec toute la splendeur du Moyen \u00c2ge.<\/p>\n\n\n\n<p data-block-type=\"core\"><strong>Faites de votre mariage un v\u00e9ritable chapitre de l\u00e9gende.<\/strong><\/p>\n\n\n\n<div class=\"wp-block-stackable-divider stk-block-divider stk-block stk-75d5956\" data-block-id=\"75d5956\"><hr class=\"stk-block-divider__hr\"><\/div>\n\n\n\n<figure class=\"wp-block-video\" data-block-type=\"core\"><video controls=\"\" src=\"https:\/\/www.valkiriasevents.com\/wp-content\/uploads\/2026\/03\/32-Ingrid.mp4\"><\/video><\/figure>\n\n\n\n<div class=\"wp-block-stackable-divider stk-block-divider stk-block stk-214a3ee\" data-block-id=\"214a3ee\"><hr class=\"stk-block-divider__hr\"><\/div>\n\n\n<div class=\"pgc-sgb-cb wp-block-pgcsimplygalleryblock-grid \" data-gallery-id=\"e6112336\"><div class=\"sgb-preloader\" id=\"pr_e6112336\">\n\t<div class=\"sgb-square\" style=\"background:#d4d4d4\"><\/div>\n\t<div class=\"sgb-square\" style=\"background:#d4d4d4\"><\/div>\n\t<div class=\"sgb-square\" style=\"background:#d4d4d4\"><\/div>\n\t<div class=\"sgb-square\" style=\"background:#d4d4d4\"><\/div><\/div><div class=\"simply-gallery-amp pgc_sgb_slider \"><noscript><div class=\"sgb-gallery\"><div class=\"sgb-item\"><a href=\"https:\/\/www.valkiriasevents.com\/wp-content\/uploads\/2026\/03\/boda_medieval-scaled.jpg\"><img decoding=\"async\" alt=\"\" width=\"226\" height=\"300\" loading=\"lazy\" src=\"https:\/\/www.valkiriasevents.com\/wp-content\/uploads\/2026\/03\/boda_medieval-226x300.jpg\" srcset=\"https:\/\/www.valkiriasevents.com\/wp-content\/uploads\/2026\/03\/boda_medieval-226x300.jpg 226w,https:\/\/www.valkiriasevents.com\/wp-content\/uploads\/2026\/03\/boda_medieval-771x1024.jpg 771w,https:\/\/www.valkiriasevents.com\/wp-content\/uploads\/2026\/03\/boda_medieval-scaled.jpg 1928w\" sizes=\"auto, 250px\"\/><\/a><\/div><div class=\"sgb-item\"><a href=\"https:\/\/www.valkiriasevents.com\/wp-content\/uploads\/2026\/01\/0011EvelyneJuan-scaled.jpg\"><img decoding=\"async\" alt=\"\" width=\"300\" height=\"200\" loading=\"lazy\" src=\"https:\/\/www.valkiriasevents.com\/wp-content\/uploads\/2026\/01\/0011EvelyneJuan-300x200.jpg\" srcset=\"https:\/\/www.valkiriasevents.com\/wp-content\/uploads\/2026\/01\/0011EvelyneJuan-300x200.jpg 300w,https:\/\/www.valkiriasevents.com\/wp-content\/uploads\/2026\/01\/0011EvelyneJuan-1024x683.jpg 1024w,https:\/\/www.valkiriasevents.com\/wp-content\/uploads\/2026\/01\/0011EvelyneJuan-scaled.jpg 2560w\" sizes=\"auto, 250px\"\/><\/a><\/div><div class=\"sgb-item\"><a href=\"https:\/\/www.valkiriasevents.com\/wp-content\/uploads\/2026\/02\/DSCF0837-scaled.jpg\"><img decoding=\"async\" alt=\"\" width=\"300\" height=\"200\" loading=\"lazy\" src=\"https:\/\/www.valkiriasevents.com\/wp-content\/uploads\/2026\/02\/DSCF0837-300x200.jpg\" srcset=\"https:\/\/www.valkiriasevents.com\/wp-content\/uploads\/2026\/02\/DSCF0837-300x200.jpg 300w,https:\/\/www.valkiriasevents.com\/wp-content\/uploads\/2026\/02\/DSCF0837-1024x683.jpg 1024w,https:\/\/www.valkiriasevents.com\/wp-content\/uploads\/2026\/02\/DSCF0837-scaled.jpg 2560w\" sizes=\"auto, 250px\"\/><\/a><\/div><div class=\"sgb-item\"><a href=\"https:\/\/www.valkiriasevents.com\/wp-content\/uploads\/2026\/02\/1029EvelyneJuan-scaled.jpg\"><img decoding=\"async\" alt=\"\" width=\"300\" height=\"200\" loading=\"lazy\" src=\"https:\/\/www.valkiriasevents.com\/wp-content\/uploads\/2026\/02\/1029EvelyneJuan-300x200.jpg\" srcset=\"https:\/\/www.valkiriasevents.com\/wp-content\/uploads\/2026\/02\/1029EvelyneJuan-300x200.jpg 300w,https:\/\/www.valkiriasevents.com\/wp-content\/uploads\/2026\/02\/1029EvelyneJuan-1024x683.jpg 1024w,https:\/\/www.valkiriasevents.com\/wp-content\/uploads\/2026\/02\/1029EvelyneJuan-scaled.jpg 2560w\" sizes=\"auto, 250px\"\/><\/a><\/div><div class=\"sgb-item\"><a href=\"https:\/\/www.valkiriasevents.com\/wp-content\/uploads\/2026\/02\/0673EvelyneJuan-scaled.jpg\"><img decoding=\"async\" alt=\"\" width=\"300\" height=\"200\" loading=\"lazy\" src=\"https:\/\/www.valkiriasevents.com\/wp-content\/uploads\/2026\/02\/0673EvelyneJuan-300x200.jpg\" srcset=\"https:\/\/www.valkiriasevents.com\/wp-content\/uploads\/2026\/02\/0673EvelyneJuan-300x200.jpg 300w,https:\/\/www.valkiriasevents.com\/wp-content\/uploads\/2026\/02\/0673EvelyneJuan-1024x683.jpg 1024w,https:\/\/www.valkiriasevents.com\/wp-content\/uploads\/2026\/02\/0673EvelyneJuan-scaled.jpg 2560w\" sizes=\"auto, 250px\"\/><\/a><\/div><div class=\"sgb-item\"><a href=\"https:\/\/www.valkiriasevents.com\/wp-content\/uploads\/2025\/08\/34984386.jpg\"><img decoding=\"async\" alt=\"\" width=\"300\" height=\"200\" loading=\"lazy\" src=\"https:\/\/www.valkiriasevents.com\/wp-content\/uploads\/2025\/08\/34984386-300x200.jpg\" srcset=\"https:\/\/www.valkiriasevents.com\/wp-content\/uploads\/2025\/08\/34984386-300x200.jpg 300w,https:\/\/www.valkiriasevents.com\/wp-content\/uploads\/2025\/08\/34984386-1024x683.jpg 1024w,https:\/\/www.valkiriasevents.com\/wp-content\/uploads\/2025\/08\/34984386.jpg 1620w\" sizes=\"auto, 250px\"\/><\/a><\/div><div class=\"sgb-item\"><a href=\"https:\/\/www.valkiriasevents.com\/wp-content\/uploads\/2026\/02\/PXL_20240601_171740627-scaled.jpg\"><img decoding=\"async\" alt=\"\" width=\"300\" height=\"226\" loading=\"lazy\" src=\"https:\/\/www.valkiriasevents.com\/wp-content\/uploads\/2026\/02\/PXL_20240601_171740627-300x226.jpg\" srcset=\"https:\/\/www.valkiriasevents.com\/wp-content\/uploads\/2026\/02\/PXL_20240601_171740627-300x226.jpg 300w,https:\/\/www.valkiriasevents.com\/wp-content\/uploads\/2026\/02\/PXL_20240601_171740627-1024x771.jpg 1024w,https:\/\/www.valkiriasevents.com\/wp-content\/uploads\/2026\/02\/PXL_20240601_171740627-scaled.jpg 2560w\" sizes=\"auto, 250px\"\/><\/a><\/div><\/div><\/noscript><\/div><script type=\"application\/json\" class=\"sgb-data\">{\"galleryType\":\"pgc_sgb_grid\",\"galleryId\":\"e6112336\",\"images\":[{\"id\":8132,\"title\":\"boda_medieval\",\"url\":\"https:\/\/www.valkiriasevents.com\/wp-content\/uploads\/2026\/03\/boda_medieval-scaled.jpg\",\"link\":\"https:\/\/www.valkiriasevents.com\/boda-medieval-tematica\/boda_medieval\/\",\"alt\":\"\",\"description\":\"\",\"caption\":\"\",\"mime\":\"image\/jpeg\",\"type\":\"image\",\"width\":1928,\"height\":2560,\"sizes\":{\"thumbnail\":{\"height\":150,\"width\":150,\"url\":\"https:\/\/www.valkiriasevents.com\/wp-content\/uploads\/2026\/03\/boda_medieval-150x150.jpg\",\"orientation\":\"landscape\"},\"medium\":{\"height\":300,\"width\":226,\"url\":\"https:\/\/www.valkiriasevents.com\/wp-content\/uploads\/2026\/03\/boda_medieval-226x300.jpg\",\"orientation\":\"portrait\"},\"large\":{\"height\":1024,\"width\":771,\"url\":\"https:\/\/www.valkiriasevents.com\/wp-content\/uploads\/2026\/03\/boda_medieval-771x1024.jpg\",\"orientation\":\"portrait\"},\"full\":{\"url\":\"https:\/\/www.valkiriasevents.com\/wp-content\/uploads\/2026\/03\/boda_medieval-scaled.jpg\",\"height\":2560,\"width\":1928,\"orientation\":\"portrait\"}},\"imageMeta\":{\"aperture\":\"1.68\",\"credit\":\"\",\"camera\":\"Pixel 8 Pro\",\"caption\":\"\",\"created_timestamp\":\"1760789397\",\"copyright\":\"\",\"focal_length\":\"6.9\",\"iso\":\"592\",\"shutter_speed\":\"0.004138\",\"title\":\"\",\"orientation\":\"1\",\"keywords\":[]},\"meta\":false},{\"id\":7389,\"title\":\"Evelyne\\u0026amp;Juan\",\"url\":\"https:\/\/www.valkiriasevents.com\/wp-content\/uploads\/2026\/01\/0011EvelyneJuan-scaled.jpg\",\"link\":\"https:\/\/www.valkiriasevents.com\/castillo-de-batres\/evelynejuan\/\",\"alt\":\"\",\"description\":\"\",\"caption\":\"\",\"mime\":\"image\/jpeg\",\"type\":\"image\",\"width\":2560,\"height\":1707,\"sizes\":{\"thumbnail\":{\"height\":150,\"width\":150,\"url\":\"https:\/\/www.valkiriasevents.com\/wp-content\/uploads\/2026\/01\/0011EvelyneJuan-150x150.jpg\",\"orientation\":\"landscape\"},\"medium\":{\"height\":200,\"width\":300,\"url\":\"https:\/\/www.valkiriasevents.com\/wp-content\/uploads\/2026\/01\/0011EvelyneJuan-300x200.jpg\",\"orientation\":\"landscape\"},\"large\":{\"height\":683,\"width\":1024,\"url\":\"https:\/\/www.valkiriasevents.com\/wp-content\/uploads\/2026\/01\/0011EvelyneJuan-1024x683.jpg\",\"orientation\":\"landscape\"},\"full\":{\"url\":\"https:\/\/www.valkiriasevents.com\/wp-content\/uploads\/2026\/01\/0011EvelyneJuan-scaled.jpg\",\"height\":1707,\"width\":2560,\"orientation\":\"landscape\"}},\"imageMeta\":{\"aperture\":\"2.8\",\"credit\":\"JoseReyes\",\"camera\":\"Canon EOS R6m2\",\"caption\":\"\",\"created_timestamp\":\"1766825369\",\"copyright\":\"\u00a9 2026 Sondeluz, all rights reserved.\",\"focal_length\":\"26\",\"iso\":\"1250\",\"shutter_speed\":\"0.005\",\"title\":\"Evelyne\\u0026amp;Juan\",\"orientation\":\"1\",\"keywords\":[\"Evelyne\\u0026amp;Juan\",\"Navidad\",\"castillodebatres\",\"civil\",\"josereyes\",\"medieval\",\"valkiriaevents\"]},\"meta\":false},{\"id\":8043,\"title\":\"DSCF0837\",\"url\":\"https:\/\/www.valkiriasevents.com\/wp-content\/uploads\/2026\/02\/DSCF0837-scaled.jpg\",\"link\":\"https:\/\/www.valkiriasevents.com\/boda-medieval-tematica\/dscf0837\/\",\"alt\":\"\",\"description\":\"\",\"caption\":\"\",\"mime\":\"image\/jpeg\",\"type\":\"image\",\"width\":2560,\"height\":1707,\"sizes\":{\"thumbnail\":{\"height\":150,\"width\":150,\"url\":\"https:\/\/www.valkiriasevents.com\/wp-content\/uploads\/2026\/02\/DSCF0837-150x150.jpg\",\"orientation\":\"landscape\"},\"medium\":{\"height\":200,\"width\":300,\"url\":\"https:\/\/www.valkiriasevents.com\/wp-content\/uploads\/2026\/02\/DSCF0837-300x200.jpg\",\"orientation\":\"landscape\"},\"large\":{\"height\":683,\"width\":1024,\"url\":\"https:\/\/www.valkiriasevents.com\/wp-content\/uploads\/2026\/02\/DSCF0837-1024x683.jpg\",\"orientation\":\"landscape\"},\"full\":{\"url\":\"https:\/\/www.valkiriasevents.com\/wp-content\/uploads\/2026\/02\/DSCF0837-scaled.jpg\",\"height\":1707,\"width\":2560,\"orientation\":\"landscape\"}},\"imageMeta\":{\"aperture\":\"0\",\"credit\":\"\",\"camera\":\"\",\"caption\":\"\",\"created_timestamp\":\"0\",\"copyright\":\"\",\"focal_length\":\"0\",\"iso\":\"0\",\"shutter_speed\":\"0\",\"title\":\"\",\"orientation\":\"0\",\"keywords\":[]},\"meta\":false},{\"id\":8047,\"title\":\"Evelyne\\u0026amp;Juan\",\"url\":\"https:\/\/www.valkiriasevents.com\/wp-content\/uploads\/2026\/02\/1029EvelyneJuan-scaled.jpg\",\"link\":\"https:\/\/www.valkiriasevents.com\/boda-medieval-tematica\/evelynejuan-18\/\",\"alt\":\"\",\"description\":\"\",\"caption\":\"\",\"mime\":\"image\/jpeg\",\"type\":\"image\",\"width\":2560,\"height\":1707,\"sizes\":{\"thumbnail\":{\"height\":150,\"width\":150,\"url\":\"https:\/\/www.valkiriasevents.com\/wp-content\/uploads\/2026\/02\/1029EvelyneJuan-150x150.jpg\",\"orientation\":\"landscape\"},\"medium\":{\"height\":200,\"width\":300,\"url\":\"https:\/\/www.valkiriasevents.com\/wp-content\/uploads\/2026\/02\/1029EvelyneJuan-300x200.jpg\",\"orientation\":\"landscape\"},\"large\":{\"height\":683,\"width\":1024,\"url\":\"https:\/\/www.valkiriasevents.com\/wp-content\/uploads\/2026\/02\/1029EvelyneJuan-1024x683.jpg\",\"orientation\":\"landscape\"},\"full\":{\"url\":\"https:\/\/www.valkiriasevents.com\/wp-content\/uploads\/2026\/02\/1029EvelyneJuan-scaled.jpg\",\"height\":1707,\"width\":2560,\"orientation\":\"landscape\"}},\"imageMeta\":{\"aperture\":\"2\",\"credit\":\"JoseReyes\",\"camera\":\"Canon EOS R6\",\"caption\":\"\",\"created_timestamp\":\"1766852621\",\"copyright\":\"josereyes.es\",\"focal_length\":\"85\",\"iso\":\"3200\",\"shutter_speed\":\"0.0015625\",\"title\":\"Evelyne\\u0026amp;Juan\",\"orientation\":\"1\",\"keywords\":[\"Evelyne\\u0026amp;Juan\",\"Navidad\",\"castillodebatres\",\"civil\",\"josereyes\",\"medieval\",\"valkiriaevents\"]},\"meta\":false},{\"id\":8051,\"title\":\"Evelyne\\u0026amp;Juan\",\"url\":\"https:\/\/www.valkiriasevents.com\/wp-content\/uploads\/2026\/02\/0673EvelyneJuan-scaled.jpg\",\"link\":\"https:\/\/www.valkiriasevents.com\/boda-medieval-tematica\/evelynejuan-19\/\",\"alt\":\"\",\"description\":\"\",\"caption\":\"\",\"mime\":\"image\/jpeg\",\"type\":\"image\",\"width\":2560,\"height\":1707,\"sizes\":{\"thumbnail\":{\"height\":150,\"width\":150,\"url\":\"https:\/\/www.valkiriasevents.com\/wp-content\/uploads\/2026\/02\/0673EvelyneJuan-150x150.jpg\",\"orientation\":\"landscape\"},\"medium\":{\"height\":200,\"width\":300,\"url\":\"https:\/\/www.valkiriasevents.com\/wp-content\/uploads\/2026\/02\/0673EvelyneJuan-300x200.jpg\",\"orientation\":\"landscape\"},\"large\":{\"height\":683,\"width\":1024,\"url\":\"https:\/\/www.valkiriasevents.com\/wp-content\/uploads\/2026\/02\/0673EvelyneJuan-1024x683.jpg\",\"orientation\":\"landscape\"},\"full\":{\"url\":\"https:\/\/www.valkiriasevents.com\/wp-content\/uploads\/2026\/02\/0673EvelyneJuan-scaled.jpg\",\"height\":1707,\"width\":2560,\"orientation\":\"landscape\"}},\"imageMeta\":{\"aperture\":\"2.8\",\"credit\":\"JoseReyes\",\"camera\":\"Canon EOS R6m2\",\"caption\":\"\",\"created_timestamp\":\"1766843246\",\"copyright\":\"\u00a9 2026 Sondeluz, all rights reserved.\",\"focal_length\":\"56\",\"iso\":\"3200\",\"shutter_speed\":\"0.00125\",\"title\":\"Evelyne\\u0026amp;Juan\",\"orientation\":\"1\",\"keywords\":[\"Evelyne\\u0026amp;Juan\",\"Navidad\",\"castillodebatres\",\"civil\",\"josereyes\",\"medieval\",\"valkiriaevents\"]},\"meta\":false},{\"id\":3144,\"title\":\"34984386\",\"url\":\"https:\/\/www.valkiriasevents.com\/wp-content\/uploads\/2025\/08\/34984386.jpg\",\"link\":\"https:\/\/www.valkiriasevents.com\/boda-medieval-tematica\/attachment\/34984386\/\",\"alt\":\"\",\"description\":\"\",\"caption\":\"\",\"mime\":\"image\/jpeg\",\"type\":\"image\",\"width\":1620,\"height\":1080,\"sizes\":{\"thumbnail\":{\"height\":150,\"width\":150,\"url\":\"https:\/\/www.valkiriasevents.com\/wp-content\/uploads\/2025\/08\/34984386-150x150.jpg\",\"orientation\":\"landscape\"},\"medium\":{\"height\":200,\"width\":300,\"url\":\"https:\/\/www.valkiriasevents.com\/wp-content\/uploads\/2025\/08\/34984386-300x200.jpg\",\"orientation\":\"landscape\"},\"large\":{\"height\":683,\"width\":1024,\"url\":\"https:\/\/www.valkiriasevents.com\/wp-content\/uploads\/2025\/08\/34984386-1024x683.jpg\",\"orientation\":\"landscape\"},\"full\":{\"url\":\"https:\/\/www.valkiriasevents.com\/wp-content\/uploads\/2025\/08\/34984386.jpg\",\"height\":1080,\"width\":1620,\"orientation\":\"landscape\"}},\"imageMeta\":{\"aperture\":\"0\",\"credit\":\"\",\"camera\":\"\",\"caption\":\"\",\"created_timestamp\":\"0\",\"copyright\":\"\",\"focal_length\":\"0\",\"iso\":\"0\",\"shutter_speed\":\"0\",\"title\":\"\",\"orientation\":\"0\",\"keywords\":[]},\"meta\":false},{\"id\":8039,\"title\":\"PXL_20240601_171740627\",\"url\":\"https:\/\/www.valkiriasevents.com\/wp-content\/uploads\/2026\/02\/PXL_20240601_171740627-scaled.jpg\",\"link\":\"https:\/\/www.valkiriasevents.com\/boda-medieval-tematica\/pxl_20240601_171740627\/\",\"alt\":\"\",\"description\":\"\",\"caption\":\"\",\"mime\":\"image\/jpeg\",\"type\":\"image\",\"width\":2560,\"height\":1928,\"sizes\":{\"thumbnail\":{\"height\":150,\"width\":150,\"url\":\"https:\/\/www.valkiriasevents.com\/wp-content\/uploads\/2026\/02\/PXL_20240601_171740627-150x150.jpg\",\"orientation\":\"landscape\"},\"medium\":{\"height\":226,\"width\":300,\"url\":\"https:\/\/www.valkiriasevents.com\/wp-content\/uploads\/2026\/02\/PXL_20240601_171740627-300x226.jpg\",\"orientation\":\"landscape\"},\"large\":{\"height\":771,\"width\":1024,\"url\":\"https:\/\/www.valkiriasevents.com\/wp-content\/uploads\/2026\/02\/PXL_20240601_171740627-1024x771.jpg\",\"orientation\":\"landscape\"},\"full\":{\"url\":\"https:\/\/www.valkiriasevents.com\/wp-content\/uploads\/2026\/02\/PXL_20240601_171740627-scaled.jpg\",\"height\":1928,\"width\":2560,\"orientation\":\"landscape\"}},\"imageMeta\":{\"aperture\":\"1.68\",\"credit\":\"\",\"camera\":\"Pixel 8 Pro\",\"caption\":\"\",\"created_timestamp\":\"1717269460\",\"copyright\":\"\",\"focal_length\":\"6.9\",\"iso\":\"19\",\"shutter_speed\":\"0.008685\",\"title\":\"\",\"orientation\":\"1\",\"keywords\":[]},\"meta\":false}],\"itemsMetaDataCollection\":[]}<\/script><script>(function(){if(window.PGC_SGB && window.PGC_SGB.searcher){window.PGC_SGB.searcher.initBlocks()}})()<\/script><\/div>","protected":false},"excerpt":{"rendered":"<p>Mariage m\u00e9di\u00e9val : c\u00e9l\u00e9brez votre amour en tant que rois et reines Si vous r\u00eavez d\u2019un mariage de conte de f\u00e9es, entour\u00e9 de banni\u00e8res, de ch\u00e2teaux, de musique de troubadour et de banquets dignes de la royaut\u00e9, chez Valkirias Events, nous r\u00e9alisons votre souhait avec un mariage m\u00e9di\u00e9val \u00e0 th\u00e8me qui surprendra tout le monde. [&hellip;]<\/p>\n","protected":false},"author":1,"featured_media":0,"parent":0,"menu_order":0,"comment_status":"closed","ping_status":"closed","template":"","meta":{"pgc_sgb_lightbox_settings":"","footnotes":""},"class_list":["post-5773","page","type-page","status-publish","hentry"],"blocksy_meta":[],"_links":{"self":[{"href":"https:\/\/www.valkiriasevents.com\/fr\/wp-json\/wp\/v2\/pages\/5773","targetHints":{"allow":["GET"]}}],"collection":[{"href":"https:\/\/www.valkiriasevents.com\/fr\/wp-json\/wp\/v2\/pages"}],"about":[{"href":"https:\/\/www.valkiriasevents.com\/fr\/wp-json\/wp\/v2\/types\/page"}],"author":[{"embeddable":true,"href":"https:\/\/www.valkiriasevents.com\/fr\/wp-json\/wp\/v2\/users\/1"}],"replies":[{"embeddable":true,"href":"https:\/\/www.valkiriasevents.com\/fr\/wp-json\/wp\/v2\/comments?post=5773"}],"version-history":[{"count":2,"href":"https:\/\/www.valkiriasevents.com\/fr\/wp-json\/wp\/v2\/pages\/5773\/revisions"}],"predecessor-version":[{"id":8247,"href":"https:\/\/www.valkiriasevents.com\/fr\/wp-json\/wp\/v2\/pages\/5773\/revisions\/8247"}],"wp:attachment":[{"href":"https:\/\/www.valkiriasevents.com\/fr\/wp-json\/wp\/v2\/media?parent=5773"}],"curies":[{"name":"wp","href":"https:\/\/api.w.org\/{rel}","templated":true}]}}