{"id":5764,"date":"2025-08-04T09:26:19","date_gmt":"2025-08-04T08:26:19","guid":{"rendered":"https:\/\/www.valkiriasevents.com\/boda-gangster-glamour-y-clandestino\/"},"modified":"2026-03-01T19:23:21","modified_gmt":"2026-03-01T18:23:21","slug":"boda-gangster-glamour-y-clandestino","status":"publish","type":"page","link":"https:\/\/www.valkiriasevents.com\/fr\/boda-gangster-glamour-y-clandestino\/","title":{"rendered":"Mariage de gangster dans les ann\u00e9es 20 : glamour, jazz et une touche clandestine"},"content":{"rendered":"\n<div class=\"wp-block-stackable-heading stk-block-heading stk-block-heading--v2 stk-block stk-04bb9a1\" id=\"boda-gangster-anos-20-glamour-jazz-y-un-toque-clandestino\" data-block-id=\"04bb9a1\"><h1 class=\"stk-block-heading__text\">Mariage de gangster dans les ann\u00e9es 20 : glamour, jazz et une touche clandestine<\/h1><\/div>\n\n\n\n<p data-block-type=\"core\">Si vous r\u00eavez d\u2019un mariage diff\u00e9rent, avec une esth\u00e9tique vintage, une \u00e9l\u00e9gance rebelle et l\u2019atmosph\u00e8re d\u2019un club secret&#8230; Le <strong>mariage style gangster<\/strong> , c\u2019est pour toi. Chez Valkyries Events, nous cr\u00e9ons une exp\u00e9rience inspir\u00e9e des ann\u00e9es 20, o\u00f9 le jazz, les cocktails interdits et les costumes sophistiqu\u00e9s donnent vie \u00e0 une c\u00e9l\u00e9bration originale et sophistiqu\u00e9e. <\/p>\n\n\n\n<p data-block-type=\"core\">Ce th\u00e8me est parfait pour les couples audacieux, avec du style et un sens du spectacle. Chaque d\u00e9tail est con\u00e7u pour immerger vos invit\u00e9s dans une nuit de <strong>luxe clandestin, de passion et de plaisir.<\/strong> <\/p>\n\n\n\n<hr class=\"wp-block-separator has-alpha-channel-opacity\" data-block-type=\"core\">\n\n\n\n<h2 class=\"wp-block-heading\" data-block-type=\"core\">Qu\u2019inclut un mariage de gangster ?<\/h2>\n\n\n\n<ul class=\"wp-block-list\" data-block-type=\"core\">\n<li data-block-type=\"core\"><strong>C\u00e9r\u00e9monie dans un speakeasy<\/strong> avec un ma\u00eetre de c\u00e9r\u00e9monie dans le style de l\u2019\u00e9poque, d\u00e9coration art d\u00e9co et narration th\u00e9\u00e2trale.<\/li>\n\n\n\n<li data-block-type=\"core\"><strong>D\u00e9cor des ann\u00e9es 20<\/strong> avec lampes vintage, cartes, jetons de casino, tables avec des verrerie anciennes, fum\u00e9e douce et lumi\u00e8re tamis\u00e9e.<\/li>\n\n\n\n<li data-block-type=\"core\"><strong>Musique live<\/strong> avec des groupes de jazz, swing ou style Charleston qui acclament depuis l\u2019entr\u00e9e de la piste de danse.<\/li>\n\n\n\n<li data-block-type=\"core\"><strong>Des acteurs th\u00e9matiques<\/strong> tels que des mafioses, des gardes du corps, des serveuses de cabaret, des d\u00e9tectives ou des flappeurs qui interagissent avec le public.<\/li>\n\n\n\n<li data-block-type=\"core\"><strong>Banquet th\u00e9matique<\/strong> avec cocktails classiques (style prohibition), vaisselle vintage, plats inspir\u00e9s des bo\u00eetes de nuit de l\u2019\u00e9poque.<\/li>\n\n\n\n<li data-block-type=\"core\"><strong>Une s\u00e9ance photo vintage<\/strong> avec des mallettes, des fausses armes, des lettres, des sacs d\u2019argent et beaucoup de style.<\/li>\n\n\n\n<li data-block-type=\"core\"><strong>Spectacles compl\u00e9mentaires<\/strong> : danse burlesque, feu de feu, magie en gros plan ou animation clandestine de style casino.<\/li>\n\n\n\n<li data-block-type=\"core\"><strong>Costumes et d\u00e9cor personnalis\u00e9<\/strong> pour la mari\u00e9e et le mari\u00e9 ainsi que les invit\u00e9s (optionnel).<\/li>\n<\/ul>\n\n\n\n<hr class=\"wp-block-separator has-alpha-channel-opacity\" data-block-type=\"core\">\n\n\n\n<h2 class=\"wp-block-heading\" data-block-type=\"core\">\u00c9l\u00e9gance, th\u00e9\u00e2tralit\u00e9 et joie dans une seule c\u00e9l\u00e9bration<\/h2>\n\n\n\n<p data-block-type=\"core\">Ce mariage combine le meilleur de l\u2019esth\u00e9tique vintage avec le caract\u00e8re vibrant des grandes f\u00eates de la Prohibition.<br>Chaque invit\u00e9 se sentira partie prenante d\u2019un film. Et toi, le protagoniste d\u2019une histoire inoubliable. <\/p>\n\n\n\n<hr class=\"wp-block-separator has-alpha-channel-opacity\" data-block-type=\"core\">\n\n\n\n<h2 class=\"wp-block-heading\" data-block-type=\"core\">L\u2019amour, le jazz et les secrets bien gard\u00e9s<\/h2>\n\n\n\n<p data-block-type=\"core\">Enfreindre les r\u00e8gles, oublier les classiques et dire \u00ab oui \u00bb comme un vrai gangster ou diva de cabaret.<br>La ville est pleine de mariages ennuyeux&#8230; Le tien ne sera pas l\u2019un d\u2019eux.<\/p>\n\n\n<div class=\"pgc-sgb-cb wp-block-pgcsimplygalleryblock-justified \" data-gallery-id=\"13581448\"><div class=\"sgb-preloader\" id=\"pr_13581448\">\n\t<div class=\"sgb-square\" style=\"background:#d4d4d4\"><\/div>\n\t<div class=\"sgb-square\" style=\"background:#d4d4d4\"><\/div>\n\t<div class=\"sgb-square\" style=\"background:#d4d4d4\"><\/div>\n\t<div class=\"sgb-square\" style=\"background:#d4d4d4\"><\/div><\/div><div class=\"simply-gallery-amp pgc_sgb_slider \"><noscript><div class=\"sgb-gallery\"><div class=\"sgb-item\"><a href=\"https:\/\/www.valkiriasevents.com\/evento_tematico_gangasters-2\/\" target=\"_blank\"><img decoding=\"async\" alt=\"\" width=\"300\" height=\"300\" loading=\"lazy\" src=\"https:\/\/www.valkiriasevents.com\/wp-content\/uploads\/2025\/07\/evento_tematico_gangasters-edited-300x300.jpg\" srcset=\"https:\/\/www.valkiriasevents.com\/wp-content\/uploads\/2025\/07\/evento_tematico_gangasters-edited-300x300.jpg 300w,https:\/\/www.valkiriasevents.com\/wp-content\/uploads\/2025\/07\/evento_tematico_gangasters-edited-1024x1024.jpg 1024w,https:\/\/www.valkiriasevents.com\/wp-content\/uploads\/2025\/07\/evento_tematico_gangasters-edited.jpg 1094w\" sizes=\"auto, 250px\"\/><\/a><\/div><div class=\"sgb-item\"><a href=\"https:\/\/www.valkiriasevents.com\/evento_tematica_casino-2\/\" target=\"_blank\"><img decoding=\"async\" alt=\"\" width=\"300\" height=\"300\" loading=\"lazy\" src=\"https:\/\/www.valkiriasevents.com\/wp-content\/uploads\/2025\/07\/evento_tematica_casino-edited-300x300.jpg\" srcset=\"https:\/\/www.valkiriasevents.com\/wp-content\/uploads\/2025\/07\/evento_tematica_casino-edited-300x300.jpg 300w,https:\/\/www.valkiriasevents.com\/wp-content\/uploads\/2025\/07\/evento_tematica_casino-edited-1024x1024.jpg 1024w,https:\/\/www.valkiriasevents.com\/wp-content\/uploads\/2025\/07\/evento_tematica_casino-edited.jpg 1365w\" sizes=\"auto, 250px\"\/><\/a><\/div><\/div><\/noscript><\/div><script type=\"application\/json\" class=\"sgb-data\">{\"lastRowFill\":true,\"collectionThumbRecomendedHeight\":450,\"externalLink\":false,\"captions\":false,\"collectionThumbSubMenuDownload\":false,\"collectionThumbSubMenuShare\":false,\"galleryType\":\"pgc_sgb_justified\",\"galleryId\":\"13581448\",\"images\":[{\"id\":2870,\"title\":\"evento_tematico_gangasters\",\"url\":\"https:\/\/www.valkiriasevents.com\/wp-content\/uploads\/2025\/07\/evento_tematico_gangasters-edited.jpg\",\"link\":\"https:\/\/www.valkiriasevents.com\/evento_tematico_gangasters-2\/\",\"alt\":\"\",\"description\":\"\",\"caption\":\"\",\"mime\":\"image\/jpeg\",\"type\":\"image\",\"width\":1094,\"height\":1094,\"sizes\":{\"thumbnail\":{\"url\":\"https:\/\/www.valkiriasevents.com\/wp-content\/uploads\/2025\/07\/evento_tematico_gangasters-edited-150x150.jpg\",\"height\":150,\"width\":150,\"orientation\":\"landscape\"},\"medium\":{\"url\":\"https:\/\/www.valkiriasevents.com\/wp-content\/uploads\/2025\/07\/evento_tematico_gangasters-edited-300x300.jpg\",\"height\":300,\"width\":300,\"orientation\":\"landscape\"},\"large\":{\"url\":\"https:\/\/www.valkiriasevents.com\/wp-content\/uploads\/2025\/07\/evento_tematico_gangasters-edited-1024x1024.jpg\",\"height\":1024,\"width\":1024,\"orientation\":\"landscape\"},\"full\":{\"url\":\"https:\/\/www.valkiriasevents.com\/wp-content\/uploads\/2025\/07\/evento_tematico_gangasters-edited.jpg\",\"height\":1094,\"width\":1094,\"orientation\":\"landscape\"}},\"imageMeta\":{\"aperture\":\"0\",\"credit\":\"\",\"camera\":\"\",\"caption\":\"\",\"created_timestamp\":\"0\",\"copyright\":\"\",\"focal_length\":\"0\",\"iso\":\"0\",\"shutter_speed\":\"0\",\"title\":\"\",\"orientation\":\"0\",\"keywords\":[]},\"meta\":false,\"postlink\":\"https:\/\/www.valkiriasevents.com\/evento_tematico_gangasters-2\/\"},{\"id\":2852,\"title\":\"evento_tematica_casino\",\"url\":\"https:\/\/www.valkiriasevents.com\/wp-content\/uploads\/2025\/07\/evento_tematica_casino-edited.jpg\",\"link\":\"https:\/\/www.valkiriasevents.com\/evento_tematica_casino-2\/\",\"alt\":\"\",\"description\":\"\",\"caption\":\"\",\"mime\":\"image\/jpeg\",\"type\":\"image\",\"width\":1365,\"height\":1364,\"sizes\":{\"thumbnail\":{\"url\":\"https:\/\/www.valkiriasevents.com\/wp-content\/uploads\/2025\/07\/evento_tematica_casino-edited-150x150.jpg\",\"height\":150,\"width\":150,\"orientation\":\"landscape\"},\"medium\":{\"url\":\"https:\/\/www.valkiriasevents.com\/wp-content\/uploads\/2025\/07\/evento_tematica_casino-edited-300x300.jpg\",\"height\":300,\"width\":300,\"orientation\":\"landscape\"},\"large\":{\"url\":\"https:\/\/www.valkiriasevents.com\/wp-content\/uploads\/2025\/07\/evento_tematica_casino-edited-1024x1024.jpg\",\"height\":1024,\"width\":1024,\"orientation\":\"landscape\"},\"full\":{\"url\":\"https:\/\/www.valkiriasevents.com\/wp-content\/uploads\/2025\/07\/evento_tematica_casino-edited.jpg\",\"height\":1364,\"width\":1365,\"orientation\":\"landscape\"}},\"imageMeta\":{\"aperture\":\"0\",\"credit\":\"\",\"camera\":\"\",\"caption\":\"\",\"created_timestamp\":\"0\",\"copyright\":\"\",\"focal_length\":\"0\",\"iso\":\"0\",\"shutter_speed\":\"0\",\"title\":\"\",\"orientation\":\"0\",\"keywords\":[]},\"meta\":false,\"postlink\":\"https:\/\/www.valkiriasevents.com\/evento_tematica_casino-2\/\"}],\"useClobalSettings\":true,\"shareFacebook\":false,\"shareTwitter\":false,\"sharePinterest\":false,\"sliderItemDownload\":false,\"shareCopyLink\":false,\"itemsMetaDataCollection\":[]}<\/script><script>(function(){if(window.PGC_SGB && window.PGC_SGB.searcher){window.PGC_SGB.searcher.initBlocks()}})()<\/script><\/div>\n\n\n<div class=\"wp-block-stackable-divider stk-block-divider stk-block stk-8eb3f8f\" data-block-id=\"8eb3f8f\"><hr class=\"stk-block-divider__hr\"><\/div>\n\n\n\n<figure class=\"wp-block-video\" data-block-type=\"core\"><video controls=\"\" src=\"https:\/\/www.valkiriasevents.com\/wp-content\/uploads\/2026\/03\/boda_mafia_gangsters-musica-2.mp4\"><\/video><\/figure>\n","protected":false},"excerpt":{"rendered":"<p>Mariage de gangster dans les ann\u00e9es 20 : glamour, jazz et une touche clandestine Si vous r\u00eavez d\u2019un mariage diff\u00e9rent, avec une esth\u00e9tique vintage, une \u00e9l\u00e9gance rebelle et l\u2019atmosph\u00e8re d\u2019un club secret&#8230; Le mariage style gangster , c\u2019est pour toi. Chez Valkyries Events, nous cr\u00e9ons une exp\u00e9rience inspir\u00e9e des ann\u00e9es 20, o\u00f9 le jazz, les [&hellip;]<\/p>\n","protected":false},"author":1,"featured_media":0,"parent":0,"menu_order":0,"comment_status":"closed","ping_status":"closed","template":"","meta":{"pgc_sgb_lightbox_settings":"","footnotes":""},"class_list":["post-5764","page","type-page","status-publish","hentry"],"blocksy_meta":[],"_links":{"self":[{"href":"https:\/\/www.valkiriasevents.com\/fr\/wp-json\/wp\/v2\/pages\/5764","targetHints":{"allow":["GET"]}}],"collection":[{"href":"https:\/\/www.valkiriasevents.com\/fr\/wp-json\/wp\/v2\/pages"}],"about":[{"href":"https:\/\/www.valkiriasevents.com\/fr\/wp-json\/wp\/v2\/types\/page"}],"author":[{"embeddable":true,"href":"https:\/\/www.valkiriasevents.com\/fr\/wp-json\/wp\/v2\/users\/1"}],"replies":[{"embeddable":true,"href":"https:\/\/www.valkiriasevents.com\/fr\/wp-json\/wp\/v2\/comments?post=5764"}],"version-history":[{"count":1,"href":"https:\/\/www.valkiriasevents.com\/fr\/wp-json\/wp\/v2\/pages\/5764\/revisions"}],"predecessor-version":[{"id":8076,"href":"https:\/\/www.valkiriasevents.com\/fr\/wp-json\/wp\/v2\/pages\/5764\/revisions\/8076"}],"wp:attachment":[{"href":"https:\/\/www.valkiriasevents.com\/fr\/wp-json\/wp\/v2\/media?parent=5764"}],"curies":[{"name":"wp","href":"https:\/\/api.w.org\/{rel}","templated":true}]}}